{"id":1210,"date":"2017-06-03T19:13:34","date_gmt":"2017-06-03T17:13:34","guid":{"rendered":"http:\/\/lorrylesmetz-histoire.fr\/?page_id=1210"},"modified":"2018-01-02T08:13:29","modified_gmt":"2018-01-02T07:13:29","slug":"aa","status":"publish","type":"page","link":"http:\/\/lorrylesmetz-histoire.fr\/?page_id=1210","title":{"rendered":"Conf\u00e9rence \u00ab Plappeville au fil des si\u00e8cles \u00bb"},"content":{"rendered":"<h3>22\u00a0avril\u00a02017<\/h3>\n<p style=\"text-align: justify;\">Plusieurs membres de Lorry-l\u00e8s-Metz \u00ab\u00a0au fil du temps\u00a0\u00bb \u00e9taient \u00e0 la conf\u00e9rence d\u2019Yvette\u00a0Illy, \u00ab\u00a0<em>Plappeville au fil des si\u00e8cles<\/em>\u00a0\u00bb, qui a fait salle comble, pr\u00e9sent\u00e9e par Alain\u00a0Trincal, pr\u00e9sident de l\u2019association \u00ab\u00a0Les amis du vieux Plappeville\u00a0\u00bb.<\/p>\n<p style=\"text-align: justify;\">De l\u2019\u00e9poque pr\u00e9historique jusqu\u2019\u00e0 nos jours, Yvette\u00a0Illy a balay\u00e9 les \u00e9poques de fa\u00e7on passionnante, entre guerres et sorcellerie. Elle s\u2019est attard\u00e9e sur l\u2019\u00e9poque contemporaine en montrant des photos de la vie quotidienne o\u00f9 des gens du village ont pu reconna\u00eetre leurs anciens ou leurs camarades de jeunesse.<\/p>\n<p>Un pot de l\u2019amiti\u00e9 a clos cette superbe apr\u00e8s-midi.<\/p>\n<div id=\"metaslider-id-1475\" style=\"width: 100%; margin: 0 auto;\" class=\"ml-slider-3-108-0 metaslider metaslider-responsive metaslider-1475 ml-slider has-dots-nav ms-theme-default\" role=\"region\" aria-label=\"Conf Plappeville\" data-height=\"400\" data-width=\"400\">\n    <div id=\"metaslider_container_1475\">\n        <ul id='metaslider_1475' class='rslides'>\n            <li aria-roledescription='slide' aria-labelledby='slide-0'><a href=\"http:\/\/localhost\/lfdt2\/wp-content\/uploads\/2017\/07\/01-1.jpg\" target=\"_blank\"><img loading=\"lazy\" decoding=\"async\" src=\"http:\/\/lorrylesmetz-histoire.fr\/wp-content\/uploads\/2017\/07\/01-1-400x400.jpg\" height=\"400\" width=\"400\" alt=\"\" class=\"slider-1475 slide-1476 msDefaultImage\" \/><\/a><\/li>\n            <li style='display: none;' aria-roledescription='slide' aria-labelledby='slide-1'><a href=\"http:\/\/localhost\/lfdt2\/wp-content\/uploads\/2017\/07\/02-1.jpg\" target=\"_blank\"><img loading=\"lazy\" decoding=\"async\" src=\"http:\/\/lorrylesmetz-histoire.fr\/wp-content\/uploads\/2017\/07\/02-1-400x400.jpg\" height=\"400\" width=\"400\" alt=\"\" class=\"slider-1475 slide-1477 msDefaultImage\" \/><\/a><\/li>\n            <li style='display: none;' aria-roledescription='slide' aria-labelledby='slide-2'><a href=\"http:\/\/localhost\/lfdt2\/wp-content\/uploads\/2017\/07\/03-1.jpg\" target=\"_blank\"><img loading=\"lazy\" decoding=\"async\" src=\"http:\/\/lorrylesmetz-histoire.fr\/wp-content\/uploads\/2017\/07\/03-1-400x400.jpg\" height=\"400\" width=\"400\" alt=\"\" class=\"slider-1475 slide-1478 msDefaultImage\" \/><\/a><\/li>\n            <li style='display: none;' aria-roledescription='slide' aria-labelledby='slide-3'><a href=\"http:\/\/localhost\/lfdt2\/wp-content\/uploads\/2017\/07\/04-1.jpg\" target=\"_blank\"><img loading=\"lazy\" decoding=\"async\" src=\"http:\/\/lorrylesmetz-histoire.fr\/wp-content\/uploads\/2017\/07\/04-1-400x400.jpg\" height=\"400\" width=\"400\" alt=\"\" class=\"slider-1475 slide-1479 msDefaultImage\" \/><\/a><\/li>\n            <li style='display: none;' aria-roledescription='slide' aria-labelledby='slide-4'><a href=\"http:\/\/localhost\/lfdt2\/wp-content\/uploads\/2017\/07\/05-1.jpg\" target=\"_blank\"><img loading=\"lazy\" decoding=\"async\" src=\"http:\/\/lorrylesmetz-histoire.fr\/wp-content\/uploads\/2017\/07\/05-1-400x400.jpg\" height=\"400\" width=\"400\" alt=\"\" class=\"slider-1475 slide-1480 msDefaultImage\" \/><\/a><\/li>\n            <li style='display: none;' aria-roledescription='slide' aria-labelledby='slide-5'><a href=\"http:\/\/localhost\/lfdt2\/wp-content\/uploads\/2017\/07\/06-1.jpg\" target=\"_blank\"><img loading=\"lazy\" decoding=\"async\" src=\"http:\/\/lorrylesmetz-histoire.fr\/wp-content\/uploads\/2017\/07\/06-1-400x400.jpg\" height=\"400\" width=\"400\" alt=\"\" class=\"slider-1475 slide-1481 msDefaultImage\" \/><\/a><\/li>\n            <li style='display: none;' aria-roledescription='slide' aria-labelledby='slide-6'><a href=\"http:\/\/localhost\/lfdt2\/wp-content\/uploads\/2017\/07\/07-1.jpg\" target=\"_blank\"><img loading=\"lazy\" decoding=\"async\" src=\"http:\/\/lorrylesmetz-histoire.fr\/wp-content\/uploads\/2017\/07\/07-1-400x400.jpg\" height=\"400\" width=\"400\" alt=\"\" class=\"slider-1475 slide-1482 msDefaultImage\" \/><\/a><\/li>\n            <li style='display: none;' aria-roledescription='slide' aria-labelledby='slide-7'><a href=\"http:\/\/localhost\/lfdt2\/wp-content\/uploads\/2017\/07\/08-1.jpg\" target=\"_blank\"><img loading=\"lazy\" decoding=\"async\" src=\"http:\/\/lorrylesmetz-histoire.fr\/wp-content\/uploads\/2017\/07\/08-1-400x400.jpg\" height=\"400\" width=\"400\" alt=\"\" class=\"slider-1475 slide-1483 msDefaultImage\" \/><\/a><\/li>\n            <li style='display: none;' aria-roledescription='slide' aria-labelledby='slide-8'><a href=\"http:\/\/localhost\/lfdt2\/wp-content\/uploads\/2017\/07\/09-1.jpg\" target=\"_blank\"><img loading=\"lazy\" decoding=\"async\" src=\"http:\/\/lorrylesmetz-histoire.fr\/wp-content\/uploads\/2017\/07\/09-1-400x400.jpg\" height=\"400\" width=\"400\" alt=\"\" class=\"slider-1475 slide-1484 msDefaultImage\" \/><\/a><\/li>\n            <li style='display: none;' aria-roledescription='slide' aria-labelledby='slide-9'><a href=\"http:\/\/localhost\/lfdt2\/wp-content\/uploads\/2017\/07\/10-2.jpg\" target=\"_blank\"><img loading=\"lazy\" decoding=\"async\" src=\"http:\/\/lorrylesmetz-histoire.fr\/wp-content\/uploads\/2017\/07\/10-2-400x400.jpg\" height=\"400\" width=\"400\" alt=\"\" class=\"slider-1475 slide-1485 msDefaultImage\" \/><\/a><\/li>\n            <li style='display: none;' aria-roledescription='slide' aria-labelledby='slide-10'><a href=\"http:\/\/localhost\/lfdt2\/wp-content\/uploads\/2017\/07\/11-1.jpg\" target=\"_blank\"><img loading=\"lazy\" decoding=\"async\" src=\"http:\/\/lorrylesmetz-histoire.fr\/wp-content\/uploads\/2017\/07\/11-1-400x400.jpg\" height=\"400\" width=\"400\" alt=\"\" class=\"slider-1475 slide-1486 msDefaultImage\" \/><\/a><\/li>\n            <li style='display: none;' aria-roledescription='slide' aria-labelledby='slide-11'><a href=\"http:\/\/localhost\/lfdt2\/wp-content\/uploads\/2017\/07\/12-1.jpg\" target=\"_blank\"><img loading=\"lazy\" decoding=\"async\" src=\"http:\/\/lorrylesmetz-histoire.fr\/wp-content\/uploads\/2017\/07\/12-1-400x400.jpg\" height=\"400\" width=\"400\" alt=\"\" class=\"slider-1475 slide-1487 msDefaultImage\" \/><\/a><\/li>\n            <li style='display: none;' aria-roledescription='slide' aria-labelledby='slide-12'><a href=\"http:\/\/localhost\/lfdt2\/wp-content\/uploads\/2017\/07\/13-1.jpg\" target=\"_blank\"><img loading=\"lazy\" decoding=\"async\" src=\"http:\/\/lorrylesmetz-histoire.fr\/wp-content\/uploads\/2017\/07\/13-1-400x400.jpg\" height=\"400\" width=\"400\" alt=\"\" class=\"slider-1475 slide-1488 msDefaultImage\" \/><\/a><\/li>\n            <li style='display: none;' aria-roledescription='slide' aria-labelledby='slide-13'><a href=\"http:\/\/localhost\/lfdt2\/wp-content\/uploads\/2017\/07\/14-1.jpg\" target=\"_blank\"><img loading=\"lazy\" decoding=\"async\" src=\"http:\/\/lorrylesmetz-histoire.fr\/wp-content\/uploads\/2017\/07\/14-1-400x400.jpg\" height=\"400\" width=\"400\" alt=\"\" class=\"slider-1475 slide-1489 msDefaultImage\" \/><\/a><\/li>\n            <li style='display: none;' aria-roledescription='slide' aria-labelledby='slide-14'><a href=\"http:\/\/localhost\/lfdt2\/wp-content\/uploads\/2017\/07\/15-1.jpg\" target=\"_blank\"><img loading=\"lazy\" decoding=\"async\" src=\"http:\/\/lorrylesmetz-histoire.fr\/wp-content\/uploads\/2017\/07\/15-1-400x400.jpg\" height=\"400\" width=\"400\" alt=\"\" class=\"slider-1475 slide-1490 msDefaultImage\" \/><\/a><\/li>\n            <li style='display: none;' aria-roledescription='slide' aria-labelledby='slide-15'><a href=\"http:\/\/localhost\/lfdt2\/wp-content\/uploads\/2017\/07\/16-1.jpg\" target=\"_blank\"><img loading=\"lazy\" decoding=\"async\" src=\"http:\/\/lorrylesmetz-histoire.fr\/wp-content\/uploads\/2017\/07\/16-1-400x400.jpg\" height=\"400\" width=\"400\" alt=\"\" class=\"slider-1475 slide-1491 msDefaultImage\" \/><\/a><\/li>\n            <li style='display: none;' aria-roledescription='slide' aria-labelledby='slide-16'><a href=\"http:\/\/localhost\/lfdt2\/wp-content\/uploads\/2017\/07\/17-1.jpg\" target=\"_blank\"><img loading=\"lazy\" decoding=\"async\" src=\"http:\/\/lorrylesmetz-histoire.fr\/wp-content\/uploads\/2017\/07\/17-1-400x400.jpg\" height=\"400\" width=\"400\" alt=\"\" class=\"slider-1475 slide-1492 msDefaultImage\" \/><\/a><\/li>\n            <li style='display: none;' aria-roledescription='slide' aria-labelledby='slide-17'><a href=\"http:\/\/localhost\/lfdt2\/wp-content\/uploads\/2017\/07\/18.jpg\" target=\"_blank\"><img loading=\"lazy\" decoding=\"async\" src=\"http:\/\/lorrylesmetz-histoire.fr\/wp-content\/uploads\/2017\/07\/18-400x400.jpg\" height=\"400\" width=\"400\" alt=\"\" class=\"slider-1475 slide-1493 msDefaultImage\" \/><\/a><\/li>\n            <li style='display: none;' aria-roledescription='slide' aria-labelledby='slide-18'><a href=\"http:\/\/localhost\/lfdt2\/wp-content\/uploads\/2017\/07\/19.jpg\" target=\"_blank\"><img loading=\"lazy\" decoding=\"async\" src=\"http:\/\/lorrylesmetz-histoire.fr\/wp-content\/uploads\/2017\/07\/19-400x400.jpg\" height=\"400\" width=\"400\" alt=\"\" class=\"slider-1475 slide-1494 msDefaultImage\" \/><\/a><\/li>\n            <li style='display: none;' aria-roledescription='slide' aria-labelledby='slide-19'><a href=\"http:\/\/localhost\/lfdt2\/wp-content\/uploads\/2017\/07\/20.jpg\" target=\"_blank\"><img loading=\"lazy\" decoding=\"async\" src=\"http:\/\/lorrylesmetz-histoire.fr\/wp-content\/uploads\/2017\/07\/20-400x400.jpg\" height=\"400\" width=\"400\" alt=\"\" class=\"slider-1475 slide-1495 msDefaultImage\" \/><\/a><\/li>\n            <li style='display: none;' aria-roledescription='slide' aria-labelledby='slide-20'><a href=\"http:\/\/localhost\/lfdt2\/wp-content\/uploads\/2017\/07\/21-1.jpg\" target=\"_blank\"><img loading=\"lazy\" decoding=\"async\" src=\"http:\/\/lorrylesmetz-histoire.fr\/wp-content\/uploads\/2017\/07\/21-1-400x400.jpg\" height=\"400\" width=\"400\" alt=\"\" class=\"slider-1475 slide-1496 msDefaultImage\" \/><\/a><\/li>\n        <\/ul>\n        \n    <\/div>\n<\/div>\n<p>Photos Claudine\u00a0Kester-Elghozi<\/p>\n<p><a href=\"http:\/\/lorrylesmetz-histoire.fr\/?page_id=593\"><img loading=\"lazy\" decoding=\"async\" class=\"alignnone wp-image-378 size-full\" src=\"http:\/\/lorrylesmetz-histoire.fr\/wp-content\/uploads\/2017\/05\/retour.png?_t=1496504944\" alt=\"\" width=\"89\" height=\"31\" \/><\/a><\/p>\n","protected":false},"excerpt":{"rendered":"<p>22\u00a0avril\u00a02017 Plusieurs membres de Lorry-l\u00e8s-Metz \u00ab\u00a0au fil du temps\u00a0\u00bb \u00e9taient \u00e0 la conf\u00e9rence d\u2019Yvette\u00a0Illy, \u00ab\u00a0Plappeville au fil des si\u00e8cles\u00a0\u00bb, qui a fait salle comble, pr\u00e9sent\u00e9e par Alain\u00a0Trincal, pr\u00e9sident de l\u2019association \u00ab\u00a0Les amis du vieux Plappeville\u00a0\u00bb. De l\u2019\u00e9poque pr\u00e9historique jusqu\u2019\u00e0 nos&hellip; <\/p>\n","protected":false},"author":1,"featured_media":0,"parent":593,"menu_order":7,"comment_status":"closed","ping_status":"closed","template":"","meta":{"_mc_calendar":[],"footnotes":""},"class_list":["post-1210","page","type-page","status-publish","hentry"],"_links":{"self":[{"href":"http:\/\/lorrylesmetz-histoire.fr\/index.php?rest_route=\/wp\/v2\/pages\/1210","targetHints":{"allow":["GET"]}}],"collection":[{"href":"http:\/\/lorrylesmetz-histoire.fr\/index.php?rest_route=\/wp\/v2\/pages"}],"about":[{"href":"http:\/\/lorrylesmetz-histoire.fr\/index.php?rest_route=\/wp\/v2\/types\/page"}],"author":[{"embeddable":true,"href":"http:\/\/lorrylesmetz-histoire.fr\/index.php?rest_route=\/wp\/v2\/users\/1"}],"replies":[{"embeddable":true,"href":"http:\/\/lorrylesmetz-histoire.fr\/index.php?rest_route=%2Fwp%2Fv2%2Fcomments&post=1210"}],"version-history":[{"count":2,"href":"http:\/\/lorrylesmetz-histoire.fr\/index.php?rest_route=\/wp\/v2\/pages\/1210\/revisions"}],"predecessor-version":[{"id":3002,"href":"http:\/\/lorrylesmetz-histoire.fr\/index.php?rest_route=\/wp\/v2\/pages\/1210\/revisions\/3002"}],"up":[{"embeddable":true,"href":"http:\/\/lorrylesmetz-histoire.fr\/index.php?rest_route=\/wp\/v2\/pages\/593"}],"wp:attachment":[{"href":"http:\/\/lorrylesmetz-histoire.fr\/index.php?rest_route=%2Fwp%2Fv2%2Fmedia&parent=1210"}],"curies":[{"name":"wp","href":"https:\/\/api.w.org\/{rel}","templated":true}]}}