{"id":122,"date":"2017-05-23T16:57:36","date_gmt":"2017-05-23T14:57:36","guid":{"rendered":"http:\/\/lorrylesmetz-histoire.fr\/?page_id=122"},"modified":"2017-08-16T12:48:40","modified_gmt":"2017-08-16T10:48:40","slug":"liens","status":"publish","type":"page","link":"http:\/\/lorrylesmetz-histoire.fr\/?page_id=122","title":{"rendered":"Liens"},"content":{"rendered":"<h4>Liens vers d&rsquo;autres sites d&rsquo;histoire<\/h4>\n<p>&nbsp;<\/p>\n<table style=\"width: 486.733px;\">\n<tbody>\n<tr>\n<td style=\"width: 325px;\">Comit\u00e9 d&rsquo;Histoire r\u00e9gionale de Lorraine<\/td>\n<td style=\"width: 105.733px;\"><a href=\"http:\/\/www.chr-lorraine.fr\/\" target=\"_blank\" rel=\"noopener\"><img loading=\"lazy\" decoding=\"async\" src=\"http:\/\/lorrylesmetz-histoire.fr\/wp-content\/uploads\/2017\/05\/voir.png\" alt=\"\" width=\"89\" height=\"31\" \/><\/a><\/td>\n<\/tr>\n<tr>\n<td style=\"width: 325px;\">Soci\u00e9t\u00e9 d&rsquo;histoire de Woippy<\/td>\n<td style=\"width: 105.733px;\"><a href=\"http:\/\/shw-woippy.net\/\" target=\"_blank\" rel=\"noopener\"><img loading=\"lazy\" decoding=\"async\" src=\"http:\/\/lorrylesmetz-histoire.fr\/wp-content\/uploads\/2017\/05\/voir.png\" alt=\"\" width=\"89\" height=\"31\" \/><\/a><\/td>\n<\/tr>\n<tr>\n<td style=\"width: 325px;\">Raconte moi Woippy<\/td>\n<td style=\"width: 105.733px;\"><a href=\"http:\/\/www.raconte-moi-woippy.net\/menu.htm\" target=\"_blank\" rel=\"noopener\"><img loading=\"lazy\" decoding=\"async\" class=\"alignnone\" src=\"http:\/\/lorrylesmetz-histoire.fr\/wp-content\/uploads\/2017\/05\/voir.png\" alt=\"\" width=\"89\" height=\"31\" \/><\/a><\/td>\n<\/tr>\n<tr>\n<td style=\"width: 325px;\">Site sur Anne-Marie-C\u00e9lestine Michel<\/td>\n<td style=\"width: 105.733px;\"><a href=\"http:\/\/celestine-michel.fr\/\"><img loading=\"lazy\" decoding=\"async\" class=\"alignnone\" src=\"http:\/\/lorrylesmetz-histoire.fr\/wp-content\/uploads\/2017\/05\/voir.png\" alt=\"\" width=\"89\" height=\"31\" \/><\/a><\/td>\n<\/tr>\n<tr>\n<td style=\"width: 325px;\">Blog de Pierre Brasme<\/td>\n<td style=\"width: 105.733px;\"><!-- <a href=\"http:\/\/pbrasme.unblog.fr\/\"><img loading=\"lazy\" decoding=\"async\" class=\"alignnone\" src=\"http:\/\/lorrylesmetz-histoire.fr\/wp-content\/uploads\/2017\/05\/voir.png\" alt=\"\" width=\"89\" height=\"31\" \/><\/a> --><\/td>\n<\/tr>\n<tr>\n<td style=\"width: 325px;\">Salon du Livre d&rsquo;Histoire de Woippy<\/td>\n<td style=\"width: 105.733px;\"><a href=\"http:\/\/www.salonwoippy.com\"><img loading=\"lazy\" decoding=\"async\" class=\"alignnone\" src=\"http:\/\/lorrylesmetz-histoire.fr\/wp-content\/uploads\/2017\/05\/voir.png\" alt=\"\" width=\"89\" height=\"31\" \/><\/a><\/td>\n<\/tr>\n<tr>\n<td style=\"width: 325px;\">Les \u00c9ditions des Paraiges<\/td>\n<td style=\"width: 105.733px;\"><a href=\"http:\/\/editions-des-paraiges.eu\/accueil\/index.html\"><img loading=\"lazy\" decoding=\"async\" class=\"alignnone\" src=\"http:\/\/lorrylesmetz-histoire.fr\/wp-content\/uploads\/2017\/05\/voir.png\" alt=\"\" width=\"89\" height=\"31\" \/><\/a><\/td>\n<\/tr>\n<tr>\n<td style=\"width: 325px;\">Ascom\u00e9mo (\u00a0Association pour la conservation de la m\u00e9moire de la Moselle en 1939\/1945)<\/td>\n<td style=\"width: 105.733px;\"><a href=\"http:\/\/ascomemo.chez.com\"><img loading=\"lazy\" decoding=\"async\" class=\"alignnone\" src=\"http:\/\/lorrylesmetz-histoire.fr\/wp-content\/uploads\/2017\/05\/voir.png\" alt=\"\" width=\"89\" height=\"31\" \/><\/a><\/td>\n<\/tr>\n<\/tbody>\n<\/table>\n<p>&nbsp;<\/p>\n","protected":false},"excerpt":{"rendered":"<p>Liens vers d&rsquo;autres sites d&rsquo;histoire &nbsp; Comit\u00e9 d&rsquo;Histoire r\u00e9gionale de Lorraine Soci\u00e9t\u00e9 d&rsquo;histoire de Woippy Raconte moi Woippy Site sur Anne-Marie-C\u00e9lestine Michel Blog de Pierre Brasme Salon du Livre d&rsquo;Histoire de Woippy Les \u00c9ditions des Paraiges Ascom\u00e9mo (\u00a0Association pour la&hellip; <\/p>\n","protected":false},"author":1,"featured_media":0,"parent":0,"menu_order":8,"comment_status":"closed","ping_status":"closed","template":"","meta":{"_mc_calendar":[],"footnotes":""},"class_list":["post-122","page","type-page","status-publish","hentry"],"_links":{"self":[{"href":"http:\/\/lorrylesmetz-histoire.fr\/index.php?rest_route=\/wp\/v2\/pages\/122","targetHints":{"allow":["GET"]}}],"collection":[{"href":"http:\/\/lorrylesmetz-histoire.fr\/index.php?rest_route=\/wp\/v2\/pages"}],"about":[{"href":"http:\/\/lorrylesmetz-histoire.fr\/index.php?rest_route=\/wp\/v2\/types\/page"}],"author":[{"embeddable":true,"href":"http:\/\/lorrylesmetz-histoire.fr\/index.php?rest_route=\/wp\/v2\/users\/1"}],"replies":[{"embeddable":true,"href":"http:\/\/lorrylesmetz-histoire.fr\/index.php?rest_route=%2Fwp%2Fv2%2Fcomments&post=122"}],"version-history":[{"count":4,"href":"http:\/\/lorrylesmetz-histoire.fr\/index.php?rest_route=\/wp\/v2\/pages\/122\/revisions"}],"predecessor-version":[{"id":2787,"href":"http:\/\/lorrylesmetz-histoire.fr\/index.php?rest_route=\/wp\/v2\/pages\/122\/revisions\/2787"}],"wp:attachment":[{"href":"http:\/\/lorrylesmetz-histoire.fr\/index.php?rest_route=%2Fwp%2Fv2%2Fmedia&parent=122"}],"curies":[{"name":"wp","href":"https:\/\/api.w.org\/{rel}","templated":true}]}}