{"id":1271,"date":"2017-06-12T12:13:16","date_gmt":"2017-06-12T10:13:16","guid":{"rendered":"http:\/\/lorrylesmetz-histoire.fr\/?page_id=1271"},"modified":"2017-08-11T08:56:01","modified_gmt":"2017-08-11T06:56:01","slug":"2016-06","status":"publish","type":"page","link":"http:\/\/lorrylesmetz-histoire.fr\/?page_id=1271","title":{"rendered":"Les oubli\u00e9s de 1914-1918"},"content":{"rendered":"<h2>11\u00a0novembre\u00a02016<\/h2>\n<p>Lorry-l\u00e8s-Metz \u00ab\u00a0au fil du Temps\u00a0\u00bb, gr\u00e2ce aux recherches tenaces de Roger Mariotte (vice-pr\u00e9sident adjoint), a remis \u00e0 l\u2019honneur des hommes tomb\u00e9s au combat dont les noms avaient \u00e9t\u00e9 oubli\u00e9s et n\u2019apparaissaient pas sur le monument aux morts de Lorry-l\u00e8s-Metz.<\/p>\n<p>Ils s\u2019agit de Jean Gustave Kopp et d\u2019Otto-Albert Muller.<\/p>\n<p>Concernant Jean-Gustave Kopp sa trace a \u00e9t\u00e9 retrouv\u00e9e \u00e0 Mouilly dans la Meuse, son acte de d\u00e9c\u00e8s porte la mention \u00ab\u00a0Mort pour la France\u00a0\u00bb<\/p>\n<p>Concernant celui d\u2019Otto-Albert\u00a0Muller, le livre r\u00e9dig\u00e9 par l\u2019abb\u00e9 Louis Weber r\u00e9pertorie les soldats morts pendant la Grande Guerre, et ce patronyme figure parmi vingt-et-un autres \u00e0 la page de Lorry-l\u00e8s-Metz. Or il est le seul \u00e0 \u00eatre protestant\u2026<\/p>\n<p>Apr\u00e8s cette enqu\u00eate, la mairie d\u00e9cida de rajouter ces deux noms au monument aux morts. La plaque a \u00e9t\u00e9 d\u00e9voil\u00e9e le 11\u00a0novembre\u00a02016 avec discours officiel du maire, d\u00e9p\u00f4t de gerbes et Marseillaise.<\/p>\n<div id=\"metaslider-id-1742\" style=\"width: 100%; margin: 0 auto;\" class=\"ml-slider-3-108-0 metaslider metaslider-responsive metaslider-1742 ml-slider has-dots-nav ms-theme-default\" role=\"region\" aria-label=\"11 nov 2016\" data-height=\"400\" data-width=\"400\">\n    <div id=\"metaslider_container_1742\">\n        <ul id='metaslider_1742' class='rslides'>\n            <li aria-roledescription='slide' aria-labelledby='slide-0'><a href=\"http:\/\/lorrylesmetz-histoire.fr\/wp-content\/uploads\/2017\/08\/A-oublies.jpg\" target=\"_blank\"><img loading=\"lazy\" decoding=\"async\" src=\"http:\/\/lorrylesmetz-histoire.fr\/wp-content\/uploads\/2017\/08\/A-oublies-400x400.jpg\" height=\"400\" width=\"400\" alt=\"\" class=\"slider-1742 slide-1744 msDefaultImage\" \/><\/a><\/li>\n            <li style='display: none;' aria-roledescription='slide' aria-labelledby='slide-1'><a href=\"http:\/\/lorrylesmetz-histoire.fr\/wp-content\/uploads\/2017\/08\/DSC6194.jpg\" target=\"_blank\"><img loading=\"lazy\" decoding=\"async\" src=\"http:\/\/lorrylesmetz-histoire.fr\/wp-content\/uploads\/2017\/08\/DSC6194-400x400.jpg\" height=\"400\" width=\"400\" alt=\"\" class=\"slider-1742 slide-1745 msDefaultImage\" \/><\/a><\/li>\n            <li style='display: none;' aria-roledescription='slide' aria-labelledby='slide-2'><a href=\"http:\/\/lorrylesmetz-histoire.fr\/wp-content\/uploads\/2017\/08\/DSC6204.jpg\" target=\"_blank\"><img loading=\"lazy\" decoding=\"async\" src=\"http:\/\/lorrylesmetz-histoire.fr\/wp-content\/uploads\/2017\/08\/DSC6204-400x400.jpg\" height=\"400\" width=\"400\" alt=\"\" class=\"slider-1742 slide-1746 msDefaultImage\" \/><\/a><\/li>\n            <li style='display: none;' aria-roledescription='slide' aria-labelledby='slide-3'><a href=\"http:\/\/lorrylesmetz-histoire.fr\/wp-content\/uploads\/2017\/08\/DSC6206.jpg\" target=\"_blank\"><img loading=\"lazy\" decoding=\"async\" src=\"http:\/\/lorrylesmetz-histoire.fr\/wp-content\/uploads\/2017\/08\/DSC6206-400x400.jpg\" height=\"400\" width=\"400\" alt=\"\" class=\"slider-1742 slide-1747 msDefaultImage\" \/><\/a><\/li>\n            <li style='display: none;' aria-roledescription='slide' aria-labelledby='slide-4'><a href=\"http:\/\/lorrylesmetz-histoire.fr\/wp-content\/uploads\/2017\/08\/DSC6220.jpg\" target=\"_blank\"><img loading=\"lazy\" decoding=\"async\" src=\"http:\/\/lorrylesmetz-histoire.fr\/wp-content\/uploads\/2017\/08\/DSC6220-400x400.jpg\" height=\"400\" width=\"400\" alt=\"\" class=\"slider-1742 slide-1748 msDefaultImage\" \/><\/a><\/li>\n            <li style='display: none;' aria-roledescription='slide' aria-labelledby='slide-5'><a href=\"http:\/\/lorrylesmetz-histoire.fr\/wp-content\/uploads\/2017\/08\/DSC6228.jpg\" target=\"_blank\"><img loading=\"lazy\" decoding=\"async\" src=\"http:\/\/lorrylesmetz-histoire.fr\/wp-content\/uploads\/2017\/08\/DSC6228-400x400.jpg\" height=\"400\" width=\"400\" alt=\"\" class=\"slider-1742 slide-1749 msDefaultImage\" \/><\/a><\/li>\n            <li style='display: none;' aria-roledescription='slide' aria-labelledby='slide-6'><a href=\"http:\/\/lorrylesmetz-histoire.fr\/wp-content\/uploads\/2017\/08\/DSC6244.jpg\" target=\"_blank\"><img loading=\"lazy\" decoding=\"async\" src=\"http:\/\/lorrylesmetz-histoire.fr\/wp-content\/uploads\/2017\/08\/DSC6244-400x400.jpg\" height=\"400\" width=\"400\" alt=\"\" class=\"slider-1742 slide-1750 msDefaultImage\" \/><\/a><\/li>\n            <li style='display: none;' aria-roledescription='slide' aria-labelledby='slide-7'><a href=\"http:\/\/lorrylesmetz-histoire.fr\/wp-content\/uploads\/2017\/08\/DSC6245.jpg\" target=\"_blank\"><img loading=\"lazy\" decoding=\"async\" src=\"http:\/\/lorrylesmetz-histoire.fr\/wp-content\/uploads\/2017\/08\/DSC6245-400x400.jpg\" height=\"400\" width=\"400\" alt=\"\" class=\"slider-1742 slide-1751 msDefaultImage\" \/><\/a><\/li>\n            <li style='display: none;' aria-roledescription='slide' aria-labelledby='slide-8'><a href=\"http:\/\/lorrylesmetz-histoire.fr\/wp-content\/uploads\/2017\/08\/DSC6252.jpg\" target=\"_blank\"><img loading=\"lazy\" decoding=\"async\" src=\"http:\/\/lorrylesmetz-histoire.fr\/wp-content\/uploads\/2017\/08\/DSC6252-400x400.jpg\" height=\"400\" width=\"400\" alt=\"\" class=\"slider-1742 slide-1752 msDefaultImage\" \/><\/a><\/li>\n            <li style='display: none;' aria-roledescription='slide' aria-labelledby='slide-9'><a href=\"http:\/\/lorrylesmetz-histoire.fr\/wp-content\/uploads\/2017\/08\/DSC6254.jpg\" target=\"_blank\"><img loading=\"lazy\" decoding=\"async\" src=\"http:\/\/lorrylesmetz-histoire.fr\/wp-content\/uploads\/2017\/08\/DSC6254-400x400.jpg\" height=\"400\" width=\"400\" alt=\"\" class=\"slider-1742 slide-1753 msDefaultImage\" \/><\/a><\/li>\n            <li style='display: none;' aria-roledescription='slide' aria-labelledby='slide-10'><a href=\"http:\/\/lorrylesmetz-histoire.fr\/wp-content\/uploads\/2017\/08\/DSC6264.jpg\" target=\"_blank\"><img loading=\"lazy\" decoding=\"async\" src=\"http:\/\/lorrylesmetz-histoire.fr\/wp-content\/uploads\/2017\/08\/DSC6264-400x400.jpg\" height=\"400\" width=\"400\" alt=\"\" class=\"slider-1742 slide-1754 msDefaultImage\" \/><\/a><\/li>\n            <li style='display: none;' aria-roledescription='slide' aria-labelledby='slide-11'><a href=\"http:\/\/lorrylesmetz-histoire.fr\/wp-content\/uploads\/2017\/08\/DSC6291.jpg\" target=\"_blank\"><img loading=\"lazy\" decoding=\"async\" src=\"http:\/\/lorrylesmetz-histoire.fr\/wp-content\/uploads\/2017\/08\/DSC6291-400x400.jpg\" height=\"400\" width=\"400\" alt=\"\" class=\"slider-1742 slide-1755 msDefaultImage\" \/><\/a><\/li>\n            <li style='display: none;' aria-roledescription='slide' aria-labelledby='slide-12'><a href=\"http:\/\/lorrylesmetz-histoire.fr\/wp-content\/uploads\/2017\/08\/DSC6296.jpg\" target=\"_blank\"><img loading=\"lazy\" decoding=\"async\" src=\"http:\/\/lorrylesmetz-histoire.fr\/wp-content\/uploads\/2017\/08\/DSC6296-400x400.jpg\" height=\"400\" width=\"400\" alt=\"\" class=\"slider-1742 slide-1756 msDefaultImage\" \/><\/a><\/li>\n            <li style='display: none;' aria-roledescription='slide' aria-labelledby='slide-13'><a href=\"http:\/\/lorrylesmetz-histoire.fr\/wp-content\/uploads\/2017\/08\/DSC6297.jpg\" target=\"_blank\"><img loading=\"lazy\" decoding=\"async\" src=\"http:\/\/lorrylesmetz-histoire.fr\/wp-content\/uploads\/2017\/08\/DSC6297-400x400.jpg\" height=\"400\" width=\"400\" alt=\"\" class=\"slider-1742 slide-1757 msDefaultImage\" \/><\/a><\/li>\n            <li style='display: none;' aria-roledescription='slide' aria-labelledby='slide-14'><a href=\"http:\/\/lorrylesmetz-histoire.fr\/wp-content\/uploads\/2017\/08\/DSC6298.jpg\" target=\"_blank\"><img loading=\"lazy\" decoding=\"async\" src=\"http:\/\/lorrylesmetz-histoire.fr\/wp-content\/uploads\/2017\/08\/DSC6298-400x400.jpg\" height=\"400\" width=\"400\" alt=\"\" class=\"slider-1742 slide-1758 msDefaultImage\" \/><\/a><\/li>\n            <li style='display: none;' aria-roledescription='slide' aria-labelledby='slide-15'><a href=\"http:\/\/lorrylesmetz-histoire.fr\/wp-content\/uploads\/2017\/08\/montage-final.jpg\" target=\"_blank\"><img loading=\"lazy\" decoding=\"async\" src=\"http:\/\/lorrylesmetz-histoire.fr\/wp-content\/uploads\/2017\/08\/montage-final-400x400.jpg\" height=\"400\" width=\"400\" alt=\"\" class=\"slider-1742 slide-1759 msDefaultImage\" \/><\/a><\/li>\n        <\/ul>\n        \n    <\/div>\n<\/div>\n<p>Photos de G\u00e9rard Kester.<\/p>\n<p><a href=\"http:\/\/lorrylesmetz-histoire.fr\/?page_id=744\"><img loading=\"lazy\" decoding=\"async\" class=\"alignnone wp-image-378 size-full\" src=\"http:\/\/lorrylesmetz-histoire.fr\/wp-content\/uploads\/2017\/05\/retour.png?_t=1502434548\" alt=\"\" width=\"89\" height=\"31\" \/><\/a><\/p>\n","protected":false},"excerpt":{"rendered":"<p>11\u00a0novembre\u00a02016 Lorry-l\u00e8s-Metz \u00ab\u00a0au fil du Temps\u00a0\u00bb, gr\u00e2ce aux recherches tenaces de Roger Mariotte (vice-pr\u00e9sident adjoint), a remis \u00e0 l\u2019honneur des hommes tomb\u00e9s au combat dont les noms avaient \u00e9t\u00e9 oubli\u00e9s et n\u2019apparaissaient pas sur le monument aux morts de Lorry-l\u00e8s-Metz.&hellip; <\/p>\n","protected":false},"author":1,"featured_media":0,"parent":744,"menu_order":5,"comment_status":"closed","ping_status":"closed","template":"","meta":{"_mc_calendar":[],"footnotes":""},"class_list":["post-1271","page","type-page","status-publish","hentry"],"_links":{"self":[{"href":"http:\/\/lorrylesmetz-histoire.fr\/index.php?rest_route=\/wp\/v2\/pages\/1271","targetHints":{"allow":["GET"]}}],"collection":[{"href":"http:\/\/lorrylesmetz-histoire.fr\/index.php?rest_route=\/wp\/v2\/pages"}],"about":[{"href":"http:\/\/lorrylesmetz-histoire.fr\/index.php?rest_route=\/wp\/v2\/types\/page"}],"author":[{"embeddable":true,"href":"http:\/\/lorrylesmetz-histoire.fr\/index.php?rest_route=\/wp\/v2\/users\/1"}],"replies":[{"embeddable":true,"href":"http:\/\/lorrylesmetz-histoire.fr\/index.php?rest_route=%2Fwp%2Fv2%2Fcomments&post=1271"}],"version-history":[{"count":5,"href":"http:\/\/lorrylesmetz-histoire.fr\/index.php?rest_route=\/wp\/v2\/pages\/1271\/revisions"}],"predecessor-version":[{"id":1817,"href":"http:\/\/lorrylesmetz-histoire.fr\/index.php?rest_route=\/wp\/v2\/pages\/1271\/revisions\/1817"}],"up":[{"embeddable":true,"href":"http:\/\/lorrylesmetz-histoire.fr\/index.php?rest_route=\/wp\/v2\/pages\/744"}],"wp:attachment":[{"href":"http:\/\/lorrylesmetz-histoire.fr\/index.php?rest_route=%2Fwp%2Fv2%2Fmedia&parent=1271"}],"curies":[{"name":"wp","href":"https:\/\/api.w.org\/{rel}","templated":true}]}}