{"id":1275,"date":"2017-06-12T11:38:05","date_gmt":"2017-06-12T09:38:05","guid":{"rendered":"http:\/\/lorrylesmetz-histoire.fr\/?page_id=1275"},"modified":"2017-08-10T14:03:43","modified_gmt":"2017-08-10T12:03:43","slug":"2016-02","status":"publish","type":"page","link":"http:\/\/lorrylesmetz-histoire.fr\/?page_id=1275","title":{"rendered":"Assembl\u00e9e g\u00e9n\u00e9rale"},"content":{"rendered":"<h3>5\u00a0f\u00e9vrier\u00a02016<\/h3>\n<p>Apr\u00e8s les formalit\u00e9s d\u2019usages, Fran\u00e7ois\u00a0Courtade, le pr\u00e9sident de Lorry-l\u00e8s-Metz \u00ab\u00a0au fil du temps\u00a0\u00bb, a pass\u00e9 la parole \u00e0 la conf\u00e9renci\u00e8re et amie Yvette\u00a0Illy. Cette derni\u00e8re, pr\u00e9sidente honoraire des \u00ab\u00a0<em>Amis du Vieux Plappeville<\/em>\u00a0\u00bb, a \u0153uvr\u00e9 pendant 40\u00a0ans \u00e0 un travail de m\u00e9moire afin de transmettre la riche histoire de Plappeville, tout ce que les anciens ont l\u00e9gu\u00e9 et qui ne doit pas dispara\u00eetre.<\/p>\n<p>Lors de sa conf\u00e9rence agr\u00e9ment\u00e9e d\u2019un diaporama \u00ab\u00a0<em>Plappeville pour mes amis de Lorry\u2013l\u00e8s-Metz\u00a0<\/em>\u00bb, elle nous a fait revivre le pass\u00e9 de son village qu\u2019elle aime passionn\u00e9ment. Elle fit d\u00e9filer les si\u00e8cles, depuis les premi\u00e8res occupations celtiques sur le mont Saint-Quentin, jusqu\u2019\u00e0 ce XX<sup>e<\/sup>\u00a0si\u00e8cle.<\/p>\n<p>Parmi certains th\u00e8mes, furent \u00e9voqu\u00e9s\u00a0: la naissance de <em>Pappoli villa<\/em>, la sorcellerie, les conflits, la vie rurale, les f\u00eates qui ponctuaient la vie communale et paroissiale, les \u00e9v\u00e9nements qui rythmaient les saisons.<\/p>\n<p>Un diaporama \u00e9tayait le discours avec de nombreuses photos, dessins et plans.<\/p>\n<p>Apr\u00e8s cet excellent moment, un pot de l\u2019amiti\u00e9 a termin\u00e9 la soir\u00e9e.<\/p>\n<!-- MetaSlider 1308 not found -->\n<p>Photos de G\u00e9rard\u00a0Kester.<\/p>\n<p><a href=\"http:\/\/lorrylesmetz-histoire.fr\/?page_id=744\"><img loading=\"lazy\" decoding=\"async\" class=\"alignnone wp-image-378 size-full\" src=\"http:\/\/lorrylesmetz-histoire.fr\/wp-content\/uploads\/2017\/05\/retour.png?_t=1502366610\" alt=\"\" width=\"89\" height=\"31\" \/><\/a><\/p>\n","protected":false},"excerpt":{"rendered":"<p>5\u00a0f\u00e9vrier\u00a02016 Apr\u00e8s les formalit\u00e9s d\u2019usages, Fran\u00e7ois\u00a0Courtade, le pr\u00e9sident de Lorry-l\u00e8s-Metz \u00ab\u00a0au fil du temps\u00a0\u00bb, a pass\u00e9 la parole \u00e0 la conf\u00e9renci\u00e8re et amie Yvette\u00a0Illy. Cette derni\u00e8re, pr\u00e9sidente honoraire des \u00ab\u00a0Amis du Vieux Plappeville\u00a0\u00bb, a \u0153uvr\u00e9 pendant 40\u00a0ans \u00e0 un travail&hellip; <\/p>\n","protected":false},"author":1,"featured_media":0,"parent":744,"menu_order":1,"comment_status":"closed","ping_status":"closed","template":"","meta":{"_mc_calendar":[],"footnotes":""},"class_list":["post-1275","page","type-page","status-publish","hentry"],"_links":{"self":[{"href":"http:\/\/lorrylesmetz-histoire.fr\/index.php?rest_route=\/wp\/v2\/pages\/1275","targetHints":{"allow":["GET"]}}],"collection":[{"href":"http:\/\/lorrylesmetz-histoire.fr\/index.php?rest_route=\/wp\/v2\/pages"}],"about":[{"href":"http:\/\/lorrylesmetz-histoire.fr\/index.php?rest_route=\/wp\/v2\/types\/page"}],"author":[{"embeddable":true,"href":"http:\/\/lorrylesmetz-histoire.fr\/index.php?rest_route=\/wp\/v2\/users\/1"}],"replies":[{"embeddable":true,"href":"http:\/\/lorrylesmetz-histoire.fr\/index.php?rest_route=%2Fwp%2Fv2%2Fcomments&post=1275"}],"version-history":[{"count":6,"href":"http:\/\/lorrylesmetz-histoire.fr\/index.php?rest_route=\/wp\/v2\/pages\/1275\/revisions"}],"predecessor-version":[{"id":1659,"href":"http:\/\/lorrylesmetz-histoire.fr\/index.php?rest_route=\/wp\/v2\/pages\/1275\/revisions\/1659"}],"up":[{"embeddable":true,"href":"http:\/\/lorrylesmetz-histoire.fr\/index.php?rest_route=\/wp\/v2\/pages\/744"}],"wp:attachment":[{"href":"http:\/\/lorrylesmetz-histoire.fr\/index.php?rest_route=%2Fwp%2Fv2%2Fmedia&parent=1275"}],"curies":[{"name":"wp","href":"https:\/\/api.w.org\/{rel}","templated":true}]}}