{"id":1276,"date":"2017-06-12T11:00:13","date_gmt":"2017-06-12T09:00:13","guid":{"rendered":"http:\/\/lorrylesmetz-histoire.fr\/?page_id=1276"},"modified":"2017-08-10T14:03:13","modified_gmt":"2017-08-10T12:03:13","slug":"2016-01","status":"publish","type":"page","link":"http:\/\/lorrylesmetz-histoire.fr\/?page_id=1276","title":{"rendered":"Galette des Rois"},"content":{"rendered":"<h3>13\u00a0janvier\u00a02016<\/h3>\n<p>Lorry-l\u00e8s-Metz \u00ab\u00a0au fil du temps\u00a0\u00bb a f\u00eat\u00e9 la tradition des Rois en partageant la galette.<\/p>\n<p>Non, G\u00e9rard\u00a0Kester n\u2019a pas \u00e9t\u00e9 mis au coin pour cause de dissipation, il remplit son r\u00f4le d\u2019\u00ab\u00a0attributeur de part de galette\u00a0\u00bb\u2026 \u00ab\u00a0<em>Pour qui celle-l\u00e0\u2009? Et celle-l\u00e0\u2009?<\/em>\u00a0\u00bb<\/p>\n<p>Tout le monde a \u00e9t\u00e9 servi et les couronnes ont \u00e9t\u00e9 attribu\u00e9es\u2026 personne n\u2019a pris la grosse t\u00eate.<\/p>\n<p>Les galettes de notre boulanger-p\u00e2tissier du village \u00ab\u00a0<em>Chez Oph\u00e9lia et Jean<\/em>\u00a0\u00bb amoureusement r\u00e9chauff\u00e9es chez Suzy et Roger\u00a0Mariotte ont \u00e9t\u00e9 jug\u00e9es d\u00e9licieuses\u2026<\/p>\n<p>C\u2019est promis, nous recommencerons l\u2019ann\u00e9e prochaine\u2009!<\/p>\n<div id=\"metaslider-id-1287\" style=\"width: 100%; margin: 0 auto;\" class=\"ml-slider-3-108-0 metaslider metaslider-responsive metaslider-1287 ml-slider has-dots-nav ms-theme-default\" role=\"region\" aria-label=\"Galette 2016\" data-height=\"400\" data-width=\"400\">\n    <div id=\"metaslider_container_1287\">\n        <ul id='metaslider_1287' class='rslides'>\n            <li aria-roledescription='slide' aria-labelledby='slide-0'><a href=\"http:\/\/localhost\/lfdt2\/wp-content\/uploads\/2017\/06\/1-3.jpg\" target=\"_blank\"><img loading=\"lazy\" decoding=\"async\" width=\"800\" height=\"600\" src=\"http:\/\/lorrylesmetz-histoire.fr\/wp-content\/uploads\/2017\/06\/1-3.jpg\" class=\"slider-1287 slide-1288 msDefaultImage\" alt=\"\" rel=\"\" title=\"\" srcset=\"http:\/\/lorrylesmetz-histoire.fr\/wp-content\/uploads\/2017\/06\/1-3.jpg 800w, http:\/\/lorrylesmetz-histoire.fr\/wp-content\/uploads\/2017\/06\/1-3-300x225.jpg 300w, http:\/\/lorrylesmetz-histoire.fr\/wp-content\/uploads\/2017\/06\/1-3-768x576.jpg 768w\" sizes=\"auto, (max-width: 800px) 100vw, 800px\" \/><\/a><\/li>\n            <li style='display: none;' aria-roledescription='slide' aria-labelledby='slide-1'><a href=\"http:\/\/localhost\/lfdt2\/wp-content\/uploads\/2017\/06\/2-3.jpg\" target=\"_blank\"><img loading=\"lazy\" decoding=\"async\" width=\"800\" height=\"600\" src=\"http:\/\/lorrylesmetz-histoire.fr\/wp-content\/uploads\/2017\/06\/2-3.jpg\" class=\"slider-1287 slide-1289 msDefaultImage\" alt=\"\" rel=\"\" title=\"\" srcset=\"http:\/\/lorrylesmetz-histoire.fr\/wp-content\/uploads\/2017\/06\/2-3.jpg 800w, http:\/\/lorrylesmetz-histoire.fr\/wp-content\/uploads\/2017\/06\/2-3-300x225.jpg 300w, http:\/\/lorrylesmetz-histoire.fr\/wp-content\/uploads\/2017\/06\/2-3-768x576.jpg 768w\" sizes=\"auto, (max-width: 800px) 100vw, 800px\" \/><\/a><\/li>\n            <li style='display: none;' aria-roledescription='slide' aria-labelledby='slide-2'><a href=\"http:\/\/localhost\/lfdt2\/wp-content\/uploads\/2017\/06\/3-3.jpg\" target=\"_blank\"><img loading=\"lazy\" decoding=\"async\" width=\"800\" height=\"600\" src=\"http:\/\/lorrylesmetz-histoire.fr\/wp-content\/uploads\/2017\/06\/3-3.jpg\" class=\"slider-1287 slide-1290 msDefaultImage\" alt=\"\" rel=\"\" title=\"\" srcset=\"http:\/\/lorrylesmetz-histoire.fr\/wp-content\/uploads\/2017\/06\/3-3.jpg 800w, http:\/\/lorrylesmetz-histoire.fr\/wp-content\/uploads\/2017\/06\/3-3-300x225.jpg 300w, http:\/\/lorrylesmetz-histoire.fr\/wp-content\/uploads\/2017\/06\/3-3-768x576.jpg 768w\" sizes=\"auto, (max-width: 800px) 100vw, 800px\" \/><\/a><\/li>\n        <\/ul>\n        \n    <\/div>\n<\/div>\n<p>Photos de Roger\u00a0Mariotte.<\/p>\n<p><a href=\"http:\/\/lorrylesmetz-histoire.fr\/?page_id=744\"><img loading=\"lazy\" decoding=\"async\" class=\"alignnone wp-image-378 size-full\" src=\"http:\/\/lorrylesmetz-histoire.fr\/wp-content\/uploads\/2017\/05\/retour.png?_t=1502366577\" alt=\"\" width=\"89\" height=\"31\" \/><\/a><\/p>\n","protected":false},"excerpt":{"rendered":"<p>13\u00a0janvier\u00a02016 Lorry-l\u00e8s-Metz \u00ab\u00a0au fil du temps\u00a0\u00bb a f\u00eat\u00e9 la tradition des Rois en partageant la galette. Non, G\u00e9rard\u00a0Kester n\u2019a pas \u00e9t\u00e9 mis au coin pour cause de dissipation, il remplit son r\u00f4le d\u2019\u00ab\u00a0attributeur de part de galette\u00a0\u00bb\u2026 \u00ab\u00a0Pour qui celle-l\u00e0\u2009?&hellip; <\/p>\n","protected":false},"author":1,"featured_media":0,"parent":744,"menu_order":0,"comment_status":"closed","ping_status":"closed","template":"","meta":{"_mc_calendar":[],"footnotes":""},"class_list":["post-1276","page","type-page","status-publish","hentry"],"_links":{"self":[{"href":"http:\/\/lorrylesmetz-histoire.fr\/index.php?rest_route=\/wp\/v2\/pages\/1276","targetHints":{"allow":["GET"]}}],"collection":[{"href":"http:\/\/lorrylesmetz-histoire.fr\/index.php?rest_route=\/wp\/v2\/pages"}],"about":[{"href":"http:\/\/lorrylesmetz-histoire.fr\/index.php?rest_route=\/wp\/v2\/types\/page"}],"author":[{"embeddable":true,"href":"http:\/\/lorrylesmetz-histoire.fr\/index.php?rest_route=\/wp\/v2\/users\/1"}],"replies":[{"embeddable":true,"href":"http:\/\/lorrylesmetz-histoire.fr\/index.php?rest_route=%2Fwp%2Fv2%2Fcomments&post=1276"}],"version-history":[{"count":6,"href":"http:\/\/lorrylesmetz-histoire.fr\/index.php?rest_route=\/wp\/v2\/pages\/1276\/revisions"}],"predecessor-version":[{"id":1658,"href":"http:\/\/lorrylesmetz-histoire.fr\/index.php?rest_route=\/wp\/v2\/pages\/1276\/revisions\/1658"}],"up":[{"embeddable":true,"href":"http:\/\/lorrylesmetz-histoire.fr\/index.php?rest_route=\/wp\/v2\/pages\/744"}],"wp:attachment":[{"href":"http:\/\/lorrylesmetz-histoire.fr\/index.php?rest_route=%2Fwp%2Fv2%2Fmedia&parent=1276"}],"curies":[{"name":"wp","href":"https:\/\/api.w.org\/{rel}","templated":true}]}}