{"id":1522,"date":"2017-07-19T12:23:36","date_gmt":"2017-07-19T10:23:36","guid":{"rendered":"http:\/\/lorrylesmetz-histoire.fr\/?page_id=1522"},"modified":"2018-01-02T08:08:01","modified_gmt":"2018-01-02T07:08:01","slug":"reunion-du-comite-dhistoire-du-pays-messin","status":"publish","type":"page","link":"http:\/\/lorrylesmetz-histoire.fr\/?page_id=1522","title":{"rendered":"R\u00e9union du Comit\u00e9 d\u2019Histoire du Pays messin"},"content":{"rendered":"<h2>12\u00a0juin\u00a02017<\/h2>\n<p>Lorry-l\u00e8s-Metz \u00ab\u00a0au fil du temps\u00a0\u00bb \u00e9tait pr\u00e9sent \u00e0 la r\u00e9union de travail du Comit\u00e9 d\u2019Histoire du Pays Messin (CHPM), pr\u00e9sid\u00e9e par Pierre\u00a0Brasme.<\/p>\n<p>* Le colloque de Woippy du 18\u00a0novembre\u00a02017 a pour th\u00e8me\u00a0: \u00ab\u00a0<em>La vie quotidienne \u00e0 Metz et en Pays Messin au XIX<sup>e<\/sup>\u00a0si\u00e8cle<\/em>\u00a0\u00bb avec pour invit\u00e9 d\u2019honneur K\u00e9vin G\u0153uriot auteur de \u00ab\u00a0<em>L\u2019ann\u00e9e lorraine. Une petite histoire des f\u00eates, coutumes et traditions populaires en Lorraine\u00a0\u00bb.<\/em><\/p>\n<table style=\"width: 603px;\">\n<tbody>\n<tr>\n<td style=\"width: 126px;\">8\u00a0h 30<\/td>\n<td style=\"width: 105.8px;\">Accueil<\/td>\n<td style=\"width: 286.2px;\"><\/td>\n<\/tr>\n<tr>\n<td style=\"width: 126px;\">9\u00a0h &#8211; 9\u00a0h\u00a040<\/td>\n<td style=\"width: 105.8px;\">P.\u00a0Brasme<\/td>\n<td style=\"width: 286.2px;\"><em>La vie rurale \u00e0 Woippy au XIX<sup>e<\/sup> si\u00e8cle<\/em><\/td>\n<\/tr>\n<tr>\n<td style=\"width: 126px;\">9 h 40 &#8211; 10\u00a0h\u00a020<\/td>\n<td style=\"width: 105.8px;\">P. Bronn<\/td>\n<td style=\"width: 286.2px;\"><em>Hygi\u00e8ne et sant\u00e9 publique \u00e0 Metz au XIX<sup>e<\/sup> si\u00e8cle<\/em><\/td>\n<\/tr>\n<tr>\n<td style=\"width: 126px;\">10 h 20 &#8211; 10\u00a0h\u00a035<\/td>\n<td style=\"width: 105.8px;\">Caf\u00e9<\/td>\n<td style=\"width: 286.2px;\"><\/td>\n<\/tr>\n<tr>\n<td style=\"width: 126px;\">10\u00a0h\u00a035 &#8211; 11\u00a0h\u00a015<\/td>\n<td style=\"width: 105.8px;\">J.\u00a0Vincler<\/td>\n<td style=\"width: 286.2px;\"><em>L\u2019expansion coloniale et la vogue de l\u2019exotisme en Pays Messin<\/em><\/td>\n<\/tr>\n<tr>\n<td style=\"width: 126px;\">11 h 30<\/td>\n<td style=\"width: 105.8px;\"><\/td>\n<td style=\"width: 286.2px;\">\u00a0Remise du prix Ren\u00e9\u00a0Paquet<\/td>\n<\/tr>\n<tr>\n<td style=\"width: 126px;\"><\/td>\n<td style=\"width: 105.8px;\"><\/td>\n<td style=\"width: 286.2px;\"><\/td>\n<\/tr>\n<tr>\n<td style=\"width: 126px;\">14\u00a0h\u00a015 &#8211; 15\u00a0h<\/td>\n<td style=\"width: 105.8px;\">K. Goeuriot<\/td>\n<td style=\"width: 286.2px;\"><em>Les f\u00eates et traditions en Pays messin<\/em><\/td>\n<\/tr>\n<tr>\n<td style=\"width: 126px;\">15 h \u2013 15\u00a0h\u00a040<\/td>\n<td style=\"width: 105.8px;\">J.\u00a0Marx<\/td>\n<td style=\"width: 286.2px;\"><em>La crise du phylloxera en Pays Messin<\/em><\/td>\n<\/tr>\n<tr>\n<td style=\"width: 126px;\">15 h 45 &#8211; 16 h<\/td>\n<td style=\"width: 105.8px;\">Caf\u00e9<\/td>\n<td style=\"width: 286.2px;\"><\/td>\n<\/tr>\n<tr>\n<td style=\"width: 126px;\">16 h 00 &#8211; 16\u00a0h\u00a045<\/td>\n<td style=\"width: 105.8px;\">C. Spitznagel<\/td>\n<td style=\"width: 286.2px;\"><em>Imprimerie et imagerie en Pays Messin<\/em><\/td>\n<\/tr>\n<\/tbody>\n<\/table>\n<p>* L\u2019organisation du 15<sup>e<\/sup>\u00a0Salon du Livre d\u2019Histoire de Woippy est \u00e0 remanier, le parrain s\u2019\u00e9tant d\u00e9sist\u00e9.<\/p>\n<p>Une communication int\u00e9ressante sur \u00ab\u00a0<em>L\u2019art religieux dans les lieux de culte protestants du Pays messin<\/em>\u00a0\u00bb a \u00e9t\u00e9 propos\u00e9e par le docteur Pierre\u00a0Bronn. Un r\u00e9sum\u00e9 de cette mini conf\u00e9rence est accessible sur le site.<\/p>\n<p>Compte-rendu complet (4 pages)\u00a0:<a href=\"http:\/\/lorrylesmetz-histoire.fr\/wp-content\/uploads\/2017\/07\/CR-ART-PROTESTANT.pdf\" target=\"_blank\" rel=\"noopener\"><img loading=\"lazy\" decoding=\"async\" class=\"alignnone wp-image-683 size-full\" src=\"http:\/\/lorrylesmetz-histoire.fr\/wp-content\/uploads\/2017\/05\/voir.png?_t=1500459668\" alt=\"\" width=\"89\" height=\"31\" \/> <a href=\"http:\/\/lorrylesmetz-histoire.fr\/?media_dl=1542\"><img decoding=\"async\" src=\"http:\/\/lorrylesmetz-histoire.fr\/wp-content\/uploads\/2017\/05\/telecharger_pdf.png\" \/><\/a>]<\/a><\/p>\n<div id=\"metaslider-id-1532\" style=\"width: 100%; margin: 0 auto;\" class=\"ml-slider-3-108-0 metaslider metaslider-responsive metaslider-1532 ml-slider has-dots-nav ms-theme-default\" role=\"region\" aria-label=\"CHMP 2017 2\" data-height=\"400\" data-width=\"400\">\n    <div id=\"metaslider_container_1532\">\n        <ul id='metaslider_1532' class='rslides'>\n            <li aria-roledescription='slide' aria-labelledby='slide-0'><a href=\"http:\/\/localhost\/lfdt2\/wp-content\/uploads\/2017\/07\/01-2.jpg\" target=\"_blank\"><img loading=\"lazy\" decoding=\"async\" src=\"http:\/\/lorrylesmetz-histoire.fr\/wp-content\/uploads\/2017\/07\/01-2-400x400.jpg\" height=\"400\" width=\"400\" alt=\"\" class=\"slider-1532 slide-1533 msDefaultImage\" \/><\/a><\/li>\n            <li style='display: none;' aria-roledescription='slide' aria-labelledby='slide-1'><a href=\"http:\/\/localhost\/lfdt2\/wp-content\/uploads\/2017\/07\/02-2.jpg\" target=\"_blank\"><img loading=\"lazy\" decoding=\"async\" src=\"http:\/\/lorrylesmetz-histoire.fr\/wp-content\/uploads\/2017\/07\/02-2-400x400.jpg\" height=\"400\" width=\"400\" alt=\"\" class=\"slider-1532 slide-1534 msDefaultImage\" \/><\/a><\/li>\n            <li style='display: none;' aria-roledescription='slide' aria-labelledby='slide-2'><a href=\"http:\/\/localhost\/lfdt2\/wp-content\/uploads\/2017\/07\/03-2.jpg\" target=\"_blank\"><img loading=\"lazy\" decoding=\"async\" src=\"http:\/\/lorrylesmetz-histoire.fr\/wp-content\/uploads\/2017\/07\/03-2-400x400.jpg\" height=\"400\" width=\"400\" alt=\"\" class=\"slider-1532 slide-1535 msDefaultImage\" \/><\/a><\/li>\n            <li style='display: none;' aria-roledescription='slide' aria-labelledby='slide-3'><a href=\"http:\/\/localhost\/lfdt2\/wp-content\/uploads\/2017\/07\/04-2.jpg\" target=\"_blank\"><img loading=\"lazy\" decoding=\"async\" src=\"http:\/\/lorrylesmetz-histoire.fr\/wp-content\/uploads\/2017\/07\/04-2-400x400.jpg\" height=\"400\" width=\"400\" alt=\"\" class=\"slider-1532 slide-1536 msDefaultImage\" \/><\/a><\/li>\n            <li style='display: none;' aria-roledescription='slide' aria-labelledby='slide-4'><a href=\"http:\/\/localhost\/lfdt2\/wp-content\/uploads\/2017\/07\/06-2.jpg\" target=\"_blank\"><img loading=\"lazy\" decoding=\"async\" src=\"http:\/\/lorrylesmetz-histoire.fr\/wp-content\/uploads\/2017\/07\/06-2-400x400.jpg\" height=\"400\" width=\"400\" alt=\"\" class=\"slider-1532 slide-1537 msDefaultImage\" \/><\/a><\/li>\n            <li style='display: none;' aria-roledescription='slide' aria-labelledby='slide-5'><a href=\"http:\/\/localhost\/lfdt2\/wp-content\/uploads\/2017\/07\/07-2.jpg\" target=\"_blank\"><img loading=\"lazy\" decoding=\"async\" src=\"http:\/\/lorrylesmetz-histoire.fr\/wp-content\/uploads\/2017\/07\/07-2-400x400.jpg\" height=\"400\" width=\"400\" alt=\"\" class=\"slider-1532 slide-1538 msDefaultImage\" \/><\/a><\/li>\n            <li style='display: none;' aria-roledescription='slide' aria-labelledby='slide-6'><a href=\"http:\/\/localhost\/lfdt2\/wp-content\/uploads\/2017\/07\/08-2.jpg\" target=\"_blank\"><img loading=\"lazy\" decoding=\"async\" src=\"http:\/\/lorrylesmetz-histoire.fr\/wp-content\/uploads\/2017\/07\/08-2-400x400.jpg\" height=\"400\" width=\"400\" alt=\"\" class=\"slider-1532 slide-1539 msDefaultImage\" \/><\/a><\/li>\n            <li style='display: none;' aria-roledescription='slide' aria-labelledby='slide-7'><a href=\"http:\/\/localhost\/lfdt2\/wp-content\/uploads\/2017\/07\/09-2.jpg\" target=\"_blank\"><img loading=\"lazy\" decoding=\"async\" src=\"http:\/\/lorrylesmetz-histoire.fr\/wp-content\/uploads\/2017\/07\/09-2-400x400.jpg\" height=\"400\" width=\"400\" alt=\"\" class=\"slider-1532 slide-1540 msDefaultImage\" \/><\/a><\/li>\n            <li style='display: none;' aria-roledescription='slide' aria-labelledby='slide-8'><a href=\"http:\/\/localhost\/lfdt2\/wp-content\/uploads\/2017\/07\/10-3.jpg\" target=\"_blank\"><img loading=\"lazy\" decoding=\"async\" src=\"http:\/\/lorrylesmetz-histoire.fr\/wp-content\/uploads\/2017\/07\/10-3-400x400.jpg\" height=\"400\" width=\"400\" alt=\"\" class=\"slider-1532 slide-1541 msDefaultImage\" \/><\/a><\/li>\n        <\/ul>\n        \n    <\/div>\n<\/div>\n<p>Photos Claudine\u00a0Kester-ElGhozi<\/p>\n<p><a href=\"http:\/\/lorrylesmetz-histoire.fr\/?page_id=593\"><img loading=\"lazy\" decoding=\"async\" class=\"alignnone wp-image-378 size-full\" src=\"http:\/\/lorrylesmetz-histoire.fr\/wp-content\/uploads\/2017\/05\/retour.png?_t=1496504944\" alt=\"\" width=\"89\" height=\"31\" \/><\/a><\/p>\n","protected":false},"excerpt":{"rendered":"<p>12\u00a0juin\u00a02017 Lorry-l\u00e8s-Metz \u00ab\u00a0au fil du temps\u00a0\u00bb \u00e9tait pr\u00e9sent \u00e0 la r\u00e9union de travail du Comit\u00e9 d\u2019Histoire du Pays Messin (CHPM), pr\u00e9sid\u00e9e par Pierre\u00a0Brasme. * Le colloque de Woippy du 18\u00a0novembre\u00a02017 a pour th\u00e8me\u00a0: \u00ab\u00a0La vie quotidienne \u00e0 Metz et en&hellip; <\/p>\n","protected":false},"author":1,"featured_media":0,"parent":593,"menu_order":9,"comment_status":"closed","ping_status":"closed","template":"","meta":{"_mc_calendar":[],"footnotes":""},"class_list":["post-1522","page","type-page","status-publish","hentry"],"_links":{"self":[{"href":"http:\/\/lorrylesmetz-histoire.fr\/index.php?rest_route=\/wp\/v2\/pages\/1522","targetHints":{"allow":["GET"]}}],"collection":[{"href":"http:\/\/lorrylesmetz-histoire.fr\/index.php?rest_route=\/wp\/v2\/pages"}],"about":[{"href":"http:\/\/lorrylesmetz-histoire.fr\/index.php?rest_route=\/wp\/v2\/types\/page"}],"author":[{"embeddable":true,"href":"http:\/\/lorrylesmetz-histoire.fr\/index.php?rest_route=\/wp\/v2\/users\/1"}],"replies":[{"embeddable":true,"href":"http:\/\/lorrylesmetz-histoire.fr\/index.php?rest_route=%2Fwp%2Fv2%2Fcomments&post=1522"}],"version-history":[{"count":10,"href":"http:\/\/lorrylesmetz-histoire.fr\/index.php?rest_route=\/wp\/v2\/pages\/1522\/revisions"}],"predecessor-version":[{"id":2996,"href":"http:\/\/lorrylesmetz-histoire.fr\/index.php?rest_route=\/wp\/v2\/pages\/1522\/revisions\/2996"}],"up":[{"embeddable":true,"href":"http:\/\/lorrylesmetz-histoire.fr\/index.php?rest_route=\/wp\/v2\/pages\/593"}],"wp:attachment":[{"href":"http:\/\/lorrylesmetz-histoire.fr\/index.php?rest_route=%2Fwp%2Fv2%2Fmedia&parent=1522"}],"curies":[{"name":"wp","href":"https:\/\/api.w.org\/{rel}","templated":true}]}}