{"id":1613,"date":"2017-07-27T09:30:09","date_gmt":"2017-07-27T07:30:09","guid":{"rendered":"http:\/\/lorrylesmetz-histoire.fr\/?page_id=1613"},"modified":"2018-01-02T07:46:46","modified_gmt":"2018-01-02T06:46:46","slug":"la-centrale-hydroelectrique-dargancy","status":"publish","type":"page","link":"http:\/\/lorrylesmetz-histoire.fr\/?page_id=1613","title":{"rendered":"La centrale hydro\u00e9lectrique d\u2019Argancy"},"content":{"rendered":"<h2>6 juillet 2017<\/h2>\n<p><!--more--><\/p>\n<p>Visite \u00e0 succ\u00e8s pour les membres de Lorry-l\u00e8s-Metz \u00ab\u00a0au fil du temps\u00a0\u00bb de la centrale hydro\u00e9lectrique d&rsquo;Argancy<br \/>\nApr\u00e8s un accueil chaleureux et avoir travers\u00e9 la salle des machines, le groupe a pu \u00e9couter l&rsquo;historique de l&rsquo;usine illustr\u00e9 de photos. Ensuite il a visit\u00e9 l&rsquo;usine en commen\u00e7ant par la salle des turbines o\u00f9 est \u00e9galement expos\u00e9 du mat\u00e9riel ancien. Puis \u00e0 l&rsquo;ext\u00e9rieur il a pu admirer le barrage en lui-m\u00eame.<\/p>\n<p>Compte-rendu complet (6 pages) :\u00a0<a href=\"http:\/\/lorrylesmetz-histoire.fr\/wp-content\/uploads\/2017\/07\/CR-ARGANCY.pdf\" target=\"_blank\" rel=\"noopener\"><img loading=\"lazy\" decoding=\"async\" class=\"alignnone wp-image-683 size-full\" src=\"http:\/\/lorrylesmetz-histoire.fr\/wp-content\/uploads\/2017\/05\/voir.png?_t=1501141559\" alt=\"\" width=\"89\" height=\"31\" \/><\/a>\u00a0 <a href=\"http:\/\/lorrylesmetz-histoire.fr\/?media_dl=1589\"><img decoding=\"async\" src=\"http:\/\/lorrylesmetz-histoire.fr\/wp-content\/uploads\/2017\/05\/telecharger_pdf.png\" \/><\/a><\/p>\n<div id=\"metaslider-id-1590\" style=\"width: 100%; margin: 0 auto;\" class=\"ml-slider-3-108-0 metaslider metaslider-responsive metaslider-1590 ml-slider has-dots-nav ms-theme-default\" role=\"region\" aria-label=\"Argancy\" data-height=\"400\" data-width=\"400\">\n    <div id=\"metaslider_container_1590\">\n        <ul id='metaslider_1590' class='rslides'>\n            <li aria-roledescription='slide' aria-labelledby='slide-0'><a href=\"http:\/\/localhost\/lfdt2\/wp-content\/uploads\/2017\/07\/01-3.jpg\" target=\"_blank\"><img loading=\"lazy\" decoding=\"async\" src=\"http:\/\/lorrylesmetz-histoire.fr\/wp-content\/uploads\/2017\/07\/01-3-400x400.jpg\" height=\"400\" width=\"400\" alt=\"\" class=\"slider-1590 slide-1591 msDefaultImage\" \/><\/a><\/li>\n            <li style='display: none;' aria-roledescription='slide' aria-labelledby='slide-1'><a href=\"http:\/\/localhost\/lfdt2\/wp-content\/uploads\/2017\/07\/02-3.jpg\" target=\"_blank\"><img loading=\"lazy\" decoding=\"async\" src=\"http:\/\/lorrylesmetz-histoire.fr\/wp-content\/uploads\/2017\/07\/02-3-400x400.jpg\" height=\"400\" width=\"400\" alt=\"\" class=\"slider-1590 slide-1592 msDefaultImage\" \/><\/a><\/li>\n            <li style='display: none;' aria-roledescription='slide' aria-labelledby='slide-2'><a href=\"http:\/\/localhost\/lfdt2\/wp-content\/uploads\/2017\/07\/03-3.jpg\" target=\"_blank\"><img loading=\"lazy\" decoding=\"async\" src=\"http:\/\/lorrylesmetz-histoire.fr\/wp-content\/uploads\/2017\/07\/03-3-400x400.jpg\" height=\"400\" width=\"400\" alt=\"\" class=\"slider-1590 slide-1593 msDefaultImage\" \/><\/a><\/li>\n            <li style='display: none;' aria-roledescription='slide' aria-labelledby='slide-3'><a href=\"http:\/\/localhost\/lfdt2\/wp-content\/uploads\/2017\/07\/04-3.jpg\" target=\"_blank\"><img loading=\"lazy\" decoding=\"async\" src=\"http:\/\/lorrylesmetz-histoire.fr\/wp-content\/uploads\/2017\/07\/04-3-400x400.jpg\" height=\"400\" width=\"400\" alt=\"\" class=\"slider-1590 slide-1594 msDefaultImage\" \/><\/a><\/li>\n            <li style='display: none;' aria-roledescription='slide' aria-labelledby='slide-4'><a href=\"http:\/\/localhost\/lfdt2\/wp-content\/uploads\/2017\/07\/05-2.jpg\" target=\"_blank\"><img loading=\"lazy\" decoding=\"async\" src=\"http:\/\/lorrylesmetz-histoire.fr\/wp-content\/uploads\/2017\/07\/05-2-400x400.jpg\" height=\"400\" width=\"400\" alt=\"\" class=\"slider-1590 slide-1595 msDefaultImage\" \/><\/a><\/li>\n            <li style='display: none;' aria-roledescription='slide' aria-labelledby='slide-5'><a href=\"http:\/\/localhost\/lfdt2\/wp-content\/uploads\/2017\/07\/06-3.jpg\" target=\"_blank\"><img loading=\"lazy\" decoding=\"async\" src=\"http:\/\/lorrylesmetz-histoire.fr\/wp-content\/uploads\/2017\/07\/06-3-400x400.jpg\" height=\"400\" width=\"400\" alt=\"\" class=\"slider-1590 slide-1596 msDefaultImage\" \/><\/a><\/li>\n            <li style='display: none;' aria-roledescription='slide' aria-labelledby='slide-6'><a href=\"http:\/\/localhost\/lfdt2\/wp-content\/uploads\/2017\/07\/07-3.jpg\" target=\"_blank\"><img loading=\"lazy\" decoding=\"async\" src=\"http:\/\/lorrylesmetz-histoire.fr\/wp-content\/uploads\/2017\/07\/07-3-400x400.jpg\" height=\"400\" width=\"400\" alt=\"\" class=\"slider-1590 slide-1597 msDefaultImage\" \/><\/a><\/li>\n            <li style='display: none;' aria-roledescription='slide' aria-labelledby='slide-7'><a href=\"http:\/\/localhost\/lfdt2\/wp-content\/uploads\/2017\/07\/08-3.jpg\" target=\"_blank\"><img loading=\"lazy\" decoding=\"async\" src=\"http:\/\/lorrylesmetz-histoire.fr\/wp-content\/uploads\/2017\/07\/08-3-400x400.jpg\" height=\"400\" width=\"400\" alt=\"\" class=\"slider-1590 slide-1598 msDefaultImage\" \/><\/a><\/li>\n            <li style='display: none;' aria-roledescription='slide' aria-labelledby='slide-8'><a href=\"http:\/\/localhost\/lfdt2\/wp-content\/uploads\/2017\/07\/09-3.jpg\" target=\"_blank\"><img loading=\"lazy\" decoding=\"async\" src=\"http:\/\/lorrylesmetz-histoire.fr\/wp-content\/uploads\/2017\/07\/09-3-400x400.jpg\" height=\"400\" width=\"400\" alt=\"\" class=\"slider-1590 slide-1599 msDefaultImage\" \/><\/a><\/li>\n            <li style='display: none;' aria-roledescription='slide' aria-labelledby='slide-9'><a href=\"http:\/\/localhost\/lfdt2\/wp-content\/uploads\/2017\/07\/10-4.jpg\" target=\"_blank\"><img loading=\"lazy\" decoding=\"async\" src=\"http:\/\/lorrylesmetz-histoire.fr\/wp-content\/uploads\/2017\/07\/10-4-400x400.jpg\" height=\"400\" width=\"400\" alt=\"\" class=\"slider-1590 slide-1600 msDefaultImage\" \/><\/a><\/li>\n            <li style='display: none;' aria-roledescription='slide' aria-labelledby='slide-10'><a href=\"http:\/\/localhost\/lfdt2\/wp-content\/uploads\/2017\/07\/11-2.jpg\" target=\"_blank\"><img loading=\"lazy\" decoding=\"async\" src=\"http:\/\/lorrylesmetz-histoire.fr\/wp-content\/uploads\/2017\/07\/11-2-400x400.jpg\" height=\"400\" width=\"400\" alt=\"\" class=\"slider-1590 slide-1601 msDefaultImage\" \/><\/a><\/li>\n            <li style='display: none;' aria-roledescription='slide' aria-labelledby='slide-11'><a href=\"http:\/\/localhost\/lfdt2\/wp-content\/uploads\/2017\/07\/12-2.jpg\" target=\"_blank\"><img loading=\"lazy\" decoding=\"async\" src=\"http:\/\/lorrylesmetz-histoire.fr\/wp-content\/uploads\/2017\/07\/12-2-400x400.jpg\" height=\"400\" width=\"400\" alt=\"\" class=\"slider-1590 slide-1602 msDefaultImage\" \/><\/a><\/li>\n            <li style='display: none;' aria-roledescription='slide' aria-labelledby='slide-12'><a href=\"http:\/\/localhost\/lfdt2\/wp-content\/uploads\/2017\/07\/13-2.jpg\" target=\"_blank\"><img loading=\"lazy\" decoding=\"async\" src=\"http:\/\/lorrylesmetz-histoire.fr\/wp-content\/uploads\/2017\/07\/13-2-400x400.jpg\" height=\"400\" width=\"400\" alt=\"\" class=\"slider-1590 slide-1603 msDefaultImage\" \/><\/a><\/li>\n            <li style='display: none;' aria-roledescription='slide' aria-labelledby='slide-13'><a href=\"http:\/\/localhost\/lfdt2\/wp-content\/uploads\/2017\/07\/14-2.jpg\" target=\"_blank\"><img loading=\"lazy\" decoding=\"async\" src=\"http:\/\/lorrylesmetz-histoire.fr\/wp-content\/uploads\/2017\/07\/14-2-400x400.jpg\" height=\"400\" width=\"400\" alt=\"\" class=\"slider-1590 slide-1604 msDefaultImage\" \/><\/a><\/li>\n            <li style='display: none;' aria-roledescription='slide' aria-labelledby='slide-14'><a href=\"http:\/\/localhost\/lfdt2\/wp-content\/uploads\/2017\/07\/15-2.jpg\" target=\"_blank\"><img loading=\"lazy\" decoding=\"async\" src=\"http:\/\/lorrylesmetz-histoire.fr\/wp-content\/uploads\/2017\/07\/15-2-400x400.jpg\" height=\"400\" width=\"400\" alt=\"\" class=\"slider-1590 slide-1605 msDefaultImage\" \/><\/a><\/li>\n            <li style='display: none;' aria-roledescription='slide' aria-labelledby='slide-15'><a href=\"http:\/\/localhost\/lfdt2\/wp-content\/uploads\/2017\/07\/16-2.jpg\" target=\"_blank\"><img loading=\"lazy\" decoding=\"async\" src=\"http:\/\/lorrylesmetz-histoire.fr\/wp-content\/uploads\/2017\/07\/16-2-400x400.jpg\" height=\"400\" width=\"400\" alt=\"\" class=\"slider-1590 slide-1606 msDefaultImage\" \/><\/a><\/li>\n            <li style='display: none;' aria-roledescription='slide' aria-labelledby='slide-16'><a href=\"http:\/\/localhost\/lfdt2\/wp-content\/uploads\/2017\/07\/17-2.jpg\" target=\"_blank\"><img loading=\"lazy\" decoding=\"async\" src=\"http:\/\/lorrylesmetz-histoire.fr\/wp-content\/uploads\/2017\/07\/17-2-400x400.jpg\" height=\"400\" width=\"400\" alt=\"\" class=\"slider-1590 slide-1607 msDefaultImage\" \/><\/a><\/li>\n            <li style='display: none;' aria-roledescription='slide' aria-labelledby='slide-17'><a href=\"http:\/\/localhost\/lfdt2\/wp-content\/uploads\/2017\/07\/18-1.jpg\" target=\"_blank\"><img loading=\"lazy\" decoding=\"async\" src=\"http:\/\/lorrylesmetz-histoire.fr\/wp-content\/uploads\/2017\/07\/18-1-400x400.jpg\" height=\"400\" width=\"400\" alt=\"\" class=\"slider-1590 slide-1608 msDefaultImage\" \/><\/a><\/li>\n            <li style='display: none;' aria-roledescription='slide' aria-labelledby='slide-18'><a href=\"http:\/\/localhost\/lfdt2\/wp-content\/uploads\/2017\/07\/19-1.jpg\" target=\"_blank\"><img loading=\"lazy\" decoding=\"async\" src=\"http:\/\/lorrylesmetz-histoire.fr\/wp-content\/uploads\/2017\/07\/19-1-400x400.jpg\" height=\"400\" width=\"400\" alt=\"\" class=\"slider-1590 slide-1609 msDefaultImage\" \/><\/a><\/li>\n            <li style='display: none;' aria-roledescription='slide' aria-labelledby='slide-19'><a href=\"http:\/\/localhost\/lfdt2\/wp-content\/uploads\/2017\/07\/20-1.jpg\" target=\"_blank\"><img loading=\"lazy\" decoding=\"async\" src=\"http:\/\/lorrylesmetz-histoire.fr\/wp-content\/uploads\/2017\/07\/20-1-400x400.jpg\" height=\"400\" width=\"400\" alt=\"\" class=\"slider-1590 slide-1610 msDefaultImage\" \/><\/a><\/li>\n            <li style='display: none;' aria-roledescription='slide' aria-labelledby='slide-20'><a href=\"http:\/\/localhost\/lfdt2\/wp-content\/uploads\/2017\/07\/21-2.jpg\" target=\"_blank\"><img loading=\"lazy\" decoding=\"async\" src=\"http:\/\/lorrylesmetz-histoire.fr\/wp-content\/uploads\/2017\/07\/21-2-400x400.jpg\" height=\"400\" width=\"400\" alt=\"\" class=\"slider-1590 slide-1611 msDefaultImage\" \/><\/a><\/li>\n            <li style='display: none;' aria-roledescription='slide' aria-labelledby='slide-21'><a href=\"http:\/\/localhost\/lfdt2\/wp-content\/uploads\/2017\/07\/22-1.jpg\" target=\"_blank\"><img loading=\"lazy\" decoding=\"async\" src=\"http:\/\/lorrylesmetz-histoire.fr\/wp-content\/uploads\/2017\/07\/22-1-400x400.jpg\" height=\"400\" width=\"400\" alt=\"\" class=\"slider-1590 slide-1612 msDefaultImage\" \/><\/a><\/li>\n        <\/ul>\n        \n    <\/div>\n<\/div>\n<p>Photos G\u00e9rard KESTER et Roger MARIOTTE.<\/p>\n<p><a href=\"http:\/\/lorrylesmetz-histoire.fr\/?page_id=738\"><img loading=\"lazy\" decoding=\"async\" class=\"alignnone wp-image-378 size-full\" src=\"http:\/\/lorrylesmetz-histoire.fr\/wp-content\/uploads\/2017\/05\/retour.png?_t=1514875575\" alt=\"\" width=\"89\" height=\"31\" \/><\/a><\/p>\n","protected":false},"excerpt":{"rendered":"<p>6 juillet 2017<\/p>\n","protected":false},"author":1,"featured_media":0,"parent":738,"menu_order":6,"comment_status":"closed","ping_status":"closed","template":"","meta":{"_mc_calendar":[],"footnotes":""},"class_list":["post-1613","page","type-page","status-publish","hentry"],"_links":{"self":[{"href":"http:\/\/lorrylesmetz-histoire.fr\/index.php?rest_route=\/wp\/v2\/pages\/1613","targetHints":{"allow":["GET"]}}],"collection":[{"href":"http:\/\/lorrylesmetz-histoire.fr\/index.php?rest_route=\/wp\/v2\/pages"}],"about":[{"href":"http:\/\/lorrylesmetz-histoire.fr\/index.php?rest_route=\/wp\/v2\/types\/page"}],"author":[{"embeddable":true,"href":"http:\/\/lorrylesmetz-histoire.fr\/index.php?rest_route=\/wp\/v2\/users\/1"}],"replies":[{"embeddable":true,"href":"http:\/\/lorrylesmetz-histoire.fr\/index.php?rest_route=%2Fwp%2Fv2%2Fcomments&post=1613"}],"version-history":[{"count":8,"href":"http:\/\/lorrylesmetz-histoire.fr\/index.php?rest_route=\/wp\/v2\/pages\/1613\/revisions"}],"predecessor-version":[{"id":2983,"href":"http:\/\/lorrylesmetz-histoire.fr\/index.php?rest_route=\/wp\/v2\/pages\/1613\/revisions\/2983"}],"up":[{"embeddable":true,"href":"http:\/\/lorrylesmetz-histoire.fr\/index.php?rest_route=\/wp\/v2\/pages\/738"}],"wp:attachment":[{"href":"http:\/\/lorrylesmetz-histoire.fr\/index.php?rest_route=%2Fwp%2Fv2%2Fmedia&parent=1613"}],"curies":[{"name":"wp","href":"https:\/\/api.w.org\/{rel}","templated":true}]}}