{"id":1634,"date":"2017-07-30T10:08:45","date_gmt":"2017-07-30T08:08:45","guid":{"rendered":"http:\/\/lorrylesmetz-histoire.fr\/?page_id=1634"},"modified":"2018-01-02T08:12:39","modified_gmt":"2018-01-02T07:12:39","slug":"jean-victor-poncelet","status":"publish","type":"page","link":"http:\/\/lorrylesmetz-histoire.fr\/?page_id=1634","title":{"rendered":"Jean-Victor PONCELET"},"content":{"rendered":"<h2>Le 16\u00a0mai\u00a02017<\/h2>\n<p>Dans les salons de l\u2019H\u00f4tel de Ville de Metz, Serge\u00a0Perrine donnait une conf\u00e9rence sur \u00ab\u00a0Jean-Victor\u00a0Poncelet, un math\u00e9maticien messin\u00a0\u00bb.<\/p>\n<p>Plusieurs membres de Lorry-l\u00e8s-Metz \u00ab\u00a0au fil du temps\u00a0\u00bb \u00e9taient pr\u00e9sents pour \u00e9couter la vie de ce math\u00e9maticien et d\u00e9couvrir son \u0153uvre majeure\u00a0: la g\u00e9om\u00e9trie prospective\u2026<\/p>\n<p style=\"text-align: left;\">Compte-rendu complet (3 pages) : <a href=\"http:\/\/lorrylesmetz-histoire.fr\/wp-content\/uploads\/2017\/07\/CR-PONCELET.pdf\" target=\"_blank\" rel=\"noopener noreferrer\">\u00a0 <\/a><a href=\"http:\/\/lorrylesmetz-histoire.fr\/wp-content\/uploads\/2017\/07\/CR-PONCELET.pdf\" target=\"_blank\" rel=\"noopener noreferrer\"><img loading=\"lazy\" decoding=\"async\" class=\"alignnone wp-image-683 size-full\" src=\"http:\/\/lorrylesmetz-histoire.fr\/wp-content\/uploads\/2017\/05\/voir.png?_t=1501402900\" alt=\"\" width=\"89\" height=\"31\" \/><\/a>\u00a0\u00a0 <a href=\"http:\/\/lorrylesmetz-histoire.fr\/?media_dl=1633\"><img decoding=\"async\" src=\"http:\/\/lorrylesmetz-histoire.fr\/wp-content\/uploads\/2017\/05\/telecharger_pdf.png\" \/><\/a><\/p>\n<p style=\"text-align: left;\"><div id=\"metaslider-id-1627\" style=\"width: 100%; margin: 0 auto;\" class=\"ml-slider-3-108-0 metaslider metaslider-responsive metaslider-1627 ml-slider has-dots-nav ms-theme-default\" role=\"region\" aria-label=\"Poncelet\" data-height=\"400\" data-width=\"400\">\n    <div id=\"metaslider_container_1627\">\n        <ul id='metaslider_1627' class='rslides'>\n            <li aria-roledescription='slide' aria-labelledby='slide-0'><a href=\"http:\/\/localhost\/lfdt2\/wp-content\/uploads\/2017\/07\/01-4.jpg\" target=\"_blank\"><img loading=\"lazy\" decoding=\"async\" src=\"http:\/\/lorrylesmetz-histoire.fr\/wp-content\/uploads\/2017\/07\/01-4-400x400.jpg\" height=\"400\" width=\"400\" alt=\"\" class=\"slider-1627 slide-1628 msDefaultImage\" \/><\/a><\/li>\n            <li style='display: none;' aria-roledescription='slide' aria-labelledby='slide-1'><a href=\"http:\/\/localhost\/lfdt2\/wp-content\/uploads\/2017\/07\/02-4.jpg\" target=\"_blank\"><img loading=\"lazy\" decoding=\"async\" src=\"http:\/\/lorrylesmetz-histoire.fr\/wp-content\/uploads\/2017\/07\/02-4-400x400.jpg\" height=\"400\" width=\"400\" alt=\"\" class=\"slider-1627 slide-1629 msDefaultImage\" \/><\/a><\/li>\n            <li style='display: none;' aria-roledescription='slide' aria-labelledby='slide-2'><a href=\"http:\/\/localhost\/lfdt2\/wp-content\/uploads\/2017\/07\/03-4.jpg\" target=\"_blank\"><img loading=\"lazy\" decoding=\"async\" src=\"http:\/\/lorrylesmetz-histoire.fr\/wp-content\/uploads\/2017\/07\/03-4-400x400.jpg\" height=\"400\" width=\"400\" alt=\"\" class=\"slider-1627 slide-1630 msDefaultImage\" \/><\/a><\/li>\n            <li style='display: none;' aria-roledescription='slide' aria-labelledby='slide-3'><a href=\"http:\/\/localhost\/lfdt2\/wp-content\/uploads\/2017\/07\/04-4.jpg\" target=\"_blank\"><img loading=\"lazy\" decoding=\"async\" src=\"http:\/\/lorrylesmetz-histoire.fr\/wp-content\/uploads\/2017\/07\/04-4-400x400.jpg\" height=\"400\" width=\"400\" alt=\"\" class=\"slider-1627 slide-1631 msDefaultImage\" \/><\/a><\/li>\n            <li style='display: none;' aria-roledescription='slide' aria-labelledby='slide-4'><a href=\"http:\/\/localhost\/lfdt2\/wp-content\/uploads\/2017\/07\/05.jpeg\" target=\"_blank\"><img loading=\"lazy\" decoding=\"async\" src=\"http:\/\/lorrylesmetz-histoire.fr\/wp-content\/uploads\/2017\/07\/05-400x400.jpeg\" height=\"400\" width=\"400\" alt=\"\" class=\"slider-1627 slide-1632 msDefaultImage\" \/><\/a><\/li>\n        <\/ul>\n        \n    <\/div>\n<\/div><\/p>\n<p style=\"text-align: justify;\"><a href=\"http:\/\/lorrylesmetz-histoire.fr\/?page_id=593\"><img loading=\"lazy\" decoding=\"async\" class=\"alignnone wp-image-378 size-full\" src=\"http:\/\/lorrylesmetz-histoire.fr\/wp-content\/uploads\/2017\/05\/retour.png?_t=1496249913\" alt=\"\" width=\"89\" height=\"31\" \/><\/a><\/p>\n","protected":false},"excerpt":{"rendered":"<p>Le 16\u00a0mai\u00a02017 Dans les salons de l\u2019H\u00f4tel de Ville de Metz, Serge\u00a0Perrine donnait une conf\u00e9rence sur \u00ab\u00a0Jean-Victor\u00a0Poncelet, un math\u00e9maticien messin\u00a0\u00bb. Plusieurs membres de Lorry-l\u00e8s-Metz \u00ab\u00a0au fil du temps\u00a0\u00bb \u00e9taient pr\u00e9sents pour \u00e9couter la vie de ce math\u00e9maticien et d\u00e9couvrir son&hellip; <\/p>\n","protected":false},"author":1,"featured_media":0,"parent":593,"menu_order":10,"comment_status":"closed","ping_status":"closed","template":"","meta":{"_mc_calendar":[],"footnotes":""},"class_list":["post-1634","page","type-page","status-publish","hentry"],"_links":{"self":[{"href":"http:\/\/lorrylesmetz-histoire.fr\/index.php?rest_route=\/wp\/v2\/pages\/1634","targetHints":{"allow":["GET"]}}],"collection":[{"href":"http:\/\/lorrylesmetz-histoire.fr\/index.php?rest_route=\/wp\/v2\/pages"}],"about":[{"href":"http:\/\/lorrylesmetz-histoire.fr\/index.php?rest_route=\/wp\/v2\/types\/page"}],"author":[{"embeddable":true,"href":"http:\/\/lorrylesmetz-histoire.fr\/index.php?rest_route=\/wp\/v2\/users\/1"}],"replies":[{"embeddable":true,"href":"http:\/\/lorrylesmetz-histoire.fr\/index.php?rest_route=%2Fwp%2Fv2%2Fcomments&post=1634"}],"version-history":[{"count":6,"href":"http:\/\/lorrylesmetz-histoire.fr\/index.php?rest_route=\/wp\/v2\/pages\/1634\/revisions"}],"predecessor-version":[{"id":3001,"href":"http:\/\/lorrylesmetz-histoire.fr\/index.php?rest_route=\/wp\/v2\/pages\/1634\/revisions\/3001"}],"up":[{"embeddable":true,"href":"http:\/\/lorrylesmetz-histoire.fr\/index.php?rest_route=\/wp\/v2\/pages\/593"}],"wp:attachment":[{"href":"http:\/\/lorrylesmetz-histoire.fr\/index.php?rest_route=%2Fwp%2Fv2%2Fmedia&parent=1634"}],"curies":[{"name":"wp","href":"https:\/\/api.w.org\/{rel}","templated":true}]}}