{"id":17,"date":"2017-05-23T11:03:20","date_gmt":"2017-05-23T09:03:20","guid":{"rendered":"http:\/\/lorrylesmetz-histoire.fr\/?page_id=17"},"modified":"2025-03-17T09:05:55","modified_gmt":"2025-03-17T08:05:55","slug":"qui-sommes-nous","status":"publish","type":"page","link":"http:\/\/lorrylesmetz-histoire.fr\/?page_id=17","title":{"rendered":"Notre association"},"content":{"rendered":"<h4 style=\"text-align: justify;\"><strong>\u00a0Qui est Lorry-l\u00e8s-Metz \u00ab\u00a0au fil du temps\u00a0\u00bb\u00a0?<\/strong><\/h4>\n<p style=\"text-align: justify;\">C\u2019est un groupe d\u2019amis passionn\u00e9s d\u2019histoire qui, fin\u00a02001, d\u00e9cide de cr\u00e9er une association d\u2019histoire locale sous l\u2019impulsion de Marie-H\u00e9l\u00e8ne\u00a0Mathieu, alors maire de la commune.<\/p>\n<p style=\"text-align: justify;\">Le 15\u00a0mars\u00a02002, l\u2019association Lorry-l\u00e8s-Metz \u00ab\u00a0au fil du temps\u00a0\u00bb voit le jour lors d\u2019une assembl\u00e9e g\u00e9n\u00e9rale constitutive qui vota les statuts et d\u00e9signa les membres du conseil d\u2019administration. Aucun but lucratif, politique ou religieux n\u2019est poursuivi.<\/p>\n<p style=\"text-align: justify;\">Plusieurs personnalit\u00e9s \u00e9taient pr\u00e9sentes lors de la cr\u00e9ation, madame Skorka, directrice des Archives d\u00e9partementales de la Moselle, des repr\u00e9sentants d\u2019associations patrimoniales locales et des conseillers municipaux.<\/p>\n<p style=\"text-align: justify;\">Marie-H\u00e9l\u00e8ne\u00a0Mathieu a encourag\u00e9 les cr\u00e9ateurs par ces mots\u00a0: \u00ab\u00a0<em>Je f\u00e9licite les membres fondateurs de cette association dont l\u2019objet r\u00e9pond \u00e0 un souhait et \u00e0 une attente de plusieurs ann\u00e9es<\/em>.\u00a0\u00bb<\/p>\n<p style=\"text-align: justify;\">Cette association a pour objet de rechercher, r\u00e9unir et conserver tous les \u00e9l\u00e9ments ayant trait \u00e0 l\u2019histoire des villages de Lorry-l\u00e8s-Metz, Vigneulles et du val de Metz afin de faire conna\u00eetre leur histoire par tous moyens appropri\u00e9s.<\/p>\n<p style=\"text-align: justify;\">Ses objectifs\u00a0:<\/p>\n<ul style=\"list-style-type: disc;\">\n<li style=\"text-align: justify;\">la recherche de t\u00e9moignages \u00e9crits, visuels, mat\u00e9riels ainsi que leur conservation\u2009;<\/li>\n<li style=\"text-align: justify;\">la tenue de r\u00e9unions, assembl\u00e9es, expositions, manifestations, conf\u00e9rences et toutes initiatives pouvant aider \u00e0 la r\u00e9alisation de l\u2019objet de l\u2019association.<\/li>\n<\/ul>\n<h4 style=\"text-align: justify;\"><strong>Qui compose\u00a0l\u2019association\u00a0?<\/strong><\/h4>\n<p style=\"text-align: justify;\">En 2002\u00a0\u00e0 sa cr\u00e9ation\u00a0:<\/p>\n<table>\n<tbody>\n<tr>\n<td class=\"tdNoirLorry\" style=\"text-align: center;\" colspan=\"2\"><strong>Bureau<\/strong><\/td>\n<\/tr>\n<tr>\n<td>Pr\u00e9sident<\/td>\n<td>Courtade Fran\u00e7ois<\/td>\n<\/tr>\n<tr>\n<td>Vice-pr\u00e9sident<\/td>\n<td>Pancr\u00e9 Paul<\/td>\n<\/tr>\n<tr>\n<td>Secr\u00e9taire<\/td>\n<td>Strugala Alfred<\/td>\n<\/tr>\n<tr>\n<td>Secr\u00e9taire adjointe<\/td>\n<td>Bitaud Fran\u00e7oise<\/td>\n<\/tr>\n<tr>\n<td>Tr\u00e9sori\u00e8re<\/td>\n<td>Foubet Gislaine<\/td>\n<\/tr>\n<tr>\n<td>Tr\u00e9sorier adjoint<\/td>\n<td>Zdun G\u00e9rard<\/td>\n<\/tr>\n<\/tbody>\n<\/table>\n<p><strong>Membres<\/strong>\u00a0: Berg Jean-Paul \u2013 Buchet\u00a0Pierre \u2013Guthmuller Giselle \u2013 Lupin\u00a0Christiane \u2013Mariotte Roger \u2013 Poincignon Louis \u2013Schmit Jean \u2013 Schmitt Jean Paul \u2013Traver Claude.<\/p>\n<div id=\"attachment_712\" style=\"width: 592px\" class=\"wp-caption aligncenter\"><a href=\"http:\/\/lorrylesmetz-histoire.fr\/wp-content\/uploads\/2017\/05\/FOTO-1.jpg\" target=\"_blank\" rel=\"noopener noreferrer\"><img loading=\"lazy\" decoding=\"async\" aria-describedby=\"caption-attachment-712\" class=\"wp-image-712 size-full\" src=\"http:\/\/lorrylesmetz-histoire.fr\/wp-content\/uploads\/2017\/05\/FOTO-1.jpg?_t=1496558435\" alt=\"\" width=\"582\" height=\"380\" srcset=\"http:\/\/lorrylesmetz-histoire.fr\/wp-content\/uploads\/2017\/05\/FOTO-1.jpg 582w, http:\/\/lorrylesmetz-histoire.fr\/wp-content\/uploads\/2017\/05\/FOTO-1-300x196.jpg 300w, http:\/\/lorrylesmetz-histoire.fr\/wp-content\/uploads\/2017\/05\/FOTO-1-100x65.jpg 100w, http:\/\/lorrylesmetz-histoire.fr\/wp-content\/uploads\/2017\/05\/FOTO-1-150x98.jpg 150w, http:\/\/lorrylesmetz-histoire.fr\/wp-content\/uploads\/2017\/05\/FOTO-1-200x131.jpg 200w, http:\/\/lorrylesmetz-histoire.fr\/wp-content\/uploads\/2017\/05\/FOTO-1-450x294.jpg 450w\" sizes=\"auto, (max-width: 582px) 100vw, 582px\" \/><\/a><p id=\"caption-attachment-712\" class=\"wp-caption-text\">Extrait du R\u00e9publicain Lorrain du 25\u00a0mai\u00a02002.<\/p><\/div>\n<p style=\"text-align: justify;\">Actuellement, Fran\u00e7ois\u00a0Courtade ayant donn\u00e9 sa d\u00e9mission apr\u00e8s quinze ann\u00e9es de riche pr\u00e9sidence, le bureau se compose au 8\u00a0f\u00e9vrier\u00a02017 de la fa\u00e7on suivante\u00a0:<\/p>\n<table>\n<tbody>\n<tr>\n<td style=\"text-align: center;\" colspan=\"2\"><strong>Bureau<\/strong><\/td>\n<\/tr>\n<tr>\n<td>Pr\u00e9sident honoraire<\/td>\n<td>Courtade Fran\u00e7ois<\/td>\n<\/tr>\n<tr>\n<td>Pr\u00e9sidente<\/td>\n<td>Kester-Elghozi\u00a0Claudine<\/td>\n<\/tr>\n<tr>\n<td>Vice-pr\u00e9sident<\/td>\n<td>Mariotte Roger<\/td>\n<\/tr>\n<tr>\n<td>Secr\u00e9taire<\/td>\n<td>Bitaud Fran\u00e7oise<\/td>\n<\/tr>\n<tr>\n<td>Secr\u00e9taire adjointe<\/td>\n<td>Le Ber V\u00e9ronique<\/td>\n<\/tr>\n<tr>\n<td>Tr\u00e9sori\u00e8re<\/td>\n<td>Foubet Gislaine<\/td>\n<\/tr>\n<tr>\n<td>Assesseur Communication<\/td>\n<td>De Pizzol Andr\u00e9<\/td>\n<\/tr>\n<tr>\n<td>Assesseur Communication<\/td>\n<td>Kester G\u00e9rard<\/td>\n<\/tr>\n<\/tbody>\n<\/table>\n<p style=\"text-align: justify;\"><strong>Membres\u00a0: <\/strong>Antoine\u00a0Jacques \u2013 Bottcher\u00a0Marie-Jeanne \u2013 Cholley\u00a0Anne-Marie \u2013 Courtois Monique \u2013 Faust Alain \u2013 Garner\u00a0Marie-Andr\u00e9e \u2013 Guthmuller Gis\u00e8le \u2013 Juliard Philippe \u2013 Schmitt Jean Paul \u2013 Lallier Patricia \u2013 Mariotte Suzy \u2013 Strugala Alfred \u2013 Vigneron Maurice \u2013 Wirtz Ronald.<\/p>\n<div id=\"attachment_713\" style=\"width: 710px\" class=\"wp-caption aligncenter\"><a href=\"http:\/\/lorrylesmetz-histoire.fr\/wp-content\/uploads\/2017\/05\/FOTO-2.jpg\" target=\"_blank\" rel=\"noopener noreferrer\"><img loading=\"lazy\" decoding=\"async\" aria-describedby=\"caption-attachment-713\" class=\"wp-image-713 size-large\" src=\"http:\/\/lorrylesmetz-histoire.fr\/wp-content\/uploads\/2017\/05\/FOTO-2-1024x680.jpg?_t=1496558581\" alt=\"\" width=\"700\" height=\"465\" srcset=\"http:\/\/lorrylesmetz-histoire.fr\/wp-content\/uploads\/2017\/05\/FOTO-2-1024x680.jpg 1024w, http:\/\/lorrylesmetz-histoire.fr\/wp-content\/uploads\/2017\/05\/FOTO-2-300x199.jpg 300w, http:\/\/lorrylesmetz-histoire.fr\/wp-content\/uploads\/2017\/05\/FOTO-2-768x510.jpg 768w, http:\/\/lorrylesmetz-histoire.fr\/wp-content\/uploads\/2017\/05\/FOTO-2-100x66.jpg 100w, http:\/\/lorrylesmetz-histoire.fr\/wp-content\/uploads\/2017\/05\/FOTO-2-150x100.jpg 150w, http:\/\/lorrylesmetz-histoire.fr\/wp-content\/uploads\/2017\/05\/FOTO-2-200x133.jpg 200w, http:\/\/lorrylesmetz-histoire.fr\/wp-content\/uploads\/2017\/05\/FOTO-2-450x299.jpg 450w, http:\/\/lorrylesmetz-histoire.fr\/wp-content\/uploads\/2017\/05\/FOTO-2-600x398.jpg 600w, http:\/\/lorrylesmetz-histoire.fr\/wp-content\/uploads\/2017\/05\/FOTO-2-900x598.jpg 900w, http:\/\/lorrylesmetz-histoire.fr\/wp-content\/uploads\/2017\/05\/FOTO-2.jpg 1280w\" sizes=\"auto, (max-width: 700px) 100vw, 700px\" \/><\/a><p id=\"caption-attachment-713\" class=\"wp-caption-text\">Photos Annick\u00a0Noiraux.<\/p><\/div>\n<div id=\"attachment_714\" style=\"width: 710px\" class=\"wp-caption aligncenter\"><a href=\"http:\/\/lorrylesmetz-histoire.fr\/wp-content\/uploads\/2017\/05\/FOTO-3.jpg\" target=\"_blank\" rel=\"noopener noreferrer\"><img loading=\"lazy\" decoding=\"async\" aria-describedby=\"caption-attachment-714\" class=\"wp-image-714 size-large\" src=\"http:\/\/lorrylesmetz-histoire.fr\/wp-content\/uploads\/2017\/05\/FOTO-3-1024x680.jpg?_t=1496558627\" alt=\"\" width=\"700\" height=\"465\" srcset=\"http:\/\/lorrylesmetz-histoire.fr\/wp-content\/uploads\/2017\/05\/FOTO-3-1024x680.jpg 1024w, http:\/\/lorrylesmetz-histoire.fr\/wp-content\/uploads\/2017\/05\/FOTO-3-300x199.jpg 300w, http:\/\/lorrylesmetz-histoire.fr\/wp-content\/uploads\/2017\/05\/FOTO-3-768x510.jpg 768w, http:\/\/lorrylesmetz-histoire.fr\/wp-content\/uploads\/2017\/05\/FOTO-3-100x66.jpg 100w, http:\/\/lorrylesmetz-histoire.fr\/wp-content\/uploads\/2017\/05\/FOTO-3-150x100.jpg 150w, http:\/\/lorrylesmetz-histoire.fr\/wp-content\/uploads\/2017\/05\/FOTO-3-200x133.jpg 200w, http:\/\/lorrylesmetz-histoire.fr\/wp-content\/uploads\/2017\/05\/FOTO-3-450x299.jpg 450w, http:\/\/lorrylesmetz-histoire.fr\/wp-content\/uploads\/2017\/05\/FOTO-3-600x398.jpg 600w, http:\/\/lorrylesmetz-histoire.fr\/wp-content\/uploads\/2017\/05\/FOTO-3-900x598.jpg 900w, http:\/\/lorrylesmetz-histoire.fr\/wp-content\/uploads\/2017\/05\/FOTO-3.jpg 1280w\" sizes=\"auto, (max-width: 700px) 100vw, 700px\" \/><\/a><p id=\"caption-attachment-714\" class=\"wp-caption-text\">Photo Annick\u00a0Noiraux.<\/p><\/div>\n<h3 style=\"text-align: justify;\"><\/h3>\n<h4 style=\"text-align: justify;\"><strong>Quelles activit\u00e9s en 15\u00a0ann\u00e9es\u2009?<\/strong><\/h4>\n<p style=\"text-align: justify;\">Sous la pr\u00e9sidence de Fran\u00e7ois\u00a0Courtade, ind\u00e9pendamment de la cr\u00e9ation de Lorry-l\u00e8s-Metz \u00ab\u00a0au fil du temps\u00a0\u00bb, un travail impressionnant a \u00e9t\u00e9 r\u00e9alis\u00e9\u00a0: des recherches minutieuses, des collectes de pr\u00e9cieuses photos t\u00e9moignant du temps pass\u00e9, des articles int\u00e9ressants, un bulletin semestriel, des expositions dot\u00e9es de panneaux tr\u00e8s explicites, des visites int\u00e9ressantes, l\u2019organisation de Journ\u00e9es du patrimoine appr\u00e9ci\u00e9es des visiteurs, des r\u00e9unions nombreuses, des colloques passionnants, des spectacles\u2026 et des sorties culturelles de l\u2019association ou avec les associations voisines. Tout a \u00e9t\u00e9 men\u00e9 gr\u00e2ce \u00e0 une \u00e9quipe fid\u00e8le o\u00f9 des comp\u00e9tences vari\u00e9es viennent \u00e9pauler le travail commun.<\/p>\n<h4 style=\"text-align: justify;\"><strong>Comment travaille-t-elle\u2009?<\/strong><\/h4>\n<p>&nbsp;<\/p>\n<p>Depuis sa cr\u00e9ation l&rsquo;association se r\u00e9unit le le deuxi\u00e8me mercredi de chaque mois.<\/p>\n<p>A partir de septembre 2018, le jour est le mardi.<\/p>\n<p style=\"text-align: justify;\">Sur convocation du pr\u00e9sident, le bureau et les membres de Lorry-l\u00e8s-Metz \u00ab\u00a0au fil du temps\u00a0\u00bb se r\u00e9unissent pour \u00e9voquer tous les points de l\u2019ordre du jour propos\u00e9. Une coll\u00e9gialit\u00e9 et des discussions ouvertes permettent un travail efficace\u00a0: alimentation du bulletin semestriel, propositions de sorties, mise en place de manifestations diverses, etc.<\/p>\n<p style=\"text-align: justify;\">Un panel de comp\u00e9tences vari\u00e9es assure des t\u00e2ches parfois complexes, comme les recherches en archives, le r\u00e9dactionnel exigeant, le suivi du site, les comp\u00e9tences en Histoire, la g\u00e9n\u00e9alogie, etc.<\/p>\n<div id=\"attachment_715\" style=\"width: 710px\" class=\"wp-caption alignnone\"><a href=\"http:\/\/lorrylesmetz-histoire.fr\/wp-content\/uploads\/2017\/05\/FOTO-4.jpg\" target=\"_blank\" rel=\"noopener noreferrer\"><img loading=\"lazy\" decoding=\"async\" aria-describedby=\"caption-attachment-715\" class=\"wp-image-715 size-large\" src=\"http:\/\/lorrylesmetz-histoire.fr\/wp-content\/uploads\/2017\/05\/FOTO-4-1024x677.jpg?_t=1496558650\" alt=\"\" width=\"700\" height=\"463\" srcset=\"http:\/\/lorrylesmetz-histoire.fr\/wp-content\/uploads\/2017\/05\/FOTO-4-1024x677.jpg 1024w, http:\/\/lorrylesmetz-histoire.fr\/wp-content\/uploads\/2017\/05\/FOTO-4-300x198.jpg 300w, http:\/\/lorrylesmetz-histoire.fr\/wp-content\/uploads\/2017\/05\/FOTO-4-768x507.jpg 768w, http:\/\/lorrylesmetz-histoire.fr\/wp-content\/uploads\/2017\/05\/FOTO-4-100x66.jpg 100w, http:\/\/lorrylesmetz-histoire.fr\/wp-content\/uploads\/2017\/05\/FOTO-4-150x99.jpg 150w, http:\/\/lorrylesmetz-histoire.fr\/wp-content\/uploads\/2017\/05\/FOTO-4-200x132.jpg 200w, http:\/\/lorrylesmetz-histoire.fr\/wp-content\/uploads\/2017\/05\/FOTO-4-450x297.jpg 450w, http:\/\/lorrylesmetz-histoire.fr\/wp-content\/uploads\/2017\/05\/FOTO-4-600x396.jpg 600w, http:\/\/lorrylesmetz-histoire.fr\/wp-content\/uploads\/2017\/05\/FOTO-4-900x595.jpg 900w\" sizes=\"auto, (max-width: 700px) 100vw, 700px\" \/><\/a><p id=\"caption-attachment-715\" class=\"wp-caption-text\">Choix d\u2019un document. Photo Claudine\u00a0Kester-Elghozi.<\/p><\/div>\n<p style=\"text-align: justify;\">Pour des manifestations importantes, Lorry-l\u00e8s-Metz \u00ab\u00a0au fil du temps\u00a0\u00bb fait appel \u00e0 des conf\u00e9renciers hautement qualifi\u00e9s, pour le conseil d\u2019abord, puis l\u2019intervention.<\/p>\n<div id=\"attachment_711\" style=\"width: 710px\" class=\"wp-caption aligncenter\"><a href=\"http:\/\/lorrylesmetz-histoire.fr\/wp-content\/uploads\/2017\/05\/FOTO-6.jpg\" target=\"_blank\" rel=\"noopener noreferrer\"><img loading=\"lazy\" decoding=\"async\" aria-describedby=\"caption-attachment-711\" class=\"wp-image-711 size-large\" src=\"http:\/\/lorrylesmetz-histoire.fr\/wp-content\/uploads\/2017\/05\/FOTO-6-1024x680.jpg?_t=1496558661\" alt=\"\" width=\"700\" height=\"465\" srcset=\"http:\/\/lorrylesmetz-histoire.fr\/wp-content\/uploads\/2017\/05\/FOTO-6-1024x680.jpg 1024w, http:\/\/lorrylesmetz-histoire.fr\/wp-content\/uploads\/2017\/05\/FOTO-6-300x199.jpg 300w, http:\/\/lorrylesmetz-histoire.fr\/wp-content\/uploads\/2017\/05\/FOTO-6-768x510.jpg 768w, http:\/\/lorrylesmetz-histoire.fr\/wp-content\/uploads\/2017\/05\/FOTO-6-100x66.jpg 100w, http:\/\/lorrylesmetz-histoire.fr\/wp-content\/uploads\/2017\/05\/FOTO-6-150x100.jpg 150w, http:\/\/lorrylesmetz-histoire.fr\/wp-content\/uploads\/2017\/05\/FOTO-6-200x133.jpg 200w, http:\/\/lorrylesmetz-histoire.fr\/wp-content\/uploads\/2017\/05\/FOTO-6-450x299.jpg 450w, http:\/\/lorrylesmetz-histoire.fr\/wp-content\/uploads\/2017\/05\/FOTO-6-600x399.jpg 600w, http:\/\/lorrylesmetz-histoire.fr\/wp-content\/uploads\/2017\/05\/FOTO-6-900x598.jpg 900w\" sizes=\"auto, (max-width: 700px) 100vw, 700px\" \/><\/a><p id=\"caption-attachment-711\" class=\"wp-caption-text\">S\u00e9ance de travail avec le concours de madame Mireille\u00a0Chazan et monsieur Pierre-Edouard\u00a0Wagner. Photo G\u00e9rard\u00a0Kester.<\/p><\/div>\n<h4 style=\"text-align: justify;\"><strong>Comment la joindre\u2009?<\/strong><\/h4>\n<p style=\"text-align: justify;\">1 \u2013 Au si\u00e8ge de Lorry-l\u00e8s-Metz \u00ab\u00a0au fil du temps\u00a0\u00bb\u00a0:<br \/>\nMairie de Lorry-l\u00e8s-Metz<br \/>\n46 Grand\u2019Rue<br \/>\n57050 Lorry-l\u00e8s-Metz.<\/p>\n<p style=\"text-align: justify;\">2 \u2013 \u00c0 notre lieu de r\u00e9union mensuelle, le premier mardi de chaque mois \u00e0 18 heures, au Milclub, pr\u00e8s des terrains de tennis.<\/p>\n<p style=\"text-align: justify;\">3 \u2013 Chez la pr\u00e9sidente au\u00a0: 03\u00a087\u00a031\u00a004\u00a037.<\/p>\n<p style=\"text-align: justify;\">4 \u2013 Sur la page Facebook de l&rsquo;association <a href=\"https:\/\/www.facebook.com\/search\/top\/?q=lorry-l%C3%A8s-metz%20au%20fil%20du%20temps\" target=\"_blank\" rel=\"noopener noreferrer\"><img loading=\"lazy\" decoding=\"async\" class=\"alignnone wp-image-683 size-full\" src=\"http:\/\/lorrylesmetz-histoire.fr\/wp-content\/uploads\/2017\/05\/voir.png?_t=1501403950\" alt=\"\" width=\"89\" height=\"31\" \/><\/a><\/p>\n<h4 style=\"text-align: justify;\"><strong>Comment y adh\u00e9rer\u2009?<\/strong><\/h4>\n<p style=\"text-align: justify;\">Lorry-l\u00e8s-Metz \u00ab\u00a0au fil du temps\u00a0\u00bb est ouvert \u00e0 tous sans condition de lieu de r\u00e9sidence.<\/p>\n<p style=\"text-align: justify;\">Le co\u00fbt de l\u2019adh\u00e9sion est de :<\/p>\n<ul>\n<li style=\"text-align: justify;\">20 \u20ac (bulletins semestriels en 1 exemplaire) pour une personne<\/li>\n<li style=\"text-align: justify;\">32\u20ac (bulletins semestriels en 2 exemplaires) pour une famille.<\/li>\n<\/ul>\n<p>Le co\u00fbt d&rsquo;un bulletin est de :<\/p>\n<ul>\n<li>5 \u20ac en noir et blanc<\/li>\n<li>10 \u20ac en couleur<\/li>\n<\/ul>\n<p style=\"text-align: justify;\">105 Lorriots ou d\u2019origine lorriote sont adh\u00e9rents en ce d\u00e9but\u00a02020.<\/p>\n","protected":false},"excerpt":{"rendered":"<p>\u00a0Qui est Lorry-l\u00e8s-Metz \u00ab\u00a0au fil du temps\u00a0\u00bb\u00a0? C\u2019est un groupe d\u2019amis passionn\u00e9s d\u2019histoire qui, fin\u00a02001, d\u00e9cide de cr\u00e9er une association d\u2019histoire locale sous l\u2019impulsion de Marie-H\u00e9l\u00e8ne\u00a0Mathieu, alors maire de la commune. Le 15\u00a0mars\u00a02002, l\u2019association Lorry-l\u00e8s-Metz \u00ab\u00a0au fil du temps\u00a0\u00bb voit&hellip; <\/p>\n","protected":false},"author":1,"featured_media":0,"parent":0,"menu_order":2,"comment_status":"closed","ping_status":"closed","template":"","meta":{"_mc_calendar":[],"footnotes":""},"class_list":["post-17","page","type-page","status-publish","hentry"],"_links":{"self":[{"href":"http:\/\/lorrylesmetz-histoire.fr\/index.php?rest_route=\/wp\/v2\/pages\/17","targetHints":{"allow":["GET"]}}],"collection":[{"href":"http:\/\/lorrylesmetz-histoire.fr\/index.php?rest_route=\/wp\/v2\/pages"}],"about":[{"href":"http:\/\/lorrylesmetz-histoire.fr\/index.php?rest_route=\/wp\/v2\/types\/page"}],"author":[{"embeddable":true,"href":"http:\/\/lorrylesmetz-histoire.fr\/index.php?rest_route=\/wp\/v2\/users\/1"}],"replies":[{"embeddable":true,"href":"http:\/\/lorrylesmetz-histoire.fr\/index.php?rest_route=%2Fwp%2Fv2%2Fcomments&post=17"}],"version-history":[{"count":10,"href":"http:\/\/lorrylesmetz-histoire.fr\/index.php?rest_route=\/wp\/v2\/pages\/17\/revisions"}],"predecessor-version":[{"id":8639,"href":"http:\/\/lorrylesmetz-histoire.fr\/index.php?rest_route=\/wp\/v2\/pages\/17\/revisions\/8639"}],"wp:attachment":[{"href":"http:\/\/lorrylesmetz-histoire.fr\/index.php?rest_route=%2Fwp%2Fv2%2Fmedia&parent=17"}],"curies":[{"name":"wp","href":"https:\/\/api.w.org\/{rel}","templated":true}]}}