{"id":1767,"date":"2017-08-11T08:01:15","date_gmt":"2017-08-11T06:01:15","guid":{"rendered":"http:\/\/lorrylesmetz-histoire.fr\/?page_id=1767"},"modified":"2017-08-11T10:18:58","modified_gmt":"2017-08-11T08:18:58","slug":"2016-2","status":"publish","type":"page","link":"http:\/\/lorrylesmetz-histoire.fr\/?page_id=1767","title":{"rendered":"2016"},"content":{"rendered":"<table style=\"width: 603px;\">\n<tbody>\n<tr style=\"height: 24px;\">\n<td style=\"width: 101.417px;\">23 novembre<\/td>\n<td style=\"width: 335.583px;\">Horloge du temple protestant de Montigny-l\u00e8s-Metz<\/td>\n<td style=\"width: 83px;\"><a href=\"http:\/\/lorrylesmetz-histoire.fr\/?page_id=1772\"><img loading=\"lazy\" decoding=\"async\" src=\"http:\/\/lorrylesmetz-histoire.fr\/wp-content\/uploads\/2017\/05\/voir.png\" alt=\"\" width=\"89\" height=\"31\" \/><\/a><\/td>\n<\/tr>\n<tr style=\"height: 24px;\">\n<td style=\"width: 101.417px;\">19 novembre<\/td>\n<td style=\"width: 335.583px;\">Salon du livre d\u2019histoire de la ville de Woippy<\/td>\n<td style=\"width: 83px;\"><a href=\"http:\/\/lorrylesmetz-histoire.fr\/?page_id=1771&amp;preview=true\"><img loading=\"lazy\" decoding=\"async\" src=\"http:\/\/lorrylesmetz-histoire.fr\/wp-content\/uploads\/2017\/05\/voir.png\" alt=\"\" width=\"89\" height=\"31\" \/><\/a><\/td>\n<\/tr>\n<tr style=\"height: 25.1333px;\">\n<td style=\"width: 101.417px;\">13 novembre<\/td>\n<td style=\"width: 335.583px;\">Colloque de Woippy<\/td>\n<td style=\"width: 83px;\"><a href=\"http:\/\/lorrylesmetz-histoire.fr\/?page_id=1771\"><img loading=\"lazy\" decoding=\"async\" class=\"alignnone\" src=\"http:\/\/lorrylesmetz-histoire.fr\/wp-content\/uploads\/2017\/05\/voir.png\" alt=\"\" width=\"89\" height=\"31\" \/><\/a><\/td>\n<\/tr>\n<tr style=\"height: 24px;\">\n<td style=\"width: 101.417px;\">18 mars<\/td>\n<td style=\"width: 335.583px;\">Assembl\u00e9e g\u00e9n\u00e9rale de la SHW<\/td>\n<td style=\"width: 83px;\"><a href=\"http:\/\/lorrylesmetz-histoire.fr\/?page_id=1769&amp;preview=true\"><img loading=\"lazy\" decoding=\"async\" class=\"alignnone\" src=\"http:\/\/lorrylesmetz-histoire.fr\/wp-content\/uploads\/2017\/05\/voir.png\" alt=\"\" width=\"89\" height=\"31\" \/><\/a><\/td>\n<\/tr>\n<\/tbody>\n<\/table>\n<p><a href=\"http:\/\/lorrylesmetz-histoire.fr\/?page_id=171\"><img loading=\"lazy\" decoding=\"async\" class=\"alignnone wp-image-378 size-full\" src=\"http:\/\/lorrylesmetz-histoire.fr\/wp-content\/uploads\/2017\/05\/retour.png?_t=1502434071\" alt=\"\" width=\"89\" height=\"31\" \/><\/a><\/p>\n","protected":false},"excerpt":{"rendered":"<p>23 novembre Horloge du temple protestant de Montigny-l\u00e8s-Metz 19 novembre Salon du livre d\u2019histoire de la ville de Woippy 13 novembre Colloque de Woippy 18 mars Assembl\u00e9e g\u00e9n\u00e9rale de la SHW<\/p>\n","protected":false},"author":1,"featured_media":0,"parent":171,"menu_order":10,"comment_status":"closed","ping_status":"closed","template":"","meta":{"_mc_calendar":[],"footnotes":""},"class_list":["post-1767","page","type-page","status-publish","hentry"],"_links":{"self":[{"href":"http:\/\/lorrylesmetz-histoire.fr\/index.php?rest_route=\/wp\/v2\/pages\/1767","targetHints":{"allow":["GET"]}}],"collection":[{"href":"http:\/\/lorrylesmetz-histoire.fr\/index.php?rest_route=\/wp\/v2\/pages"}],"about":[{"href":"http:\/\/lorrylesmetz-histoire.fr\/index.php?rest_route=\/wp\/v2\/types\/page"}],"author":[{"embeddable":true,"href":"http:\/\/lorrylesmetz-histoire.fr\/index.php?rest_route=\/wp\/v2\/users\/1"}],"replies":[{"embeddable":true,"href":"http:\/\/lorrylesmetz-histoire.fr\/index.php?rest_route=%2Fwp%2Fv2%2Fcomments&post=1767"}],"version-history":[{"count":10,"href":"http:\/\/lorrylesmetz-histoire.fr\/index.php?rest_route=\/wp\/v2\/pages\/1767\/revisions"}],"predecessor-version":[{"id":1846,"href":"http:\/\/lorrylesmetz-histoire.fr\/index.php?rest_route=\/wp\/v2\/pages\/1767\/revisions\/1846"}],"up":[{"embeddable":true,"href":"http:\/\/lorrylesmetz-histoire.fr\/index.php?rest_route=\/wp\/v2\/pages\/171"}],"wp:attachment":[{"href":"http:\/\/lorrylesmetz-histoire.fr\/index.php?rest_route=%2Fwp%2Fv2%2Fmedia&parent=1767"}],"curies":[{"name":"wp","href":"https:\/\/api.w.org\/{rel}","templated":true}]}}