{"id":1769,"date":"2017-08-11T08:45:21","date_gmt":"2017-08-11T06:45:21","guid":{"rendered":"http:\/\/lorrylesmetz-histoire.fr\/?page_id=1769"},"modified":"2017-08-11T08:45:21","modified_gmt":"2017-08-11T06:45:21","slug":"a-04","status":"publish","type":"page","link":"http:\/\/lorrylesmetz-histoire.fr\/?page_id=1769","title":{"rendered":"Assembl\u00e9e g\u00e9n\u00e9rale de la Soci\u00e9t\u00e9 d\u2019histoire de Woippy"},"content":{"rendered":"<h2>18\u00a0mars\u00a02016<\/h2>\n<p>Lorry-l\u00e8s-Metz \u00ab\u00a0au fil du Temps\u00a0\u00bb s\u2019est rendu \u00e0 l\u2019assembl\u00e9e g\u00e9n\u00e9rale de la Soci\u00e9t\u00e9 d\u2019histoire de Woippy.<\/p>\n<p>Le pr\u00e9sident Marc\u00a0Bojic a fait le point sur la saison \u00e9coul\u00e9e et a fix\u00e9 les nouveaux objectifs.<\/p>\n<p>Alain\u00a0Hilbold a anim\u00e9 une conf\u00e9rence\u00a0: Ch\u00e2teaux. maisons fortes, fermes fortifi\u00e9es, t\u00e9moins de l\u2019histoire de Metz. Le conf\u00e9rencier a \u00e9voqu\u00e9 les premi\u00e8res forteresses construites aux origines du Moyen \u00c2ge, les dioc\u00e8ses, les fiefs et le droit f\u00e9odal. Il a d\u00e9taill\u00e9 les strat\u00e9gies d\u00e9ploy\u00e9es par le patriciat messin pour se rendre ma\u00eetre du territoire et y faire appliquer la coutume de la R\u00e9publique messine. Cette situation sp\u00e9cifique en Europe s\u2019est prolong\u00e9e jusqu\u2019\u00e0 la R\u00e9volution.<\/p>\n<p>Ce fut encore un moment passionnant termin\u00e9 par le verre de l\u2019amiti\u00e9.<\/p>\n<p><a href=\"http:\/\/lorrylesmetz-histoire.fr\/?page_id=1767\"><img loading=\"lazy\" decoding=\"async\" class=\"alignnone size-full wp-image-378\" src=\"http:\/\/lorrylesmetz-histoire.fr\/wp-content\/uploads\/2017\/05\/retour.png\" alt=\"\" width=\"89\" height=\"31\" \/><\/a><\/p>\n","protected":false},"excerpt":{"rendered":"<p>18\u00a0mars\u00a02016 Lorry-l\u00e8s-Metz \u00ab\u00a0au fil du Temps\u00a0\u00bb s\u2019est rendu \u00e0 l\u2019assembl\u00e9e g\u00e9n\u00e9rale de la Soci\u00e9t\u00e9 d\u2019histoire de Woippy. Le pr\u00e9sident Marc\u00a0Bojic a fait le point sur la saison \u00e9coul\u00e9e et a fix\u00e9 les nouveaux objectifs. Alain\u00a0Hilbold a anim\u00e9 une conf\u00e9rence\u00a0: Ch\u00e2teaux.&hellip; <\/p>\n","protected":false},"author":1,"featured_media":0,"parent":1767,"menu_order":3,"comment_status":"closed","ping_status":"closed","template":"","meta":{"_mc_calendar":[],"footnotes":""},"class_list":["post-1769","page","type-page","status-publish","hentry"],"_links":{"self":[{"href":"http:\/\/lorrylesmetz-histoire.fr\/index.php?rest_route=\/wp\/v2\/pages\/1769","targetHints":{"allow":["GET"]}}],"collection":[{"href":"http:\/\/lorrylesmetz-histoire.fr\/index.php?rest_route=\/wp\/v2\/pages"}],"about":[{"href":"http:\/\/lorrylesmetz-histoire.fr\/index.php?rest_route=\/wp\/v2\/types\/page"}],"author":[{"embeddable":true,"href":"http:\/\/lorrylesmetz-histoire.fr\/index.php?rest_route=\/wp\/v2\/users\/1"}],"replies":[{"embeddable":true,"href":"http:\/\/lorrylesmetz-histoire.fr\/index.php?rest_route=%2Fwp%2Fv2%2Fcomments&post=1769"}],"version-history":[{"count":2,"href":"http:\/\/lorrylesmetz-histoire.fr\/index.php?rest_route=\/wp\/v2\/pages\/1769\/revisions"}],"predecessor-version":[{"id":1814,"href":"http:\/\/lorrylesmetz-histoire.fr\/index.php?rest_route=\/wp\/v2\/pages\/1769\/revisions\/1814"}],"up":[{"embeddable":true,"href":"http:\/\/lorrylesmetz-histoire.fr\/index.php?rest_route=\/wp\/v2\/pages\/1767"}],"wp:attachment":[{"href":"http:\/\/lorrylesmetz-histoire.fr\/index.php?rest_route=%2Fwp%2Fv2%2Fmedia&parent=1769"}],"curies":[{"name":"wp","href":"https:\/\/api.w.org\/{rel}","templated":true}]}}