{"id":1771,"date":"2017-08-11T08:30:58","date_gmt":"2017-08-11T06:30:58","guid":{"rendered":"http:\/\/lorrylesmetz-histoire.fr\/?page_id=1771"},"modified":"2017-08-11T09:14:16","modified_gmt":"2017-08-11T07:14:16","slug":"a-02","status":"publish","type":"page","link":"http:\/\/lorrylesmetz-histoire.fr\/?page_id=1771","title":{"rendered":"Salon du livre d\u2019histoire de la ville de Woippy"},"content":{"rendered":"<h2>19\u00a0novembre 2016<\/h2>\n<p>Lorry-l\u00e8s-Metz \u00ab\u00a0au fil du Temps\u00a0\u00bb au 14<sup>e<\/sup>\u00a0Salon du livre d\u2019histoire de Woippy tenait son stand annuel dans le secteur allou\u00e9 aux associations. Cette manifestation maintenant bien ancr\u00e9e permet de renforcer les liens que l\u2019association a avec celles voisines et amies du pays Messin.<\/p>\n<p>Le th\u00e8me de cette ann\u00e9e,\u00a0<em>Les si\u00e8cles des cath\u00e9drales\u00a0: ferveur et audace<\/em>, \u00e9tait dans l\u2019actualit\u00e9 puisqu\u2019une exposition se tenait \u00e0 La Villette, \u00e0 Paris, sur le Moyen-\u00c2ge. Il avait pour parrain l\u2019historien et journaliste Franck\u00a0Ferrand.<\/p>\n<p>90 auteurs exposants et des conf\u00e9rences ont anim\u00e9 le weekend, sur des sujets tels que <em>Le r\u00f4le du clerg\u00e9 dans la vie intellectuelle dans l\u2019espace lorrain au Moyen-\u00c2ge<\/em> ou <em>Les chroniques messines au Moyen-\u00c2ge<\/em>.<\/p>\n<p>\u00ab\u00a0<em>Le Moyen-\u00c2ge est parfois trop m\u00e9pris\u00e9 par certains historiens, qui le r\u00e9sument \u00e0 une p\u00e9riode obscure et de r\u00e9gression. Alors qu\u2019il s\u2019y est pass\u00e9 des choses extraordinaires. Par exemple, il faut savoir que Venise a export\u00e9 100\u00a0000\u00a0paires de lunettes \u00e0 Damas, entre 1466 et 1475. Il existait une vitalit\u00e9 \u00e9conomique tr\u00e8s forte \u00e0 cette \u00e9poque<\/em>\u00a0\u00bb, souligne Marc\u00a0Bojic pr\u00e9sident de la SHW.<\/p>\n<p>Des d\u00e9monstrations sur place montraient au public comment les ma\u00eetres verriers r\u00e9alisaient les vitraux et comment se fait le travail de la pierre.<\/p>\n<div id=\"metaslider-id-1800\" style=\"width: 100%; margin: 0 auto;\" class=\"ml-slider-3-108-0 metaslider metaslider-responsive metaslider-1800 ml-slider has-dots-nav ms-theme-default\" role=\"region\" aria-label=\"Salon Woippy 2016\" data-height=\"400\" data-width=\"400\">\n    <div id=\"metaslider_container_1800\">\n        <ul id='metaslider_1800' class='rslides'>\n            <li aria-roledescription='slide' aria-labelledby='slide-0'><a href=\"http:\/\/lorrylesmetz-histoire.fr\/wp-content\/uploads\/2017\/08\/1-1.jpg\" target=\"_blank\"><img loading=\"lazy\" decoding=\"async\" width=\"575\" height=\"800\" src=\"http:\/\/lorrylesmetz-histoire.fr\/wp-content\/uploads\/2017\/08\/1-1.jpg\" class=\"slider-1800 slide-1801 msDefaultImage\" alt=\"\" rel=\"\" title=\"\" srcset=\"http:\/\/lorrylesmetz-histoire.fr\/wp-content\/uploads\/2017\/08\/1-1.jpg 575w, http:\/\/lorrylesmetz-histoire.fr\/wp-content\/uploads\/2017\/08\/1-1-216x300.jpg 216w\" sizes=\"auto, (max-width: 575px) 100vw, 575px\" \/><\/a><\/li>\n            <li style='display: none;' aria-roledescription='slide' aria-labelledby='slide-1'><a href=\"http:\/\/lorrylesmetz-histoire.fr\/wp-content\/uploads\/2017\/08\/2-1.jpg\" target=\"_blank\"><img loading=\"lazy\" decoding=\"async\" width=\"270\" height=\"187\" src=\"http:\/\/lorrylesmetz-histoire.fr\/wp-content\/uploads\/2017\/08\/2-1.jpg\" class=\"slider-1800 slide-1802 msDefaultImage\" alt=\"\" rel=\"\" title=\"\" \/><\/a><\/li>\n            <li style='display: none;' aria-roledescription='slide' aria-labelledby='slide-2'><a href=\"http:\/\/lorrylesmetz-histoire.fr\/wp-content\/uploads\/2017\/08\/3-1.jpg\" target=\"_blank\"><img loading=\"lazy\" decoding=\"async\" width=\"586\" height=\"800\" src=\"http:\/\/lorrylesmetz-histoire.fr\/wp-content\/uploads\/2017\/08\/3-1.jpg\" class=\"slider-1800 slide-1803 msDefaultImage\" alt=\"\" rel=\"\" title=\"\" srcset=\"http:\/\/lorrylesmetz-histoire.fr\/wp-content\/uploads\/2017\/08\/3-1.jpg 586w, http:\/\/lorrylesmetz-histoire.fr\/wp-content\/uploads\/2017\/08\/3-1-220x300.jpg 220w\" sizes=\"auto, (max-width: 586px) 100vw, 586px\" \/><\/a><\/li>\n            <li style='display: none;' aria-roledescription='slide' aria-labelledby='slide-3'><a href=\"http:\/\/lorrylesmetz-histoire.fr\/wp-content\/uploads\/2017\/08\/4-1.jpg\" target=\"_blank\"><img loading=\"lazy\" decoding=\"async\" width=\"555\" height=\"800\" src=\"http:\/\/lorrylesmetz-histoire.fr\/wp-content\/uploads\/2017\/08\/4-1.jpg\" class=\"slider-1800 slide-1804 msDefaultImage\" alt=\"\" rel=\"\" title=\"\" srcset=\"http:\/\/lorrylesmetz-histoire.fr\/wp-content\/uploads\/2017\/08\/4-1.jpg 555w, http:\/\/lorrylesmetz-histoire.fr\/wp-content\/uploads\/2017\/08\/4-1-208x300.jpg 208w\" sizes=\"auto, (max-width: 555px) 100vw, 555px\" \/><\/a><\/li>\n            <li style='display: none;' aria-roledescription='slide' aria-labelledby='slide-4'><a href=\"http:\/\/lorrylesmetz-histoire.fr\/wp-content\/uploads\/2017\/08\/5-1.jpg\" target=\"_blank\"><img loading=\"lazy\" decoding=\"async\" width=\"579\" height=\"800\" src=\"http:\/\/lorrylesmetz-histoire.fr\/wp-content\/uploads\/2017\/08\/5-1.jpg\" class=\"slider-1800 slide-1805 msDefaultImage\" alt=\"\" rel=\"\" title=\"\" srcset=\"http:\/\/lorrylesmetz-histoire.fr\/wp-content\/uploads\/2017\/08\/5-1.jpg 579w, http:\/\/lorrylesmetz-histoire.fr\/wp-content\/uploads\/2017\/08\/5-1-217x300.jpg 217w\" sizes=\"auto, (max-width: 579px) 100vw, 579px\" \/><\/a><\/li>\n            <li style='display: none;' aria-roledescription='slide' aria-labelledby='slide-5'><a href=\"vhttp:\/\/lorrylesmetz-histoire.fr\/wp-content\/uploads\/2017\/08\/6-1.jpg\" target=\"_blank\"><img loading=\"lazy\" decoding=\"async\" width=\"600\" height=\"471\" src=\"http:\/\/lorrylesmetz-histoire.fr\/wp-content\/uploads\/2017\/08\/6-1.jpg\" class=\"slider-1800 slide-1806 msDefaultImage\" alt=\"\" rel=\"\" title=\"\" srcset=\"http:\/\/lorrylesmetz-histoire.fr\/wp-content\/uploads\/2017\/08\/6-1.jpg 600w, http:\/\/lorrylesmetz-histoire.fr\/wp-content\/uploads\/2017\/08\/6-1-300x236.jpg 300w\" sizes=\"auto, (max-width: 600px) 100vw, 600px\" \/><\/a><\/li>\n        <\/ul>\n        \n    <\/div>\n<\/div>\n<p>Photos extraites d\u2019Internet.<\/p>\n<p><a href=\"http:\/\/lorrylesmetz-histoire.fr\/?page_id=1767\"><img loading=\"lazy\" decoding=\"async\" class=\"alignnone size-full wp-image-378\" src=\"http:\/\/lorrylesmetz-histoire.fr\/wp-content\/uploads\/2017\/05\/retour.png\" alt=\"\" width=\"89\" height=\"31\" \/><\/a><\/p>\n","protected":false},"excerpt":{"rendered":"<p>19\u00a0novembre 2016 Lorry-l\u00e8s-Metz \u00ab\u00a0au fil du Temps\u00a0\u00bb au 14e\u00a0Salon du livre d\u2019histoire de Woippy tenait son stand annuel dans le secteur allou\u00e9 aux associations. Cette manifestation maintenant bien ancr\u00e9e permet de renforcer les liens que l\u2019association a avec celles voisines&hellip; <\/p>\n","protected":false},"author":1,"featured_media":0,"parent":1767,"menu_order":1,"comment_status":"closed","ping_status":"closed","template":"","meta":{"_mc_calendar":[],"footnotes":""},"class_list":["post-1771","page","type-page","status-publish","hentry"],"_links":{"self":[{"href":"http:\/\/lorrylesmetz-histoire.fr\/index.php?rest_route=\/wp\/v2\/pages\/1771","targetHints":{"allow":["GET"]}}],"collection":[{"href":"http:\/\/lorrylesmetz-histoire.fr\/index.php?rest_route=\/wp\/v2\/pages"}],"about":[{"href":"http:\/\/lorrylesmetz-histoire.fr\/index.php?rest_route=\/wp\/v2\/types\/page"}],"author":[{"embeddable":true,"href":"http:\/\/lorrylesmetz-histoire.fr\/index.php?rest_route=\/wp\/v2\/users\/1"}],"replies":[{"embeddable":true,"href":"http:\/\/lorrylesmetz-histoire.fr\/index.php?rest_route=%2Fwp%2Fv2%2Fcomments&post=1771"}],"version-history":[{"count":3,"href":"http:\/\/lorrylesmetz-histoire.fr\/index.php?rest_route=\/wp\/v2\/pages\/1771\/revisions"}],"predecessor-version":[{"id":1825,"href":"http:\/\/lorrylesmetz-histoire.fr\/index.php?rest_route=\/wp\/v2\/pages\/1771\/revisions\/1825"}],"up":[{"embeddable":true,"href":"http:\/\/lorrylesmetz-histoire.fr\/index.php?rest_route=\/wp\/v2\/pages\/1767"}],"wp:attachment":[{"href":"http:\/\/lorrylesmetz-histoire.fr\/index.php?rest_route=%2Fwp%2Fv2%2Fmedia&parent=1771"}],"curies":[{"name":"wp","href":"https:\/\/api.w.org\/{rel}","templated":true}]}}