{"id":1772,"date":"2017-08-11T08:13:29","date_gmt":"2017-08-11T06:13:29","guid":{"rendered":"http:\/\/lorrylesmetz-histoire.fr\/?page_id=1772"},"modified":"2017-08-11T08:13:29","modified_gmt":"2017-08-11T06:13:29","slug":"a-01","status":"publish","type":"page","link":"http:\/\/lorrylesmetz-histoire.fr\/?page_id=1772","title":{"rendered":"Horloge du temple protestant de Montigny-l\u00e8s-Metz"},"content":{"rendered":"<h2>23\u00a0novembre\u00a02016<\/h2>\n<p>Des membres de Lorry-l\u00e8s-Metz \u00ab\u00a0au fil du Temps\u00a0\u00bb \u00e9taient \u00e0 la pr\u00e9sentation de l\u2019horloge restaur\u00e9e du temple de Montigny-l\u00e8s-Metz.<\/p>\n<p>Fabriqu\u00e9e en 1894 par J-F Weule, cette horloge fut plac\u00e9e dans le clocher lors de la construction du temple de Montigny-l\u00e8s-Metz, souscrite sur les deniers des paroissiens de Metz et alentours. Son m\u00e9canisme monumental est rest\u00e9 en parfait \u00e9tat de conservation.<\/p>\n<p>Jusque dans les ann\u00e9es\u00a01960, une personne du conseil presbyt\u00e9ral \u00e9tait d\u00e9sign\u00e9e chaque semaine pour remonter les contre poids pour que l\u2019horloge fonctionne. Apr\u00e8s cette date, les nouvelles technologiques ont lib\u00e9r\u00e9 de cette r\u00e9p\u00e9titive t\u00e2che\u00a0: un m\u00e9canisme \u00e9lectronique a remplac\u00e9 le mouvement pendulaire de cette horloge.<\/p>\n<div id=\"metaslider-id-1784\" style=\"width: 100%; margin: 0 auto;\" class=\"ml-slider-3-108-0 metaslider metaslider-responsive metaslider-1784 ml-slider has-dots-nav ms-theme-default\" role=\"region\" aria-label=\"Horloge Montigny\" data-height=\"400\" data-width=\"400\">\n    <div id=\"metaslider_container_1784\">\n        <ul id='metaslider_1784' class='rslides'>\n            <li aria-roledescription='slide' aria-labelledby='slide-0'><a href=\"http:\/\/lorrylesmetz-histoire.fr\/wp-content\/uploads\/2017\/08\/1.jpg\" target=\"_blank\"><img loading=\"lazy\" decoding=\"async\" width=\"800\" height=\"531\" src=\"http:\/\/lorrylesmetz-histoire.fr\/wp-content\/uploads\/2017\/08\/1.jpg\" class=\"slider-1784 slide-1786 msDefaultImage\" alt=\"\" rel=\"\" title=\"\" srcset=\"http:\/\/lorrylesmetz-histoire.fr\/wp-content\/uploads\/2017\/08\/1.jpg 800w, http:\/\/lorrylesmetz-histoire.fr\/wp-content\/uploads\/2017\/08\/1-300x199.jpg 300w, http:\/\/lorrylesmetz-histoire.fr\/wp-content\/uploads\/2017\/08\/1-768x510.jpg 768w\" sizes=\"auto, (max-width: 800px) 100vw, 800px\" \/><\/a><\/li>\n            <li style='display: none;' aria-roledescription='slide' aria-labelledby='slide-1'><a href=\"http:\/\/lorrylesmetz-histoire.fr\/wp-content\/uploads\/2017\/08\/2.jpg\" target=\"_blank\"><img loading=\"lazy\" decoding=\"async\" width=\"531\" height=\"800\" src=\"http:\/\/lorrylesmetz-histoire.fr\/wp-content\/uploads\/2017\/08\/2.jpg\" class=\"slider-1784 slide-1787 msDefaultImage\" alt=\"\" rel=\"\" title=\"\" srcset=\"http:\/\/lorrylesmetz-histoire.fr\/wp-content\/uploads\/2017\/08\/2.jpg 531w, http:\/\/lorrylesmetz-histoire.fr\/wp-content\/uploads\/2017\/08\/2-199x300.jpg 199w\" sizes=\"auto, (max-width: 531px) 100vw, 531px\" \/><\/a><\/li>\n            <li style='display: none;' aria-roledescription='slide' aria-labelledby='slide-2'><a href=\"http:\/\/lorrylesmetz-histoire.fr\/wp-content\/uploads\/2017\/08\/3.jpg\" target=\"_blank\"><img loading=\"lazy\" decoding=\"async\" width=\"800\" height=\"531\" src=\"http:\/\/lorrylesmetz-histoire.fr\/wp-content\/uploads\/2017\/08\/3.jpg\" class=\"slider-1784 slide-1788 msDefaultImage\" alt=\"\" rel=\"\" title=\"\" srcset=\"http:\/\/lorrylesmetz-histoire.fr\/wp-content\/uploads\/2017\/08\/3.jpg 800w, http:\/\/lorrylesmetz-histoire.fr\/wp-content\/uploads\/2017\/08\/3-300x199.jpg 300w, http:\/\/lorrylesmetz-histoire.fr\/wp-content\/uploads\/2017\/08\/3-768x510.jpg 768w\" sizes=\"auto, (max-width: 800px) 100vw, 800px\" \/><\/a><\/li>\n            <li style='display: none;' aria-roledescription='slide' aria-labelledby='slide-3'><a href=\"http:\/\/lorrylesmetz-histoire.fr\/wp-content\/uploads\/2017\/08\/4.jpg\" target=\"_blank\"><img loading=\"lazy\" decoding=\"async\" width=\"800\" height=\"531\" src=\"http:\/\/lorrylesmetz-histoire.fr\/wp-content\/uploads\/2017\/08\/4.jpg\" class=\"slider-1784 slide-1789 msDefaultImage\" alt=\"\" rel=\"\" title=\"\" srcset=\"http:\/\/lorrylesmetz-histoire.fr\/wp-content\/uploads\/2017\/08\/4.jpg 800w, http:\/\/lorrylesmetz-histoire.fr\/wp-content\/uploads\/2017\/08\/4-300x199.jpg 300w, http:\/\/lorrylesmetz-histoire.fr\/wp-content\/uploads\/2017\/08\/4-768x510.jpg 768w\" sizes=\"auto, (max-width: 800px) 100vw, 800px\" \/><\/a><\/li>\n            <li style='display: none;' aria-roledescription='slide' aria-labelledby='slide-4'><a href=\"http:\/\/lorrylesmetz-histoire.fr\/wp-content\/uploads\/2017\/08\/5.jpg\" target=\"_blank\"><img loading=\"lazy\" decoding=\"async\" width=\"531\" height=\"800\" src=\"http:\/\/lorrylesmetz-histoire.fr\/wp-content\/uploads\/2017\/08\/5.jpg\" class=\"slider-1784 slide-1790 msDefaultImage\" alt=\"\" rel=\"\" title=\"\" srcset=\"http:\/\/lorrylesmetz-histoire.fr\/wp-content\/uploads\/2017\/08\/5.jpg 531w, http:\/\/lorrylesmetz-histoire.fr\/wp-content\/uploads\/2017\/08\/5-199x300.jpg 199w\" sizes=\"auto, (max-width: 531px) 100vw, 531px\" \/><\/a><\/li>\n            <li style='display: none;' aria-roledescription='slide' aria-labelledby='slide-5'><a href=\"http:\/\/lorrylesmetz-histoire.fr\/wp-content\/uploads\/2017\/08\/6.jpg\" target=\"_blank\"><img loading=\"lazy\" decoding=\"async\" width=\"531\" height=\"800\" src=\"http:\/\/lorrylesmetz-histoire.fr\/wp-content\/uploads\/2017\/08\/6.jpg\" class=\"slider-1784 slide-1791 msDefaultImage\" alt=\"\" rel=\"\" title=\"\" srcset=\"http:\/\/lorrylesmetz-histoire.fr\/wp-content\/uploads\/2017\/08\/6.jpg 531w, http:\/\/lorrylesmetz-histoire.fr\/wp-content\/uploads\/2017\/08\/6-199x300.jpg 199w\" sizes=\"auto, (max-width: 531px) 100vw, 531px\" \/><\/a><\/li>\n            <li style='display: none;' aria-roledescription='slide' aria-labelledby='slide-6'><a href=\"http:\/\/lorrylesmetz-histoire.fr\/wp-content\/uploads\/2017\/08\/7.jpg\" target=\"_blank\"><img loading=\"lazy\" decoding=\"async\" width=\"800\" height=\"531\" src=\"http:\/\/lorrylesmetz-histoire.fr\/wp-content\/uploads\/2017\/08\/7.jpg\" class=\"slider-1784 slide-1792 msDefaultImage\" alt=\"\" rel=\"\" title=\"\" srcset=\"http:\/\/lorrylesmetz-histoire.fr\/wp-content\/uploads\/2017\/08\/7.jpg 800w, http:\/\/lorrylesmetz-histoire.fr\/wp-content\/uploads\/2017\/08\/7-300x199.jpg 300w, http:\/\/lorrylesmetz-histoire.fr\/wp-content\/uploads\/2017\/08\/7-768x510.jpg 768w\" sizes=\"auto, (max-width: 800px) 100vw, 800px\" \/><\/a><\/li>\n        <\/ul>\n        \n    <\/div>\n<\/div>\n<p>Photos de G\u00e9rard\u00a0Kester<\/p>\n<p><a href=\"http:\/\/lorrylesmetz-histoire.fr\/?page_id=1767\"><img loading=\"lazy\" decoding=\"async\" class=\"alignnone size-full wp-image-378\" src=\"http:\/\/lorrylesmetz-histoire.fr\/wp-content\/uploads\/2017\/05\/retour.png\" alt=\"\" width=\"89\" height=\"31\" \/><\/a><\/p>\n","protected":false},"excerpt":{"rendered":"<p>23\u00a0novembre\u00a02016 Des membres de Lorry-l\u00e8s-Metz \u00ab\u00a0au fil du Temps\u00a0\u00bb \u00e9taient \u00e0 la pr\u00e9sentation de l\u2019horloge restaur\u00e9e du temple de Montigny-l\u00e8s-Metz. Fabriqu\u00e9e en 1894 par J-F Weule, cette horloge fut plac\u00e9e dans le clocher lors de la construction du temple de&hellip; <\/p>\n","protected":false},"author":1,"featured_media":0,"parent":1767,"menu_order":0,"comment_status":"closed","ping_status":"closed","template":"","meta":{"_mc_calendar":[],"footnotes":""},"class_list":["post-1772","page","type-page","status-publish","hentry"],"_links":{"self":[{"href":"http:\/\/lorrylesmetz-histoire.fr\/index.php?rest_route=\/wp\/v2\/pages\/1772","targetHints":{"allow":["GET"]}}],"collection":[{"href":"http:\/\/lorrylesmetz-histoire.fr\/index.php?rest_route=\/wp\/v2\/pages"}],"about":[{"href":"http:\/\/lorrylesmetz-histoire.fr\/index.php?rest_route=\/wp\/v2\/types\/page"}],"author":[{"embeddable":true,"href":"http:\/\/lorrylesmetz-histoire.fr\/index.php?rest_route=\/wp\/v2\/users\/1"}],"replies":[{"embeddable":true,"href":"http:\/\/lorrylesmetz-histoire.fr\/index.php?rest_route=%2Fwp%2Fv2%2Fcomments&post=1772"}],"version-history":[{"count":2,"href":"http:\/\/lorrylesmetz-histoire.fr\/index.php?rest_route=\/wp\/v2\/pages\/1772\/revisions"}],"predecessor-version":[{"id":1785,"href":"http:\/\/lorrylesmetz-histoire.fr\/index.php?rest_route=\/wp\/v2\/pages\/1772\/revisions\/1785"}],"up":[{"embeddable":true,"href":"http:\/\/lorrylesmetz-histoire.fr\/index.php?rest_route=\/wp\/v2\/pages\/1767"}],"wp:attachment":[{"href":"http:\/\/lorrylesmetz-histoire.fr\/index.php?rest_route=%2Fwp%2Fv2%2Fmedia&parent=1772"}],"curies":[{"name":"wp","href":"https:\/\/api.w.org\/{rel}","templated":true}]}}