{"id":1826,"date":"2017-08-11T09:29:02","date_gmt":"2017-08-11T07:29:02","guid":{"rendered":"http:\/\/lorrylesmetz-histoire.fr\/?page_id=1826"},"modified":"2017-08-12T08:17:17","modified_gmt":"2017-08-12T06:17:17","slug":"2015-2","status":"publish","type":"page","link":"http:\/\/lorrylesmetz-histoire.fr\/?page_id=1826","title":{"rendered":"2015"},"content":{"rendered":"<table style=\"width: 603px;\">\n<tbody>\n<tr>\n<td style=\"width: 98.7px;\">14 novembre<\/td>\n<td style=\"width: 344.3px;\">Salon du livre d\u2019histoire de la ville de Woippy<\/td>\n<td style=\"width: 78px;\"><a href=\"http:\/\/lorrylesmetz-histoire.fr\/?page_id=1829\"><img loading=\"lazy\" decoding=\"async\" class=\"alignnone wp-image-683 size-full\" src=\"http:\/\/lorrylesmetz-histoire.fr\/wp-content\/uploads\/2017\/05\/voir.png?_t=1502518622\" alt=\"\" width=\"89\" height=\"31\" \/><\/a><\/td>\n<\/tr>\n<tr>\n<td style=\"width: 98.7px;\">13 novembre<\/td>\n<td style=\"width: 344.3px;\">Colloque de Woippy<\/td>\n<td style=\"width: 78px;\"><a href=\"http:\/\/lorrylesmetz-histoire.fr\/?page_id=1828\"><img loading=\"lazy\" decoding=\"async\" class=\"alignnone wp-image-683 size-full\" src=\"http:\/\/lorrylesmetz-histoire.fr\/wp-content\/uploads\/2017\/05\/voir.png?_t=1502517564\" alt=\"\" width=\"89\" height=\"31\" \/><\/a><\/td>\n<\/tr>\n<tr>\n<td style=\"width: 98.7px;\">2 avril<\/td>\n<td style=\"width: 344.3px;\">Assembl\u00e9e g\u00e9n\u00e9rale de la soci\u00e9t\u00e9 d\u2019histoire de Woippy<\/td>\n<td style=\"width: 78px;\"><a href=\"http:\/\/lorrylesmetz-histoire.fr\/?page_id=1827\"><img loading=\"lazy\" decoding=\"async\" class=\"alignnone wp-image-683 size-full\" src=\"http:\/\/lorrylesmetz-histoire.fr\/wp-content\/uploads\/2017\/05\/voir.png?_t=1502437270\" alt=\"\" width=\"89\" height=\"31\" \/><\/a><\/td>\n<\/tr>\n<\/tbody>\n<\/table>\n<p><a href=\"http:\/\/lorrylesmetz-histoire.fr\/?page_id=171\"><img loading=\"lazy\" decoding=\"async\" class=\"alignnone wp-image-378 size-full\" src=\"http:\/\/lorrylesmetz-histoire.fr\/wp-content\/uploads\/2017\/05\/retour.png\" alt=\"\" width=\"89\" height=\"31\" \/><\/a><\/p>\n","protected":false},"excerpt":{"rendered":"<p>14 novembre Salon du livre d\u2019histoire de la ville de Woippy 13 novembre Colloque de Woippy 2 avril Assembl\u00e9e g\u00e9n\u00e9rale de la soci\u00e9t\u00e9 d\u2019histoire de Woippy<\/p>\n","protected":false},"author":1,"featured_media":0,"parent":171,"menu_order":11,"comment_status":"closed","ping_status":"closed","template":"","meta":{"_mc_calendar":[],"footnotes":""},"class_list":["post-1826","page","type-page","status-publish","hentry"],"_links":{"self":[{"href":"http:\/\/lorrylesmetz-histoire.fr\/index.php?rest_route=\/wp\/v2\/pages\/1826","targetHints":{"allow":["GET"]}}],"collection":[{"href":"http:\/\/lorrylesmetz-histoire.fr\/index.php?rest_route=\/wp\/v2\/pages"}],"about":[{"href":"http:\/\/lorrylesmetz-histoire.fr\/index.php?rest_route=\/wp\/v2\/types\/page"}],"author":[{"embeddable":true,"href":"http:\/\/lorrylesmetz-histoire.fr\/index.php?rest_route=\/wp\/v2\/users\/1"}],"replies":[{"embeddable":true,"href":"http:\/\/lorrylesmetz-histoire.fr\/index.php?rest_route=%2Fwp%2Fv2%2Fcomments&post=1826"}],"version-history":[{"count":7,"href":"http:\/\/lorrylesmetz-histoire.fr\/index.php?rest_route=\/wp\/v2\/pages\/1826\/revisions"}],"predecessor-version":[{"id":1864,"href":"http:\/\/lorrylesmetz-histoire.fr\/index.php?rest_route=\/wp\/v2\/pages\/1826\/revisions\/1864"}],"up":[{"embeddable":true,"href":"http:\/\/lorrylesmetz-histoire.fr\/index.php?rest_route=\/wp\/v2\/pages\/171"}],"wp:attachment":[{"href":"http:\/\/lorrylesmetz-histoire.fr\/index.php?rest_route=%2Fwp%2Fv2%2Fmedia&parent=1826"}],"curies":[{"name":"wp","href":"https:\/\/api.w.org\/{rel}","templated":true}]}}