{"id":1827,"date":"2017-08-11T09:35:43","date_gmt":"2017-08-11T07:35:43","guid":{"rendered":"http:\/\/lorrylesmetz-histoire.fr\/?page_id=1827"},"modified":"2017-08-11T09:40:56","modified_gmt":"2017-08-11T07:40:56","slug":"a-01","status":"publish","type":"page","link":"http:\/\/lorrylesmetz-histoire.fr\/?page_id=1827","title":{"rendered":"Assembl\u00e9e g\u00e9n\u00e9rale de la soci\u00e9t\u00e9 d\u2019histoire de Woippy 2015"},"content":{"rendered":"<h2>2\u00a0avril\u00a02015<\/h2>\n<p>Lorry-l\u00e8s-Metz \u00ab\u00a0au fil du Temps\u00a0\u00bb \u00e9tait pr\u00e9sent \u00e0 l\u2019assembl\u00e9e g\u00e9n\u00e9rale de la Soci\u00e9t\u00e9 d\u2019histoire de Woippy.<\/p>\n<p>\u00c0 l\u2019ordre du jour figuraient les diff\u00e9rents rapports relatifs \u00e0 l\u2019exercice\u00a02014\u2009; le renouvellement du tiers sortant, l\u2019\u00e9lection des v\u00e9rificateurs aux comptes et les questions diverses.<\/p>\n<p>L\u2019assembl\u00e9e g\u00e9n\u00e9rale a \u00e9t\u00e9 suivie d\u2019une conf\u00e9rence d\u2019Alain\u00a0Hilbold, historien et membre de la SHW, sur le th\u00e8me <em>De Lyon \u00e0 Metz, en passant par la peinture de l\u2019histoire au XIX<sup>e<\/sup>\u00a0si\u00e8cle<\/em>.<\/p>\n<p><a href=\"http:\/\/lorrylesmetz-histoire.fr\/?page_id=1826\"><img loading=\"lazy\" decoding=\"async\" class=\"alignnone wp-image-378 size-full\" src=\"http:\/\/lorrylesmetz-histoire.fr\/wp-content\/uploads\/2017\/05\/retour.png\" alt=\"\" width=\"89\" height=\"31\" \/><\/a><\/p>\n","protected":false},"excerpt":{"rendered":"<p>2\u00a0avril\u00a02015 Lorry-l\u00e8s-Metz \u00ab\u00a0au fil du Temps\u00a0\u00bb \u00e9tait pr\u00e9sent \u00e0 l\u2019assembl\u00e9e g\u00e9n\u00e9rale de la Soci\u00e9t\u00e9 d\u2019histoire de Woippy. \u00c0 l\u2019ordre du jour figuraient les diff\u00e9rents rapports relatifs \u00e0 l\u2019exercice\u00a02014\u2009; le renouvellement du tiers sortant, l\u2019\u00e9lection des v\u00e9rificateurs aux comptes et les&hellip; <\/p>\n","protected":false},"author":1,"featured_media":0,"parent":1826,"menu_order":0,"comment_status":"closed","ping_status":"closed","template":"","meta":{"_mc_calendar":[],"footnotes":""},"class_list":["post-1827","page","type-page","status-publish","hentry"],"_links":{"self":[{"href":"http:\/\/lorrylesmetz-histoire.fr\/index.php?rest_route=\/wp\/v2\/pages\/1827","targetHints":{"allow":["GET"]}}],"collection":[{"href":"http:\/\/lorrylesmetz-histoire.fr\/index.php?rest_route=\/wp\/v2\/pages"}],"about":[{"href":"http:\/\/lorrylesmetz-histoire.fr\/index.php?rest_route=\/wp\/v2\/types\/page"}],"author":[{"embeddable":true,"href":"http:\/\/lorrylesmetz-histoire.fr\/index.php?rest_route=\/wp\/v2\/users\/1"}],"replies":[{"embeddable":true,"href":"http:\/\/lorrylesmetz-histoire.fr\/index.php?rest_route=%2Fwp%2Fv2%2Fcomments&post=1827"}],"version-history":[{"count":4,"href":"http:\/\/lorrylesmetz-histoire.fr\/index.php?rest_route=\/wp\/v2\/pages\/1827\/revisions"}],"predecessor-version":[{"id":1842,"href":"http:\/\/lorrylesmetz-histoire.fr\/index.php?rest_route=\/wp\/v2\/pages\/1827\/revisions\/1842"}],"up":[{"embeddable":true,"href":"http:\/\/lorrylesmetz-histoire.fr\/index.php?rest_route=\/wp\/v2\/pages\/1826"}],"wp:attachment":[{"href":"http:\/\/lorrylesmetz-histoire.fr\/index.php?rest_route=%2Fwp%2Fv2%2Fmedia&parent=1827"}],"curies":[{"name":"wp","href":"https:\/\/api.w.org\/{rel}","templated":true}]}}