{"id":1829,"date":"2017-08-12T08:16:43","date_gmt":"2017-08-12T06:16:43","guid":{"rendered":"http:\/\/lorrylesmetz-histoire.fr\/?page_id=1829"},"modified":"2017-08-12T08:16:43","modified_gmt":"2017-08-12T06:16:43","slug":"a-03","status":"publish","type":"page","link":"http:\/\/lorrylesmetz-histoire.fr\/?page_id=1829","title":{"rendered":"Salon du livre d\u2019histoire de la ville de Woippy 2015"},"content":{"rendered":"<h2>14\u00a0novembre\u00a02015<\/h2>\n<p>Lors du 13<sup>e\u00a0<\/sup>Salon du livre d\u2019histoire de la ville de Woippy, Lorry-l\u00e8s-Metz \u00ab\u00a0au fil du Temps\u00a0\u00bb avait son emplacement annuel, au milieu des autres associations locales, moment particulier pour retrouver dans un m\u00eame lieu tous les contacts qu\u2019elle cultive.<\/p>\n<p>D\u00e8s l\u2019entr\u00e9e les visiteurs se sont rapidement trouv\u00e9s projet\u00e9s dans le th\u00e8me du salon face \u00e0 des grognards de l&rsquo;arm\u00e9e de Napol\u00e9on, un petit tambour-major et une cantini\u00e8re. Tous passionn\u00e9s de l&rsquo;\u00e8re napol\u00e9onienne et membres des associations <em>Les Vosges napol\u00e9oniennes<\/em> et <em>Le livre, l&rsquo;histoire et l&rsquo;obusier<\/em>, ils participent \u00e0 de nombreuses reconstitutions historiques.<\/p>\n<p>L\u2019actualit\u00e9 sanglante de l\u2019attentat du Bataclan a tout de m\u00eame troubl\u00e9 le salon, provoquant des h\u00e9sitations \u00e0 voyager. De ce fait, le 13<sup>e<\/sup>\u00a0Salon du livre d&rsquo;histoire a \u00e9t\u00e9 passablement perturb\u00e9 par l&rsquo;actualit\u00e9, Emmanuel\u00a0de\u00a0Waresquiel, le laur\u00e9at du prix du livre d&rsquo;histoire de la Ville, n&rsquo;a pas fait le d\u00e9placement. Et si Thierry\u00a0Lentz, directeur de la fondation Napol\u00e9on et parrain du Salon, a annul\u00e9 sa conf\u00e9rence, il s&rsquo;est pr\u00eat\u00e9 volontiers \u00e0 la s\u00e9ance de d\u00e9dicaces et a particip\u00e9 \u00e0 la table ronde du dimanche matin.<\/p>\n<p>La fr\u00e9quentation malgr\u00e9 les terribles \u00e9v\u00e9nements n\u2019a pas faibli, chacun faisant face \u00e0 la barbarie int\u00e9griste par une revendication de son go\u00fbt de vivre et de libert\u00e9.<\/p>\n<p>Au moment du bilan, Marc\u00a0Bojic, pr\u00e9sident de la SHW, a confi\u00e9 : \u00ab <em>Apr\u00e8s une petite appr\u00e9hension bien l\u00e9gitime, les journ\u00e9es se sont d\u00e9roul\u00e9es dans le cours de l&rsquo;histoire pr\u00e9sente et dans celui de l&rsquo;Histoire tout court. Ce sont des mois de pr\u00e9paration qui n&rsquo;ont pas \u00e9t\u00e9 d\u00e9\u00e7us. Nos fid\u00e8les visiteurs sont venus, convaincus qu&rsquo;il ne faut pas c\u00e9der \u00e0 la peur. Nous n&rsquo;avions m\u00eame pas assez de place pour accueillir tous ceux qui voulaient assister \u00e0 la conf\u00e9rence de Pierre Brasme, le pr\u00e9sident fondateur de la SHW, qui \u00e9voquait l&rsquo;ann\u00e9e 1815 quand la France perdait Sarrelouis et le mar\u00e9chal Ney.<\/em> \u00bb<\/p>\n<div id=\"metaslider-id-1858\" style=\"width: 100%; margin: 0 auto;\" class=\"ml-slider-3-108-0 metaslider metaslider-responsive metaslider-1858 ml-slider has-dots-nav ms-theme-default\" role=\"region\" aria-label=\"Salon Woippy 2015\" data-height=\"400\" data-width=\"400\">\n    <div id=\"metaslider_container_1858\">\n        <ul id='metaslider_1858' class='rslides'>\n            <li aria-roledescription='slide' aria-labelledby='slide-0'><a href=\"http:\/\/lorrylesmetz-histoire.fr\/wp-content\/uploads\/2017\/08\/1-2.jpg\" target=\"_blank\"><img loading=\"lazy\" decoding=\"async\" width=\"350\" height=\"304\" src=\"http:\/\/lorrylesmetz-histoire.fr\/wp-content\/uploads\/2017\/08\/1-2.jpg\" class=\"slider-1858 slide-1859 msDefaultImage\" alt=\"\" rel=\"\" title=\"\" srcset=\"http:\/\/lorrylesmetz-histoire.fr\/wp-content\/uploads\/2017\/08\/1-2.jpg 350w, http:\/\/lorrylesmetz-histoire.fr\/wp-content\/uploads\/2017\/08\/1-2-300x261.jpg 300w\" sizes=\"auto, (max-width: 350px) 100vw, 350px\" \/><\/a><\/li>\n            <li style='display: none;' aria-roledescription='slide' aria-labelledby='slide-1'><a href=\"http:\/\/lorrylesmetz-histoire.fr\/wp-content\/uploads\/2017\/08\/2-2.jpg\" target=\"_blank\"><img loading=\"lazy\" decoding=\"async\" width=\"500\" height=\"383\" src=\"http:\/\/lorrylesmetz-histoire.fr\/wp-content\/uploads\/2017\/08\/2-2.jpg\" class=\"slider-1858 slide-1860 msDefaultImage\" alt=\"\" rel=\"\" title=\"\" srcset=\"http:\/\/lorrylesmetz-histoire.fr\/wp-content\/uploads\/2017\/08\/2-2.jpg 500w, http:\/\/lorrylesmetz-histoire.fr\/wp-content\/uploads\/2017\/08\/2-2-300x230.jpg 300w\" sizes=\"auto, (max-width: 500px) 100vw, 500px\" \/><\/a><\/li>\n            <li style='display: none;' aria-roledescription='slide' aria-labelledby='slide-2'><a href=\"http:\/\/lorrylesmetz-histoire.fr\/wp-content\/uploads\/2017\/08\/3-2.jpg\" target=\"_blank\"><img loading=\"lazy\" decoding=\"async\" width=\"520\" height=\"396\" src=\"http:\/\/lorrylesmetz-histoire.fr\/wp-content\/uploads\/2017\/08\/3-2.jpg\" class=\"slider-1858 slide-1861 msDefaultImage\" alt=\"\" rel=\"\" title=\"\" srcset=\"http:\/\/lorrylesmetz-histoire.fr\/wp-content\/uploads\/2017\/08\/3-2.jpg 520w, http:\/\/lorrylesmetz-histoire.fr\/wp-content\/uploads\/2017\/08\/3-2-300x228.jpg 300w\" sizes=\"auto, (max-width: 520px) 100vw, 520px\" \/><\/a><\/li>\n            <li style='display: none;' aria-roledescription='slide' aria-labelledby='slide-3'><a href=\"http:\/\/lorrylesmetz-histoire.fr\/wp-content\/uploads\/2017\/08\/4-2.jpg\" target=\"_blank\"><img loading=\"lazy\" decoding=\"async\" width=\"670\" height=\"289\" src=\"http:\/\/lorrylesmetz-histoire.fr\/wp-content\/uploads\/2017\/08\/4-2.jpg\" class=\"slider-1858 slide-1862 msDefaultImage\" alt=\"\" rel=\"\" title=\"\" srcset=\"http:\/\/lorrylesmetz-histoire.fr\/wp-content\/uploads\/2017\/08\/4-2.jpg 670w, http:\/\/lorrylesmetz-histoire.fr\/wp-content\/uploads\/2017\/08\/4-2-300x129.jpg 300w\" sizes=\"auto, (max-width: 670px) 100vw, 670px\" \/><\/a><\/li>\n        <\/ul>\n        \n    <\/div>\n<\/div>\n<p>Photos du r\u00e9publicain Lorrain.<\/p>\n<p><a href=\"http:\/\/lorrylesmetz-histoire.fr\/?page_id=1826\"><img loading=\"lazy\" decoding=\"async\" class=\"alignnone wp-image-378 size-full\" src=\"http:\/\/lorrylesmetz-histoire.fr\/wp-content\/uploads\/2017\/05\/retour.png\" alt=\"\" width=\"89\" height=\"31\" \/><\/a><\/p>\n","protected":false},"excerpt":{"rendered":"<p>14\u00a0novembre\u00a02015 Lors du 13e\u00a0Salon du livre d\u2019histoire de la ville de Woippy, Lorry-l\u00e8s-Metz \u00ab\u00a0au fil du Temps\u00a0\u00bb avait son emplacement annuel, au milieu des autres associations locales, moment particulier pour retrouver dans un m\u00eame lieu tous les contacts qu\u2019elle cultive.&hellip; <\/p>\n","protected":false},"author":1,"featured_media":0,"parent":1826,"menu_order":2,"comment_status":"closed","ping_status":"closed","template":"","meta":{"_mc_calendar":[],"footnotes":""},"class_list":["post-1829","page","type-page","status-publish","hentry"],"_links":{"self":[{"href":"http:\/\/lorrylesmetz-histoire.fr\/index.php?rest_route=\/wp\/v2\/pages\/1829","targetHints":{"allow":["GET"]}}],"collection":[{"href":"http:\/\/lorrylesmetz-histoire.fr\/index.php?rest_route=\/wp\/v2\/pages"}],"about":[{"href":"http:\/\/lorrylesmetz-histoire.fr\/index.php?rest_route=\/wp\/v2\/types\/page"}],"author":[{"embeddable":true,"href":"http:\/\/lorrylesmetz-histoire.fr\/index.php?rest_route=\/wp\/v2\/users\/1"}],"replies":[{"embeddable":true,"href":"http:\/\/lorrylesmetz-histoire.fr\/index.php?rest_route=%2Fwp%2Fv2%2Fcomments&post=1829"}],"version-history":[{"count":1,"href":"http:\/\/lorrylesmetz-histoire.fr\/index.php?rest_route=\/wp\/v2\/pages\/1829\/revisions"}],"predecessor-version":[{"id":1863,"href":"http:\/\/lorrylesmetz-histoire.fr\/index.php?rest_route=\/wp\/v2\/pages\/1829\/revisions\/1863"}],"up":[{"embeddable":true,"href":"http:\/\/lorrylesmetz-histoire.fr\/index.php?rest_route=\/wp\/v2\/pages\/1826"}],"wp:attachment":[{"href":"http:\/\/lorrylesmetz-histoire.fr\/index.php?rest_route=%2Fwp%2Fv2%2Fmedia&parent=1829"}],"curies":[{"name":"wp","href":"https:\/\/api.w.org\/{rel}","templated":true}]}}