{"id":1867,"date":"2017-08-12T08:41:52","date_gmt":"2017-08-12T06:41:52","guid":{"rendered":"http:\/\/lorrylesmetz-histoire.fr\/?page_id=1867"},"modified":"2017-08-16T12:05:56","modified_gmt":"2017-08-16T10:05:56","slug":"a-01","status":"publish","type":"page","link":"http:\/\/lorrylesmetz-histoire.fr\/?page_id=1867","title":{"rendered":"Assembl\u00e9e g\u00e9n\u00e9rale de Lorry-l\u00e8s-Metz \u00ab au fil du temps \u00bb 2015"},"content":{"rendered":"<h2>27\u00a0f\u00e9vrier\u00a02015<\/h2>\n<p>Fran\u00e7ois\u00a0Courtade, le pr\u00e9sident a tenu l\u2019assembl\u00e9e g\u00e9n\u00e9rale de Lorry-l\u00e8s-Metz \u00ab\u00a0au fil du Temps\u00a0\u00bb qui s\u2019est d\u00e9roul\u00e9e conform\u00e9ment aux r\u00e8gles.<\/p>\n<p>Il a ensuite pass\u00e9 la parole \u00e0 Dominique\u00a0Trimbur, professeur d\u2019histoire et directeur adjoint de l\u2019ensemble scolaire Jean\u00a0XXIII pour la conf\u00e9rence annonc\u00e9e\u00a0: <em>Destruction des monuments class\u00e9s ou inscrits au cours des Trente Glorieuses \u00e0 Metz\u00a0: quartier des Roches et H\u00f4tel de Perpignant Gronais<\/em>. Un titre prometteur\u2026<\/p>\n<p>Dominique\u00a0Trimbur explique que, dans les ann\u00e9es\u00a01970, la politique urbaine \u00e9tait tr\u00e8s loin du souci relativement nouveau de pr\u00e9server le patrimoine et plus dans la fonctionnalit\u00e9 des voies de communication, comme faire passer l\u2019A4 au milieu de la ville de Metz. Actuellement cette p\u00e9riode passe pour tr\u00e8s destructrice.<\/p>\n<p>La documentation conserv\u00e9e montre que les municipalit\u00e9s se succ\u00e9dant entre 1947 et 1970 avaient un r\u00e9el \u00ab\u00a0souci patrimonial\u00a0\u00bb peu en rapport avec nos exigences actuelles en la mati\u00e8re. Pr\u00e9server comme on le fait actuellement ne trouvait aucune r\u00e9probation \u00e9manant de groupes d\u2019int\u00e9r\u00eat ou de notables cultiv\u00e9s, toujours sans large assise populaire. Raymond\u00a0Mondon, actuellement tr\u00e8s d\u00e9cri\u00e9 pour ses destructions de maisons m\u00e9di\u00e9vales, tant au centre-ville qu\u2019au Pontiffroy est tr\u00e8s repr\u00e9sentatif de l\u2019esprit des Trente Glorieuses.<\/p>\n<p>Un d\u00e9bat anim\u00e9 s\u2019ensuivit, tr\u00e8s enrichissant.<\/p>\n<p>Un verre de l\u2019amiti\u00e9 le prolongea avec bonheur.<\/p>\n<div id=\"metaslider-id-1880\" style=\"width: 100%; margin: 0 auto;\" class=\"ml-slider-3-108-0 metaslider metaslider-responsive metaslider-1880 ml-slider has-dots-nav ms-theme-default\" role=\"region\" aria-label=\"AG 2015\" data-height=\"400\" data-width=\"400\">\n    <div id=\"metaslider_container_1880\">\n        <ul id='metaslider_1880' class='rslides'>\n            <li aria-roledescription='slide' aria-labelledby='slide-0'><a href=\"http:\/\/lorrylesmetz-histoire.fr\/wp-content\/uploads\/2017\/08\/1-3.jpg\" target=\"_blank\"><img loading=\"lazy\" decoding=\"async\" width=\"531\" height=\"800\" src=\"http:\/\/lorrylesmetz-histoire.fr\/wp-content\/uploads\/2017\/08\/1-3.jpg\" class=\"slider-1880 slide-1881 msDefaultImage\" alt=\"\" rel=\"\" title=\"\" srcset=\"http:\/\/lorrylesmetz-histoire.fr\/wp-content\/uploads\/2017\/08\/1-3.jpg 531w, http:\/\/lorrylesmetz-histoire.fr\/wp-content\/uploads\/2017\/08\/1-3-199x300.jpg 199w\" sizes=\"auto, (max-width: 531px) 100vw, 531px\" \/><\/a><\/li>\n            <li style='display: none;' aria-roledescription='slide' aria-labelledby='slide-1'><a href=\"http:\/\/lorrylesmetz-histoire.fr\/wp-content\/uploads\/2017\/08\/2-3.jpg\" target=\"_blank\"><img loading=\"lazy\" decoding=\"async\" width=\"800\" height=\"531\" src=\"http:\/\/lorrylesmetz-histoire.fr\/wp-content\/uploads\/2017\/08\/2-3.jpg\" class=\"slider-1880 slide-1882 msDefaultImage\" alt=\"\" rel=\"\" title=\"\" srcset=\"http:\/\/lorrylesmetz-histoire.fr\/wp-content\/uploads\/2017\/08\/2-3.jpg 800w, http:\/\/lorrylesmetz-histoire.fr\/wp-content\/uploads\/2017\/08\/2-3-300x199.jpg 300w, http:\/\/lorrylesmetz-histoire.fr\/wp-content\/uploads\/2017\/08\/2-3-768x510.jpg 768w\" sizes=\"auto, (max-width: 800px) 100vw, 800px\" \/><\/a><\/li>\n            <li style='display: none;' aria-roledescription='slide' aria-labelledby='slide-2'><a href=\"http:\/\/lorrylesmetz-histoire.fr\/wp-content\/uploads\/2017\/08\/3-3.jpg\" target=\"_blank\"><img loading=\"lazy\" decoding=\"async\" width=\"800\" height=\"531\" src=\"http:\/\/lorrylesmetz-histoire.fr\/wp-content\/uploads\/2017\/08\/3-3.jpg\" class=\"slider-1880 slide-1883 msDefaultImage\" alt=\"\" rel=\"\" title=\"\" srcset=\"http:\/\/lorrylesmetz-histoire.fr\/wp-content\/uploads\/2017\/08\/3-3.jpg 800w, http:\/\/lorrylesmetz-histoire.fr\/wp-content\/uploads\/2017\/08\/3-3-300x199.jpg 300w, http:\/\/lorrylesmetz-histoire.fr\/wp-content\/uploads\/2017\/08\/3-3-768x510.jpg 768w\" sizes=\"auto, (max-width: 800px) 100vw, 800px\" \/><\/a><\/li>\n            <li style='display: none;' aria-roledescription='slide' aria-labelledby='slide-3'><a href=\"http:\/\/lorrylesmetz-histoire.fr\/wp-content\/uploads\/2017\/08\/4-3.jpg\" target=\"_blank\"><img loading=\"lazy\" decoding=\"async\" width=\"800\" height=\"531\" src=\"http:\/\/lorrylesmetz-histoire.fr\/wp-content\/uploads\/2017\/08\/4-3.jpg\" class=\"slider-1880 slide-1884 msDefaultImage\" alt=\"\" rel=\"\" title=\"\" srcset=\"http:\/\/lorrylesmetz-histoire.fr\/wp-content\/uploads\/2017\/08\/4-3.jpg 800w, http:\/\/lorrylesmetz-histoire.fr\/wp-content\/uploads\/2017\/08\/4-3-300x199.jpg 300w, http:\/\/lorrylesmetz-histoire.fr\/wp-content\/uploads\/2017\/08\/4-3-768x510.jpg 768w\" sizes=\"auto, (max-width: 800px) 100vw, 800px\" \/><\/a><\/li>\n            <li style='display: none;' aria-roledescription='slide' aria-labelledby='slide-4'><a href=\"http:\/\/lorrylesmetz-histoire.fr\/wp-content\/uploads\/2017\/08\/5-2.jpg\" target=\"_blank\"><img loading=\"lazy\" decoding=\"async\" width=\"531\" height=\"800\" src=\"http:\/\/lorrylesmetz-histoire.fr\/wp-content\/uploads\/2017\/08\/5-2.jpg\" class=\"slider-1880 slide-1885 msDefaultImage\" alt=\"\" rel=\"\" title=\"\" srcset=\"http:\/\/lorrylesmetz-histoire.fr\/wp-content\/uploads\/2017\/08\/5-2.jpg 531w, http:\/\/lorrylesmetz-histoire.fr\/wp-content\/uploads\/2017\/08\/5-2-199x300.jpg 199w\" sizes=\"auto, (max-width: 531px) 100vw, 531px\" \/><\/a><\/li>\n            <li style='display: none;' aria-roledescription='slide' aria-labelledby='slide-5'><a href=\"http:\/\/lorrylesmetz-histoire.fr\/wp-content\/uploads\/2017\/08\/6-2.jpg\" target=\"_blank\"><img loading=\"lazy\" decoding=\"async\" width=\"531\" height=\"800\" src=\"http:\/\/lorrylesmetz-histoire.fr\/wp-content\/uploads\/2017\/08\/6-2.jpg\" class=\"slider-1880 slide-1886 msDefaultImage\" alt=\"\" rel=\"\" title=\"\" srcset=\"http:\/\/lorrylesmetz-histoire.fr\/wp-content\/uploads\/2017\/08\/6-2.jpg 531w, http:\/\/lorrylesmetz-histoire.fr\/wp-content\/uploads\/2017\/08\/6-2-199x300.jpg 199w\" sizes=\"auto, (max-width: 531px) 100vw, 531px\" \/><\/a><\/li>\n            <li style='display: none;' aria-roledescription='slide' aria-labelledby='slide-6'><a href=\"http:\/\/lorrylesmetz-histoire.fr\/wp-content\/uploads\/2017\/08\/7-1.jpg\" target=\"_blank\"><img loading=\"lazy\" decoding=\"async\" width=\"500\" height=\"672\" src=\"http:\/\/lorrylesmetz-histoire.fr\/wp-content\/uploads\/2017\/08\/7-1.jpg\" class=\"slider-1880 slide-1887 msDefaultImage\" alt=\"\" rel=\"\" title=\"\" srcset=\"http:\/\/lorrylesmetz-histoire.fr\/wp-content\/uploads\/2017\/08\/7-1.jpg 500w, http:\/\/lorrylesmetz-histoire.fr\/wp-content\/uploads\/2017\/08\/7-1-223x300.jpg 223w\" sizes=\"auto, (max-width: 500px) 100vw, 500px\" \/><\/a><\/li>\n            <li style='display: none;' aria-roledescription='slide' aria-labelledby='slide-7'><a href=\"http:\/\/lorrylesmetz-histoire.fr\/wp-content\/uploads\/2017\/08\/8.jpg\" target=\"_blank\"><img loading=\"lazy\" decoding=\"async\" width=\"640\" height=\"412\" src=\"http:\/\/lorrylesmetz-histoire.fr\/wp-content\/uploads\/2017\/08\/8.jpg\" class=\"slider-1880 slide-1888 msDefaultImage\" alt=\"\" rel=\"\" title=\"\" srcset=\"http:\/\/lorrylesmetz-histoire.fr\/wp-content\/uploads\/2017\/08\/8.jpg 640w, http:\/\/lorrylesmetz-histoire.fr\/wp-content\/uploads\/2017\/08\/8-300x193.jpg 300w\" sizes=\"auto, (max-width: 640px) 100vw, 640px\" \/><\/a><\/li>\n            <li style='display: none;' aria-roledescription='slide' aria-labelledby='slide-8'><a href=\"http:\/\/lorrylesmetz-histoire.fr\/wp-content\/uploads\/2017\/08\/9.jpg\" target=\"_blank\"><img loading=\"lazy\" decoding=\"async\" width=\"531\" height=\"800\" src=\"http:\/\/lorrylesmetz-histoire.fr\/wp-content\/uploads\/2017\/08\/9.jpg\" class=\"slider-1880 slide-1889 msDefaultImage\" alt=\"\" rel=\"\" title=\"\" srcset=\"http:\/\/lorrylesmetz-histoire.fr\/wp-content\/uploads\/2017\/08\/9.jpg 531w, http:\/\/lorrylesmetz-histoire.fr\/wp-content\/uploads\/2017\/08\/9-199x300.jpg 199w\" sizes=\"auto, (max-width: 531px) 100vw, 531px\" \/><\/a><\/li>\n        <\/ul>\n        \n    <\/div>\n<\/div>\n<p>Photos de G\u00e9rard\u00a0Kester.<\/p>\n<p>Et pour continuer : le catalogue de l&rsquo;exposition <em>100 b\u00e2timents prot\u00e9g\u00e9s a Metz<\/em> (5,6 Mo)\u00a0<a href=\"http:\/\/lorrylesmetz-histoire.fr\/wp-content\/uploads\/2017\/08\/catalogue_100_bat.pdf\" target=\"_blank\" rel=\"noopener\"><img loading=\"lazy\" decoding=\"async\" class=\"alignnone wp-image-683 size-full\" src=\"http:\/\/lorrylesmetz-histoire.fr\/wp-content\/uploads\/2017\/05\/voir.png\" alt=\"\" width=\"89\" height=\"31\" \/><\/a>\u00a0 <a href=\"http:\/\/lorrylesmetz-histoire.fr\/?media_dl=2783\"><img decoding=\"async\" src=\"http:\/\/lorrylesmetz-histoire.fr\/wp-content\/uploads\/2017\/05\/telecharger_pdf.png\" \/><\/a><\/p>\n<p><a href=\"http:\/\/lorrylesmetz-histoire.fr\/?page_id=1865\"><img loading=\"lazy\" decoding=\"async\" class=\"alignnone wp-image-378 size-full\" src=\"http:\/\/lorrylesmetz-histoire.fr\/wp-content\/uploads\/2017\/05\/retour.png\" alt=\"\" width=\"89\" height=\"31\" \/><\/a><\/p>\n","protected":false},"excerpt":{"rendered":"<p>27\u00a0f\u00e9vrier\u00a02015 Fran\u00e7ois\u00a0Courtade, le pr\u00e9sident a tenu l\u2019assembl\u00e9e g\u00e9n\u00e9rale de Lorry-l\u00e8s-Metz \u00ab\u00a0au fil du Temps\u00a0\u00bb qui s\u2019est d\u00e9roul\u00e9e conform\u00e9ment aux r\u00e8gles. Il a ensuite pass\u00e9 la parole \u00e0 Dominique\u00a0Trimbur, professeur d\u2019histoire et directeur adjoint de l\u2019ensemble scolaire Jean\u00a0XXIII pour la conf\u00e9rence&hellip; <\/p>\n","protected":false},"author":1,"featured_media":0,"parent":1865,"menu_order":0,"comment_status":"closed","ping_status":"closed","template":"","meta":{"_mc_calendar":[],"footnotes":""},"class_list":["post-1867","page","type-page","status-publish","hentry"],"_links":{"self":[{"href":"http:\/\/lorrylesmetz-histoire.fr\/index.php?rest_route=\/wp\/v2\/pages\/1867","targetHints":{"allow":["GET"]}}],"collection":[{"href":"http:\/\/lorrylesmetz-histoire.fr\/index.php?rest_route=\/wp\/v2\/pages"}],"about":[{"href":"http:\/\/lorrylesmetz-histoire.fr\/index.php?rest_route=\/wp\/v2\/types\/page"}],"author":[{"embeddable":true,"href":"http:\/\/lorrylesmetz-histoire.fr\/index.php?rest_route=\/wp\/v2\/users\/1"}],"replies":[{"embeddable":true,"href":"http:\/\/lorrylesmetz-histoire.fr\/index.php?rest_route=%2Fwp%2Fv2%2Fcomments&post=1867"}],"version-history":[{"count":5,"href":"http:\/\/lorrylesmetz-histoire.fr\/index.php?rest_route=\/wp\/v2\/pages\/1867\/revisions"}],"predecessor-version":[{"id":2785,"href":"http:\/\/lorrylesmetz-histoire.fr\/index.php?rest_route=\/wp\/v2\/pages\/1867\/revisions\/2785"}],"up":[{"embeddable":true,"href":"http:\/\/lorrylesmetz-histoire.fr\/index.php?rest_route=\/wp\/v2\/pages\/1865"}],"wp:attachment":[{"href":"http:\/\/lorrylesmetz-histoire.fr\/index.php?rest_route=%2Fwp%2Fv2%2Fmedia&parent=1867"}],"curies":[{"name":"wp","href":"https:\/\/api.w.org\/{rel}","templated":true}]}}