{"id":1868,"date":"2017-08-12T08:54:30","date_gmt":"2017-08-12T06:54:30","guid":{"rendered":"http:\/\/lorrylesmetz-histoire.fr\/?page_id=1868"},"modified":"2017-08-12T08:54:30","modified_gmt":"2017-08-12T06:54:30","slug":"a-02","status":"publish","type":"page","link":"http:\/\/lorrylesmetz-histoire.fr\/?page_id=1868","title":{"rendered":"Vid\u00e9o-projection de Monique Courtade"},"content":{"rendered":"<h1><strong>\u00ab\u00a0Observer la nature sans quitter son jardin\u00a0\u00bb<\/strong><\/h1>\n<h2>22\u00a0mai\u00a02015<\/h2>\n<p>Lorry-l\u00e8s-Metz \u00ab\u00a0au fil du Temps\u00a0\u00bb a pr\u00e9sent\u00e9 une vid\u00e9oprojection anim\u00e9e par Monique\u00a0Courtade, naturaliste et photographe patiente et passionn\u00e9e.<\/p>\n<p>La punaise am\u00e9ricaine\u00a0? La petite gu\u00eape \u00ab\u00a0<em>Isodontia mexicana\u00a0\u00bb.<\/em> Inutile de traverser l\u2019Atlantique pour les observer, elles sont au jardin\u00a0!<\/p>\n<p>Un escargot \u00e0 poils\u00a0? Il se prom\u00e8ne dans les salades\u00a0!<\/p>\n<p>Le grand voyage des m\u00e9sanges, la nuit de r\u00e9veillon de la fouine\u2026<\/p>\n<p>Photos, macrophotos, clips vid\u00e9o vous feront d\u00e9couvrir le monde extraordinaire des insectes, oiseaux, petits mammif\u00e8res qui vivent au jardin. D\u00e9couvrir pas seulement leur \u00ab\u00a0portrait\u00a0\u00bb si l\u2019on peut dire, mais leur vie, toujours int\u00e9ressante, parfois surprenante, leur histoire, leur particularit\u00e9 avec des anecdotes s\u00e9rieuses ou amusantes.<\/p>\n<p>Les plantes ne sont pas oubli\u00e9es. Les gros plans magnifient des d\u00e9tails insoup\u00e7onn\u00e9s de l\u2019humble joubarbe, de la phac\u00e9lie, la lumi\u00e8re transforme les graines de cl\u00e9matites en guirlandes \u00e9tincelantes, et bien d\u2019autres.<\/p>\n<p>Toute cette vie laisse apparaitre quelques points d\u2019actualit\u00e9\u00a0: les esp\u00e8ces invasives, le r\u00e9chauffement climatique\u2026<\/p>\n<div id=\"metaslider-id-1897\" style=\"width: 100%; margin: 0 auto;\" class=\"ml-slider-3-108-0 metaslider metaslider-responsive metaslider-1897 ml-slider has-dots-nav ms-theme-default\" role=\"region\" aria-label=\"Conf Observer nature\" data-height=\"400\" data-width=\"400\">\n    <div id=\"metaslider_container_1897\">\n        <ul id='metaslider_1897' class='rslides'>\n            <li aria-roledescription='slide' aria-labelledby='slide-0'><a href=\"http:\/\/lorrylesmetz-histoire.fr\/wp-content\/uploads\/2017\/08\/DSC1887.jpg\" target=\"_blank\"><img loading=\"lazy\" decoding=\"async\" width=\"800\" height=\"531\" src=\"http:\/\/lorrylesmetz-histoire.fr\/wp-content\/uploads\/2017\/08\/DSC1887.jpg\" class=\"slider-1897 slide-1900 msDefaultImage\" alt=\"\" rel=\"\" title=\"\" srcset=\"http:\/\/lorrylesmetz-histoire.fr\/wp-content\/uploads\/2017\/08\/DSC1887.jpg 800w, http:\/\/lorrylesmetz-histoire.fr\/wp-content\/uploads\/2017\/08\/DSC1887-300x199.jpg 300w, http:\/\/lorrylesmetz-histoire.fr\/wp-content\/uploads\/2017\/08\/DSC1887-768x510.jpg 768w\" sizes=\"auto, (max-width: 800px) 100vw, 800px\" \/><\/a><\/li>\n            <li style='display: none;' aria-roledescription='slide' aria-labelledby='slide-1'><a href=\"http:\/\/lorrylesmetz-histoire.fr\/wp-content\/uploads\/2017\/08\/Observer-la-nature-1.jpg\" target=\"_blank\"><img loading=\"lazy\" decoding=\"async\" width=\"856\" height=\"749\" src=\"http:\/\/lorrylesmetz-histoire.fr\/wp-content\/uploads\/2017\/08\/Observer-la-nature-1.jpg\" class=\"slider-1897 slide-1898 msDefaultImage\" alt=\"\" rel=\"\" title=\"\" srcset=\"http:\/\/lorrylesmetz-histoire.fr\/wp-content\/uploads\/2017\/08\/Observer-la-nature-1.jpg 856w, http:\/\/lorrylesmetz-histoire.fr\/wp-content\/uploads\/2017\/08\/Observer-la-nature-1-300x263.jpg 300w, http:\/\/lorrylesmetz-histoire.fr\/wp-content\/uploads\/2017\/08\/Observer-la-nature-1-768x672.jpg 768w\" sizes=\"auto, (max-width: 856px) 100vw, 856px\" \/><\/a><\/li>\n            <li style='display: none;' aria-roledescription='slide' aria-labelledby='slide-2'><a href=\"http:\/\/lorrylesmetz-histoire.fr\/wp-content\/uploads\/2017\/08\/Observer-la-nature-2.jpg\" target=\"_blank\"><img loading=\"lazy\" decoding=\"async\" width=\"1199\" height=\"796\" src=\"http:\/\/lorrylesmetz-histoire.fr\/wp-content\/uploads\/2017\/08\/Observer-la-nature-2.jpg\" class=\"slider-1897 slide-1899 msDefaultImage\" alt=\"\" rel=\"\" title=\"\" srcset=\"http:\/\/lorrylesmetz-histoire.fr\/wp-content\/uploads\/2017\/08\/Observer-la-nature-2.jpg 1199w, http:\/\/lorrylesmetz-histoire.fr\/wp-content\/uploads\/2017\/08\/Observer-la-nature-2-300x199.jpg 300w, http:\/\/lorrylesmetz-histoire.fr\/wp-content\/uploads\/2017\/08\/Observer-la-nature-2-768x510.jpg 768w, http:\/\/lorrylesmetz-histoire.fr\/wp-content\/uploads\/2017\/08\/Observer-la-nature-2-1024x680.jpg 1024w\" sizes=\"auto, (max-width: 1199px) 100vw, 1199px\" \/><\/a><\/li>\n        <\/ul>\n        \n    <\/div>\n<\/div>\n<p>Extrait du site de la mairie de Lorry-l\u00e8s-Metz.<\/p>\n<p><a href=\"http:\/\/lorrylesmetz-histoire.fr\/?page_id=1865\"><img loading=\"lazy\" decoding=\"async\" class=\"alignnone wp-image-378 size-full\" src=\"http:\/\/lorrylesmetz-histoire.fr\/wp-content\/uploads\/2017\/05\/retour.png\" alt=\"\" width=\"89\" height=\"31\" \/><\/a><\/p>\n","protected":false},"excerpt":{"rendered":"<p>\u00ab\u00a0Observer la nature sans quitter son jardin\u00a0\u00bb 22\u00a0mai\u00a02015 Lorry-l\u00e8s-Metz \u00ab\u00a0au fil du Temps\u00a0\u00bb a pr\u00e9sent\u00e9 une vid\u00e9oprojection anim\u00e9e par Monique\u00a0Courtade, naturaliste et photographe patiente et passionn\u00e9e. La punaise am\u00e9ricaine\u00a0? La petite gu\u00eape \u00ab\u00a0Isodontia mexicana\u00a0\u00bb. Inutile de traverser l\u2019Atlantique pour les&hellip; <\/p>\n","protected":false},"author":1,"featured_media":0,"parent":1865,"menu_order":1,"comment_status":"closed","ping_status":"closed","template":"","meta":{"_mc_calendar":[],"footnotes":""},"class_list":["post-1868","page","type-page","status-publish","hentry"],"_links":{"self":[{"href":"http:\/\/lorrylesmetz-histoire.fr\/index.php?rest_route=\/wp\/v2\/pages\/1868","targetHints":{"allow":["GET"]}}],"collection":[{"href":"http:\/\/lorrylesmetz-histoire.fr\/index.php?rest_route=\/wp\/v2\/pages"}],"about":[{"href":"http:\/\/lorrylesmetz-histoire.fr\/index.php?rest_route=\/wp\/v2\/types\/page"}],"author":[{"embeddable":true,"href":"http:\/\/lorrylesmetz-histoire.fr\/index.php?rest_route=\/wp\/v2\/users\/1"}],"replies":[{"embeddable":true,"href":"http:\/\/lorrylesmetz-histoire.fr\/index.php?rest_route=%2Fwp%2Fv2%2Fcomments&post=1868"}],"version-history":[{"count":1,"href":"http:\/\/lorrylesmetz-histoire.fr\/index.php?rest_route=\/wp\/v2\/pages\/1868\/revisions"}],"predecessor-version":[{"id":1901,"href":"http:\/\/lorrylesmetz-histoire.fr\/index.php?rest_route=\/wp\/v2\/pages\/1868\/revisions\/1901"}],"up":[{"embeddable":true,"href":"http:\/\/lorrylesmetz-histoire.fr\/index.php?rest_route=\/wp\/v2\/pages\/1865"}],"wp:attachment":[{"href":"http:\/\/lorrylesmetz-histoire.fr\/index.php?rest_route=%2Fwp%2Fv2%2Fmedia&parent=1868"}],"curies":[{"name":"wp","href":"https:\/\/api.w.org\/{rel}","templated":true}]}}