{"id":1870,"date":"2017-08-12T09:21:13","date_gmt":"2017-08-12T07:21:13","guid":{"rendered":"http:\/\/lorrylesmetz-histoire.fr\/?page_id=1870"},"modified":"2017-08-12T09:23:39","modified_gmt":"2017-08-12T07:23:39","slug":"a-04","status":"publish","type":"page","link":"http:\/\/lorrylesmetz-histoire.fr\/?page_id=1870","title":{"rendered":"Projection et d\u00e9bat &#8211; Raymond Mondon"},"content":{"rendered":"<h2><strong>Raymond\u00a0Mondon\u00a0: un destin inachev\u00e9<br \/>\n<\/strong><\/h2>\n<h2>5\u00a0novembre\u00a02015<\/h2>\n<p>Lorry-l\u00e8s-Metz \u00ab\u00a0au fil du Temps\u00a0\u00bb pr\u00e9sentait un court m\u00e9trage d\u2019une trentaine de minutes sur le personnage de Raymond\u00a0Mondon.<\/p>\n<p>Ce d\u00e9put\u00e9-maire de la ville de Metz, conseiller g\u00e9n\u00e9ral de la Moselle n\u2019avait que 33\u00a0ans lorsqu\u2019il prit ses fonctions. Cet ancien r\u00e9sistant va gravir les \u00e9chelons jusqu\u2019au plus haut sommet de l\u2019\u00c9tat pendant presque 25\u00a0ans.<\/p>\n<p>Deux fois ministre sous Giscard\u00a0d\u2019Estaing, cofondateur des R\u00e9publicains ind\u00e9pendants, il a c\u00f4toy\u00e9 cinq pr\u00e9sidents de la R\u00e9publique et men\u00e9s de grands changements \u00e0 Metz\u00a0: reconstruction, d\u00e9colonisation, modernisation et r\u00e9gionalisation.<\/p>\n<p>C\u2019est une grande figure des Trente Glorieuses.<\/p>\n<p>Un d\u00e9bat avec Dominique\u00a0Trimbur et Ga\u00ebtan\u00a0Avenzato a passionn\u00e9 les auditeurs.<\/p>\n<p>Le verre de l\u2019amiti\u00e9 a permis de continuer les conversations d\u2019une fa\u00e7on conviviale.<\/p>\n<div id=\"metaslider-id-1911\" style=\"width: 100%; margin: 0 auto;\" class=\"ml-slider-3-108-0 metaslider metaslider-responsive metaslider-1911 ml-slider has-dots-nav ms-theme-default\" role=\"region\" aria-label=\"Conf Mondon\" data-height=\"400\" data-width=\"400\">\n    <div id=\"metaslider_container_1911\">\n        <ul id='metaslider_1911' class='rslides'>\n            <li aria-roledescription='slide' aria-labelledby='slide-0'><a href=\"http:\/\/lorrylesmetz-histoire.fr\/wp-content\/uploads\/2017\/08\/1-4.jpg\" target=\"_blank\"><img loading=\"lazy\" decoding=\"async\" width=\"420\" height=\"600\" src=\"http:\/\/lorrylesmetz-histoire.fr\/wp-content\/uploads\/2017\/08\/1-4.jpg\" class=\"slider-1911 slide-1912 msDefaultImage\" alt=\"\" rel=\"\" title=\"\" srcset=\"http:\/\/lorrylesmetz-histoire.fr\/wp-content\/uploads\/2017\/08\/1-4.jpg 420w, http:\/\/lorrylesmetz-histoire.fr\/wp-content\/uploads\/2017\/08\/1-4-210x300.jpg 210w\" sizes=\"auto, (max-width: 420px) 100vw, 420px\" \/><\/a><\/li>\n            <li style='display: none;' aria-roledescription='slide' aria-labelledby='slide-1'><a href=\"http:\/\/lorrylesmetz-histoire.fr\/wp-content\/uploads\/2017\/08\/2-4.jpg\" target=\"_blank\"><img loading=\"lazy\" decoding=\"async\" width=\"640\" height=\"480\" src=\"http:\/\/lorrylesmetz-histoire.fr\/wp-content\/uploads\/2017\/08\/2-4.jpg\" class=\"slider-1911 slide-1913 msDefaultImage\" alt=\"\" rel=\"\" title=\"\" srcset=\"http:\/\/lorrylesmetz-histoire.fr\/wp-content\/uploads\/2017\/08\/2-4.jpg 640w, http:\/\/lorrylesmetz-histoire.fr\/wp-content\/uploads\/2017\/08\/2-4-300x225.jpg 300w\" sizes=\"auto, (max-width: 640px) 100vw, 640px\" \/><\/a><\/li>\n            <li style='display: none;' aria-roledescription='slide' aria-labelledby='slide-2'><a href=\"http:\/\/lorrylesmetz-histoire.fr\/wp-content\/uploads\/2017\/08\/3-4.jpg\" target=\"_blank\"><img loading=\"lazy\" decoding=\"async\" width=\"640\" height=\"480\" src=\"http:\/\/lorrylesmetz-histoire.fr\/wp-content\/uploads\/2017\/08\/3-4.jpg\" class=\"slider-1911 slide-1914 msDefaultImage\" alt=\"\" rel=\"\" title=\"\" srcset=\"http:\/\/lorrylesmetz-histoire.fr\/wp-content\/uploads\/2017\/08\/3-4.jpg 640w, http:\/\/lorrylesmetz-histoire.fr\/wp-content\/uploads\/2017\/08\/3-4-300x225.jpg 300w\" sizes=\"auto, (max-width: 640px) 100vw, 640px\" \/><\/a><\/li>\n            <li style='display: none;' aria-roledescription='slide' aria-labelledby='slide-3'><a href=\"http:\/\/lorrylesmetz-histoire.fr\/wp-content\/uploads\/2017\/08\/4-4.jpg\" target=\"_self\"><img loading=\"lazy\" decoding=\"async\" width=\"733\" height=\"580\" src=\"http:\/\/lorrylesmetz-histoire.fr\/wp-content\/uploads\/2017\/08\/4-4.jpg\" class=\"slider-1911 slide-1915 msDefaultImage\" alt=\"\" rel=\"\" title=\"\" srcset=\"http:\/\/lorrylesmetz-histoire.fr\/wp-content\/uploads\/2017\/08\/4-4.jpg 733w, http:\/\/lorrylesmetz-histoire.fr\/wp-content\/uploads\/2017\/08\/4-4-300x237.jpg 300w\" sizes=\"auto, (max-width: 733px) 100vw, 733px\" \/><\/a><\/li>\n        <\/ul>\n        \n    <\/div>\n<\/div>\n<p>Photos de Roger\u00a0Mariotte.<\/p>\n<p><a href=\"http:\/\/lorrylesmetz-histoire.fr\/?page_id=1865\"><img loading=\"lazy\" decoding=\"async\" class=\"alignnone wp-image-378 size-full\" src=\"http:\/\/lorrylesmetz-histoire.fr\/wp-content\/uploads\/2017\/05\/retour.png\" alt=\"\" width=\"89\" height=\"31\" \/><\/a><\/p>\n","protected":false},"excerpt":{"rendered":"<p>Raymond\u00a0Mondon\u00a0: un destin inachev\u00e9 5\u00a0novembre\u00a02015 Lorry-l\u00e8s-Metz \u00ab\u00a0au fil du Temps\u00a0\u00bb pr\u00e9sentait un court m\u00e9trage d\u2019une trentaine de minutes sur le personnage de Raymond\u00a0Mondon. Ce d\u00e9put\u00e9-maire de la ville de Metz, conseiller g\u00e9n\u00e9ral de la Moselle n\u2019avait que 33\u00a0ans lorsqu\u2019il prit&hellip; <\/p>\n","protected":false},"author":1,"featured_media":0,"parent":1865,"menu_order":3,"comment_status":"closed","ping_status":"closed","template":"","meta":{"_mc_calendar":[],"footnotes":""},"class_list":["post-1870","page","type-page","status-publish","hentry"],"_links":{"self":[{"href":"http:\/\/lorrylesmetz-histoire.fr\/index.php?rest_route=\/wp\/v2\/pages\/1870","targetHints":{"allow":["GET"]}}],"collection":[{"href":"http:\/\/lorrylesmetz-histoire.fr\/index.php?rest_route=\/wp\/v2\/pages"}],"about":[{"href":"http:\/\/lorrylesmetz-histoire.fr\/index.php?rest_route=\/wp\/v2\/types\/page"}],"author":[{"embeddable":true,"href":"http:\/\/lorrylesmetz-histoire.fr\/index.php?rest_route=\/wp\/v2\/users\/1"}],"replies":[{"embeddable":true,"href":"http:\/\/lorrylesmetz-histoire.fr\/index.php?rest_route=%2Fwp%2Fv2%2Fcomments&post=1870"}],"version-history":[{"count":3,"href":"http:\/\/lorrylesmetz-histoire.fr\/index.php?rest_route=\/wp\/v2\/pages\/1870\/revisions"}],"predecessor-version":[{"id":1919,"href":"http:\/\/lorrylesmetz-histoire.fr\/index.php?rest_route=\/wp\/v2\/pages\/1870\/revisions\/1919"}],"up":[{"embeddable":true,"href":"http:\/\/lorrylesmetz-histoire.fr\/index.php?rest_route=\/wp\/v2\/pages\/1865"}],"wp:attachment":[{"href":"http:\/\/lorrylesmetz-histoire.fr\/index.php?rest_route=%2Fwp%2Fv2%2Fmedia&parent=1870"}],"curies":[{"name":"wp","href":"https:\/\/api.w.org\/{rel}","templated":true}]}}