{"id":1921,"date":"2017-08-12T10:36:36","date_gmt":"2017-08-12T08:36:36","guid":{"rendered":"http:\/\/lorrylesmetz-histoire.fr\/?page_id=1921"},"modified":"2017-08-16T15:25:02","modified_gmt":"2017-08-16T13:25:02","slug":"2014-2","status":"publish","type":"page","link":"http:\/\/lorrylesmetz-histoire.fr\/?page_id=1921","title":{"rendered":"2014"},"content":{"rendered":"<table style=\"width: 650px;\">\n<tbody>\n<tr style=\"height: 30px;\">\n<td style=\"height: 30px; width: 148.567px;\">14 novembre<\/td>\n<td style=\"height: 30px; width: 299.433px;\">Colloque de Woippy 2014<\/td>\n<td style=\"height: 30px; width: 114px;\"><a href=\"http:\/\/lorrylesmetz-histoire.fr\/?page_id=1924\"><img loading=\"lazy\" decoding=\"async\" class=\"alignnone wp-image-683 size-full\" src=\"http:\/\/lorrylesmetz-histoire.fr\/wp-content\/uploads\/2017\/05\/voir.png?_t=1502533290\" alt=\"\" width=\"89\" height=\"31\" \/><\/a><\/td>\n<\/tr>\n<tr style=\"height: 30px;\">\n<td style=\"height: 30px; width: 148.567px;\">25 et 26 octobre 2014<\/td>\n<td style=\"height: 30px; width: 299.433px;\">Exposition sur la lib\u00e9ration de Lorry-l\u00e8s-Metz<\/td>\n<td style=\"height: 30px; width: 114px;\"><a href=\"http:\/\/lorrylesmetz-histoire.fr\/?page_id=2808\"><img loading=\"lazy\" decoding=\"async\" class=\"alignnone\" src=\"http:\/\/lorrylesmetz-histoire.fr\/wp-content\/uploads\/2017\/05\/voir.png?_t=1502541681\" alt=\"\" width=\"89\" height=\"31\" \/><\/a><\/td>\n<\/tr>\n<tr style=\"height: 30px;\">\n<td style=\"height: 30px; width: 148.567px;\">20 septembre 2014<\/td>\n<td style=\"height: 30px; width: 299.433px;\">Conf\u00e9rence Chasse royale sur le Saint-Quentin<\/td>\n<td style=\"height: 30px; width: 114px;\"><a href=\"http:\/\/lorrylesmetz-histoire.fr\/?page_id=2823\"><img loading=\"lazy\" decoding=\"async\" class=\"alignnone\" src=\"http:\/\/lorrylesmetz-histoire.fr\/wp-content\/uploads\/2017\/05\/voir.png?_t=1502541681\" alt=\"\" width=\"89\" height=\"31\" \/><\/a><\/td>\n<\/tr>\n<tr style=\"height: 30px;\">\n<td style=\"height: 30px; width: 148.567px;\">29 juin 2014<\/td>\n<td style=\"height: 30px; width: 299.433px;\">Caligeottes et Cabanes<\/td>\n<td style=\"height: 30px; width: 114px;\"><a href=\"http:\/\/lorrylesmetz-histoire.fr\/?page_id=2845\"><img loading=\"lazy\" decoding=\"async\" class=\"alignnone\" src=\"http:\/\/lorrylesmetz-histoire.fr\/wp-content\/uploads\/2017\/05\/voir.png?_t=1502541681\" alt=\"\" width=\"89\" height=\"31\" \/><\/a><\/td>\n<\/tr>\n<tr style=\"height: 30px;\">\n<td style=\"height: 30px; width: 148.567px;\">20\u00a0juin\u00a02014<\/td>\n<td style=\"height: 30px; width: 299.433px;\">Visite guid\u00e9e de Woippy<\/td>\n<td style=\"height: 30px; width: 114px;\"><a href=\"http:\/\/lorrylesmetz-histoire.fr\/?page_id=1923\"><img loading=\"lazy\" decoding=\"async\" class=\"alignnone wp-image-683 size-full\" src=\"http:\/\/lorrylesmetz-histoire.fr\/wp-content\/uploads\/2017\/05\/voir.png\" alt=\"\" width=\"89\" height=\"31\" \/><\/a><\/td>\n<\/tr>\n<tr style=\"height: 6px;\">\n<td style=\"height: 6px; width: 148.567px;\">7 f\u00e9vrier 2014<\/td>\n<td style=\"height: 6px; width: 299.433px;\">Assembl\u00e9e g\u00e9n\u00e9rale de Lorry-l\u00e8s-Metz \u00ab\u00a0Au fil du temps\u00a0\u00bb<\/td>\n<td style=\"height: 6px; width: 114px;\"><a href=\"http:\/\/lorrylesmetz-histoire.fr\/?page_id=1922\"><img loading=\"lazy\" decoding=\"async\" class=\"alignnone wp-image-683 size-full\" src=\"http:\/\/lorrylesmetz-histoire.fr\/wp-content\/uploads\/2017\/05\/voir.png?_t=1502527228\" alt=\"\" width=\"89\" height=\"31\" \/><\/a><\/td>\n<\/tr>\n<\/tbody>\n<\/table>\n<p><a href=\"http:\/\/lorrylesmetz-histoire.fr\/?page_id=60\"><img loading=\"lazy\" decoding=\"async\" class=\"alignnone wp-image-378 size-full\" src=\"http:\/\/lorrylesmetz-histoire.fr\/wp-content\/uploads\/2017\/05\/retour.png\" alt=\"\" width=\"89\" height=\"31\" \/><\/a><\/p>\n","protected":false},"excerpt":{"rendered":"<p>14 novembre Colloque de Woippy 2014 25 et 26 octobre 2014 Exposition sur la lib\u00e9ration de Lorry-l\u00e8s-Metz 20 septembre 2014 Conf\u00e9rence Chasse royale sur le Saint-Quentin 29 juin 2014 Caligeottes et Cabanes 20\u00a0juin\u00a02014 Visite guid\u00e9e de Woippy 7 f\u00e9vrier 2014&hellip; <\/p>\n","protected":false},"author":1,"featured_media":0,"parent":60,"menu_order":12,"comment_status":"closed","ping_status":"closed","template":"","meta":{"_mc_calendar":[],"footnotes":""},"class_list":["post-1921","page","type-page","status-publish","hentry"],"_links":{"self":[{"href":"http:\/\/lorrylesmetz-histoire.fr\/index.php?rest_route=\/wp\/v2\/pages\/1921","targetHints":{"allow":["GET"]}}],"collection":[{"href":"http:\/\/lorrylesmetz-histoire.fr\/index.php?rest_route=\/wp\/v2\/pages"}],"about":[{"href":"http:\/\/lorrylesmetz-histoire.fr\/index.php?rest_route=\/wp\/v2\/types\/page"}],"author":[{"embeddable":true,"href":"http:\/\/lorrylesmetz-histoire.fr\/index.php?rest_route=\/wp\/v2\/users\/1"}],"replies":[{"embeddable":true,"href":"http:\/\/lorrylesmetz-histoire.fr\/index.php?rest_route=%2Fwp%2Fv2%2Fcomments&post=1921"}],"version-history":[{"count":10,"href":"http:\/\/lorrylesmetz-histoire.fr\/index.php?rest_route=\/wp\/v2\/pages\/1921\/revisions"}],"predecessor-version":[{"id":2867,"href":"http:\/\/lorrylesmetz-histoire.fr\/index.php?rest_route=\/wp\/v2\/pages\/1921\/revisions\/2867"}],"up":[{"embeddable":true,"href":"http:\/\/lorrylesmetz-histoire.fr\/index.php?rest_route=\/wp\/v2\/pages\/60"}],"wp:attachment":[{"href":"http:\/\/lorrylesmetz-histoire.fr\/index.php?rest_route=%2Fwp%2Fv2%2Fmedia&parent=1921"}],"curies":[{"name":"wp","href":"https:\/\/api.w.org\/{rel}","templated":true}]}}