{"id":1923,"date":"2017-08-12T12:11:18","date_gmt":"2017-08-12T10:11:18","guid":{"rendered":"http:\/\/lorrylesmetz-histoire.fr\/?page_id=1923"},"modified":"2017-08-12T12:23:10","modified_gmt":"2017-08-12T10:23:10","slug":"a-02","status":"publish","type":"page","link":"http:\/\/lorrylesmetz-histoire.fr\/?page_id=1923","title":{"rendered":"Visite guid\u00e9e de Woippy"},"content":{"rendered":"<h2>20\u00a0juin\u00a02014<\/h2>\n<p>Des membres de Lorry-l\u00e8s-Metz \u00ab\u00a0au fil du Temps\u00a0\u00bb ont suivi Pierre\u00a0Brasme, pr\u00e9sident honoraire de la Soci\u00e9t\u00e9 d\u2019histoire de Woippy, \u00e0 la d\u00e9couverte Woippy.<\/p>\n<p>En historien, il s\u2019est fait le guide \u00e9clair\u00e9 de cette balade qui permet de d\u00e9couvrir l\u2019histoire locale \u00e0 travers les rues et le patrimoine woippycien.<\/p>\n<p>Le rendez-vous \u00e9tait fix\u00e9 rue de Biche pour se diriger vers l\u2019\u00e9glise Saint-\u00c9tienne qui a r\u00e9v\u00e9l\u00e9 des fresques du peintre Mar\u00e9chal, nouvellement d\u00e9couvertes au cours de sa r\u00e9fection. (D\u00e9cid\u00e9ment, cet article sur l\u2019\u00c9cole de peinture de Metz semble devenir incontournable\u00a0!)<\/p>\n<p>S\u2019ensuivirent la Haute-Maison (XV<sup>e\u00a0<\/sup>si\u00e8cle) et une tr\u00e8s jolie balade dans le haut de Nachy, c\u0153ur historique de Woippy. On y voit des pierres sculpt\u00e9es qui n\u2019ont pas encore d\u00e9voil\u00e9 tout leur myst\u00e8re\u2026<\/p>\n<p>Gr\u00e2ce aux explications toujours \u00e9maill\u00e9es d\u2019anecdotes de Pierre\u00a0Brasme, les membres de l\u2019association ont pu s\u2019impr\u00e9gner du riche pass\u00e9 de ce village.<\/p>\n<div id=\"metaslider-id-1943\" style=\"width: 100%; margin: 0 auto;\" class=\"ml-slider-3-108-0 metaslider metaslider-responsive metaslider-1943 ml-slider has-dots-nav ms-theme-default\" role=\"region\" aria-label=\"Visite Woippy\" data-height=\"400\" data-width=\"400\">\n    <div id=\"metaslider_container_1943\">\n        <ul id='metaslider_1943' class='rslides'>\n            <li aria-roledescription='slide' aria-labelledby='slide-0'><a href=\"http:\/\/lorrylesmetz-histoire.fr\/wp-content\/uploads\/2017\/08\/01.jpg\" target=\"_blank\"><img loading=\"lazy\" decoding=\"async\" width=\"531\" height=\"800\" src=\"http:\/\/lorrylesmetz-histoire.fr\/wp-content\/uploads\/2017\/08\/01.jpg\" class=\"slider-1943 slide-1944 msDefaultImage\" alt=\"\" rel=\"\" title=\"\" srcset=\"http:\/\/lorrylesmetz-histoire.fr\/wp-content\/uploads\/2017\/08\/01.jpg 531w, http:\/\/lorrylesmetz-histoire.fr\/wp-content\/uploads\/2017\/08\/01-199x300.jpg 199w\" sizes=\"auto, (max-width: 531px) 100vw, 531px\" \/><\/a><\/li>\n            <li style='display: none;' aria-roledescription='slide' aria-labelledby='slide-1'><a href=\"http:\/\/lorrylesmetz-histoire.fr\/wp-content\/uploads\/2017\/08\/02.jpg\" target=\"_blank\"><img loading=\"lazy\" decoding=\"async\" width=\"531\" height=\"800\" src=\"http:\/\/lorrylesmetz-histoire.fr\/wp-content\/uploads\/2017\/08\/02.jpg\" class=\"slider-1943 slide-1945 msDefaultImage\" alt=\"\" rel=\"\" title=\"\" srcset=\"http:\/\/lorrylesmetz-histoire.fr\/wp-content\/uploads\/2017\/08\/02.jpg 531w, http:\/\/lorrylesmetz-histoire.fr\/wp-content\/uploads\/2017\/08\/02-199x300.jpg 199w\" sizes=\"auto, (max-width: 531px) 100vw, 531px\" \/><\/a><\/li>\n            <li style='display: none;' aria-roledescription='slide' aria-labelledby='slide-2'><a href=\"http:\/\/lorrylesmetz-histoire.fr\/wp-content\/uploads\/2017\/08\/03.jpg\" target=\"_blank\"><img loading=\"lazy\" decoding=\"async\" width=\"531\" height=\"800\" src=\"http:\/\/lorrylesmetz-histoire.fr\/wp-content\/uploads\/2017\/08\/03.jpg\" class=\"slider-1943 slide-1946 msDefaultImage\" alt=\"\" rel=\"\" title=\"\" srcset=\"http:\/\/lorrylesmetz-histoire.fr\/wp-content\/uploads\/2017\/08\/03.jpg 531w, http:\/\/lorrylesmetz-histoire.fr\/wp-content\/uploads\/2017\/08\/03-199x300.jpg 199w\" sizes=\"auto, (max-width: 531px) 100vw, 531px\" \/><\/a><\/li>\n            <li style='display: none;' aria-roledescription='slide' aria-labelledby='slide-3'><a href=\"http:\/\/lorrylesmetz-histoire.fr\/wp-content\/uploads\/2017\/08\/04.jpg\" target=\"_blank\"><img loading=\"lazy\" decoding=\"async\" width=\"531\" height=\"800\" src=\"http:\/\/lorrylesmetz-histoire.fr\/wp-content\/uploads\/2017\/08\/04.jpg\" class=\"slider-1943 slide-1947 msDefaultImage\" alt=\"\" rel=\"\" title=\"\" srcset=\"http:\/\/lorrylesmetz-histoire.fr\/wp-content\/uploads\/2017\/08\/04.jpg 531w, http:\/\/lorrylesmetz-histoire.fr\/wp-content\/uploads\/2017\/08\/04-199x300.jpg 199w\" sizes=\"auto, (max-width: 531px) 100vw, 531px\" \/><\/a><\/li>\n            <li style='display: none;' aria-roledescription='slide' aria-labelledby='slide-4'><a href=\"http:\/\/lorrylesmetz-histoire.fr\/wp-content\/uploads\/2017\/08\/05.jpg\" target=\"_blank\"><img loading=\"lazy\" decoding=\"async\" width=\"531\" height=\"800\" src=\"http:\/\/lorrylesmetz-histoire.fr\/wp-content\/uploads\/2017\/08\/05.jpg\" class=\"slider-1943 slide-1948 msDefaultImage\" alt=\"\" rel=\"\" title=\"\" srcset=\"http:\/\/lorrylesmetz-histoire.fr\/wp-content\/uploads\/2017\/08\/05.jpg 531w, http:\/\/lorrylesmetz-histoire.fr\/wp-content\/uploads\/2017\/08\/05-199x300.jpg 199w\" sizes=\"auto, (max-width: 531px) 100vw, 531px\" \/><\/a><\/li>\n            <li style='display: none;' aria-roledescription='slide' aria-labelledby='slide-5'><a href=\"http:\/\/lorrylesmetz-histoire.fr\/wp-content\/uploads\/2017\/08\/06.jpg\" target=\"_blank\"><img loading=\"lazy\" decoding=\"async\" width=\"531\" height=\"800\" src=\"http:\/\/lorrylesmetz-histoire.fr\/wp-content\/uploads\/2017\/08\/06.jpg\" class=\"slider-1943 slide-1949 msDefaultImage\" alt=\"\" rel=\"\" title=\"\" srcset=\"http:\/\/lorrylesmetz-histoire.fr\/wp-content\/uploads\/2017\/08\/06.jpg 531w, http:\/\/lorrylesmetz-histoire.fr\/wp-content\/uploads\/2017\/08\/06-199x300.jpg 199w\" sizes=\"auto, (max-width: 531px) 100vw, 531px\" \/><\/a><\/li>\n            <li style='display: none;' aria-roledescription='slide' aria-labelledby='slide-6'><a href=\"http:\/\/lorrylesmetz-histoire.fr\/wp-content\/uploads\/2017\/08\/07.jpg\" target=\"_blank\"><img loading=\"lazy\" decoding=\"async\" width=\"531\" height=\"800\" src=\"http:\/\/lorrylesmetz-histoire.fr\/wp-content\/uploads\/2017\/08\/07.jpg\" class=\"slider-1943 slide-1950 msDefaultImage\" alt=\"\" rel=\"\" title=\"\" srcset=\"http:\/\/lorrylesmetz-histoire.fr\/wp-content\/uploads\/2017\/08\/07.jpg 531w, http:\/\/lorrylesmetz-histoire.fr\/wp-content\/uploads\/2017\/08\/07-199x300.jpg 199w\" sizes=\"auto, (max-width: 531px) 100vw, 531px\" \/><\/a><\/li>\n            <li style='display: none;' aria-roledescription='slide' aria-labelledby='slide-7'><a href=\"http:\/\/lorrylesmetz-histoire.fr\/wp-content\/uploads\/2017\/08\/08.jpg\" target=\"_blank\"><img loading=\"lazy\" decoding=\"async\" width=\"531\" height=\"800\" src=\"http:\/\/lorrylesmetz-histoire.fr\/wp-content\/uploads\/2017\/08\/08.jpg\" class=\"slider-1943 slide-1951 msDefaultImage\" alt=\"\" rel=\"\" title=\"\" srcset=\"http:\/\/lorrylesmetz-histoire.fr\/wp-content\/uploads\/2017\/08\/08.jpg 531w, http:\/\/lorrylesmetz-histoire.fr\/wp-content\/uploads\/2017\/08\/08-199x300.jpg 199w\" sizes=\"auto, (max-width: 531px) 100vw, 531px\" \/><\/a><\/li>\n            <li style='display: none;' aria-roledescription='slide' aria-labelledby='slide-8'><a href=\"http:\/\/lorrylesmetz-histoire.fr\/wp-content\/uploads\/2017\/08\/09.jpg\" target=\"_blank\"><img loading=\"lazy\" decoding=\"async\" width=\"531\" height=\"800\" src=\"http:\/\/lorrylesmetz-histoire.fr\/wp-content\/uploads\/2017\/08\/09.jpg\" class=\"slider-1943 slide-1952 msDefaultImage\" alt=\"\" rel=\"\" title=\"\" srcset=\"http:\/\/lorrylesmetz-histoire.fr\/wp-content\/uploads\/2017\/08\/09.jpg 531w, http:\/\/lorrylesmetz-histoire.fr\/wp-content\/uploads\/2017\/08\/09-199x300.jpg 199w\" sizes=\"auto, (max-width: 531px) 100vw, 531px\" \/><\/a><\/li>\n            <li style='display: none;' aria-roledescription='slide' aria-labelledby='slide-9'><a href=\"http:\/\/lorrylesmetz-histoire.fr\/wp-content\/uploads\/2017\/08\/10.jpg\" target=\"_blank\"><img loading=\"lazy\" decoding=\"async\" width=\"531\" height=\"800\" src=\"http:\/\/lorrylesmetz-histoire.fr\/wp-content\/uploads\/2017\/08\/10.jpg\" class=\"slider-1943 slide-1953 msDefaultImage\" alt=\"\" rel=\"\" title=\"\" srcset=\"http:\/\/lorrylesmetz-histoire.fr\/wp-content\/uploads\/2017\/08\/10.jpg 531w, http:\/\/lorrylesmetz-histoire.fr\/wp-content\/uploads\/2017\/08\/10-199x300.jpg 199w\" sizes=\"auto, (max-width: 531px) 100vw, 531px\" \/><\/a><\/li>\n            <li style='display: none;' aria-roledescription='slide' aria-labelledby='slide-10'><a href=\"http:\/\/lorrylesmetz-histoire.fr\/wp-content\/uploads\/2017\/08\/11.jpg\" target=\"_blank\"><img loading=\"lazy\" decoding=\"async\" width=\"800\" height=\"531\" src=\"http:\/\/lorrylesmetz-histoire.fr\/wp-content\/uploads\/2017\/08\/11.jpg\" class=\"slider-1943 slide-1954 msDefaultImage\" alt=\"\" rel=\"\" title=\"\" srcset=\"http:\/\/lorrylesmetz-histoire.fr\/wp-content\/uploads\/2017\/08\/11.jpg 800w, http:\/\/lorrylesmetz-histoire.fr\/wp-content\/uploads\/2017\/08\/11-300x199.jpg 300w, http:\/\/lorrylesmetz-histoire.fr\/wp-content\/uploads\/2017\/08\/11-768x510.jpg 768w\" sizes=\"auto, (max-width: 800px) 100vw, 800px\" \/><\/a><\/li>\n            <li style='display: none;' aria-roledescription='slide' aria-labelledby='slide-11'><a href=\"http:\/\/lorrylesmetz-histoire.fr\/wp-content\/uploads\/2017\/08\/12.jpg\" target=\"_blank\"><img loading=\"lazy\" decoding=\"async\" width=\"531\" height=\"800\" src=\"http:\/\/lorrylesmetz-histoire.fr\/wp-content\/uploads\/2017\/08\/12.jpg\" class=\"slider-1943 slide-1955 msDefaultImage\" alt=\"\" rel=\"\" title=\"\" srcset=\"http:\/\/lorrylesmetz-histoire.fr\/wp-content\/uploads\/2017\/08\/12.jpg 531w, http:\/\/lorrylesmetz-histoire.fr\/wp-content\/uploads\/2017\/08\/12-199x300.jpg 199w\" sizes=\"auto, (max-width: 531px) 100vw, 531px\" \/><\/a><\/li>\n            <li style='display: none;' aria-roledescription='slide' aria-labelledby='slide-12'><a href=\"http:\/\/lorrylesmetz-histoire.fr\/wp-content\/uploads\/2017\/08\/13.jpg\" target=\"_blank\"><img loading=\"lazy\" decoding=\"async\" width=\"800\" height=\"531\" src=\"http:\/\/lorrylesmetz-histoire.fr\/wp-content\/uploads\/2017\/08\/13.jpg\" class=\"slider-1943 slide-1956 msDefaultImage\" alt=\"\" rel=\"\" title=\"\" srcset=\"http:\/\/lorrylesmetz-histoire.fr\/wp-content\/uploads\/2017\/08\/13.jpg 800w, http:\/\/lorrylesmetz-histoire.fr\/wp-content\/uploads\/2017\/08\/13-300x199.jpg 300w, http:\/\/lorrylesmetz-histoire.fr\/wp-content\/uploads\/2017\/08\/13-768x510.jpg 768w\" sizes=\"auto, (max-width: 800px) 100vw, 800px\" \/><\/a><\/li>\n        <\/ul>\n        \n    <\/div>\n<\/div>\n<p>Photos G\u00e9rard\u00a0Kester.<\/p>\n<p><a href=\"http:\/\/lorrylesmetz-histoire.fr\/?page_id=1921\"><img loading=\"lazy\" decoding=\"async\" class=\"alignnone wp-image-378 size-full\" src=\"http:\/\/lorrylesmetz-histoire.fr\/wp-content\/uploads\/2017\/05\/retour.png?_t=1502533380\" alt=\"\" width=\"89\" height=\"31\" \/><\/a><\/p>\n","protected":false},"excerpt":{"rendered":"<p>20\u00a0juin\u00a02014 Des membres de Lorry-l\u00e8s-Metz \u00ab\u00a0au fil du Temps\u00a0\u00bb ont suivi Pierre\u00a0Brasme, pr\u00e9sident honoraire de la Soci\u00e9t\u00e9 d\u2019histoire de Woippy, \u00e0 la d\u00e9couverte Woippy. En historien, il s\u2019est fait le guide \u00e9clair\u00e9 de cette balade qui permet de d\u00e9couvrir l\u2019histoire&hellip; <\/p>\n","protected":false},"author":1,"featured_media":0,"parent":1921,"menu_order":1,"comment_status":"closed","ping_status":"closed","template":"","meta":{"_mc_calendar":[],"footnotes":""},"class_list":["post-1923","page","type-page","status-publish","hentry"],"_links":{"self":[{"href":"http:\/\/lorrylesmetz-histoire.fr\/index.php?rest_route=\/wp\/v2\/pages\/1923","targetHints":{"allow":["GET"]}}],"collection":[{"href":"http:\/\/lorrylesmetz-histoire.fr\/index.php?rest_route=\/wp\/v2\/pages"}],"about":[{"href":"http:\/\/lorrylesmetz-histoire.fr\/index.php?rest_route=\/wp\/v2\/types\/page"}],"author":[{"embeddable":true,"href":"http:\/\/lorrylesmetz-histoire.fr\/index.php?rest_route=\/wp\/v2\/users\/1"}],"replies":[{"embeddable":true,"href":"http:\/\/lorrylesmetz-histoire.fr\/index.php?rest_route=%2Fwp%2Fv2%2Fcomments&post=1923"}],"version-history":[{"count":3,"href":"http:\/\/lorrylesmetz-histoire.fr\/index.php?rest_route=\/wp\/v2\/pages\/1923\/revisions"}],"predecessor-version":[{"id":1962,"href":"http:\/\/lorrylesmetz-histoire.fr\/index.php?rest_route=\/wp\/v2\/pages\/1923\/revisions\/1962"}],"up":[{"embeddable":true,"href":"http:\/\/lorrylesmetz-histoire.fr\/index.php?rest_route=\/wp\/v2\/pages\/1921"}],"wp:attachment":[{"href":"http:\/\/lorrylesmetz-histoire.fr\/index.php?rest_route=%2Fwp%2Fv2%2Fmedia&parent=1923"}],"curies":[{"name":"wp","href":"https:\/\/api.w.org\/{rel}","templated":true}]}}