{"id":1924,"date":"2017-08-12T12:21:12","date_gmt":"2017-08-12T10:21:12","guid":{"rendered":"http:\/\/lorrylesmetz-histoire.fr\/?page_id=1924"},"modified":"2017-08-12T12:21:12","modified_gmt":"2017-08-12T10:21:12","slug":"a-03","status":"publish","type":"page","link":"http:\/\/lorrylesmetz-histoire.fr\/?page_id=1924","title":{"rendered":"Colloque de Woippy 2014"},"content":{"rendered":"<h2>14\u00a0novembre\u00a02014<\/h2>\n<p>Lorry-l\u00e8s-Metz \u00ab\u00a0au fil du Temps\u00a0\u00bb \u00e9tait en auditeur au 5<sup>e\u00a0<\/sup>colloque de Woippy.<\/p>\n<p>Il y avait au programme\u00a0:<\/p>\n<ul style=\"list-style-type: disc;\">\n<li>Lionel\u00a0Metzler, <em>La Lorraine annex\u00e9e \u00e0 la veille de la guerre\u00a0<\/em>;<\/li>\n<li>S\u00e9bastien\u00a0Wagner, <em>La place forte de Metz en 1914\u00a0<\/em>;<\/li>\n<li>Jeanne\u00a0Vincler, <em>Ao\u00fbt\u00a01914 et la dictature militaire en Lorraine annex\u00e9e\u00a0<\/em>;<\/li>\n<li>Jacques\u00a0Didier, <em>Le clerg\u00e9 catholique lorrain face \u00e0 l\u2019autorit\u00e9 civile et militaire allemande entre 1900 et 1914<\/em>\u00a0 ;<\/li>\n<li>Claude\u00a0Buttner, <em>Ernest-Moritz\u00a0Mungenast\u00a0: grondements de tonnerre au lointain\u00a0<\/em>;<\/li>\n<li>YvetteIlly, <em>Plappeville 1914\u00a0: j\u2019avais 16\u00a0ans\u00a0<\/em>;<\/li>\n<li>Armand\u00a0Schleef, <em>Les d\u00e9buts de la guerre vus par une Allemande montignienne.<\/em><\/li>\n<\/ul>\n<p>B\u00e9rang\u00e8re\u00a0Thomas et les Amis de Paul\u00a0Verlaine proposeront une animation autour de l\u2019\u00ab\u00a0<em>Ode \u00e0 Metz\u00a0<\/em>\u00bb.<\/p>\n<p>Comme toujours l\u2019accueil est chaleureux-croissants le matin, d\u00e9jeuner possible au restaurant Saint-Ex et caf\u00e9 puis go\u00fbter d\u2019apr\u00e8s-midi et verre de l\u2019amiti\u00e9 du soir.<\/p>\n<p>Photos du R\u00e9publicain Lorrain.<\/p>\n<p><a href=\"http:\/\/lorrylesmetz-histoire.fr\/?page_id=1921\"><img loading=\"lazy\" decoding=\"async\" class=\"alignnone wp-image-378 size-full\" src=\"http:\/\/lorrylesmetz-histoire.fr\/wp-content\/uploads\/2017\/05\/retour.png\" alt=\"\" width=\"89\" height=\"31\" \/><\/a><\/p>\n","protected":false},"excerpt":{"rendered":"<p>14\u00a0novembre\u00a02014 Lorry-l\u00e8s-Metz \u00ab\u00a0au fil du Temps\u00a0\u00bb \u00e9tait en auditeur au 5e\u00a0colloque de Woippy. Il y avait au programme\u00a0: Lionel\u00a0Metzler, La Lorraine annex\u00e9e \u00e0 la veille de la guerre\u00a0; S\u00e9bastien\u00a0Wagner, La place forte de Metz en 1914\u00a0; Jeanne\u00a0Vincler, Ao\u00fbt\u00a01914 et la&hellip; <\/p>\n","protected":false},"author":1,"featured_media":0,"parent":1921,"menu_order":2,"comment_status":"closed","ping_status":"closed","template":"","meta":{"_mc_calendar":[],"footnotes":""},"class_list":["post-1924","page","type-page","status-publish","hentry"],"_links":{"self":[{"href":"http:\/\/lorrylesmetz-histoire.fr\/index.php?rest_route=\/wp\/v2\/pages\/1924","targetHints":{"allow":["GET"]}}],"collection":[{"href":"http:\/\/lorrylesmetz-histoire.fr\/index.php?rest_route=\/wp\/v2\/pages"}],"about":[{"href":"http:\/\/lorrylesmetz-histoire.fr\/index.php?rest_route=\/wp\/v2\/types\/page"}],"author":[{"embeddable":true,"href":"http:\/\/lorrylesmetz-histoire.fr\/index.php?rest_route=\/wp\/v2\/users\/1"}],"replies":[{"embeddable":true,"href":"http:\/\/lorrylesmetz-histoire.fr\/index.php?rest_route=%2Fwp%2Fv2%2Fcomments&post=1924"}],"version-history":[{"count":1,"href":"http:\/\/lorrylesmetz-histoire.fr\/index.php?rest_route=\/wp\/v2\/pages\/1924\/revisions"}],"predecessor-version":[{"id":1960,"href":"http:\/\/lorrylesmetz-histoire.fr\/index.php?rest_route=\/wp\/v2\/pages\/1924\/revisions\/1960"}],"up":[{"embeddable":true,"href":"http:\/\/lorrylesmetz-histoire.fr\/index.php?rest_route=\/wp\/v2\/pages\/1921"}],"wp:attachment":[{"href":"http:\/\/lorrylesmetz-histoire.fr\/index.php?rest_route=%2Fwp%2Fv2%2Fmedia&parent=1924"}],"curies":[{"name":"wp","href":"https:\/\/api.w.org\/{rel}","templated":true}]}}