{"id":1968,"date":"2017-08-12T14:31:32","date_gmt":"2017-08-12T12:31:32","guid":{"rendered":"http:\/\/lorrylesmetz-histoire.fr\/?page_id=1968"},"modified":"2017-08-12T14:41:01","modified_gmt":"2017-08-12T12:41:01","slug":"a-03","status":"publish","type":"page","link":"http:\/\/lorrylesmetz-histoire.fr\/?page_id=1968","title":{"rendered":"R\u00e9union du Comit\u00e9 d\u2019Histoire du Pays Messin"},"content":{"rendered":"<h2>18\u00a0juillet\u00a02014<\/h2>\n<p>Lorry-l\u00e8s-Metz \u00ab\u00a0au fil du Temps\u00a0\u00bb a \u00e9t\u00e9 en mairie, chez sa voisine de Plappeville, Yvette\u00a0Illy, pr\u00e9sidente de l\u2019association des Amis du Vieux Plappeville, pour assister \u00e0 la r\u00e9union du Comit\u00e9 d\u2019histoire du pays messin (CHPM) afin mettre en place le programme du prochain colloque. Il sera consacr\u00e9 \u00e0 <em>1914 \u00e0 Metz et en Pays messin<\/em>.<\/p>\n<p>Tous ont \u00e9t\u00e9 accueillis aimablement au salon d\u2019honneur de la mairie de Plappeville par le maire, Daniel\u00a0Defaux.<\/p>\n<p>Il y aura sept intervenants au colloque qui d\u00e9velopperont la situation de la Lorraine annex\u00e9e \u00e0 la veille de la guerre, le r\u00f4le de pivot du plan Schlieffen jou\u00e9 par Metz et le Pays messin, de pr\u00e9ciser la mise en place de la dictature militaire allemande et de d\u00e9finir le comportement du clerg\u00e9 catholique lorrain face aux autorit\u00e9s allemandes.<\/p>\n<p>Deux communications seront consacr\u00e9es au d\u00e9but de la guerre \u00e0 Plappeville et \u00e0 Montigny, tandis que l\u2019on pourra revivre le conflit \u00e0 travers le roman de l\u2019\u00e9crivain allemand Ernst-Moritz\u00a0Mungenast.<\/p>\n<p>Les Amis de Verlaine proposeront une animation, avec r\u00e9cits et chants.<\/p>\n<p>Yvette\u00a0Illy a profit\u00e9 de cette r\u00e9union pour pr\u00e9senter le livre <em>L\u2019\u00e9glise Sainte-Brigide \u00e0 travers les si\u00e8cles<\/em> qui vient de para\u00eetre. Joliment illustr\u00e9, il invite \u00e0 la d\u00e9couverte de mille ans d\u2019histoire autour du mont Saint-Quentin.<\/p>\n<p>Un verre de l\u2019amiti\u00e9 a agr\u00e9ment\u00e9 la soir\u00e9e.<\/p>\n<p style=\"text-align: center;\"><a href=\"http:\/\/lorrylesmetz-histoire.fr\/wp-content\/uploads\/2017\/08\/14-20juil.jpg\"><img loading=\"lazy\" decoding=\"async\" class=\"alignnone wp-image-1991 size-medium\" src=\"http:\/\/lorrylesmetz-histoire.fr\/wp-content\/uploads\/2017\/08\/14-20juil-300x237.jpg?_t=1502541629\" alt=\"\" width=\"300\" height=\"237\" srcset=\"http:\/\/lorrylesmetz-histoire.fr\/wp-content\/uploads\/2017\/08\/14-20juil-300x237.jpg 300w, http:\/\/lorrylesmetz-histoire.fr\/wp-content\/uploads\/2017\/08\/14-20juil.jpg 350w\" sizes=\"auto, (max-width: 300px) 100vw, 300px\" \/><\/a><\/p>\n<p>Photo du R\u00e9publicain Lorrain.<\/p>\n<p><a href=\"http:\/\/lorrylesmetz-histoire.fr\/?page_id=1965\"><img loading=\"lazy\" decoding=\"async\" class=\"alignnone wp-image-378 size-full\" src=\"http:\/\/lorrylesmetz-histoire.fr\/wp-content\/uploads\/2017\/05\/retour.png\" alt=\"\" width=\"89\" height=\"31\" \/><\/a><\/p>\n","protected":false},"excerpt":{"rendered":"<p>18\u00a0juillet\u00a02014 Lorry-l\u00e8s-Metz \u00ab\u00a0au fil du Temps\u00a0\u00bb a \u00e9t\u00e9 en mairie, chez sa voisine de Plappeville, Yvette\u00a0Illy, pr\u00e9sidente de l\u2019association des Amis du Vieux Plappeville, pour assister \u00e0 la r\u00e9union du Comit\u00e9 d\u2019histoire du pays messin (CHPM) afin mettre en place&hellip; <\/p>\n","protected":false},"author":1,"featured_media":0,"parent":1965,"menu_order":2,"comment_status":"closed","ping_status":"closed","template":"","meta":{"_mc_calendar":[],"footnotes":""},"class_list":["post-1968","page","type-page","status-publish","hentry"],"_links":{"self":[{"href":"http:\/\/lorrylesmetz-histoire.fr\/index.php?rest_route=\/wp\/v2\/pages\/1968","targetHints":{"allow":["GET"]}}],"collection":[{"href":"http:\/\/lorrylesmetz-histoire.fr\/index.php?rest_route=\/wp\/v2\/pages"}],"about":[{"href":"http:\/\/lorrylesmetz-histoire.fr\/index.php?rest_route=\/wp\/v2\/types\/page"}],"author":[{"embeddable":true,"href":"http:\/\/lorrylesmetz-histoire.fr\/index.php?rest_route=\/wp\/v2\/users\/1"}],"replies":[{"embeddable":true,"href":"http:\/\/lorrylesmetz-histoire.fr\/index.php?rest_route=%2Fwp%2Fv2%2Fcomments&post=1968"}],"version-history":[{"count":4,"href":"http:\/\/lorrylesmetz-histoire.fr\/index.php?rest_route=\/wp\/v2\/pages\/1968\/revisions"}],"predecessor-version":[{"id":1992,"href":"http:\/\/lorrylesmetz-histoire.fr\/index.php?rest_route=\/wp\/v2\/pages\/1968\/revisions\/1992"}],"up":[{"embeddable":true,"href":"http:\/\/lorrylesmetz-histoire.fr\/index.php?rest_route=\/wp\/v2\/pages\/1965"}],"wp:attachment":[{"href":"http:\/\/lorrylesmetz-histoire.fr\/index.php?rest_route=%2Fwp%2Fv2%2Fmedia&parent=1968"}],"curies":[{"name":"wp","href":"https:\/\/api.w.org\/{rel}","templated":true}]}}