{"id":1970,"date":"2017-08-12T15:11:32","date_gmt":"2017-08-12T13:11:32","guid":{"rendered":"http:\/\/lorrylesmetz-histoire.fr\/?page_id=1970"},"modified":"2017-08-12T15:16:39","modified_gmt":"2017-08-12T13:16:39","slug":"a-05","status":"publish","type":"page","link":"http:\/\/lorrylesmetz-histoire.fr\/?page_id=1970","title":{"rendered":"Salon du livre d\u2019Histoire de la ville de Woippy 2014"},"content":{"rendered":"<p>15\u00a0novembre \u00a0014<\/p>\n<p>Lorry-l\u00e8s-Metz \u00ab\u00a0au fil du Temps\u00a0\u00bb tenait son stand rituel au Salon du livre de la ville de Woippy, avec ses panneaux, ses bulletins et la pr\u00e9sentation de ses activit\u00e9s. Et ce parmi les nombreuses soci\u00e9t\u00e9s d\u2019histoire venues de toute la r\u00e9gion comme <em>La renaissance du vieux Metz et des pays lorrains<\/em>, <em>Les amis du vieux Plappeville<\/em>, <em>Le mouvement culturel du Ban-Saint-Martin<\/em> et <em>L\u2019acad\u00e9mie nationale de Metz<\/em>, pour n\u2019en citer que quelques-unes\u2026<\/p>\n<p>Le g\u00e9n\u00e9ral Andr\u00e9\u00a0Bach parrainait ce salon.<\/p>\n<p>Trois conf\u00e9rences \u00e9taient \u00e0 noter\u00a0:<\/p>\n<ul style=\"list-style-type: circle;\">\n<li><em>\u00c9t\u00e9 et automne\u00a01914, le saut dans l\u2019inconnu<\/em>, anim\u00e9 par le g\u00e9n\u00e9ral Andr\u00e9\u00a0Bach\u00a0;<\/li>\n<li><em>La grotte de Chauvet-Pont-d\u2019Arc<\/em>, par Pedro\u00a0Lima, journaliste scientifique\u00a0;<\/li>\n<li><em>Joffre, adul\u00e9, calomni\u00e9, oubli\u00e9<\/em>.<\/li>\n<\/ul>\n<p>Un hommage au dernier poilu Lazare\u00a0Ponticelli disparu en 2008 ponctuera l\u2019apr\u00e8s-midi du samedi.<\/p>\n<p>La journ\u00e9e de dimanche \u00e9tait riche avec une table ronde autour <em>Des batailles d\u2019ao\u00fbt\u00a01914 en Lorraine annex\u00e9e\u00a0: Morhange-Sarrebourg<\/em>, anim\u00e9e par le professeur Fran\u00e7oisCochet et le lieutenant-colonel R\u00e9my\u00a0Porte, invit\u00e9 d\u2019honneur du salon.<\/p>\n<p>Les deux expositions install\u00e9es jusqu\u2019\u00e0 la fin novembre dans le p\u00e9ristyle de l\u2019h\u00f4tel de ville s\u2019inscrivaient dans le m\u00eame th\u00e8me que le Salon du livre d\u2019histoire 2014, \u00e0 savoir la comm\u00e9moration du centenaire de la Grande Guerre.<\/p>\n<p>Elles pr\u00e9sentent les \u0153uvres de Mireille\u00a0Rohr inspir\u00e9es des fortifications du mont Saint-Quentin et les photos d\u2019archives qui \u00e9voquent l\u2019entr\u00e9e en guerre en ao\u00fbt\u00a01914, l\u2019ordre de mobilisation g\u00e9n\u00e9rale, les forces en pr\u00e9sence, la mondialisation du conflit, la course aux armements, les antagonismes et les alliances.<\/p>\n<p>La fr\u00e9quentation \u00e9tait \u00e0 la hauteur des ann\u00e9es ant\u00e9rieures, toujours tr\u00e8s importante.<\/p>\n<p><a href=\"http:\/\/lorrylesmetz-histoire.fr\/wp-content\/uploads\/2017\/08\/1-6.jpg\" target=\"_blank\" rel=\"noopener\"><img loading=\"lazy\" decoding=\"async\" class=\"aligncenter wp-image-2000 size-medium\" src=\"http:\/\/lorrylesmetz-histoire.fr\/wp-content\/uploads\/2017\/08\/1-6-300x151.jpg?_t=1502543757\" alt=\"\" width=\"300\" height=\"151\" srcset=\"http:\/\/lorrylesmetz-histoire.fr\/wp-content\/uploads\/2017\/08\/1-6-300x151.jpg 300w, http:\/\/lorrylesmetz-histoire.fr\/wp-content\/uploads\/2017\/08\/1-6.jpg 670w\" sizes=\"auto, (max-width: 300px) 100vw, 300px\" \/><\/a> <a href=\"http:\/\/lorrylesmetz-histoire.fr\/wp-content\/uploads\/2017\/08\/2-6.jpg\" target=\"_blank\" rel=\"noopener\"><img loading=\"lazy\" decoding=\"async\" class=\"aligncenter wp-image-2001 size-medium\" src=\"http:\/\/lorrylesmetz-histoire.fr\/wp-content\/uploads\/2017\/08\/2-6-300x200.jpg?_t=1502543766\" alt=\"\" width=\"300\" height=\"200\" srcset=\"http:\/\/lorrylesmetz-histoire.fr\/wp-content\/uploads\/2017\/08\/2-6-300x200.jpg 300w, http:\/\/lorrylesmetz-histoire.fr\/wp-content\/uploads\/2017\/08\/2-6.jpg 500w\" sizes=\"auto, (max-width: 300px) 100vw, 300px\" \/><\/a><\/p>\n<p>Photos du R\u00e9publicain Lorrain.<\/p>\n<p><a href=\"http:\/\/lorrylesmetz-histoire.fr\/?page_id=1965\"><img loading=\"lazy\" decoding=\"async\" class=\"alignnone wp-image-378 size-full\" src=\"http:\/\/lorrylesmetz-histoire.fr\/wp-content\/uploads\/2017\/05\/retour.png\" alt=\"\" width=\"89\" height=\"31\" \/><\/a><\/p>\n","protected":false},"excerpt":{"rendered":"<p>15\u00a0novembre \u00a0014 Lorry-l\u00e8s-Metz \u00ab\u00a0au fil du Temps\u00a0\u00bb tenait son stand rituel au Salon du livre de la ville de Woippy, avec ses panneaux, ses bulletins et la pr\u00e9sentation de ses activit\u00e9s. Et ce parmi les nombreuses soci\u00e9t\u00e9s d\u2019histoire venues de&hellip; <\/p>\n","protected":false},"author":1,"featured_media":0,"parent":1965,"menu_order":4,"comment_status":"closed","ping_status":"closed","template":"","meta":{"_mc_calendar":[],"footnotes":""},"class_list":["post-1970","page","type-page","status-publish","hentry"],"_links":{"self":[{"href":"http:\/\/lorrylesmetz-histoire.fr\/index.php?rest_route=\/wp\/v2\/pages\/1970","targetHints":{"allow":["GET"]}}],"collection":[{"href":"http:\/\/lorrylesmetz-histoire.fr\/index.php?rest_route=\/wp\/v2\/pages"}],"about":[{"href":"http:\/\/lorrylesmetz-histoire.fr\/index.php?rest_route=\/wp\/v2\/types\/page"}],"author":[{"embeddable":true,"href":"http:\/\/lorrylesmetz-histoire.fr\/index.php?rest_route=\/wp\/v2\/users\/1"}],"replies":[{"embeddable":true,"href":"http:\/\/lorrylesmetz-histoire.fr\/index.php?rest_route=%2Fwp%2Fv2%2Fcomments&post=1970"}],"version-history":[{"count":4,"href":"http:\/\/lorrylesmetz-histoire.fr\/index.php?rest_route=\/wp\/v2\/pages\/1970\/revisions"}],"predecessor-version":[{"id":2008,"href":"http:\/\/lorrylesmetz-histoire.fr\/index.php?rest_route=\/wp\/v2\/pages\/1970\/revisions\/2008"}],"up":[{"embeddable":true,"href":"http:\/\/lorrylesmetz-histoire.fr\/index.php?rest_route=\/wp\/v2\/pages\/1965"}],"wp:attachment":[{"href":"http:\/\/lorrylesmetz-histoire.fr\/index.php?rest_route=%2Fwp%2Fv2%2Fmedia&parent=1970"}],"curies":[{"name":"wp","href":"https:\/\/api.w.org\/{rel}","templated":true}]}}