{"id":2021,"date":"2017-08-12T17:45:34","date_gmt":"2017-08-12T15:45:34","guid":{"rendered":"http:\/\/lorrylesmetz-histoire.fr\/?page_id=2021"},"modified":"2017-08-12T17:48:25","modified_gmt":"2017-08-12T15:48:25","slug":"a-01","status":"publish","type":"page","link":"http:\/\/lorrylesmetz-histoire.fr\/?page_id=2021","title":{"rendered":"Les 25 ans de la Soci\u00e9t\u00e9 d\u2019Histoire de Woippy"},"content":{"rendered":"<h2>10 au 12\u00a0mai\u00a02013<\/h2>\n<p>Lorry-l\u00e8s-Metz \u00ab\u00a0au fil du Temps\u00a0\u00bb a f\u00eat\u00e9 avec bonheur les 25\u00a0ans de la SHW, association voisine et amie depuis toujours.<\/p>\n<p>Cette soci\u00e9t\u00e9 d\u2019histoire est d\u2019un dynamisme incroyable, organisant conf\u00e9rences, colloques, salon, voyages, ballades, etc. Elle est \u00e0 l\u2019origine de nombreuses initiatives\u00a0: cr\u00e9ation du sentier historique de Woippy, appositions de plaques, remise du prix d\u2019histoire Ren\u00e9\u00a0Paquet, cr\u00e9ation d\u2019une biblioth\u00e8que, archivages de documents\u2026<\/p>\n<p>Elle \u00e9dite une revue annuelle, qui para\u00eet au mois de novembre\u00a0: <em>Les chroniques du Graoully<\/em> dont l\u2019int\u00e9r\u00eat est incontestable.<\/p>\n<p>Sous l\u2019\u00e9gide de Pierre\u00a0Brasme, elle est tr\u00e8s fi\u00e8re de la synergie qu\u2019elle a cr\u00e9\u00e9e en r\u00e9unissant sous le nom de Comit\u00e9 d\u2019histoire du Pays messin les associations voisines, permettant ainsi des \u00e9changes fructueux.<\/p>\n<p>Son assembl\u00e9e g\u00e9n\u00e9rale a pr\u00e9sent\u00e9 un diaporama r\u00e9alis\u00e9 par Claude\u00a0Hassenfratz retra\u00e7ant ses vingt-cinq ans d\u2019existence. Monsieur le s\u00e9nateur-maire Fran\u00e7ois\u00a0Grosdidier, a remis la m\u00e9daille d\u2019honneur de la ville \u00e0 Ren\u00e9\u00a0Mognon et \u00e0 Philippe\u00a0Thoen, membres fondateurs de la SHW, aux c\u00f4t\u00e9s de Pierre\u00a0Brasme et du regrett\u00e9 Jean\u00a0Nauroy. Depuis 1988, ils travaillent sans rel\u00e2che et avec beaucoup de conviction et d\u2019efficacit\u00e9 au d\u00e9veloppement des activit\u00e9s men\u00e9es par leur association. Le premier magistrat de la commune a pr\u00e9cis\u00e9 que c\u2019\u00e9tait la premi\u00e8re fois qu\u2019il remettait la m\u00e9daille de la ville \u00e0 titre culturel.<\/p>\n<p>Avant d\u2019inviter l\u2019assistance \u00e0 partager le vin d\u2019honneur, il a offert de belles compositions florales aux \u00e9pouses des r\u00e9cipiendaires et \u00e0 Eda\u00a0Brasme, qui a rempli les fonctions de v\u00e9rificateur aux comptes pendant 13\u00a0ans.<\/p>\n<p>Le lendemain de cette assembl\u00e9e historique, Pascal\u00a0Flaus, directeur des archives de Saint-Avold et pr\u00e9sident de la Soci\u00e9t\u00e9 d\u2019histoire naborienne, a tenu conf\u00e9rence sur la princesse Henriette\u00a0de\u00a0Lorraine, personnage haut en couleur du XVII<sup>e\u00a0<\/sup>si\u00e8cle, femme forte de la Fronde, n\u00e9gociatrice et ambassadrice de la Lorraine.<\/p>\n<p>Fran\u00e7ois\u00a0Courtade a particip\u00e9 \u00e0 la sortie de Toul.<\/p>\n<p>Bon anniversaire, f\u00e9licitations \u00e0 la SHW et longue vie\u00a0!<\/p>\n<p style=\"text-align: center;\"><a href=\"http:\/\/lorrylesmetz-histoire.fr\/wp-content\/uploads\/2017\/08\/1-7.jpg\" target=\"_blank\" rel=\"noopener\"><img loading=\"lazy\" decoding=\"async\" class=\"alignnone wp-image-2019 size-medium\" src=\"http:\/\/lorrylesmetz-histoire.fr\/wp-content\/uploads\/2017\/08\/1-7-300x154.jpg\" alt=\"\" width=\"300\" height=\"154\" srcset=\"http:\/\/lorrylesmetz-histoire.fr\/wp-content\/uploads\/2017\/08\/1-7-300x154.jpg 300w, http:\/\/lorrylesmetz-histoire.fr\/wp-content\/uploads\/2017\/08\/1-7.jpg 680w\" sizes=\"auto, (max-width: 300px) 100vw, 300px\" \/><\/a> <a href=\"http:\/\/lorrylesmetz-histoire.fr\/wp-content\/uploads\/2017\/08\/2-7.jpg\" target=\"_blank\" rel=\"noopener\"><img loading=\"lazy\" decoding=\"async\" class=\"alignnone wp-image-2020 size-medium\" src=\"http:\/\/lorrylesmetz-histoire.fr\/wp-content\/uploads\/2017\/08\/2-7-300x138.jpg\" alt=\"\" width=\"300\" height=\"138\" srcset=\"http:\/\/lorrylesmetz-histoire.fr\/wp-content\/uploads\/2017\/08\/2-7-300x138.jpg 300w, http:\/\/lorrylesmetz-histoire.fr\/wp-content\/uploads\/2017\/08\/2-7.jpg 650w\" sizes=\"auto, (max-width: 300px) 100vw, 300px\" \/><\/a><\/p>\n<p>Photos du R\u00e9publicain Lorrain.<\/p>\n<p><a href=\"http:\/\/lorrylesmetz-histoire.fr\/?page_id=2018\"><img loading=\"lazy\" decoding=\"async\" class=\"alignnone wp-image-378 size-full\" src=\"http:\/\/lorrylesmetz-histoire.fr\/wp-content\/uploads\/2017\/05\/retour.png\" alt=\"\" width=\"89\" height=\"31\" \/><\/a><\/p>\n","protected":false},"excerpt":{"rendered":"<p>10 au 12\u00a0mai\u00a02013 Lorry-l\u00e8s-Metz \u00ab\u00a0au fil du Temps\u00a0\u00bb a f\u00eat\u00e9 avec bonheur les 25\u00a0ans de la SHW, association voisine et amie depuis toujours. Cette soci\u00e9t\u00e9 d\u2019histoire est d\u2019un dynamisme incroyable, organisant conf\u00e9rences, colloques, salon, voyages, ballades, etc. Elle est \u00e0&hellip; <\/p>\n","protected":false},"author":1,"featured_media":0,"parent":2018,"menu_order":0,"comment_status":"closed","ping_status":"closed","template":"","meta":{"_mc_calendar":[],"footnotes":""},"class_list":["post-2021","page","type-page","status-publish","hentry"],"_links":{"self":[{"href":"http:\/\/lorrylesmetz-histoire.fr\/index.php?rest_route=\/wp\/v2\/pages\/2021","targetHints":{"allow":["GET"]}}],"collection":[{"href":"http:\/\/lorrylesmetz-histoire.fr\/index.php?rest_route=\/wp\/v2\/pages"}],"about":[{"href":"http:\/\/lorrylesmetz-histoire.fr\/index.php?rest_route=\/wp\/v2\/types\/page"}],"author":[{"embeddable":true,"href":"http:\/\/lorrylesmetz-histoire.fr\/index.php?rest_route=\/wp\/v2\/users\/1"}],"replies":[{"embeddable":true,"href":"http:\/\/lorrylesmetz-histoire.fr\/index.php?rest_route=%2Fwp%2Fv2%2Fcomments&post=2021"}],"version-history":[{"count":3,"href":"http:\/\/lorrylesmetz-histoire.fr\/index.php?rest_route=\/wp\/v2\/pages\/2021\/revisions"}],"predecessor-version":[{"id":2028,"href":"http:\/\/lorrylesmetz-histoire.fr\/index.php?rest_route=\/wp\/v2\/pages\/2021\/revisions\/2028"}],"up":[{"embeddable":true,"href":"http:\/\/lorrylesmetz-histoire.fr\/index.php?rest_route=\/wp\/v2\/pages\/2018"}],"wp:attachment":[{"href":"http:\/\/lorrylesmetz-histoire.fr\/index.php?rest_route=%2Fwp%2Fv2%2Fmedia&parent=2021"}],"curies":[{"name":"wp","href":"https:\/\/api.w.org\/{rel}","templated":true}]}}