{"id":2073,"date":"2017-08-12T18:44:54","date_gmt":"2017-08-12T16:44:54","guid":{"rendered":"http:\/\/lorrylesmetz-histoire.fr\/?page_id=2073"},"modified":"2017-08-16T17:05:45","modified_gmt":"2017-08-16T15:05:45","slug":"2013-2","status":"publish","type":"page","link":"http:\/\/lorrylesmetz-histoire.fr\/?page_id=2073","title":{"rendered":"2013"},"content":{"rendered":"<table style=\"width: 603px;\">\n<tbody>\n<tr>\n<td style=\"width: 115.433px;\">10 octobre<\/td>\n<td style=\"width: 294.567px;\">Conf\u00e9rence sur Robert\u00a0Schuman \u00ab l\u2019Europe en h\u00e9ritage \u00bb<\/td>\n<td style=\"width: 111px;\"><a href=\"http:\/\/lorrylesmetz-histoire.fr\/?page_id=2077\"><img loading=\"lazy\" decoding=\"async\" class=\"alignnone size-full wp-image-683\" src=\"http:\/\/lorrylesmetz-histoire.fr\/wp-content\/uploads\/2017\/05\/voir.png\" alt=\"\" width=\"89\" height=\"31\" \/><\/a><\/td>\n<\/tr>\n<tr>\n<td style=\"width: 115.433px;\">15 septembre<\/td>\n<td style=\"width: 294.567px;\">Colloque<\/td>\n<td style=\"width: 111px;\"><a href=\"http:\/\/lorrylesmetz-histoire.fr\/?page_id=2869\"><img loading=\"lazy\" decoding=\"async\" class=\"alignnone wp-image-683 size-full\" src=\"http:\/\/lorrylesmetz-histoire.fr\/wp-content\/uploads\/2017\/05\/voir.png?_t=1502895092\" alt=\"\" width=\"89\" height=\"31\" \/><\/a><\/td>\n<\/tr>\n<tr>\n<td style=\"width: 115.433px;\">21\u00a0mars<\/td>\n<td style=\"width: 294.567px;\">Visite de l\u2019exposition de l\u2019\u00c9cole de Metz, mus\u00e9e de la Cour d\u2019Or<\/td>\n<td style=\"width: 111px;\"><a href=\"http:\/\/lorrylesmetz-histoire.fr\/?page_id=2076\"><img loading=\"lazy\" decoding=\"async\" class=\"alignnone size-full wp-image-683\" src=\"http:\/\/lorrylesmetz-histoire.fr\/wp-content\/uploads\/2017\/05\/voir.png\" alt=\"\" width=\"89\" height=\"31\" \/><\/a><\/td>\n<\/tr>\n<tr>\n<td style=\"width: 115.433px;\">27 f\u00e9vrier<\/td>\n<td style=\"width: 294.567px;\">Visite du mus\u00e9e Ascom\u00e9mo<\/td>\n<td style=\"width: 111px;\"><a href=\"http:\/\/lorrylesmetz-histoire.fr\/?page_id=2075\"><img loading=\"lazy\" decoding=\"async\" class=\"alignnone size-full wp-image-683\" src=\"http:\/\/lorrylesmetz-histoire.fr\/wp-content\/uploads\/2017\/05\/voir.png\" alt=\"\" width=\"89\" height=\"31\" \/><\/a><\/td>\n<\/tr>\n<tr>\n<td style=\"width: 115.433px;\">1<sup>er<\/sup> f\u00e9vrier<\/td>\n<td style=\"width: 294.567px;\">Assembl\u00e9e g\u00e9n\u00e9rale de Lorry-l\u00e8s-Metz \u00ab\u00a0au fil du temps\u00a0\u00bb 2013<\/td>\n<td style=\"width: 111px;\"><a href=\"http:\/\/lorrylesmetz-histoire.fr\/?page_id=2074\"><img loading=\"lazy\" decoding=\"async\" class=\"alignnone wp-image-683 size-full\" src=\"http:\/\/lorrylesmetz-histoire.fr\/wp-content\/uploads\/2017\/05\/voir.png?_t=1502556768\" alt=\"\" width=\"89\" height=\"31\" \/><\/a><\/td>\n<\/tr>\n<\/tbody>\n<\/table>\n<p><a href=\"http:\/\/lorrylesmetz-histoire.fr\/?page_id=60\"><img loading=\"lazy\" decoding=\"async\" class=\"alignnone wp-image-378 size-full\" src=\"http:\/\/lorrylesmetz-histoire.fr\/wp-content\/uploads\/2017\/05\/retour.png?_t=1502556790\" alt=\"\" width=\"89\" height=\"31\" \/><\/a><\/p>\n","protected":false},"excerpt":{"rendered":"<p>10 octobre Conf\u00e9rence sur Robert\u00a0Schuman \u00ab l\u2019Europe en h\u00e9ritage \u00bb 15 septembre Colloque 21\u00a0mars Visite de l\u2019exposition de l\u2019\u00c9cole de Metz, mus\u00e9e de la Cour d\u2019Or 27 f\u00e9vrier Visite du mus\u00e9e Ascom\u00e9mo 1er f\u00e9vrier Assembl\u00e9e g\u00e9n\u00e9rale de Lorry-l\u00e8s-Metz \u00ab\u00a0au fil&hellip; <\/p>\n","protected":false},"author":1,"featured_media":0,"parent":60,"menu_order":14,"comment_status":"closed","ping_status":"closed","template":"","meta":{"_mc_calendar":[],"footnotes":""},"class_list":["post-2073","page","type-page","status-publish","hentry"],"_links":{"self":[{"href":"http:\/\/lorrylesmetz-histoire.fr\/index.php?rest_route=\/wp\/v2\/pages\/2073","targetHints":{"allow":["GET"]}}],"collection":[{"href":"http:\/\/lorrylesmetz-histoire.fr\/index.php?rest_route=\/wp\/v2\/pages"}],"about":[{"href":"http:\/\/lorrylesmetz-histoire.fr\/index.php?rest_route=\/wp\/v2\/types\/page"}],"author":[{"embeddable":true,"href":"http:\/\/lorrylesmetz-histoire.fr\/index.php?rest_route=\/wp\/v2\/users\/1"}],"replies":[{"embeddable":true,"href":"http:\/\/lorrylesmetz-histoire.fr\/index.php?rest_route=%2Fwp%2Fv2%2Fcomments&post=2073"}],"version-history":[{"count":9,"href":"http:\/\/lorrylesmetz-histoire.fr\/index.php?rest_route=\/wp\/v2\/pages\/2073\/revisions"}],"predecessor-version":[{"id":2880,"href":"http:\/\/lorrylesmetz-histoire.fr\/index.php?rest_route=\/wp\/v2\/pages\/2073\/revisions\/2880"}],"up":[{"embeddable":true,"href":"http:\/\/lorrylesmetz-histoire.fr\/index.php?rest_route=\/wp\/v2\/pages\/60"}],"wp:attachment":[{"href":"http:\/\/lorrylesmetz-histoire.fr\/index.php?rest_route=%2Fwp%2Fv2%2Fmedia&parent=2073"}],"curies":[{"name":"wp","href":"https:\/\/api.w.org\/{rel}","templated":true}]}}