{"id":2076,"date":"2017-08-13T08:13:41","date_gmt":"2017-08-13T06:13:41","guid":{"rendered":"http:\/\/lorrylesmetz-histoire.fr\/?page_id=2076"},"modified":"2017-08-19T08:14:04","modified_gmt":"2017-08-19T06:14:04","slug":"a-03","status":"publish","type":"page","link":"http:\/\/lorrylesmetz-histoire.fr\/?page_id=2076","title":{"rendered":"Visite de l\u2019exposition de l\u2019\u00c9cole de Metz, mus\u00e9e de la Cour d\u2019Or"},"content":{"rendered":"<h2>21\u00a0mars\u00a02013<\/h2>\n<p>Lorry-l\u00e8s-Metz \u00ab\u00a0au fil du Temps\u00a0\u00bb a \u00e9t\u00e9 visiter l\u2019exposition sur les peintres de l\u2019\u00c9cole de Metz.<\/p>\n<p>C\u2019est un mouvement artistique existant de 1830 \u00e0 1870, qui rassemble des peintres, pastellistes, ma\u00eetre-verrier, graveurs et sculpteurs. La figure de proue en est Laurent-Charles\u00a0Mar\u00e9chal peintre et vitrailliste. Suivent les peintres Hussenot, Migette et Devilly, les graveurs Aim\u00e9\u00a0de\u00a0Lemud et Jacott puis les sculpteurs Fratin et P\u00eatre.<\/p>\n<p>La guerre de 1870 et l\u2019Annexion ont \u00e9parpill\u00e9 les artistes fuyant en France, notamment \u00e0 Bar-le-Duc et Nancy.<\/p>\n<div id=\"metaslider-id-2955\" style=\"width: 100%; margin: 0 auto;\" class=\"ml-slider-3-108-0 metaslider metaslider-responsive metaslider-2955 ml-slider has-dots-nav ms-theme-default\" role=\"region\" aria-label=\"Mus\u00e9e Metz\" data-height=\"400\" data-width=\"400\">\n    <div id=\"metaslider_container_2955\">\n        <ul id='metaslider_2955' class='rslides'>\n            <li aria-roledescription='slide' aria-labelledby='slide-0'><a href=\"http:\/\/lorrylesmetz-histoire.fr\/wp-content\/uploads\/2017\/08\/musee1.jpg\" target=\"_blank\"><img loading=\"lazy\" decoding=\"async\" width=\"640\" height=\"480\" src=\"http:\/\/lorrylesmetz-histoire.fr\/wp-content\/uploads\/2017\/08\/musee1.jpg\" class=\"slider-2955 slide-2957 msDefaultImage\" alt=\"\" rel=\"\" title=\"\" srcset=\"http:\/\/lorrylesmetz-histoire.fr\/wp-content\/uploads\/2017\/08\/musee1.jpg 640w, http:\/\/lorrylesmetz-histoire.fr\/wp-content\/uploads\/2017\/08\/musee1-300x225.jpg 300w\" sizes=\"auto, (max-width: 640px) 100vw, 640px\" \/><\/a><\/li>\n            <li style='display: none;' aria-roledescription='slide' aria-labelledby='slide-1'><a href=\"http:\/\/lorrylesmetz-histoire.fr\/wp-content\/uploads\/2017\/08\/musee2.jpg\" target=\"_blank\"><img loading=\"lazy\" decoding=\"async\" width=\"640\" height=\"480\" src=\"http:\/\/lorrylesmetz-histoire.fr\/wp-content\/uploads\/2017\/08\/musee2.jpg\" class=\"slider-2955 slide-2958 msDefaultImage\" alt=\"\" rel=\"\" title=\"\" srcset=\"http:\/\/lorrylesmetz-histoire.fr\/wp-content\/uploads\/2017\/08\/musee2.jpg 640w, http:\/\/lorrylesmetz-histoire.fr\/wp-content\/uploads\/2017\/08\/musee2-300x225.jpg 300w\" sizes=\"auto, (max-width: 640px) 100vw, 640px\" \/><\/a><\/li>\n        <\/ul>\n        \n    <\/div>\n<\/div>\n<p>Photos Roger Mariotte.<\/p>\n<p><a href=\"http:\/\/lorrylesmetz-histoire.fr\/?page_id=2073\"><img loading=\"lazy\" decoding=\"async\" class=\"alignnone size-full wp-image-378\" src=\"http:\/\/lorrylesmetz-histoire.fr\/wp-content\/uploads\/2017\/05\/retour.png\" alt=\"\" width=\"89\" height=\"31\" \/><\/a><\/p>\n","protected":false},"excerpt":{"rendered":"<p>21\u00a0mars\u00a02013 Lorry-l\u00e8s-Metz \u00ab\u00a0au fil du Temps\u00a0\u00bb a \u00e9t\u00e9 visiter l\u2019exposition sur les peintres de l\u2019\u00c9cole de Metz. C\u2019est un mouvement artistique existant de 1830 \u00e0 1870, qui rassemble des peintres, pastellistes, ma\u00eetre-verrier, graveurs et sculpteurs. La figure de proue en&hellip; <\/p>\n","protected":false},"author":1,"featured_media":0,"parent":2073,"menu_order":2,"comment_status":"closed","ping_status":"closed","template":"","meta":{"_mc_calendar":[],"footnotes":""},"class_list":["post-2076","page","type-page","status-publish","hentry"],"_links":{"self":[{"href":"http:\/\/lorrylesmetz-histoire.fr\/index.php?rest_route=\/wp\/v2\/pages\/2076","targetHints":{"allow":["GET"]}}],"collection":[{"href":"http:\/\/lorrylesmetz-histoire.fr\/index.php?rest_route=\/wp\/v2\/pages"}],"about":[{"href":"http:\/\/lorrylesmetz-histoire.fr\/index.php?rest_route=\/wp\/v2\/types\/page"}],"author":[{"embeddable":true,"href":"http:\/\/lorrylesmetz-histoire.fr\/index.php?rest_route=\/wp\/v2\/users\/1"}],"replies":[{"embeddable":true,"href":"http:\/\/lorrylesmetz-histoire.fr\/index.php?rest_route=%2Fwp%2Fv2%2Fcomments&post=2076"}],"version-history":[{"count":4,"href":"http:\/\/lorrylesmetz-histoire.fr\/index.php?rest_route=\/wp\/v2\/pages\/2076\/revisions"}],"predecessor-version":[{"id":2956,"href":"http:\/\/lorrylesmetz-histoire.fr\/index.php?rest_route=\/wp\/v2\/pages\/2076\/revisions\/2956"}],"up":[{"embeddable":true,"href":"http:\/\/lorrylesmetz-histoire.fr\/index.php?rest_route=\/wp\/v2\/pages\/2073"}],"wp:attachment":[{"href":"http:\/\/lorrylesmetz-histoire.fr\/index.php?rest_route=%2Fwp%2Fv2%2Fmedia&parent=2076"}],"curies":[{"name":"wp","href":"https:\/\/api.w.org\/{rel}","templated":true}]}}