{"id":2135,"date":"2017-08-13T08:50:06","date_gmt":"2017-08-13T06:50:06","guid":{"rendered":"http:\/\/lorrylesmetz-histoire.fr\/?page_id=2135"},"modified":"2017-08-13T09:40:58","modified_gmt":"2017-08-13T07:40:58","slug":"a-01","status":"publish","type":"page","link":"http:\/\/lorrylesmetz-histoire.fr\/?page_id=2135","title":{"rendered":"Assembl\u00e9e g\u00e9n\u00e9rale de Lorry-l\u00e8s-Metz \u00ab au fil du temps \u00bb 2012"},"content":{"rendered":"<h2>10\u00a0f\u00e9vrier\u00a02012<\/h2>\n<p>Fran\u00e7ois\u00a0Courtade a pr\u00e9sid\u00e9 l\u2019assembl\u00e9e g\u00e9n\u00e9rale de Lorry-l\u00e8s-Metz \u00ab\u00a0au fil du Temps\u00a0\u00bb\u2026 par une jolie m\u00e9t\u00e9o de -15\u00a0degr\u00e9s\u00a0! N\u2019\u00e9taient l\u00e0 que les irr\u00e9ductibles\u00a0!<\/p>\n<p>Apr\u00e8s les rapports habituels, il a laiss\u00e9 la parole \u00e0 Claudine et G\u00e9rard\u00a0Kester qui ont pr\u00e9sent\u00e9 la vie d\u2019une voisine\u00a0: Anne-Marie-C\u00e9lestine\u00a0Michel, bienfaitrice messine et fondatrice du Manoir \u00e0 Scy-Chazelles, maison pour jeunes filles seules.<\/p>\n<p>La communication s\u2019intitulait <em>La vie illustr\u00e9e de Mademoiselle Michel<\/em>, un grand diaporama \u00e9tayait le discours.<\/p>\n<p>Une d\u00e9dicace de l\u2019ouvrage dont la communication \u00e9tait tir\u00e9e <em>L\u2019ange de Chazelles<\/em> eut lieu en fin de conf\u00e9rence.<\/p>\n<div id=\"metaslider-id-2143\" style=\"width: 100%; margin: 0 auto;\" class=\"ml-slider-3-108-0 metaslider metaslider-responsive metaslider-2143 ml-slider has-dots-nav ms-theme-default\" role=\"region\" aria-label=\"AG 2012\" data-height=\"400\" data-width=\"400\">\n    <div id=\"metaslider_container_2143\">\n        <ul id='metaslider_2143' class='rslides'>\n            <li aria-roledescription='slide' aria-labelledby='slide-0'><a href=\"http:\/\/lorrylesmetz-histoire.fr\/wp-content\/uploads\/2017\/08\/1-13.jpg\" target=\"_blank\"><img loading=\"lazy\" decoding=\"async\" width=\"800\" height=\"531\" src=\"http:\/\/lorrylesmetz-histoire.fr\/wp-content\/uploads\/2017\/08\/1-13.jpg\" class=\"slider-2143 slide-2144 msDefaultImage\" alt=\"\" rel=\"\" title=\"\" srcset=\"http:\/\/lorrylesmetz-histoire.fr\/wp-content\/uploads\/2017\/08\/1-13.jpg 800w, http:\/\/lorrylesmetz-histoire.fr\/wp-content\/uploads\/2017\/08\/1-13-300x199.jpg 300w, http:\/\/lorrylesmetz-histoire.fr\/wp-content\/uploads\/2017\/08\/1-13-768x510.jpg 768w\" sizes=\"auto, (max-width: 800px) 100vw, 800px\" \/><\/a><\/li>\n            <li style='display: none;' aria-roledescription='slide' aria-labelledby='slide-1'><a href=\"http:\/\/lorrylesmetz-histoire.fr\/wp-content\/uploads\/2017\/08\/2-13.jpg\" target=\"_blank\"><img loading=\"lazy\" decoding=\"async\" width=\"800\" height=\"531\" src=\"http:\/\/lorrylesmetz-histoire.fr\/wp-content\/uploads\/2017\/08\/2-13.jpg\" class=\"slider-2143 slide-2145 msDefaultImage\" alt=\"\" rel=\"\" title=\"\" srcset=\"http:\/\/lorrylesmetz-histoire.fr\/wp-content\/uploads\/2017\/08\/2-13.jpg 800w, http:\/\/lorrylesmetz-histoire.fr\/wp-content\/uploads\/2017\/08\/2-13-300x199.jpg 300w, http:\/\/lorrylesmetz-histoire.fr\/wp-content\/uploads\/2017\/08\/2-13-768x510.jpg 768w\" sizes=\"auto, (max-width: 800px) 100vw, 800px\" \/><\/a><\/li>\n            <li style='display: none;' aria-roledescription='slide' aria-labelledby='slide-2'><a href=\"http:\/\/lorrylesmetz-histoire.fr\/wp-content\/uploads\/2017\/08\/3-11.jpg\" target=\"_blank\"><img loading=\"lazy\" decoding=\"async\" width=\"754\" height=\"567\" src=\"http:\/\/lorrylesmetz-histoire.fr\/wp-content\/uploads\/2017\/08\/3-11.jpg\" class=\"slider-2143 slide-2146 msDefaultImage\" alt=\"\" rel=\"\" title=\"\" srcset=\"http:\/\/lorrylesmetz-histoire.fr\/wp-content\/uploads\/2017\/08\/3-11.jpg 754w, http:\/\/lorrylesmetz-histoire.fr\/wp-content\/uploads\/2017\/08\/3-11-300x226.jpg 300w\" sizes=\"auto, (max-width: 754px) 100vw, 754px\" \/><\/a><\/li>\n            <li style='display: none;' aria-roledescription='slide' aria-labelledby='slide-3'><a href=\"http:\/\/lorrylesmetz-histoire.fr\/wp-content\/uploads\/2017\/08\/4-10.jpg\" target=\"_blank\"><img loading=\"lazy\" decoding=\"async\" width=\"800\" height=\"600\" src=\"http:\/\/lorrylesmetz-histoire.fr\/wp-content\/uploads\/2017\/08\/4-10.jpg\" class=\"slider-2143 slide-2147 msDefaultImage\" alt=\"\" rel=\"\" title=\"\" srcset=\"http:\/\/lorrylesmetz-histoire.fr\/wp-content\/uploads\/2017\/08\/4-10.jpg 800w, http:\/\/lorrylesmetz-histoire.fr\/wp-content\/uploads\/2017\/08\/4-10-300x225.jpg 300w, http:\/\/lorrylesmetz-histoire.fr\/wp-content\/uploads\/2017\/08\/4-10-768x576.jpg 768w\" sizes=\"auto, (max-width: 800px) 100vw, 800px\" \/><\/a><\/li>\n            <li style='display: none;' aria-roledescription='slide' aria-labelledby='slide-4'><a href=\"http:\/\/lorrylesmetz-histoire.fr\/wp-content\/uploads\/2017\/08\/5-7.jpg\" target=\"_blank\"><img loading=\"lazy\" decoding=\"async\" width=\"800\" height=\"604\" src=\"http:\/\/lorrylesmetz-histoire.fr\/wp-content\/uploads\/2017\/08\/5-7.jpg\" class=\"slider-2143 slide-2148 msDefaultImage\" alt=\"\" rel=\"\" title=\"\" srcset=\"http:\/\/lorrylesmetz-histoire.fr\/wp-content\/uploads\/2017\/08\/5-7.jpg 800w, http:\/\/lorrylesmetz-histoire.fr\/wp-content\/uploads\/2017\/08\/5-7-300x227.jpg 300w, http:\/\/lorrylesmetz-histoire.fr\/wp-content\/uploads\/2017\/08\/5-7-768x580.jpg 768w\" sizes=\"auto, (max-width: 800px) 100vw, 800px\" \/><\/a><\/li>\n            <li style='display: none;' aria-roledescription='slide' aria-labelledby='slide-5'><a href=\"http:\/\/lorrylesmetz-histoire.fr\/wp-content\/uploads\/2017\/08\/6-4.jpg\" target=\"_blank\"><img loading=\"lazy\" decoding=\"async\" width=\"800\" height=\"531\" src=\"http:\/\/lorrylesmetz-histoire.fr\/wp-content\/uploads\/2017\/08\/6-4.jpg\" class=\"slider-2143 slide-2149 msDefaultImage\" alt=\"\" rel=\"\" title=\"\" srcset=\"http:\/\/lorrylesmetz-histoire.fr\/wp-content\/uploads\/2017\/08\/6-4.jpg 800w, http:\/\/lorrylesmetz-histoire.fr\/wp-content\/uploads\/2017\/08\/6-4-300x199.jpg 300w, http:\/\/lorrylesmetz-histoire.fr\/wp-content\/uploads\/2017\/08\/6-4-768x510.jpg 768w\" sizes=\"auto, (max-width: 800px) 100vw, 800px\" \/><\/a><\/li>\n        <\/ul>\n        \n    <\/div>\n<\/div>\n<p>Photos Roger\u00a0Mariotte.<\/p>\n<p>texte de pr\u00e9sentation de la conf\u00e9rence\u00a0: <a href=\"http:\/\/lorrylesmetz-histoire.fr\/wp-content\/uploads\/2017\/08\/TEXTE-ABSTRACT.pdf\" target=\"_blank\" rel=\"noopener\"><img loading=\"lazy\" decoding=\"async\" class=\"alignnone wp-image-683 size-full\" src=\"http:\/\/lorrylesmetz-histoire.fr\/wp-content\/uploads\/2017\/05\/voir.png?_t=1502610009\" alt=\"\" width=\"89\" height=\"31\" \/><\/a><\/p>\n<p><a href=\"http:\/\/lorrylesmetz-histoire.fr\/?page_id=2134\"><img loading=\"lazy\" decoding=\"async\" class=\"alignnone size-full wp-image-378\" src=\"http:\/\/lorrylesmetz-histoire.fr\/wp-content\/uploads\/2017\/05\/retour.png\" alt=\"\" width=\"89\" height=\"31\" \/><\/a><\/p>\n","protected":false},"excerpt":{"rendered":"<p>10\u00a0f\u00e9vrier\u00a02012 Fran\u00e7ois\u00a0Courtade a pr\u00e9sid\u00e9 l\u2019assembl\u00e9e g\u00e9n\u00e9rale de Lorry-l\u00e8s-Metz \u00ab\u00a0au fil du Temps\u00a0\u00bb\u2026 par une jolie m\u00e9t\u00e9o de -15\u00a0degr\u00e9s\u00a0! N\u2019\u00e9taient l\u00e0 que les irr\u00e9ductibles\u00a0! Apr\u00e8s les rapports habituels, il a laiss\u00e9 la parole \u00e0 Claudine et G\u00e9rard\u00a0Kester qui ont pr\u00e9sent\u00e9 la&hellip; <\/p>\n","protected":false},"author":1,"featured_media":0,"parent":2134,"menu_order":0,"comment_status":"closed","ping_status":"closed","template":"","meta":{"_mc_calendar":[],"footnotes":""},"class_list":["post-2135","page","type-page","status-publish","hentry"],"_links":{"self":[{"href":"http:\/\/lorrylesmetz-histoire.fr\/index.php?rest_route=\/wp\/v2\/pages\/2135","targetHints":{"allow":["GET"]}}],"collection":[{"href":"http:\/\/lorrylesmetz-histoire.fr\/index.php?rest_route=\/wp\/v2\/pages"}],"about":[{"href":"http:\/\/lorrylesmetz-histoire.fr\/index.php?rest_route=\/wp\/v2\/types\/page"}],"author":[{"embeddable":true,"href":"http:\/\/lorrylesmetz-histoire.fr\/index.php?rest_route=\/wp\/v2\/users\/1"}],"replies":[{"embeddable":true,"href":"http:\/\/lorrylesmetz-histoire.fr\/index.php?rest_route=%2Fwp%2Fv2%2Fcomments&post=2135"}],"version-history":[{"count":4,"href":"http:\/\/lorrylesmetz-histoire.fr\/index.php?rest_route=\/wp\/v2\/pages\/2135\/revisions"}],"predecessor-version":[{"id":2226,"href":"http:\/\/lorrylesmetz-histoire.fr\/index.php?rest_route=\/wp\/v2\/pages\/2135\/revisions\/2226"}],"up":[{"embeddable":true,"href":"http:\/\/lorrylesmetz-histoire.fr\/index.php?rest_route=\/wp\/v2\/pages\/2134"}],"wp:attachment":[{"href":"http:\/\/lorrylesmetz-histoire.fr\/index.php?rest_route=%2Fwp%2Fv2%2Fmedia&parent=2135"}],"curies":[{"name":"wp","href":"https:\/\/api.w.org\/{rel}","templated":true}]}}