{"id":2229,"date":"2017-08-13T09:44:20","date_gmt":"2017-08-13T07:44:20","guid":{"rendered":"http:\/\/lorrylesmetz-histoire.fr\/?page_id=2229"},"modified":"2017-08-14T14:20:17","modified_gmt":"2017-08-14T12:20:17","slug":"2011-03","status":"publish","type":"page","link":"http:\/\/lorrylesmetz-histoire.fr\/?page_id=2229","title":{"rendered":"2009"},"content":{"rendered":"<table style=\"width: 603px;\">\n<tbody>\n<tr>\n<td style=\"width: 138.217px;\">14 novembre 2009<\/td>\n<td style=\"width: 276.783px;\">Salon du livre d\u2019Histoire de la ville de Woippy<\/td>\n<td style=\"width: 99px;\"><a href=\"http:\/\/lorrylesmetz-histoire.fr\/?page_id=2381\"><img loading=\"lazy\" decoding=\"async\" class=\"alignnone wp-image-683 size-full\" src=\"http:\/\/lorrylesmetz-histoire.fr\/wp-content\/uploads\/2017\/05\/voir.png?_t=1502713195\" alt=\"\" width=\"89\" height=\"31\" \/><\/a><\/td>\n<\/tr>\n<tr>\n<td style=\"width: 138.217px;\">30 septembre 2009<\/td>\n<td style=\"width: 276.783px;\">Les cent ans de monsieur Becker<\/td>\n<td style=\"width: 99px;\"><a href=\"http:\/\/lorrylesmetz-histoire.fr\/?page_id=2380\"><img loading=\"lazy\" decoding=\"async\" class=\"alignnone wp-image-683 size-full\" src=\"http:\/\/lorrylesmetz-histoire.fr\/wp-content\/uploads\/2017\/05\/voir.png?_t=1502712770\" alt=\"\" width=\"89\" height=\"31\" \/><\/a><\/td>\n<\/tr>\n<tr>\n<td style=\"width: 138.217px;\">26 juin 2009<\/td>\n<td style=\"width: 276.783px;\">R\u00e9union du comit\u00e9 d\u2019histoire du Pays Pessin<\/td>\n<td style=\"width: 99px;\"><a href=\"http:\/\/lorrylesmetz-histoire.fr\/?page_id=2379\"><img loading=\"lazy\" decoding=\"async\" class=\"alignnone wp-image-683 size-full\" src=\"http:\/\/lorrylesmetz-histoire.fr\/wp-content\/uploads\/2017\/05\/voir.png?_t=1502712416\" alt=\"\" width=\"89\" height=\"31\" \/><\/a><\/td>\n<\/tr>\n<tr>\n<td style=\"width: 138.217px;\">3 avril 2009<\/td>\n<td style=\"width: 276.783px;\">Assembl\u00e9e g\u00e9n\u00e9rale de la soci\u00e9t\u00e9 d\u2019Histoire de Woippy<\/td>\n<td style=\"width: 99px;\"><a href=\"http:\/\/lorrylesmetz-histoire.fr\/?page_id=2378\"><img loading=\"lazy\" decoding=\"async\" class=\"alignnone wp-image-683 size-full\" src=\"http:\/\/lorrylesmetz-histoire.fr\/wp-content\/uploads\/2017\/05\/voir.png\" alt=\"\" width=\"89\" height=\"31\" \/><\/a><\/td>\n<\/tr>\n<tr>\n<td style=\"width: 138.217px;\">27- 29 mars 2009<\/td>\n<td style=\"width: 276.783px;\">Assembl\u00e9e g\u00e9n\u00e9rale des Amis du vieux Plappeville et exposition<\/td>\n<td style=\"width: 99px;\"><a href=\"http:\/\/lorrylesmetz-histoire.fr\/?page_id=2377\"><img loading=\"lazy\" decoding=\"async\" class=\"alignnone wp-image-683 size-full\" src=\"http:\/\/lorrylesmetz-histoire.fr\/wp-content\/uploads\/2017\/05\/voir.png?_t=1502711203\" alt=\"\" width=\"89\" height=\"31\" \/><\/a><\/td>\n<\/tr>\n<\/tbody>\n<\/table>\n<p><a href=\"http:\/\/lorrylesmetz-histoire.fr\/?page_id=171\"><img loading=\"lazy\" decoding=\"async\" class=\"alignnone wp-image-378 size-full\" src=\"http:\/\/lorrylesmetz-histoire.fr\/wp-content\/uploads\/2017\/05\/retour.png\" alt=\"\" width=\"89\" height=\"31\" \/><\/a><\/p>\n","protected":false},"excerpt":{"rendered":"<p>14 novembre 2009 Salon du livre d\u2019Histoire de la ville de Woippy 30 septembre 2009 Les cent ans de monsieur Becker 26 juin 2009 R\u00e9union du comit\u00e9 d\u2019histoire du Pays Pessin 3 avril 2009 Assembl\u00e9e g\u00e9n\u00e9rale de la soci\u00e9t\u00e9 d\u2019Histoire&hellip; <\/p>\n","protected":false},"author":1,"featured_media":0,"parent":171,"menu_order":17,"comment_status":"closed","ping_status":"closed","template":"","meta":{"_mc_calendar":[],"footnotes":""},"class_list":["post-2229","page","type-page","status-publish","hentry"],"_links":{"self":[{"href":"http:\/\/lorrylesmetz-histoire.fr\/index.php?rest_route=\/wp\/v2\/pages\/2229","targetHints":{"allow":["GET"]}}],"collection":[{"href":"http:\/\/lorrylesmetz-histoire.fr\/index.php?rest_route=\/wp\/v2\/pages"}],"about":[{"href":"http:\/\/lorrylesmetz-histoire.fr\/index.php?rest_route=\/wp\/v2\/types\/page"}],"author":[{"embeddable":true,"href":"http:\/\/lorrylesmetz-histoire.fr\/index.php?rest_route=\/wp\/v2\/users\/1"}],"replies":[{"embeddable":true,"href":"http:\/\/lorrylesmetz-histoire.fr\/index.php?rest_route=%2Fwp%2Fv2%2Fcomments&post=2229"}],"version-history":[{"count":9,"href":"http:\/\/lorrylesmetz-histoire.fr\/index.php?rest_route=\/wp\/v2\/pages\/2229\/revisions"}],"predecessor-version":[{"id":2459,"href":"http:\/\/lorrylesmetz-histoire.fr\/index.php?rest_route=\/wp\/v2\/pages\/2229\/revisions\/2459"}],"up":[{"embeddable":true,"href":"http:\/\/lorrylesmetz-histoire.fr\/index.php?rest_route=\/wp\/v2\/pages\/171"}],"wp:attachment":[{"href":"http:\/\/lorrylesmetz-histoire.fr\/index.php?rest_route=%2Fwp%2Fv2%2Fmedia&parent=2229"}],"curies":[{"name":"wp","href":"https:\/\/api.w.org\/{rel}","templated":true}]}}