{"id":2230,"date":"2017-08-13T09:44:04","date_gmt":"2017-08-13T07:44:04","guid":{"rendered":"http:\/\/lorrylesmetz-histoire.fr\/?page_id=2230"},"modified":"2017-08-14T14:43:56","modified_gmt":"2017-08-14T12:43:56","slug":"2011-02","status":"publish","type":"page","link":"http:\/\/lorrylesmetz-histoire.fr\/?page_id=2230","title":{"rendered":"2010"},"content":{"rendered":"<table style=\"width: 603px;\">\n<tbody>\n<tr>\n<td style=\"width: 137px;\">13\u00a0novembre\u00a02010<\/td>\n<td style=\"width: 284.567px;\">Salon du livre d\u2019Histoire de la ville de Woippy<\/td>\n<td style=\"width: 97.4333px;\"><a href=\"http:\/\/lorrylesmetz-histoire.fr\/?page_id=2369\"><img loading=\"lazy\" decoding=\"async\" class=\"alignnone wp-image-683 size-full\" src=\"http:\/\/lorrylesmetz-histoire.fr\/wp-content\/uploads\/2017\/05\/voir.png?_t=1502703026\" alt=\"\" width=\"89\" height=\"31\" \/><\/a><\/td>\n<\/tr>\n<tr>\n<td style=\"width: 137px;\">12\u00a0novembre\u00a02010<\/td>\n<td style=\"width: 284.567px;\">Colloque de Woippy<\/td>\n<td style=\"width: 97.4333px;\"><a href=\"http:\/\/lorrylesmetz-histoire.fr\/?page_id=2368\"><img loading=\"lazy\" decoding=\"async\" class=\"alignnone size-full wp-image-683\" src=\"http:\/\/lorrylesmetz-histoire.fr\/wp-content\/uploads\/2017\/05\/voir.png\" alt=\"\" width=\"89\" height=\"31\" \/><\/a><\/td>\n<\/tr>\n<tr>\n<td style=\"width: 137px;\">25\u00a0septembre\u00a02010<\/td>\n<td style=\"width: 284.567px;\">R\u00e9union du comit\u00e9 d\u2019Histoire du Pays Messin<\/td>\n<td style=\"width: 97.4333px;\"><a href=\"http:\/\/lorrylesmetz-histoire.fr\/?page_id=2367\"><img loading=\"lazy\" decoding=\"async\" class=\"alignnone wp-image-683 size-full\" src=\"http:\/\/lorrylesmetz-histoire.fr\/wp-content\/uploads\/2017\/05\/voir.png?_t=1502702608\" alt=\"\" width=\"89\" height=\"31\" \/><\/a><\/td>\n<\/tr>\n<tr>\n<td style=\"width: 137px;\">28\u00a0mars\u00a02010<\/td>\n<td style=\"width: 284.567px;\">Assembl\u00e9e g\u00e9n\u00e9rale de la soci\u00e9t\u00e9 d\u2019Histoire de Woippy<\/td>\n<td style=\"width: 97.4333px;\"><a href=\"http:\/\/lorrylesmetz-histoire.fr\/?page_id=2366\"><img loading=\"lazy\" decoding=\"async\" class=\"alignnone wp-image-683 size-full\" src=\"http:\/\/lorrylesmetz-histoire.fr\/wp-content\/uploads\/2017\/05\/voir.png?_t=1502702608\" alt=\"\" width=\"89\" height=\"31\" \/><\/a><\/td>\n<\/tr>\n<tr>\n<td style=\"width: 137px;\">26 &#8211; 28 mars\u00a02010<\/td>\n<td style=\"width: 284.567px;\">AG et exposition des \u00ab\u00a0Amis du vieux Plappeville\u00a0\u00bb<\/td>\n<td style=\"width: 97.4333px;\"><a href=\"http:\/\/lorrylesmetz-histoire.fr\/?page_id=2365\"><img loading=\"lazy\" decoding=\"async\" class=\"alignnone wp-image-683 size-full\" src=\"http:\/\/lorrylesmetz-histoire.fr\/wp-content\/uploads\/2017\/05\/voir.png\" alt=\"\" width=\"89\" height=\"31\" \/><\/a><\/td>\n<\/tr>\n<tr>\n<td style=\"width: 137px;\">28\u00a0janvier\u00a02010<\/td>\n<td style=\"width: 284.567px;\">R\u00e9union du comit\u00e9 d\u2019Histoire du Pays Messin<\/td>\n<td style=\"width: 97.4333px;\"><a href=\"http:\/\/lorrylesmetz-histoire.fr\/?page_id=2364\"><img loading=\"lazy\" decoding=\"async\" class=\"alignnone wp-image-683 size-full\" src=\"http:\/\/lorrylesmetz-histoire.fr\/wp-content\/uploads\/2017\/05\/voir.png?_t=1502701319\" alt=\"\" width=\"89\" height=\"31\" \/><\/a><\/td>\n<\/tr>\n<\/tbody>\n<\/table>\n<p><a href=\"http:\/\/lorrylesmetz-histoire.fr\/?page_id=171\"><img loading=\"lazy\" decoding=\"async\" class=\"alignnone size-full wp-image-378\" src=\"http:\/\/lorrylesmetz-histoire.fr\/wp-content\/uploads\/2017\/05\/retour.png\" alt=\"\" width=\"89\" height=\"31\" \/><\/a><\/p>\n","protected":false},"excerpt":{"rendered":"<p>13\u00a0novembre\u00a02010 Salon du livre d\u2019Histoire de la ville de Woippy 12\u00a0novembre\u00a02010 Colloque de Woippy 25\u00a0septembre\u00a02010 R\u00e9union du comit\u00e9 d\u2019Histoire du Pays Messin 28\u00a0mars\u00a02010 Assembl\u00e9e g\u00e9n\u00e9rale de la soci\u00e9t\u00e9 d\u2019Histoire de Woippy 26 &#8211; 28 mars\u00a02010 AG et exposition des \u00ab\u00a0Amis&hellip; <\/p>\n","protected":false},"author":1,"featured_media":0,"parent":171,"menu_order":16,"comment_status":"closed","ping_status":"closed","template":"","meta":{"_mc_calendar":[],"footnotes":""},"class_list":["post-2230","page","type-page","status-publish","hentry"],"_links":{"self":[{"href":"http:\/\/lorrylesmetz-histoire.fr\/index.php?rest_route=\/wp\/v2\/pages\/2230","targetHints":{"allow":["GET"]}}],"collection":[{"href":"http:\/\/lorrylesmetz-histoire.fr\/index.php?rest_route=\/wp\/v2\/pages"}],"about":[{"href":"http:\/\/lorrylesmetz-histoire.fr\/index.php?rest_route=\/wp\/v2\/types\/page"}],"author":[{"embeddable":true,"href":"http:\/\/lorrylesmetz-histoire.fr\/index.php?rest_route=\/wp\/v2\/users\/1"}],"replies":[{"embeddable":true,"href":"http:\/\/lorrylesmetz-histoire.fr\/index.php?rest_route=%2Fwp%2Fv2%2Fcomments&post=2230"}],"version-history":[{"count":10,"href":"http:\/\/lorrylesmetz-histoire.fr\/index.php?rest_route=\/wp\/v2\/pages\/2230\/revisions"}],"predecessor-version":[{"id":2477,"href":"http:\/\/lorrylesmetz-histoire.fr\/index.php?rest_route=\/wp\/v2\/pages\/2230\/revisions\/2477"}],"up":[{"embeddable":true,"href":"http:\/\/lorrylesmetz-histoire.fr\/index.php?rest_route=\/wp\/v2\/pages\/171"}],"wp:attachment":[{"href":"http:\/\/lorrylesmetz-histoire.fr\/index.php?rest_route=%2Fwp%2Fv2%2Fmedia&parent=2230"}],"curies":[{"name":"wp","href":"https:\/\/api.w.org\/{rel}","templated":true}]}}