{"id":2231,"date":"2017-08-13T09:43:42","date_gmt":"2017-08-13T07:43:42","guid":{"rendered":"http:\/\/lorrylesmetz-histoire.fr\/?page_id=2231"},"modified":"2017-08-14T09:05:39","modified_gmt":"2017-08-14T07:05:39","slug":"2011-01","status":"publish","type":"page","link":"http:\/\/lorrylesmetz-histoire.fr\/?page_id=2231","title":{"rendered":"2011"},"content":{"rendered":"<table style=\"width: 603px;\">\n<tbody>\n<tr style=\"height: 30px;\">\n<td style=\"width: 126.35px; height: 30px;\">19 novembre 2011<\/td>\n<td style=\"width: 288.65px; height: 30px;\">Salon du livre d\u2019Histoire de la ville de Woippy<\/td>\n<td style=\"width: 103px; height: 30px;\"><a href=\"http:\/\/lorrylesmetz-histoire.fr\/?page_id=2348\"><img loading=\"lazy\" decoding=\"async\" class=\"alignnone wp-image-683 size-full\" src=\"http:\/\/lorrylesmetz-histoire.fr\/wp-content\/uploads\/2017\/05\/voir.png\" alt=\"\" width=\"89\" height=\"31\" \/><\/a><\/td>\n<\/tr>\n<tr style=\"height: 8.83333px;\">\n<td style=\"width: 126.35px; height: 8.83333px;\">18\u00a0novembre\u00a02011<\/td>\n<td style=\"width: 288.65px; height: 8.83333px;\">Colloque de Woippy<\/td>\n<td style=\"width: 103px; height: 8.83333px;\"><a href=\"http:\/\/lorrylesmetz-histoire.fr\/?page_id=2347\"><img loading=\"lazy\" decoding=\"async\" class=\"alignnone wp-image-683 size-full\" src=\"http:\/\/lorrylesmetz-histoire.fr\/wp-content\/uploads\/2017\/05\/voir.png?_t=1502693892\" alt=\"\" width=\"89\" height=\"31\" \/><\/a><\/td>\n<\/tr>\n<tr style=\"height: 48px;\">\n<td style=\"width: 126.35px; height: 48px;\">\u00a028 avril 2011<\/td>\n<td style=\"width: 288.65px; height: 48px;\">Assembl\u00e9e g\u00e9n\u00e9rale de la soci\u00e9t\u00e9 d\u2019Histoire de Woippy<\/td>\n<td style=\"width: 103px; height: 48px;\"><a href=\"http:\/\/lorrylesmetz-histoire.fr\/?page_id=2346\"><img loading=\"lazy\" decoding=\"async\" class=\"alignnone wp-image-683 size-full\" src=\"http:\/\/lorrylesmetz-histoire.fr\/wp-content\/uploads\/2017\/05\/voir.png?_t=1502692985\" alt=\"\" width=\"89\" height=\"31\" \/><\/a><\/td>\n<\/tr>\n<\/tbody>\n<\/table>\n<p><a href=\"http:\/\/lorrylesmetz-histoire.fr\/?page_id=171\"><img loading=\"lazy\" decoding=\"async\" class=\"alignnone wp-image-378 size-full\" src=\"http:\/\/lorrylesmetz-histoire.fr\/wp-content\/uploads\/2017\/05\/retour.png\" alt=\"\" width=\"89\" height=\"31\" \/><\/a><\/p>\n","protected":false},"excerpt":{"rendered":"<p>19 novembre 2011 Salon du livre d\u2019Histoire de la ville de Woippy 18\u00a0novembre\u00a02011 Colloque de Woippy \u00a028 avril 2011 Assembl\u00e9e g\u00e9n\u00e9rale de la soci\u00e9t\u00e9 d\u2019Histoire de Woippy<\/p>\n","protected":false},"author":1,"featured_media":0,"parent":171,"menu_order":15,"comment_status":"closed","ping_status":"closed","template":"","meta":{"_mc_calendar":[],"footnotes":""},"class_list":["post-2231","page","type-page","status-publish","hentry"],"_links":{"self":[{"href":"http:\/\/lorrylesmetz-histoire.fr\/index.php?rest_route=\/wp\/v2\/pages\/2231","targetHints":{"allow":["GET"]}}],"collection":[{"href":"http:\/\/lorrylesmetz-histoire.fr\/index.php?rest_route=\/wp\/v2\/pages"}],"about":[{"href":"http:\/\/lorrylesmetz-histoire.fr\/index.php?rest_route=\/wp\/v2\/types\/page"}],"author":[{"embeddable":true,"href":"http:\/\/lorrylesmetz-histoire.fr\/index.php?rest_route=\/wp\/v2\/users\/1"}],"replies":[{"embeddable":true,"href":"http:\/\/lorrylesmetz-histoire.fr\/index.php?rest_route=%2Fwp%2Fv2%2Fcomments&post=2231"}],"version-history":[{"count":7,"href":"http:\/\/lorrylesmetz-histoire.fr\/index.php?rest_route=\/wp\/v2\/pages\/2231\/revisions"}],"predecessor-version":[{"id":2359,"href":"http:\/\/lorrylesmetz-histoire.fr\/index.php?rest_route=\/wp\/v2\/pages\/2231\/revisions\/2359"}],"up":[{"embeddable":true,"href":"http:\/\/lorrylesmetz-histoire.fr\/index.php?rest_route=\/wp\/v2\/pages\/171"}],"wp:attachment":[{"href":"http:\/\/lorrylesmetz-histoire.fr\/index.php?rest_route=%2Fwp%2Fv2%2Fmedia&parent=2231"}],"curies":[{"name":"wp","href":"https:\/\/api.w.org\/{rel}","templated":true}]}}