{"id":2235,"date":"2017-08-13T09:54:57","date_gmt":"2017-08-13T07:54:57","guid":{"rendered":"http:\/\/lorrylesmetz-histoire.fr\/?page_id=2235"},"modified":"2017-08-13T09:59:18","modified_gmt":"2017-08-13T07:59:18","slug":"a-01","status":"publish","type":"page","link":"http:\/\/lorrylesmetz-histoire.fr\/?page_id=2235","title":{"rendered":"R\u00e9union du comit\u00e9 d\u2019Histoire du Pays Messin"},"content":{"rendered":"<h2>16\u00a0janvier\u00a02012<\/h2>\n<p>Lorry-l\u00e8s-Metz \u00ab\u00a0au fil du Temps\u00a0\u00bb \u00e9tait pr\u00e9sent \u00e0 la r\u00e9union du Comit\u00e9 d\u2019histoire du Pays messin.<\/p>\n<p>Le Comit\u00e9 d\u2019Histoire du pays messin a enfin trouv\u00e9 son titre officiel.<\/p>\n<p>Lanc\u00e9e il y a deux ans, cette structure informelle sous forme de synergie rassemble r\u00e9guli\u00e8rement dix-sept associations du Pays messin. Chaque association garde sa sp\u00e9cificit\u00e9 et chacun est libre de venir ou non aux r\u00e9unions, mais force est de constater qu\u2019il manque tr\u00e8s peu de gens \u00e0 chaque rencontre. Ce temps de r\u00e9union permet de mettre en commun des connaissances, des calendriers, des projets.<\/p>\n<p>De l\u00e0 ont \u00e9merg\u00e9 des r\u00e9alisations fructueuses comme le colloque de Woippy qui prend son essor et est apparemment vou\u00e9 \u00e0 un bel avenir, et des investissements communs comme pour pr\u00e9parer le Salon du livre d\u2019histoire de Woippy.<\/p>\n<p>Composent ce comit\u00e9, copilot\u00e9 par Pierre\u00a0Brasme et S\u00e9bastien\u00a0Wagner, directeur des \u00c9ditions des Paraiges\u00a0:<\/p>\n<ul style=\"list-style-type: circle;\">\n<li>des associations locales comme Ch\u00e2tel-Saint-Germain, Club marangeois, Courcelles-Chaussy, Lorry-l\u00e8s-Metz, Mont-Saint-Quentin, Plappeville, Renaissance du Vieux-Metz, etc.\u00a0;<\/li>\n<li>des associations plus larges\u00a0: Cercle g\u00e9n\u00e9alogique de la Moselle, Comit\u00e9 d\u2019historicit\u00e9 europ\u00e9enne de Lorraine, Institut mosellan pour une retraite active, Soci\u00e9t\u00e9 des sciences m\u00e9dicales de la Moselle, etc.\u00a0;<\/li>\n<\/ul>\n<p>Il rassemble surtout des associations de la rive gauche de Metz\u00a0: appel \u00e0 la rive droite&#8230;\u00a0!<\/p>\n<p><a href=\"http:\/\/lorrylesmetz-histoire.fr\/wp-content\/uploads\/2017\/08\/12-18janv.jpg\" target=\"_blank\" rel=\"noopener\"><img loading=\"lazy\" decoding=\"async\" class=\"aligncenter wp-image-2238 size-medium\" src=\"http:\/\/lorrylesmetz-histoire.fr\/wp-content\/uploads\/2017\/08\/12-18janv-300x266.jpg\" alt=\"\" width=\"300\" height=\"266\" srcset=\"http:\/\/lorrylesmetz-histoire.fr\/wp-content\/uploads\/2017\/08\/12-18janv-300x266.jpg 300w, http:\/\/lorrylesmetz-histoire.fr\/wp-content\/uploads\/2017\/08\/12-18janv.jpg 330w\" sizes=\"auto, (max-width: 300px) 100vw, 300px\" \/><\/a><\/p>\n<p>Photo du <em>R\u00e9publicain Lorrain<\/em>.<\/p>\n<p><a href=\"http:\/\/lorrylesmetz-histoire.fr\/?page_id=2228\"><img loading=\"lazy\" decoding=\"async\" class=\"alignnone wp-image-378 size-full\" src=\"http:\/\/lorrylesmetz-histoire.fr\/wp-content\/uploads\/2017\/05\/retour.png\" alt=\"\" width=\"89\" height=\"31\" \/><\/a><\/p>\n","protected":false},"excerpt":{"rendered":"<p>16\u00a0janvier\u00a02012 Lorry-l\u00e8s-Metz \u00ab\u00a0au fil du Temps\u00a0\u00bb \u00e9tait pr\u00e9sent \u00e0 la r\u00e9union du Comit\u00e9 d\u2019histoire du Pays messin. Le Comit\u00e9 d\u2019Histoire du pays messin a enfin trouv\u00e9 son titre officiel. Lanc\u00e9e il y a deux ans, cette structure informelle sous forme&hellip; <\/p>\n","protected":false},"author":1,"featured_media":0,"parent":2228,"menu_order":0,"comment_status":"closed","ping_status":"closed","template":"","meta":{"_mc_calendar":[],"footnotes":""},"class_list":["post-2235","page","type-page","status-publish","hentry"],"_links":{"self":[{"href":"http:\/\/lorrylesmetz-histoire.fr\/index.php?rest_route=\/wp\/v2\/pages\/2235","targetHints":{"allow":["GET"]}}],"collection":[{"href":"http:\/\/lorrylesmetz-histoire.fr\/index.php?rest_route=\/wp\/v2\/pages"}],"about":[{"href":"http:\/\/lorrylesmetz-histoire.fr\/index.php?rest_route=\/wp\/v2\/types\/page"}],"author":[{"embeddable":true,"href":"http:\/\/lorrylesmetz-histoire.fr\/index.php?rest_route=\/wp\/v2\/users\/1"}],"replies":[{"embeddable":true,"href":"http:\/\/lorrylesmetz-histoire.fr\/index.php?rest_route=%2Fwp%2Fv2%2Fcomments&post=2235"}],"version-history":[{"count":4,"href":"http:\/\/lorrylesmetz-histoire.fr\/index.php?rest_route=\/wp\/v2\/pages\/2235\/revisions"}],"predecessor-version":[{"id":2243,"href":"http:\/\/lorrylesmetz-histoire.fr\/index.php?rest_route=\/wp\/v2\/pages\/2235\/revisions\/2243"}],"up":[{"embeddable":true,"href":"http:\/\/lorrylesmetz-histoire.fr\/index.php?rest_route=\/wp\/v2\/pages\/2228"}],"wp:attachment":[{"href":"http:\/\/lorrylesmetz-histoire.fr\/index.php?rest_route=%2Fwp%2Fv2%2Fmedia&parent=2235"}],"curies":[{"name":"wp","href":"https:\/\/api.w.org\/{rel}","templated":true}]}}