{"id":2236,"date":"2017-08-13T10:56:54","date_gmt":"2017-08-13T08:56:54","guid":{"rendered":"http:\/\/lorrylesmetz-histoire.fr\/?page_id=2236"},"modified":"2017-08-13T10:56:54","modified_gmt":"2017-08-13T08:56:54","slug":"a-02","status":"publish","type":"page","link":"http:\/\/lorrylesmetz-histoire.fr\/?page_id=2236","title":{"rendered":"R\u00e9union du comit\u00e9 d\u2019Histoire du Pays Messin"},"content":{"rendered":"<p>&nbsp;<\/p>\n<h2>27\u00a0avril\u00a02012<\/h2>\n<p>Lorry-l\u00e8s-Metz \u00ab\u00a0au fil du Temps\u00a0\u00bb s\u2019est rendu fid\u00e8lement \u00e0 la r\u00e9union du Comit\u00e9 d\u2019histoire du Pays messin.<\/p>\n<p>Pierre\u00a0Brasme a parl\u00e9 imm\u00e9diatement du 3<sup>e\u00a0<\/sup>colloque de Woippy, enchant\u00e9 de la r\u00e9ussite de cette jeune manifestation. Le th\u00e8me en sera <em>Metz et le Pays messin sous le Premier Empire<\/em>, avec, notamment, une conf\u00e9rence de l\u2019historien Thierry\u00a0Lentz, directeur de la Fondation Napol\u00e9on \u00e0 Paris, l\u2019un des grands sp\u00e9cialistes de l\u2019\u00e9poque napol\u00e9onienne.<\/p>\n<p>Fran\u00e7ois\u00a0Courtade d\u00e9cida de pr\u00e9senter <em>\u00ab\u00a0Le discours napol\u00e9onien de Pierre Alexandre Montrond, maire de Lorry-l\u00e8s-Metz (1802)\u00a0<\/em><em>\u00bb un discours ronflant et ampoul\u00e9 prononc\u00e9 devant les habitants du village, qui ont d\u00fb en rester m\u00e9dus\u00e9\u00a0! Texte issu des chroniques de l\u2019abb\u00e9 Jacquemin.<\/em><\/p>\n<p>D\u2019autres communications suivront\u00a0: \u00ab\u00a0<em>Les r\u00e9unions de communes en Moselle\u00a0\u00bb, \u00ab\u00a0L\u2019exemple de Marange-Silvange\u00a0\u00bb, \u00ab\u00a0L\u2019enseignement et les \u00e9coles \u00e0 Metz sous le Premier Empire\u00a0\u00bb, \u00ab\u00a0Montigny-l\u00e8s-Metz sous le Premier Empire\u00a0\u00bb, \u00ab\u00a0Le capitaine Guilpart\u00a0de\u00a0Plappeville\u00a0: un soldat de l\u2019Empire\u00a0\u00bb <\/em><em>et \u00ab\u00a0Napol\u00e9on et ses m\u00e9decins\u00a0\u00bb.<\/em><\/p>\n<p>Le prochain Salon du livre d\u2019Histoire de Woippy aura pour th\u00e8me \u00ab\u00a0Rois et reines de France\u00a0\u00bb, avec comme parrain Jean-Jacques\u00a0Aillagon, ancien ministre de la Culture, et comme universitaire invit\u00e9 d\u2019honneur le professeur Nicolas le\u00a0Roux, sp\u00e9cialiste de la monarchie d\u2019Ancien R\u00e9gime.<\/p>\n<p>Pierre\u00a0Brasme a pr\u00e9sent\u00e9 aux participants son dernier ouvrage \u00ab\u00a0<em>Une Histoire illustr\u00e9e de la Lorraine\u00a0\u00bb<\/em> \u00e9crit \u00e0 l\u2019intention des enfants de 7 \u00e0 77\u00a0ans&#8230;<\/p>\n<p><a href=\"http:\/\/lorrylesmetz-histoire.fr\/wp-content\/uploads\/2017\/08\/12-27avr.jpg\" target=\"_blank\" rel=\"noopener\"><img loading=\"lazy\" decoding=\"async\" class=\"alignnone wp-image-2244 size-medium\" src=\"http:\/\/lorrylesmetz-histoire.fr\/wp-content\/uploads\/2017\/08\/12-27avr-300x93.jpg\" alt=\"\" width=\"300\" height=\"93\" srcset=\"http:\/\/lorrylesmetz-histoire.fr\/wp-content\/uploads\/2017\/08\/12-27avr-300x93.jpg 300w, http:\/\/lorrylesmetz-histoire.fr\/wp-content\/uploads\/2017\/08\/12-27avr.jpg 700w\" sizes=\"auto, (max-width: 300px) 100vw, 300px\" \/><\/a><\/p>\n<p>Photo du <em>R\u00e9publicain Lorrain<\/em>.<\/p>\n<p><a href=\"http:\/\/lorrylesmetz-histoire.fr\/?page_id=2228\" target=\"_blank\" rel=\"noopener\"><img loading=\"lazy\" decoding=\"async\" class=\"alignnone wp-image-378 size-full\" src=\"http:\/\/lorrylesmetz-histoire.fr\/wp-content\/uploads\/2017\/05\/retour.png\" alt=\"\" width=\"89\" height=\"31\" \/><\/a><\/p>\n","protected":false},"excerpt":{"rendered":"<p>&nbsp; 27\u00a0avril\u00a02012 Lorry-l\u00e8s-Metz \u00ab\u00a0au fil du Temps\u00a0\u00bb s\u2019est rendu fid\u00e8lement \u00e0 la r\u00e9union du Comit\u00e9 d\u2019histoire du Pays messin. Pierre\u00a0Brasme a parl\u00e9 imm\u00e9diatement du 3e\u00a0colloque de Woippy, enchant\u00e9 de la r\u00e9ussite de cette jeune manifestation. Le th\u00e8me en sera Metz&hellip; <\/p>\n","protected":false},"author":1,"featured_media":0,"parent":2228,"menu_order":1,"comment_status":"closed","ping_status":"closed","template":"","meta":{"_mc_calendar":[],"footnotes":""},"class_list":["post-2236","page","type-page","status-publish","hentry"],"_links":{"self":[{"href":"http:\/\/lorrylesmetz-histoire.fr\/index.php?rest_route=\/wp\/v2\/pages\/2236","targetHints":{"allow":["GET"]}}],"collection":[{"href":"http:\/\/lorrylesmetz-histoire.fr\/index.php?rest_route=\/wp\/v2\/pages"}],"about":[{"href":"http:\/\/lorrylesmetz-histoire.fr\/index.php?rest_route=\/wp\/v2\/types\/page"}],"author":[{"embeddable":true,"href":"http:\/\/lorrylesmetz-histoire.fr\/index.php?rest_route=\/wp\/v2\/users\/1"}],"replies":[{"embeddable":true,"href":"http:\/\/lorrylesmetz-histoire.fr\/index.php?rest_route=%2Fwp%2Fv2%2Fcomments&post=2236"}],"version-history":[{"count":1,"href":"http:\/\/lorrylesmetz-histoire.fr\/index.php?rest_route=\/wp\/v2\/pages\/2236\/revisions"}],"predecessor-version":[{"id":2247,"href":"http:\/\/lorrylesmetz-histoire.fr\/index.php?rest_route=\/wp\/v2\/pages\/2236\/revisions\/2247"}],"up":[{"embeddable":true,"href":"http:\/\/lorrylesmetz-histoire.fr\/index.php?rest_route=\/wp\/v2\/pages\/2228"}],"wp:attachment":[{"href":"http:\/\/lorrylesmetz-histoire.fr\/index.php?rest_route=%2Fwp%2Fv2%2Fmedia&parent=2236"}],"curies":[{"name":"wp","href":"https:\/\/api.w.org\/{rel}","templated":true}]}}