{"id":2257,"date":"2017-08-13T11:21:51","date_gmt":"2017-08-13T09:21:51","guid":{"rendered":"http:\/\/lorrylesmetz-histoire.fr\/?page_id=2257"},"modified":"2017-08-13T12:50:55","modified_gmt":"2017-08-13T10:50:55","slug":"201-01","status":"publish","type":"page","link":"http:\/\/lorrylesmetz-histoire.fr\/?page_id=2257","title":{"rendered":"2011"},"content":{"rendered":"<table style=\"width: 603px;\">\n<tbody>\n<tr>\n<td style=\"width: 113.233px;\">28\u00a0janvier\u00a02011<\/td>\n<td style=\"width: 319.767px;\">Visite du chantier de l&rsquo;h\u00f4pital de Mercy<\/td>\n<td style=\"width: 100px;\"><a href=\"http:\/\/lorrylesmetz-histoire.fr\/?page_id=2338&amp;preview=true\"><img loading=\"lazy\" decoding=\"async\" class=\"alignnone wp-image-683 size-full\" src=\"http:\/\/lorrylesmetz-histoire.fr\/wp-content\/uploads\/2017\/05\/voir.png\" alt=\"\" width=\"89\" height=\"31\" \/><\/a><\/td>\n<\/tr>\n<tr>\n<td style=\"width: 113.233px;\">28 janvier 2011<\/td>\n<td style=\"width: 319.767px;\">Assembl\u00e9e g\u00e9n\u00e9rale de Lorry-l\u00e8s-Metz \u00ab\u00a0au fil du temps\u00a0\u00bb<\/td>\n<td style=\"width: 100px;\"><a href=\"http:\/\/lorrylesmetz-histoire.fr\/?page_id=2337\"><img loading=\"lazy\" decoding=\"async\" class=\"alignnone wp-image-683 size-full\" src=\"http:\/\/lorrylesmetz-histoire.fr\/wp-content\/uploads\/2017\/05\/voir.png\" alt=\"\" width=\"89\" height=\"31\" \/><\/a><\/td>\n<\/tr>\n<\/tbody>\n<\/table>\n<p><a href=\"http:\/\/lorrylesmetz-histoire.fr\/?page_id=60\"><img loading=\"lazy\" decoding=\"async\" class=\"alignnone wp-image-378 size-full\" src=\"http:\/\/lorrylesmetz-histoire.fr\/wp-content\/uploads\/2017\/05\/retour.png\" alt=\"\" width=\"89\" height=\"31\" \/><\/a><\/p>\n","protected":false},"excerpt":{"rendered":"<p>28\u00a0janvier\u00a02011 Visite du chantier de l&rsquo;h\u00f4pital de Mercy 28 janvier 2011 Assembl\u00e9e g\u00e9n\u00e9rale de Lorry-l\u00e8s-Metz \u00ab\u00a0au fil du temps\u00a0\u00bb<\/p>\n","protected":false},"author":1,"featured_media":0,"parent":60,"menu_order":16,"comment_status":"closed","ping_status":"closed","template":"","meta":{"_mc_calendar":[],"footnotes":""},"class_list":["post-2257","page","type-page","status-publish","hentry"],"_links":{"self":[{"href":"http:\/\/lorrylesmetz-histoire.fr\/index.php?rest_route=\/wp\/v2\/pages\/2257","targetHints":{"allow":["GET"]}}],"collection":[{"href":"http:\/\/lorrylesmetz-histoire.fr\/index.php?rest_route=\/wp\/v2\/pages"}],"about":[{"href":"http:\/\/lorrylesmetz-histoire.fr\/index.php?rest_route=\/wp\/v2\/types\/page"}],"author":[{"embeddable":true,"href":"http:\/\/lorrylesmetz-histoire.fr\/index.php?rest_route=\/wp\/v2\/users\/1"}],"replies":[{"embeddable":true,"href":"http:\/\/lorrylesmetz-histoire.fr\/index.php?rest_route=%2Fwp%2Fv2%2Fcomments&post=2257"}],"version-history":[{"count":3,"href":"http:\/\/lorrylesmetz-histoire.fr\/index.php?rest_route=\/wp\/v2\/pages\/2257\/revisions"}],"predecessor-version":[{"id":2342,"href":"http:\/\/lorrylesmetz-histoire.fr\/index.php?rest_route=\/wp\/v2\/pages\/2257\/revisions\/2342"}],"up":[{"embeddable":true,"href":"http:\/\/lorrylesmetz-histoire.fr\/index.php?rest_route=\/wp\/v2\/pages\/60"}],"wp:attachment":[{"href":"http:\/\/lorrylesmetz-histoire.fr\/index.php?rest_route=%2Fwp%2Fv2%2Fmedia&parent=2257"}],"curies":[{"name":"wp","href":"https:\/\/api.w.org\/{rel}","templated":true}]}}