{"id":2337,"date":"2017-08-13T12:36:39","date_gmt":"2017-08-13T10:36:39","guid":{"rendered":"http:\/\/lorrylesmetz-histoire.fr\/?page_id=2337"},"modified":"2017-08-13T12:36:39","modified_gmt":"2017-08-13T10:36:39","slug":"a-01","status":"publish","type":"page","link":"http:\/\/lorrylesmetz-histoire.fr\/?page_id=2337","title":{"rendered":"Assembl\u00e9e g\u00e9n\u00e9rale de Lorry-l\u00e8s-Metz \u00ab au fil du temps \u00bb"},"content":{"rendered":"<h2>28\u00a0janvier\u00a02011<\/h2>\n<p>Lorry-l\u00e8s-Metz \u00ab\u00a0au fil du Temps\u00a0\u00bb a tenu son assembl\u00e9e g\u00e9n\u00e9rale annuelle. Fran\u00e7ois\u00a0Courtade a pr\u00e9sent\u00e9 les rapports d\u2019usage, tr\u00e8s satisfait de la vie de l\u2019association.<\/p>\n<p>Une conf\u00e9rence du docteur Jean-Marie\u00a0Rouillard, acad\u00e9micien de l\u2019Acad\u00e9mie Nationale de Metz et m\u00e9decin honoraire du CHR Metz-Thionville, a suivi l\u2019assembl\u00e9e g\u00e9n\u00e9rale.<\/p>\n<p>Le titre\u00a0: <em>Histoire des hospices civils de Metz<\/em>.<\/p>\n<p>Apr\u00e8s, le verre de l\u2019amiti\u00e9 fut servi, ainsi que de coutume.<\/p>\n<div id=\"metaslider-id-2331\" style=\"width: 100%; margin: 0 auto;\" class=\"ml-slider-3-108-0 metaslider metaslider-responsive metaslider-2331 ml-slider has-dots-nav ms-theme-default\" role=\"region\" aria-label=\"AG 2011\" data-height=\"400\" data-width=\"400\">\n    <div id=\"metaslider_container_2331\">\n        <ul id='metaslider_2331' class='rslides'>\n            <li aria-roledescription='slide' aria-labelledby='slide-0'><a href=\"http:\/\/lorrylesmetz-histoire.fr\/wp-content\/uploads\/2017\/08\/1-15.jpg\" target=\"_blank\"><img loading=\"lazy\" decoding=\"async\" width=\"800\" height=\"531\" src=\"http:\/\/lorrylesmetz-histoire.fr\/wp-content\/uploads\/2017\/08\/1-15.jpg\" class=\"slider-2331 slide-2332 msDefaultImage\" alt=\"\" rel=\"\" title=\"\" srcset=\"http:\/\/lorrylesmetz-histoire.fr\/wp-content\/uploads\/2017\/08\/1-15.jpg 800w, http:\/\/lorrylesmetz-histoire.fr\/wp-content\/uploads\/2017\/08\/1-15-300x199.jpg 300w, http:\/\/lorrylesmetz-histoire.fr\/wp-content\/uploads\/2017\/08\/1-15-768x510.jpg 768w\" sizes=\"auto, (max-width: 800px) 100vw, 800px\" \/><\/a><\/li>\n            <li style='display: none;' aria-roledescription='slide' aria-labelledby='slide-1'><a href=\"http:\/\/lorrylesmetz-histoire.fr\/wp-content\/uploads\/2017\/08\/2-15.jpg\" target=\"_blank\"><img loading=\"lazy\" decoding=\"async\" width=\"800\" height=\"531\" src=\"http:\/\/lorrylesmetz-histoire.fr\/wp-content\/uploads\/2017\/08\/2-15.jpg\" class=\"slider-2331 slide-2333 msDefaultImage\" alt=\"\" rel=\"\" title=\"\" srcset=\"http:\/\/lorrylesmetz-histoire.fr\/wp-content\/uploads\/2017\/08\/2-15.jpg 800w, http:\/\/lorrylesmetz-histoire.fr\/wp-content\/uploads\/2017\/08\/2-15-300x199.jpg 300w, http:\/\/lorrylesmetz-histoire.fr\/wp-content\/uploads\/2017\/08\/2-15-768x510.jpg 768w\" sizes=\"auto, (max-width: 800px) 100vw, 800px\" \/><\/a><\/li>\n            <li style='display: none;' aria-roledescription='slide' aria-labelledby='slide-2'><a href=\"http:\/\/lorrylesmetz-histoire.fr\/wp-content\/uploads\/2017\/08\/3-12.jpg\" target=\"_blank\"><img loading=\"lazy\" decoding=\"async\" width=\"800\" height=\"531\" src=\"http:\/\/lorrylesmetz-histoire.fr\/wp-content\/uploads\/2017\/08\/3-12.jpg\" class=\"slider-2331 slide-2334 msDefaultImage\" alt=\"\" rel=\"\" title=\"\" srcset=\"http:\/\/lorrylesmetz-histoire.fr\/wp-content\/uploads\/2017\/08\/3-12.jpg 800w, http:\/\/lorrylesmetz-histoire.fr\/wp-content\/uploads\/2017\/08\/3-12-300x199.jpg 300w, http:\/\/lorrylesmetz-histoire.fr\/wp-content\/uploads\/2017\/08\/3-12-768x510.jpg 768w\" sizes=\"auto, (max-width: 800px) 100vw, 800px\" \/><\/a><\/li>\n            <li style='display: none;' aria-roledescription='slide' aria-labelledby='slide-3'><a href=\"http:\/\/lorrylesmetz-histoire.fr\/wp-content\/uploads\/2017\/08\/4-11.jpg\" target=\"_blank\"><img loading=\"lazy\" decoding=\"async\" width=\"800\" height=\"531\" src=\"http:\/\/lorrylesmetz-histoire.fr\/wp-content\/uploads\/2017\/08\/4-11.jpg\" class=\"slider-2331 slide-2335 msDefaultImage\" alt=\"\" rel=\"\" title=\"\" srcset=\"http:\/\/lorrylesmetz-histoire.fr\/wp-content\/uploads\/2017\/08\/4-11.jpg 800w, http:\/\/lorrylesmetz-histoire.fr\/wp-content\/uploads\/2017\/08\/4-11-300x199.jpg 300w, http:\/\/lorrylesmetz-histoire.fr\/wp-content\/uploads\/2017\/08\/4-11-768x510.jpg 768w\" sizes=\"auto, (max-width: 800px) 100vw, 800px\" \/><\/a><\/li>\n            <li style='display: none;' aria-roledescription='slide' aria-labelledby='slide-4'><a href=\"http:\/\/lorrylesmetz-histoire.fr\/wp-content\/uploads\/2017\/08\/5-8.jpg\" target=\"_blank\"><img loading=\"lazy\" decoding=\"async\" width=\"531\" height=\"800\" src=\"http:\/\/lorrylesmetz-histoire.fr\/wp-content\/uploads\/2017\/08\/5-8.jpg\" class=\"slider-2331 slide-2336 msDefaultImage\" alt=\"\" rel=\"\" title=\"\" srcset=\"http:\/\/lorrylesmetz-histoire.fr\/wp-content\/uploads\/2017\/08\/5-8.jpg 531w, http:\/\/lorrylesmetz-histoire.fr\/wp-content\/uploads\/2017\/08\/5-8-199x300.jpg 199w\" sizes=\"auto, (max-width: 531px) 100vw, 531px\" \/><\/a><\/li>\n        <\/ul>\n        \n    <\/div>\n<\/div>\n<p>Photos G\u00e9rard\u00a0Kester.<\/p>\n<p><a href=\"http:\/\/lorrylesmetz-histoire.fr\/?page_id=2257\"><img loading=\"lazy\" decoding=\"async\" class=\"alignnone size-full wp-image-378\" src=\"http:\/\/lorrylesmetz-histoire.fr\/wp-content\/uploads\/2017\/05\/retour.png\" alt=\"\" width=\"89\" height=\"31\" \/><\/a><\/p>\n","protected":false},"excerpt":{"rendered":"<p>28\u00a0janvier\u00a02011 Lorry-l\u00e8s-Metz \u00ab\u00a0au fil du Temps\u00a0\u00bb a tenu son assembl\u00e9e g\u00e9n\u00e9rale annuelle. Fran\u00e7ois\u00a0Courtade a pr\u00e9sent\u00e9 les rapports d\u2019usage, tr\u00e8s satisfait de la vie de l\u2019association. Une conf\u00e9rence du docteur Jean-Marie\u00a0Rouillard, acad\u00e9micien de l\u2019Acad\u00e9mie Nationale de Metz et m\u00e9decin honoraire du&hellip; <\/p>\n","protected":false},"author":1,"featured_media":0,"parent":2257,"menu_order":0,"comment_status":"closed","ping_status":"closed","template":"","meta":{"_mc_calendar":[],"footnotes":""},"class_list":["post-2337","page","type-page","status-publish","hentry"],"_links":{"self":[{"href":"http:\/\/lorrylesmetz-histoire.fr\/index.php?rest_route=\/wp\/v2\/pages\/2337","targetHints":{"allow":["GET"]}}],"collection":[{"href":"http:\/\/lorrylesmetz-histoire.fr\/index.php?rest_route=\/wp\/v2\/pages"}],"about":[{"href":"http:\/\/lorrylesmetz-histoire.fr\/index.php?rest_route=\/wp\/v2\/types\/page"}],"author":[{"embeddable":true,"href":"http:\/\/lorrylesmetz-histoire.fr\/index.php?rest_route=\/wp\/v2\/users\/1"}],"replies":[{"embeddable":true,"href":"http:\/\/lorrylesmetz-histoire.fr\/index.php?rest_route=%2Fwp%2Fv2%2Fcomments&post=2337"}],"version-history":[{"count":1,"href":"http:\/\/lorrylesmetz-histoire.fr\/index.php?rest_route=\/wp\/v2\/pages\/2337\/revisions"}],"predecessor-version":[{"id":2340,"href":"http:\/\/lorrylesmetz-histoire.fr\/index.php?rest_route=\/wp\/v2\/pages\/2337\/revisions\/2340"}],"up":[{"embeddable":true,"href":"http:\/\/lorrylesmetz-histoire.fr\/index.php?rest_route=\/wp\/v2\/pages\/2257"}],"wp:attachment":[{"href":"http:\/\/lorrylesmetz-histoire.fr\/index.php?rest_route=%2Fwp%2Fv2%2Fmedia&parent=2337"}],"curies":[{"name":"wp","href":"https:\/\/api.w.org\/{rel}","templated":true}]}}