{"id":2346,"date":"2017-08-14T08:42:18","date_gmt":"2017-08-14T06:42:18","guid":{"rendered":"http:\/\/lorrylesmetz-histoire.fr\/?page_id=2346"},"modified":"2017-08-14T09:11:42","modified_gmt":"2017-08-14T07:11:42","slug":"a-01","status":"publish","type":"page","link":"http:\/\/lorrylesmetz-histoire.fr\/?page_id=2346","title":{"rendered":"Assembl\u00e9e g\u00e9n\u00e9rale de la soci\u00e9t\u00e9 d\u2019Histoire de Woippy"},"content":{"rendered":"<h2>28\u00a0avril\u00a02011<\/h2>\n<p>Lorry-l\u00e8s-Metz \u00ab\u00a0au fil du Temps\u00a0\u00bb a suivi, comme d\u2019habitude l\u2019assembl\u00e9e g\u00e9n\u00e9rale de la SHW<\/p>\n<p>Le pr\u00e9sident Pierre\u00a0Brasme a pr\u00e9sent\u00e9 son rapport moral et a remerci\u00e9 les adh\u00e9rents \u00ab\u00a0<em>de lui avoir permis, par votre adh\u00e9sion, votre fid\u00e9lit\u00e9 \u00e0 son esprit et votre participation \u00e0 ses activit\u00e9s, de devenir et de demeurer cette belle soci\u00e9t\u00e9 qui fait la fiert\u00e9 de Woippy et qui constitue l\u2019une de ses plus solides r\u00e9f\u00e9rences culturelles<\/em>.\u00a0\u00bb Puis il a annonc\u00e9 les grands projets de l\u2019ann\u00e9e\u00a02011\u00a0: transformation du prix Ren\u00e9-Paquet en un prix d\u2019Histoire r\u00e9gionale qui sera d\u00e9cern\u00e9 pour la premi\u00e8re fois au prochain Salon du livre d\u2019histoire, organisation de celui-ci (neuvi\u00e8me \u00e9dition), sur le th\u00e8me l\u2019Italie (qui c\u00e9l\u00e8bre cette ann\u00e9e le 150<sup>e\u00a0<\/sup>anniversaire de son unit\u00e9), tenue d\u2019un colloque des soci\u00e9t\u00e9s d\u2019histoire locale du Pays Messin sur la R\u00e9volution fran\u00e7aise.<\/p>\n<p>Pierre\u00a0Brasme a ensuite pr\u00e9sent\u00e9 une conf\u00e9rence vid\u00e9o sur Pierre-Louis\u00a0Roederer, qui a jou\u00e9 un r\u00f4le important \u00e0 Metz en 1789, dans les grandes r\u00e9formes du d\u00e9but de la R\u00e9volution.<\/p>\n<p>Pierre\u00a0Roederer (1754-1835) est n\u00e9 \u00e0 Metz. Avocat et \u00e9crivain, il a \u00e9t\u00e9 l\u2019un des artisans de la r\u00e9forme administrative de la France r\u00e9volutionnaire, notamment la r\u00e9forme fiscale. Il est surtout connu pour avoir, le 10\u00a0ao\u00fbt\u00a01792, fait sortir Louis\u00a0XVI et sa famille du palais pour trouver refuge \u00e0 l\u2019Assembl\u00e9e. Ensuite, il prit part \u00e0 la pr\u00e9paration du coup d\u2019\u00c9tat de Bonaparte en 1799, avant de devenir l\u2019un de ses hommes de confiance durant le Consulat et l\u2019Empire. Un personnage d\u2019une grande rigueur intellectuelle et d\u2019une honn\u00eatet\u00e9 exemplaire en politique.<\/p>\n<p><a href=\"http:\/\/lorrylesmetz-histoire.fr\/wp-content\/uploads\/2017\/08\/SHW-11-8avrA.jpg\" target=\"_blank\" rel=\"noopener\"><img loading=\"lazy\" decoding=\"async\" class=\"aligncenter wp-image-2265 size-medium\" src=\"http:\/\/lorrylesmetz-histoire.fr\/wp-content\/uploads\/2017\/08\/SHW-11-8avrA-300x136.jpg\" alt=\"\" width=\"300\" height=\"136\" srcset=\"http:\/\/lorrylesmetz-histoire.fr\/wp-content\/uploads\/2017\/08\/SHW-11-8avrA-300x136.jpg 300w, http:\/\/lorrylesmetz-histoire.fr\/wp-content\/uploads\/2017\/08\/SHW-11-8avrA.jpg 680w\" sizes=\"auto, (max-width: 300px) 100vw, 300px\" \/><\/a>Photo du <em>R\u00e9publicain Lorrain.<\/em><\/p>\n<p><a href=\"http:\/\/lorrylesmetz-histoire.fr\/?page_id=2231\"><img loading=\"lazy\" decoding=\"async\" class=\"alignnone size-full wp-image-378\" src=\"http:\/\/lorrylesmetz-histoire.fr\/wp-content\/uploads\/2017\/05\/retour.png\" alt=\"\" width=\"89\" height=\"31\" \/><\/a><\/p>\n","protected":false},"excerpt":{"rendered":"<p>28\u00a0avril\u00a02011 Lorry-l\u00e8s-Metz \u00ab\u00a0au fil du Temps\u00a0\u00bb a suivi, comme d\u2019habitude l\u2019assembl\u00e9e g\u00e9n\u00e9rale de la SHW Le pr\u00e9sident Pierre\u00a0Brasme a pr\u00e9sent\u00e9 son rapport moral et a remerci\u00e9 les adh\u00e9rents \u00ab\u00a0de lui avoir permis, par votre adh\u00e9sion, votre fid\u00e9lit\u00e9 \u00e0 son esprit&hellip; <\/p>\n","protected":false},"author":1,"featured_media":0,"parent":2231,"menu_order":0,"comment_status":"closed","ping_status":"closed","template":"","meta":{"_mc_calendar":[],"footnotes":""},"class_list":["post-2346","page","type-page","status-publish","hentry"],"_links":{"self":[{"href":"http:\/\/lorrylesmetz-histoire.fr\/index.php?rest_route=\/wp\/v2\/pages\/2346","targetHints":{"allow":["GET"]}}],"collection":[{"href":"http:\/\/lorrylesmetz-histoire.fr\/index.php?rest_route=\/wp\/v2\/pages"}],"about":[{"href":"http:\/\/lorrylesmetz-histoire.fr\/index.php?rest_route=\/wp\/v2\/types\/page"}],"author":[{"embeddable":true,"href":"http:\/\/lorrylesmetz-histoire.fr\/index.php?rest_route=\/wp\/v2\/users\/1"}],"replies":[{"embeddable":true,"href":"http:\/\/lorrylesmetz-histoire.fr\/index.php?rest_route=%2Fwp%2Fv2%2Fcomments&post=2346"}],"version-history":[{"count":3,"href":"http:\/\/lorrylesmetz-histoire.fr\/index.php?rest_route=\/wp\/v2\/pages\/2346\/revisions"}],"predecessor-version":[{"id":2362,"href":"http:\/\/lorrylesmetz-histoire.fr\/index.php?rest_route=\/wp\/v2\/pages\/2346\/revisions\/2362"}],"up":[{"embeddable":true,"href":"http:\/\/lorrylesmetz-histoire.fr\/index.php?rest_route=\/wp\/v2\/pages\/2231"}],"wp:attachment":[{"href":"http:\/\/lorrylesmetz-histoire.fr\/index.php?rest_route=%2Fwp%2Fv2%2Fmedia&parent=2346"}],"curies":[{"name":"wp","href":"https:\/\/api.w.org\/{rel}","templated":true}]}}