{"id":2347,"date":"2017-08-14T08:50:21","date_gmt":"2017-08-14T06:50:21","guid":{"rendered":"http:\/\/lorrylesmetz-histoire.fr\/?page_id=2347"},"modified":"2017-08-14T09:06:48","modified_gmt":"2017-08-14T07:06:48","slug":"a-02","status":"publish","type":"page","link":"http:\/\/lorrylesmetz-histoire.fr\/?page_id=2347","title":{"rendered":"Colloque de Woippy"},"content":{"rendered":"<h2>18\u00a0novembre\u00a02011<\/h2>\n<p>Le colloque de Woippy organis\u00e9 par le Comit\u00e9 d\u2019histoire du Pays Messin, \u00e9tait, comme annonc\u00e9, sur le th\u00e8me de la R\u00e9volution fran\u00e7aise.<\/p>\n<p>Fran\u00e7ois Courtade, pr\u00e9sident de Lorry-l\u00e8s-Metz \u00ab\u00a0au fil du Temps\u00a0\u00bb a pr\u00e9sent\u00e9 \u00e0 11\u00a0heures une communication de trente minutes sur <em>La R\u00e9volution et le calendrier r\u00e9publicain<\/em> Se rep\u00e9rer dans le temps est une n\u00e9cessit\u00e9 humaine, un changement brutal de calendrier, du gr\u00e9gorien au r\u00e9volutionnaire a d\u00fb cr\u00e9er dans le peuple une perturbation majeure. Ce calendrier r\u00e9publicain \u00e9tait bas\u00e9 sur l\u2019envie d\u2019une \u00e8re nouvelle o\u00f9 la science remplace la religion.<\/p>\n<p>Finalement, il ne durera que quelques ann\u00e9es et sera jet\u00e9 \u00e0 l\u2019oubli.<\/p>\n<p>Plusieurs autres conf\u00e9renciers sont intervenus, tout au long d\u2019une journ\u00e9e passionnante\u00a0:<\/p>\n<ul style=\"list-style-type: circle;\">\n<li>Lucien\u00a0Arz pr\u00e9sentera <em>Les cahiers de dol\u00e9ances de Saint-Privat et Montigny<\/em>\u2009;<\/li>\n<li>Jean-Pierre\u00a0Louyot, <em>Des registres paroissiaux \u00e0 l\u2019\u00e9tat civil<\/em>\u2009;<\/li>\n<li>G\u00e9rard L\u00e9onard, <em>L\u2019abb\u00e9 Gr\u00e9goire, r\u00e9volutionnaire et humaniste<\/em>\u2009;<\/li>\n<li>Fran\u00e7ois\u00a0Courtade, <em>Le calendrier r\u00e9publicain<\/em>\u2009;<\/li>\n<li>Joseph\u00a0Riethmuller, <em>La R\u00e9volution \u00e0 Gorze<\/em>\u2009;<\/li>\n<li>\u00c9dith de Pange, <em>Village et seigneurs de Pange sous la R\u00e9volution<\/em>\u2009;<\/li>\n<li>Pierre\u00a0Bronn, <em>\u00c9tienne Pierre Morlanne, un destin forg\u00e9 par la R\u00e9volution<\/em>\u2009;<\/li>\n<li>Arthur\u00a0Holle, <em>La guillotine s\u00e8che<\/em>\u00a0;<\/li>\n<li>Alain\u00a0Hilbold, <em>Les transformations urbanistiques de Metz 1789-1799<\/em>\u2009;<\/li>\n<li>Yvette\u00a0Illy, <em>La R\u00e9volution \u00e0 Plappeville<\/em>\u2009;<\/li>\n<li>Pierre Brasme, <em>17\u00a0juillet\u00a01793, Metz a bien m\u00e9rit\u00e9 de la patrie<\/em>.<\/li>\n<\/ul>\n<p>D\u00e9cid\u00e9ment ce colloque est une r\u00e9ussite \u00e0 p\u00e9renniser.<\/p>\n<p><a href=\"http:\/\/lorrylesmetz-histoire.fr\/wp-content\/uploads\/2017\/08\/Col-1.jpg\" target=\"_blank\" rel=\"noopener\"><img loading=\"lazy\" decoding=\"async\" class=\"alignnone wp-image-2261 size-medium\" src=\"http:\/\/lorrylesmetz-histoire.fr\/wp-content\/uploads\/2017\/08\/Col-1-300x178.jpg\" alt=\"\" width=\"300\" height=\"178\" srcset=\"http:\/\/lorrylesmetz-histoire.fr\/wp-content\/uploads\/2017\/08\/Col-1-300x178.jpg 300w, http:\/\/lorrylesmetz-histoire.fr\/wp-content\/uploads\/2017\/08\/Col-1.jpg 330w\" sizes=\"auto, (max-width: 300px) 100vw, 300px\" \/><\/a> <a href=\"http:\/\/lorrylesmetz-histoire.fr\/wp-content\/uploads\/2017\/08\/Col-2.jpg\" target=\"_blank\" rel=\"noopener\"><img loading=\"lazy\" decoding=\"async\" class=\"alignnone wp-image-2262 size-full\" src=\"http:\/\/lorrylesmetz-histoire.fr\/wp-content\/uploads\/2017\/08\/Col-2.jpg\" alt=\"\" width=\"160\" height=\"231\" \/><\/a> <a href=\"http:\/\/lorrylesmetz-histoire.fr\/wp-content\/uploads\/2017\/08\/Col-3.jpg\" target=\"_blank\" rel=\"noopener\"><img loading=\"lazy\" decoding=\"async\" class=\"alignnone wp-image-2263 size-medium\" src=\"http:\/\/lorrylesmetz-histoire.fr\/wp-content\/uploads\/2017\/08\/Col-3-158x300.jpg\" alt=\"\" width=\"158\" height=\"300\" srcset=\"http:\/\/lorrylesmetz-histoire.fr\/wp-content\/uploads\/2017\/08\/Col-3-158x300.jpg 158w, http:\/\/lorrylesmetz-histoire.fr\/wp-content\/uploads\/2017\/08\/Col-3.jpg 330w\" sizes=\"auto, (max-width: 158px) 100vw, 158px\" \/><\/a><\/p>\n<p>Photos du R\u00e9publicain Lorrain.<\/p>\n<p><a href=\"http:\/\/lorrylesmetz-histoire.fr\/?page_id=2231\"><img loading=\"lazy\" decoding=\"async\" class=\"alignnone wp-image-378 size-full\" src=\"http:\/\/lorrylesmetz-histoire.fr\/wp-content\/uploads\/2017\/05\/retour.png?_t=1502694400\" alt=\"\" width=\"89\" height=\"31\" \/><\/a><\/p>\n","protected":false},"excerpt":{"rendered":"<p>18\u00a0novembre\u00a02011 Le colloque de Woippy organis\u00e9 par le Comit\u00e9 d\u2019histoire du Pays Messin, \u00e9tait, comme annonc\u00e9, sur le th\u00e8me de la R\u00e9volution fran\u00e7aise. Fran\u00e7ois Courtade, pr\u00e9sident de Lorry-l\u00e8s-Metz \u00ab\u00a0au fil du Temps\u00a0\u00bb a pr\u00e9sent\u00e9 \u00e0 11\u00a0heures une communication de trente&hellip; <\/p>\n","protected":false},"author":1,"featured_media":0,"parent":2231,"menu_order":1,"comment_status":"closed","ping_status":"closed","template":"","meta":{"_mc_calendar":[],"footnotes":""},"class_list":["post-2347","page","type-page","status-publish","hentry"],"_links":{"self":[{"href":"http:\/\/lorrylesmetz-histoire.fr\/index.php?rest_route=\/wp\/v2\/pages\/2347","targetHints":{"allow":["GET"]}}],"collection":[{"href":"http:\/\/lorrylesmetz-histoire.fr\/index.php?rest_route=\/wp\/v2\/pages"}],"about":[{"href":"http:\/\/lorrylesmetz-histoire.fr\/index.php?rest_route=\/wp\/v2\/types\/page"}],"author":[{"embeddable":true,"href":"http:\/\/lorrylesmetz-histoire.fr\/index.php?rest_route=\/wp\/v2\/users\/1"}],"replies":[{"embeddable":true,"href":"http:\/\/lorrylesmetz-histoire.fr\/index.php?rest_route=%2Fwp%2Fv2%2Fcomments&post=2347"}],"version-history":[{"count":3,"href":"http:\/\/lorrylesmetz-histoire.fr\/index.php?rest_route=\/wp\/v2\/pages\/2347\/revisions"}],"predecessor-version":[{"id":2360,"href":"http:\/\/lorrylesmetz-histoire.fr\/index.php?rest_route=\/wp\/v2\/pages\/2347\/revisions\/2360"}],"up":[{"embeddable":true,"href":"http:\/\/lorrylesmetz-histoire.fr\/index.php?rest_route=\/wp\/v2\/pages\/2231"}],"wp:attachment":[{"href":"http:\/\/lorrylesmetz-histoire.fr\/index.php?rest_route=%2Fwp%2Fv2%2Fmedia&parent=2347"}],"curies":[{"name":"wp","href":"https:\/\/api.w.org\/{rel}","templated":true}]}}