{"id":2365,"date":"2017-08-14T11:14:24","date_gmt":"2017-08-14T09:14:24","guid":{"rendered":"http:\/\/lorrylesmetz-histoire.fr\/?page_id=2365"},"modified":"2017-08-14T14:40:23","modified_gmt":"2017-08-14T12:40:23","slug":"a-02","status":"publish","type":"page","link":"http:\/\/lorrylesmetz-histoire.fr\/?page_id=2365","title":{"rendered":"AG et exposition des \u00ab Amis du vieux Plappeville \u00bb"},"content":{"rendered":"<p>26 &#8211; 28 mars\u00a02010<\/p>\n<p>Lorry-l\u00e8s-Metz \u00ab\u00a0au fil du Temps\u00a0\u00bb \u00e9tait pr\u00e9sent chez ses voisins plappevillois pour leur assembl\u00e9e g\u00e9n\u00e9rale puis s\u2019est rendu \u00e0 la salle polyvalente pour visiter l\u2019exposition consacr\u00e9e \u00e0 Louis\u00a0Viansson-Pont\u00e9, maire de 1865 \u00e0 1872. Elle t\u00e9moigne de la vie quotidienne durant la guerre de 1870.<\/p>\n<p>Une conf\u00e9rence sur Louis\u00a0Viansson-Pont\u00e9 a compl\u00e9t\u00e9 cette belle exposition.<\/p>\n<p>Cet homme n\u00e9 \u00e0 Metz en 1836 \u00e9tait fils d\u2019un capitaine d\u2019artillerie mort pour la France en Alg\u00e9rie en 1840 et d\u2019Anne Charlotte Coulon, fille du Pr\u00e9sident de la Cour de Metz. Il fait des \u00e9tudes de droit \u00e0 Paris.<\/p>\n<div id=\"metaslider-id-2471\" style=\"width: 100%; margin: 0 auto;\" class=\"ml-slider-3-108-0 metaslider metaslider-responsive metaslider-2471 ml-slider has-dots-nav ms-theme-default\" role=\"region\" aria-label=\"AG AVP 2010\" data-height=\"400\" data-width=\"400\">\n    <div id=\"metaslider_container_2471\">\n        <ul id='metaslider_2471' class='rslides'>\n            <li aria-roledescription='slide' aria-labelledby='slide-0'><a href=\"http:\/\/lorrylesmetz-histoire.fr\/wp-content\/uploads\/2017\/08\/AG-AVP-1.jpg\" target=\"_blank\"><img loading=\"lazy\" decoding=\"async\" width=\"1600\" height=\"1200\" src=\"http:\/\/lorrylesmetz-histoire.fr\/wp-content\/uploads\/2017\/08\/AG-AVP-1.jpg\" class=\"slider-2471 slide-2473 msDefaultImage\" alt=\"\" rel=\"\" title=\"\" srcset=\"http:\/\/lorrylesmetz-histoire.fr\/wp-content\/uploads\/2017\/08\/AG-AVP-1.jpg 1600w, http:\/\/lorrylesmetz-histoire.fr\/wp-content\/uploads\/2017\/08\/AG-AVP-1-300x225.jpg 300w, http:\/\/lorrylesmetz-histoire.fr\/wp-content\/uploads\/2017\/08\/AG-AVP-1-768x576.jpg 768w, http:\/\/lorrylesmetz-histoire.fr\/wp-content\/uploads\/2017\/08\/AG-AVP-1-1024x768.jpg 1024w\" sizes=\"auto, (max-width: 1600px) 100vw, 1600px\" \/><\/a><\/li>\n            <li style='display: none;' aria-roledescription='slide' aria-labelledby='slide-1'><a href=\"http:\/\/lorrylesmetz-histoire.fr\/wp-content\/uploads\/2017\/08\/AG-AVP-2-1.jpg\" target=\"_blank\"><img loading=\"lazy\" decoding=\"async\" width=\"800\" height=\"600\" src=\"http:\/\/lorrylesmetz-histoire.fr\/wp-content\/uploads\/2017\/08\/AG-AVP-2-1.jpg\" class=\"slider-2471 slide-2474 msDefaultImage\" alt=\"\" rel=\"\" title=\"\" srcset=\"http:\/\/lorrylesmetz-histoire.fr\/wp-content\/uploads\/2017\/08\/AG-AVP-2-1.jpg 800w, http:\/\/lorrylesmetz-histoire.fr\/wp-content\/uploads\/2017\/08\/AG-AVP-2-1-300x225.jpg 300w, http:\/\/lorrylesmetz-histoire.fr\/wp-content\/uploads\/2017\/08\/AG-AVP-2-1-768x576.jpg 768w\" sizes=\"auto, (max-width: 800px) 100vw, 800px\" \/><\/a><\/li>\n            <li style='display: none;' aria-roledescription='slide' aria-labelledby='slide-2'><a href=\"http:\/\/lorrylesmetz-histoire.fr\/wp-content\/uploads\/2017\/08\/AG-AVP-3.jpg\" target=\"_blank\"><img loading=\"lazy\" decoding=\"async\" width=\"800\" height=\"600\" src=\"http:\/\/lorrylesmetz-histoire.fr\/wp-content\/uploads\/2017\/08\/AG-AVP-3.jpg\" class=\"slider-2471 slide-2475 msDefaultImage\" alt=\"\" rel=\"\" title=\"\" srcset=\"http:\/\/lorrylesmetz-histoire.fr\/wp-content\/uploads\/2017\/08\/AG-AVP-3.jpg 800w, http:\/\/lorrylesmetz-histoire.fr\/wp-content\/uploads\/2017\/08\/AG-AVP-3-300x225.jpg 300w, http:\/\/lorrylesmetz-histoire.fr\/wp-content\/uploads\/2017\/08\/AG-AVP-3-768x576.jpg 768w\" sizes=\"auto, (max-width: 800px) 100vw, 800px\" \/><\/a><\/li>\n            <li style='display: none;' aria-roledescription='slide' aria-labelledby='slide-3'><a href=\"http:\/\/lorrylesmetz-histoire.fr\/wp-content\/uploads\/2017\/08\/AG-AVP-4.jpg\" target=\"_blank\"><img loading=\"lazy\" decoding=\"async\" width=\"800\" height=\"600\" src=\"http:\/\/lorrylesmetz-histoire.fr\/wp-content\/uploads\/2017\/08\/AG-AVP-4.jpg\" class=\"slider-2471 slide-2476 msDefaultImage\" alt=\"\" rel=\"\" title=\"\" srcset=\"http:\/\/lorrylesmetz-histoire.fr\/wp-content\/uploads\/2017\/08\/AG-AVP-4.jpg 800w, http:\/\/lorrylesmetz-histoire.fr\/wp-content\/uploads\/2017\/08\/AG-AVP-4-300x225.jpg 300w, http:\/\/lorrylesmetz-histoire.fr\/wp-content\/uploads\/2017\/08\/AG-AVP-4-768x576.jpg 768w\" sizes=\"auto, (max-width: 800px) 100vw, 800px\" \/><\/a><\/li>\n        <\/ul>\n        \n    <\/div>\n<\/div>\n<p>Photos extraites du site des Amis du Vieux Plappeville.<\/p>\n<p><a href=\"http:\/\/lorrylesmetz-histoire.fr\/?page_id=2230\"><img loading=\"lazy\" decoding=\"async\" class=\"alignnone size-full wp-image-378\" src=\"http:\/\/lorrylesmetz-histoire.fr\/wp-content\/uploads\/2017\/05\/retour.png\" alt=\"\" width=\"89\" height=\"31\" \/><\/a><\/p>\n","protected":false},"excerpt":{"rendered":"<p>26 &#8211; 28 mars\u00a02010 Lorry-l\u00e8s-Metz \u00ab\u00a0au fil du Temps\u00a0\u00bb \u00e9tait pr\u00e9sent chez ses voisins plappevillois pour leur assembl\u00e9e g\u00e9n\u00e9rale puis s\u2019est rendu \u00e0 la salle polyvalente pour visiter l\u2019exposition consacr\u00e9e \u00e0 Louis\u00a0Viansson-Pont\u00e9, maire de 1865 \u00e0 1872. Elle t\u00e9moigne de&hellip; <\/p>\n","protected":false},"author":1,"featured_media":0,"parent":2230,"menu_order":1,"comment_status":"closed","ping_status":"closed","template":"","meta":{"_mc_calendar":[],"footnotes":""},"class_list":["post-2365","page","type-page","status-publish","hentry"],"_links":{"self":[{"href":"http:\/\/lorrylesmetz-histoire.fr\/index.php?rest_route=\/wp\/v2\/pages\/2365","targetHints":{"allow":["GET"]}}],"collection":[{"href":"http:\/\/lorrylesmetz-histoire.fr\/index.php?rest_route=\/wp\/v2\/pages"}],"about":[{"href":"http:\/\/lorrylesmetz-histoire.fr\/index.php?rest_route=\/wp\/v2\/types\/page"}],"author":[{"embeddable":true,"href":"http:\/\/lorrylesmetz-histoire.fr\/index.php?rest_route=\/wp\/v2\/users\/1"}],"replies":[{"embeddable":true,"href":"http:\/\/lorrylesmetz-histoire.fr\/index.php?rest_route=%2Fwp%2Fv2%2Fcomments&post=2365"}],"version-history":[{"count":2,"href":"http:\/\/lorrylesmetz-histoire.fr\/index.php?rest_route=\/wp\/v2\/pages\/2365\/revisions"}],"predecessor-version":[{"id":2472,"href":"http:\/\/lorrylesmetz-histoire.fr\/index.php?rest_route=\/wp\/v2\/pages\/2365\/revisions\/2472"}],"up":[{"embeddable":true,"href":"http:\/\/lorrylesmetz-histoire.fr\/index.php?rest_route=\/wp\/v2\/pages\/2230"}],"wp:attachment":[{"href":"http:\/\/lorrylesmetz-histoire.fr\/index.php?rest_route=%2Fwp%2Fv2%2Fmedia&parent=2365"}],"curies":[{"name":"wp","href":"https:\/\/api.w.org\/{rel}","templated":true}]}}