{"id":2367,"date":"2017-08-14T11:28:28","date_gmt":"2017-08-14T09:28:28","guid":{"rendered":"http:\/\/lorrylesmetz-histoire.fr\/?page_id=2367"},"modified":"2017-08-14T11:28:42","modified_gmt":"2017-08-14T09:28:42","slug":"a-04","status":"publish","type":"page","link":"http:\/\/lorrylesmetz-histoire.fr\/?page_id=2367","title":{"rendered":"R\u00e9union du comit\u00e9 d\u2019Histoire du Pays Messin"},"content":{"rendered":"<p>25\u00a0septembre\u00a02010<\/p>\n<p>Lorry-l\u00e8s-Metz \u00ab\u00a0au fil du Temps\u00a0\u00bb \u00e9tait pr\u00e9sent \u00e0 la r\u00e9union du groupement des soci\u00e9t\u00e9s d\u2019histoire locale du Pays messin en mairie de Plappeville. Accueillis par Maryse\u00a0Duval adjointe au maire, les participants ont suivi avec beaucoup d\u2019int\u00e9r\u00eat la visite du domaine d\u2019Arros comment\u00e9e par Yvette\u00a0Illy, pr\u00e9sidente des Amis du Vieux Plappeville.<\/p>\n<p>Cette r\u00e9union avait pour principal objet de mettre au point les derniers d\u00e9tails du colloque sur \u00ab\u00a0<em>1870 \u00e0 Metz et en Pays messin\u00a0\u00bb<\/em>, qui se tiendra en la salle du Pr\u00e9au \u00e0 Woippy le vendredi 12\u00a0novembre. Ce colloque comportera deux conf\u00e9rences du colonel Henri\u00a0Ortholan sur <em>L\u2019arm\u00e9e fran\u00e7aise \u00e0 la veille de la guerre de 1870<\/em> et du professeur Fran\u00e7ois\u00a0Roth sur <em>Le drame de Metz dans l\u2019histoire politique, militaire et culturelle de la France<\/em>, et cinq courtes communications sur le conflit et ses aspects dans nos communes, dont une intervention d\u2019Yvette\u00a0Illy sur <em>Louis\u00a0Viansson-Pont\u00e9, maire de Plappeville en 1870<\/em>.<\/p>\n<p>Pierre\u00a0Brasme, pr\u00e9sident de la Soci\u00e9t\u00e9 d\u2019histoire de Woippy, a ensuite pr\u00e9cis\u00e9 le programme du 8e\u00a0salon du Livre d\u2019Histoire de Woippy qui se tiendra les 13 et 14\u00a0novembre prochains, auquel participent, depuis quelques ann\u00e9es, les soci\u00e9t\u00e9s pr\u00e9sentes. Le th\u00e8me du salon \u00e9tant li\u00e9 \u00e0 l\u2019ann\u00e9e France-Russie, le parrain sera l\u2019\u00e9crivain bien connu Vladimir F\u00e9dorovski, et l\u2019invit\u00e9e d\u2019honneur Marie-Pierre\u00a0Rey, professeur \u00e0 Paris-Sorbonne et sp\u00e9cialiste reconnue de l\u2019histoire de la Russie et de l\u2019URSS. Ces deux invit\u00e9s pr\u00e9senteront chacun une conf\u00e9rence et d\u00e9dicaceront leurs ouvrages.<\/p>\n<p>Cette rencontre, qui s\u2019est achev\u00e9e autour du verre de l\u2019amiti\u00e9, prouve \u00e0 nouveau le dynamisme des soci\u00e9t\u00e9s d\u2019histoire locale, dont le souci majeur est de mettre \u00e0 la port\u00e9e du plus grand nombre, en toute convivialit\u00e9, une meilleure connaissance du pass\u00e9 et du patrimoine de Metz et de sa r\u00e9gion.<\/p>\n<p><a href=\"http:\/\/lorrylesmetz-histoire.fr\/wp-content\/uploads\/2017\/08\/CHMP-2-10-25sept.jpg\" target=\"_blank\" rel=\"noopener\"><img loading=\"lazy\" decoding=\"async\" class=\"wp-image-2417 size-medium aligncenter\" src=\"http:\/\/lorrylesmetz-histoire.fr\/wp-content\/uploads\/2017\/08\/CHMP-2-10-25sept-295x300.jpg\" alt=\"\" width=\"295\" height=\"300\" srcset=\"http:\/\/lorrylesmetz-histoire.fr\/wp-content\/uploads\/2017\/08\/CHMP-2-10-25sept-295x300.jpg 295w, http:\/\/lorrylesmetz-histoire.fr\/wp-content\/uploads\/2017\/08\/CHMP-2-10-25sept.jpg 500w\" sizes=\"auto, (max-width: 295px) 100vw, 295px\" \/><\/a>Texte d\u2019apr\u00e8s Pierre\u00a0Brasme, <em>Raconte-moi Woippy.<\/em><\/p>\n<p>Photos du <em>R\u00e9publicain Lorrain.<\/em><\/p>\n<p><a href=\"http:\/\/lorrylesmetz-histoire.fr\/?page_id=2230\"><img loading=\"lazy\" decoding=\"async\" class=\"alignnone size-full wp-image-378\" src=\"http:\/\/lorrylesmetz-histoire.fr\/wp-content\/uploads\/2017\/05\/retour.png\" alt=\"\" width=\"89\" height=\"31\" \/><\/a><\/p>\n","protected":false},"excerpt":{"rendered":"<p>25\u00a0septembre\u00a02010 Lorry-l\u00e8s-Metz \u00ab\u00a0au fil du Temps\u00a0\u00bb \u00e9tait pr\u00e9sent \u00e0 la r\u00e9union du groupement des soci\u00e9t\u00e9s d\u2019histoire locale du Pays messin en mairie de Plappeville. Accueillis par Maryse\u00a0Duval adjointe au maire, les participants ont suivi avec beaucoup d\u2019int\u00e9r\u00eat la visite du&hellip; <\/p>\n","protected":false},"author":1,"featured_media":0,"parent":2230,"menu_order":3,"comment_status":"closed","ping_status":"closed","template":"","meta":{"_mc_calendar":[],"footnotes":""},"class_list":["post-2367","page","type-page","status-publish","hentry"],"_links":{"self":[{"href":"http:\/\/lorrylesmetz-histoire.fr\/index.php?rest_route=\/wp\/v2\/pages\/2367","targetHints":{"allow":["GET"]}}],"collection":[{"href":"http:\/\/lorrylesmetz-histoire.fr\/index.php?rest_route=\/wp\/v2\/pages"}],"about":[{"href":"http:\/\/lorrylesmetz-histoire.fr\/index.php?rest_route=\/wp\/v2\/types\/page"}],"author":[{"embeddable":true,"href":"http:\/\/lorrylesmetz-histoire.fr\/index.php?rest_route=\/wp\/v2\/users\/1"}],"replies":[{"embeddable":true,"href":"http:\/\/lorrylesmetz-histoire.fr\/index.php?rest_route=%2Fwp%2Fv2%2Fcomments&post=2367"}],"version-history":[{"count":2,"href":"http:\/\/lorrylesmetz-histoire.fr\/index.php?rest_route=\/wp\/v2\/pages\/2367\/revisions"}],"predecessor-version":[{"id":2431,"href":"http:\/\/lorrylesmetz-histoire.fr\/index.php?rest_route=\/wp\/v2\/pages\/2367\/revisions\/2431"}],"up":[{"embeddable":true,"href":"http:\/\/lorrylesmetz-histoire.fr\/index.php?rest_route=\/wp\/v2\/pages\/2230"}],"wp:attachment":[{"href":"http:\/\/lorrylesmetz-histoire.fr\/index.php?rest_route=%2Fwp%2Fv2%2Fmedia&parent=2367"}],"curies":[{"name":"wp","href":"https:\/\/api.w.org\/{rel}","templated":true}]}}