{"id":2368,"date":"2017-08-14T10:56:23","date_gmt":"2017-08-14T08:56:23","guid":{"rendered":"http:\/\/lorrylesmetz-histoire.fr\/?page_id=2368"},"modified":"2017-08-14T10:56:23","modified_gmt":"2017-08-14T08:56:23","slug":"a-05","status":"publish","type":"page","link":"http:\/\/lorrylesmetz-histoire.fr\/?page_id=2368","title":{"rendered":"Colloque de Woippy"},"content":{"rendered":"<p>12\u00a0novembre 2010<\/p>\n<p>Lorry-l\u00e8s-Metz \u00ab\u00a0au fil du Temps\u00a0\u00bb a particip\u00e9 au premier colloque de Woippy dont le th\u00e8me \u00e9tait\u00a0: \u00ab\u00a0<em>La guerre de 1870 dans le Pays Messin<\/em>\u00a0\u00bb.<\/p>\n<p>Au programme\u00a0: ouverture par Pierre\u00a0Brasme, pr\u00e9sident de la Soci\u00e9t\u00e9 d\u2019histoire de Woippy\u00a0: le matin, conf\u00e9rence du colonel Henri\u00a0Ortholan sur \u00ab\u00a0<em>L\u2019arm\u00e9e fran\u00e7aise \u00e0 la veille de la guerre de 1870\u00a0\u00bb<\/em>\u2009; l\u2019apr\u00e8s-midi, conf\u00e9rence de Fran\u00e7ois\u00a0Roth sur <em>Le drame de Metz dans l\u2019histoire politique, militaire et culturelle de la France<\/em>.<\/p>\n<p>L\u2019association a pr\u00e9sent\u00e9 <em>Ballade pour une Madone<\/em>, illustr\u00e9 d\u2019un diaporama.<\/p>\n<p>C\u2019est l\u2019histoire de Robert de Courson, jeune lieutenant fran\u00e7ais en 1870, qui est de guet dans le clocher de l\u2019\u00e9glise de Lorry-l\u00e8s-Metz. Il est s\u00e9duit par une Vierge \u00e0 l\u2019Enfant rel\u00e9gu\u00e9e l\u00e0, jug\u00e9e vieillotte. Il lui fait le serment de lui rendre son rang de belle vierge s\u2019il sort indemne de la guerre. Le pr\u00eatre le d\u00e9couvre et l\u2019aide \u00e0 rejoindre la France.<\/p>\n<p>Le conflit pass\u00e9, Robert de Courson, d\u2019origine bretonne, tiendra parole et construira pour Notre-Dame de Lorry une chapelle \u00e0 Moncontour-la Bretagne et un autre \u00e0 Pe\u00efra-Cava, au gr\u00e9 de lieux de vill\u00e9giatures.<\/p>\n<p>Ce premier colloque fut passionnant et a certainement de l\u2019avenir.<\/p>\n<div id=\"metaslider-id-2395\" style=\"width: 100%; margin: 0 auto;\" class=\"ml-slider-3-108-0 metaslider metaslider-responsive metaslider-2395 ml-slider has-dots-nav ms-theme-default\" role=\"region\" aria-label=\"Colloque 2010\" data-height=\"400\" data-width=\"400\">\n    <div id=\"metaslider_container_2395\">\n        <ul id='metaslider_2395' class='rslides'>\n            <li aria-roledescription='slide' aria-labelledby='slide-0'><a href=\"http:\/\/lorrylesmetz-histoire.fr\/wp-content\/uploads\/2017\/08\/01.png\" target=\"_blank\"><img loading=\"lazy\" decoding=\"async\" width=\"1430\" height=\"1075\" src=\"http:\/\/lorrylesmetz-histoire.fr\/wp-content\/uploads\/2017\/08\/01.png\" class=\"slider-2395 slide-2396 msDefaultImage\" alt=\"\" rel=\"\" title=\"\" srcset=\"http:\/\/lorrylesmetz-histoire.fr\/wp-content\/uploads\/2017\/08\/01.png 1430w, http:\/\/lorrylesmetz-histoire.fr\/wp-content\/uploads\/2017\/08\/01-300x226.png 300w, http:\/\/lorrylesmetz-histoire.fr\/wp-content\/uploads\/2017\/08\/01-768x577.png 768w, http:\/\/lorrylesmetz-histoire.fr\/wp-content\/uploads\/2017\/08\/01-1024x770.png 1024w\" sizes=\"auto, (max-width: 1430px) 100vw, 1430px\" \/><\/a><\/li>\n            <li style='display: none;' aria-roledescription='slide' aria-labelledby='slide-1'><a href=\"http:\/\/lorrylesmetz-histoire.fr\/wp-content\/uploads\/2017\/08\/02.png\" target=\"_blank\"><img loading=\"lazy\" decoding=\"async\" width=\"450\" height=\"600\" src=\"http:\/\/lorrylesmetz-histoire.fr\/wp-content\/uploads\/2017\/08\/02.png\" class=\"slider-2395 slide-2397 msDefaultImage\" alt=\"\" rel=\"\" title=\"\" srcset=\"http:\/\/lorrylesmetz-histoire.fr\/wp-content\/uploads\/2017\/08\/02.png 450w, http:\/\/lorrylesmetz-histoire.fr\/wp-content\/uploads\/2017\/08\/02-225x300.png 225w\" sizes=\"auto, (max-width: 450px) 100vw, 450px\" \/><\/a><\/li>\n            <li style='display: none;' aria-roledescription='slide' aria-labelledby='slide-2'><a href=\"http:\/\/lorrylesmetz-histoire.fr\/wp-content\/uploads\/2017\/08\/03-3.jpg\" target=\"_blank\"><img loading=\"lazy\" decoding=\"async\" width=\"653\" height=\"1358\" src=\"http:\/\/lorrylesmetz-histoire.fr\/wp-content\/uploads\/2017\/08\/03-3.jpg\" class=\"slider-2395 slide-2398 msDefaultImage\" alt=\"\" rel=\"\" title=\"\" srcset=\"http:\/\/lorrylesmetz-histoire.fr\/wp-content\/uploads\/2017\/08\/03-3.jpg 653w, http:\/\/lorrylesmetz-histoire.fr\/wp-content\/uploads\/2017\/08\/03-3-144x300.jpg 144w, http:\/\/lorrylesmetz-histoire.fr\/wp-content\/uploads\/2017\/08\/03-3-492x1024.jpg 492w\" sizes=\"auto, (max-width: 653px) 100vw, 653px\" \/><\/a><\/li>\n            <li style='display: none;' aria-roledescription='slide' aria-labelledby='slide-3'><a href=\"http:\/\/lorrylesmetz-histoire.fr\/wp-content\/uploads\/2017\/08\/04-3.jpg\" target=\"_blank\"><img loading=\"lazy\" decoding=\"async\" width=\"1094\" height=\"718\" src=\"http:\/\/lorrylesmetz-histoire.fr\/wp-content\/uploads\/2017\/08\/04-3.jpg\" class=\"slider-2395 slide-2399 msDefaultImage\" alt=\"\" rel=\"\" title=\"\" srcset=\"http:\/\/lorrylesmetz-histoire.fr\/wp-content\/uploads\/2017\/08\/04-3.jpg 1094w, http:\/\/lorrylesmetz-histoire.fr\/wp-content\/uploads\/2017\/08\/04-3-300x197.jpg 300w, http:\/\/lorrylesmetz-histoire.fr\/wp-content\/uploads\/2017\/08\/04-3-768x504.jpg 768w, http:\/\/lorrylesmetz-histoire.fr\/wp-content\/uploads\/2017\/08\/04-3-1024x672.jpg 1024w\" sizes=\"auto, (max-width: 1094px) 100vw, 1094px\" \/><\/a><\/li>\n            <li style='display: none;' aria-roledescription='slide' aria-labelledby='slide-4'><a href=\"http:\/\/lorrylesmetz-histoire.fr\/wp-content\/uploads\/2017\/08\/05-3.jpg\" target=\"_blank\"><img loading=\"lazy\" decoding=\"async\" width=\"274\" height=\"384\" src=\"http:\/\/lorrylesmetz-histoire.fr\/wp-content\/uploads\/2017\/08\/05-3.jpg\" class=\"slider-2395 slide-2400 msDefaultImage\" alt=\"\" rel=\"\" title=\"\" srcset=\"http:\/\/lorrylesmetz-histoire.fr\/wp-content\/uploads\/2017\/08\/05-3.jpg 274w, http:\/\/lorrylesmetz-histoire.fr\/wp-content\/uploads\/2017\/08\/05-3-214x300.jpg 214w\" sizes=\"auto, (max-width: 274px) 100vw, 274px\" \/><\/a><\/li>\n            <li style='display: none;' aria-roledescription='slide' aria-labelledby='slide-5'><a href=\"http:\/\/lorrylesmetz-histoire.fr\/wp-content\/uploads\/2017\/08\/06-2.jpg\" target=\"_blank\"><img loading=\"lazy\" decoding=\"async\" width=\"800\" height=\"558\" src=\"http:\/\/lorrylesmetz-histoire.fr\/wp-content\/uploads\/2017\/08\/06-2.jpg\" class=\"slider-2395 slide-2401 msDefaultImage\" alt=\"\" rel=\"\" title=\"\" srcset=\"http:\/\/lorrylesmetz-histoire.fr\/wp-content\/uploads\/2017\/08\/06-2.jpg 800w, http:\/\/lorrylesmetz-histoire.fr\/wp-content\/uploads\/2017\/08\/06-2-300x209.jpg 300w, http:\/\/lorrylesmetz-histoire.fr\/wp-content\/uploads\/2017\/08\/06-2-768x536.jpg 768w\" sizes=\"auto, (max-width: 800px) 100vw, 800px\" \/><\/a><\/li>\n            <li style='display: none;' aria-roledescription='slide' aria-labelledby='slide-6'><a href=\"http:\/\/lorrylesmetz-histoire.fr\/wp-content\/uploads\/2017\/08\/07-3.jpg\" target=\"_blank\"><img loading=\"lazy\" decoding=\"async\" width=\"1061\" height=\"718\" src=\"http:\/\/lorrylesmetz-histoire.fr\/wp-content\/uploads\/2017\/08\/07-3.jpg\" class=\"slider-2395 slide-2402 msDefaultImage\" alt=\"\" rel=\"\" title=\"\" srcset=\"http:\/\/lorrylesmetz-histoire.fr\/wp-content\/uploads\/2017\/08\/07-3.jpg 1061w, http:\/\/lorrylesmetz-histoire.fr\/wp-content\/uploads\/2017\/08\/07-3-300x203.jpg 300w, http:\/\/lorrylesmetz-histoire.fr\/wp-content\/uploads\/2017\/08\/07-3-768x520.jpg 768w, http:\/\/lorrylesmetz-histoire.fr\/wp-content\/uploads\/2017\/08\/07-3-1024x693.jpg 1024w\" sizes=\"auto, (max-width: 1061px) 100vw, 1061px\" \/><\/a><\/li>\n            <li style='display: none;' aria-roledescription='slide' aria-labelledby='slide-7'><a href=\"http:\/\/lorrylesmetz-histoire.fr\/wp-content\/uploads\/2017\/08\/08-3.jpg\" target=\"_blank\"><img loading=\"lazy\" decoding=\"async\" width=\"660\" height=\"1008\" src=\"http:\/\/lorrylesmetz-histoire.fr\/wp-content\/uploads\/2017\/08\/08-3.jpg\" class=\"slider-2395 slide-2403 msDefaultImage\" alt=\"\" rel=\"\" title=\"\" srcset=\"http:\/\/lorrylesmetz-histoire.fr\/wp-content\/uploads\/2017\/08\/08-3.jpg 660w, http:\/\/lorrylesmetz-histoire.fr\/wp-content\/uploads\/2017\/08\/08-3-196x300.jpg 196w\" sizes=\"auto, (max-width: 660px) 100vw, 660px\" \/><\/a><\/li>\n            <li style='display: none;' aria-roledescription='slide' aria-labelledby='slide-8'><a href=\"http:\/\/lorrylesmetz-histoire.fr\/wp-content\/uploads\/2017\/08\/09-3.jpg\" target=\"_blank\"><img loading=\"lazy\" decoding=\"async\" width=\"947\" height=\"712\" src=\"http:\/\/lorrylesmetz-histoire.fr\/wp-content\/uploads\/2017\/08\/09-3.jpg\" class=\"slider-2395 slide-2404 msDefaultImage\" alt=\"\" rel=\"\" title=\"\" srcset=\"http:\/\/lorrylesmetz-histoire.fr\/wp-content\/uploads\/2017\/08\/09-3.jpg 947w, http:\/\/lorrylesmetz-histoire.fr\/wp-content\/uploads\/2017\/08\/09-3-300x226.jpg 300w, http:\/\/lorrylesmetz-histoire.fr\/wp-content\/uploads\/2017\/08\/09-3-768x577.jpg 768w\" sizes=\"auto, (max-width: 947px) 100vw, 947px\" \/><\/a><\/li>\n            <li style='display: none;' aria-roledescription='slide' aria-labelledby='slide-9'><a href=\"http:\/\/lorrylesmetz-histoire.fr\/wp-content\/uploads\/2017\/08\/10-3.jpg\" target=\"_blank\"><img loading=\"lazy\" decoding=\"async\" width=\"800\" height=\"601\" src=\"http:\/\/lorrylesmetz-histoire.fr\/wp-content\/uploads\/2017\/08\/10-3.jpg\" class=\"slider-2395 slide-2405 msDefaultImage\" alt=\"\" rel=\"\" title=\"\" srcset=\"http:\/\/lorrylesmetz-histoire.fr\/wp-content\/uploads\/2017\/08\/10-3.jpg 800w, http:\/\/lorrylesmetz-histoire.fr\/wp-content\/uploads\/2017\/08\/10-3-300x225.jpg 300w, http:\/\/lorrylesmetz-histoire.fr\/wp-content\/uploads\/2017\/08\/10-3-768x577.jpg 768w\" sizes=\"auto, (max-width: 800px) 100vw, 800px\" \/><\/a><\/li>\n            <li style='display: none;' aria-roledescription='slide' aria-labelledby='slide-10'><a href=\"http:\/\/lorrylesmetz-histoire.fr\/wp-content\/uploads\/2017\/08\/11-3.jpg\" target=\"_blank\"><img loading=\"lazy\" decoding=\"async\" width=\"532\" height=\"756\" src=\"http:\/\/lorrylesmetz-histoire.fr\/wp-content\/uploads\/2017\/08\/11-3.jpg\" class=\"slider-2395 slide-2406 msDefaultImage\" alt=\"\" rel=\"\" title=\"\" srcset=\"http:\/\/lorrylesmetz-histoire.fr\/wp-content\/uploads\/2017\/08\/11-3.jpg 532w, http:\/\/lorrylesmetz-histoire.fr\/wp-content\/uploads\/2017\/08\/11-3-211x300.jpg 211w\" sizes=\"auto, (max-width: 532px) 100vw, 532px\" \/><\/a><\/li>\n            <li style='display: none;' aria-roledescription='slide' aria-labelledby='slide-11'><a href=\"http:\/\/lorrylesmetz-histoire.fr\/wp-content\/uploads\/2017\/08\/12-3.jpg\" target=\"_blank\"><img loading=\"lazy\" decoding=\"async\" width=\"400\" height=\"292\" src=\"http:\/\/lorrylesmetz-histoire.fr\/wp-content\/uploads\/2017\/08\/12-3.jpg\" class=\"slider-2395 slide-2407 msDefaultImage\" alt=\"\" rel=\"\" title=\"\" srcset=\"http:\/\/lorrylesmetz-histoire.fr\/wp-content\/uploads\/2017\/08\/12-3.jpg 400w, http:\/\/lorrylesmetz-histoire.fr\/wp-content\/uploads\/2017\/08\/12-3-300x219.jpg 300w\" sizes=\"auto, (max-width: 400px) 100vw, 400px\" \/><\/a><\/li>\n            <li style='display: none;' aria-roledescription='slide' aria-labelledby='slide-12'><a href=\"http:\/\/lorrylesmetz-histoire.fr\/wp-content\/uploads\/2017\/08\/13.png\" target=\"_blank\"><img loading=\"lazy\" decoding=\"async\" width=\"1428\" height=\"1077\" src=\"http:\/\/lorrylesmetz-histoire.fr\/wp-content\/uploads\/2017\/08\/13.png\" class=\"slider-2395 slide-2408 msDefaultImage\" alt=\"\" rel=\"\" title=\"\" srcset=\"http:\/\/lorrylesmetz-histoire.fr\/wp-content\/uploads\/2017\/08\/13.png 1428w, http:\/\/lorrylesmetz-histoire.fr\/wp-content\/uploads\/2017\/08\/13-300x226.png 300w, http:\/\/lorrylesmetz-histoire.fr\/wp-content\/uploads\/2017\/08\/13-768x579.png 768w, http:\/\/lorrylesmetz-histoire.fr\/wp-content\/uploads\/2017\/08\/13-1024x772.png 1024w\" sizes=\"auto, (max-width: 1428px) 100vw, 1428px\" \/><\/a><\/li>\n        <\/ul>\n        \n    <\/div>\n<\/div>\n<p>Photos Monique et Fran\u00e7ois\u00a0Courtade, G\u00e9rard\u00a0Kester, Roger\u00a0Mariotte.<\/p>\n<p><a href=\"http:\/\/lorrylesmetz-histoire.fr\/?page_id=2230\"><img loading=\"lazy\" decoding=\"async\" class=\"alignnone size-full wp-image-378\" src=\"http:\/\/lorrylesmetz-histoire.fr\/wp-content\/uploads\/2017\/05\/retour.png\" alt=\"\" width=\"89\" height=\"31\" \/><\/a><\/p>\n","protected":false},"excerpt":{"rendered":"<p>12\u00a0novembre 2010 Lorry-l\u00e8s-Metz \u00ab\u00a0au fil du Temps\u00a0\u00bb a particip\u00e9 au premier colloque de Woippy dont le th\u00e8me \u00e9tait\u00a0: \u00ab\u00a0La guerre de 1870 dans le Pays Messin\u00a0\u00bb. Au programme\u00a0: ouverture par Pierre\u00a0Brasme, pr\u00e9sident de la Soci\u00e9t\u00e9 d\u2019histoire de Woippy\u00a0: le matin,&hellip; <\/p>\n","protected":false},"author":1,"featured_media":0,"parent":2230,"menu_order":4,"comment_status":"closed","ping_status":"closed","template":"","meta":{"_mc_calendar":[],"footnotes":""},"class_list":["post-2368","page","type-page","status-publish","hentry"],"_links":{"self":[{"href":"http:\/\/lorrylesmetz-histoire.fr\/index.php?rest_route=\/wp\/v2\/pages\/2368","targetHints":{"allow":["GET"]}}],"collection":[{"href":"http:\/\/lorrylesmetz-histoire.fr\/index.php?rest_route=\/wp\/v2\/pages"}],"about":[{"href":"http:\/\/lorrylesmetz-histoire.fr\/index.php?rest_route=\/wp\/v2\/types\/page"}],"author":[{"embeddable":true,"href":"http:\/\/lorrylesmetz-histoire.fr\/index.php?rest_route=\/wp\/v2\/users\/1"}],"replies":[{"embeddable":true,"href":"http:\/\/lorrylesmetz-histoire.fr\/index.php?rest_route=%2Fwp%2Fv2%2Fcomments&post=2368"}],"version-history":[{"count":1,"href":"http:\/\/lorrylesmetz-histoire.fr\/index.php?rest_route=\/wp\/v2\/pages\/2368\/revisions"}],"predecessor-version":[{"id":2411,"href":"http:\/\/lorrylesmetz-histoire.fr\/index.php?rest_route=\/wp\/v2\/pages\/2368\/revisions\/2411"}],"up":[{"embeddable":true,"href":"http:\/\/lorrylesmetz-histoire.fr\/index.php?rest_route=\/wp\/v2\/pages\/2230"}],"wp:attachment":[{"href":"http:\/\/lorrylesmetz-histoire.fr\/index.php?rest_route=%2Fwp%2Fv2%2Fmedia&parent=2368"}],"curies":[{"name":"wp","href":"https:\/\/api.w.org\/{rel}","templated":true}]}}