{"id":2369,"date":"2017-08-14T11:30:49","date_gmt":"2017-08-14T09:30:49","guid":{"rendered":"http:\/\/lorrylesmetz-histoire.fr\/?page_id=2369"},"modified":"2017-08-14T11:32:47","modified_gmt":"2017-08-14T09:32:47","slug":"a-06","status":"publish","type":"page","link":"http:\/\/lorrylesmetz-histoire.fr\/?page_id=2369","title":{"rendered":"Salon du livre d\u2019Histoire de la ville de Woippy"},"content":{"rendered":"<h2>13 novembre 2010<\/h2>\n<p>Lorry-l\u00e8s-Metz \u00ab\u00a0au fil du Temps\u00a0\u00bb, fid\u00e8le \u00e0 son poste au Salon du livre d\u2019Histoire de la ville de Woippy a r\u00e9pondu \u00e0 l&rsquo;invitation conjointe de la municipalit\u00e9 de Woippy, de la Soci\u00e9t\u00e9 d&rsquo;Histoire de Woippy que pr\u00e9side Pierre Brasme, et de la librairie Hisler-Even.<\/p>\n<p>L\u2019association a pr\u00e9sent\u00e9 ses objectifs et ses activit\u00e9s au public.<\/p>\n<p>B\u00e9n\u00e9ficiant du label Ann\u00e9e France-Russie, le 8<sup>e<\/sup> Salon du Livre d&rsquo;Histoire de Woippy \u00e9tait parrain\u00e9 cette ann\u00e9e par Vladimir Fedorovski, \u00e9crivain et ancien diplomate russe et \u00e9minent sp\u00e9cialiste de sa terre natale, avec la participation de quatre-vingts autres auteurs r\u00e9gionaux et nationaux.<\/p>\n<p>Des conf\u00e9rences et tables rondes sur le th\u00e8me se sont succ\u00e9d\u00e9es durant ces deux journ\u00e9es.<\/p>\n<p><a href=\"http:\/\/lorrylesmetz-histoire.fr\/wp-content\/uploads\/2017\/08\/Salon-10-10nov-1.jpg\" target=\"_blank\" rel=\"noopener\"><img loading=\"lazy\" decoding=\"async\" class=\"aligncenter wp-image-2418 size-medium\" src=\"http:\/\/lorrylesmetz-histoire.fr\/wp-content\/uploads\/2017\/08\/Salon-10-10nov-1-300x264.jpg\" alt=\"\" width=\"300\" height=\"264\" srcset=\"http:\/\/lorrylesmetz-histoire.fr\/wp-content\/uploads\/2017\/08\/Salon-10-10nov-1-300x264.jpg 300w, http:\/\/lorrylesmetz-histoire.fr\/wp-content\/uploads\/2017\/08\/Salon-10-10nov-1.jpg 340w\" sizes=\"auto, (max-width: 300px) 100vw, 300px\" \/><\/a><\/p>\n<p>Photo du R\u00e9publicain Lorrain.<\/p>\n<p><a href=\"http:\/\/lorrylesmetz-histoire.fr\/?page_id=2230\"><img loading=\"lazy\" decoding=\"async\" class=\"alignnone size-full wp-image-378\" src=\"http:\/\/lorrylesmetz-histoire.fr\/wp-content\/uploads\/2017\/05\/retour.png\" alt=\"\" width=\"89\" height=\"31\" \/><\/a><\/p>\n","protected":false},"excerpt":{"rendered":"<p>13 novembre 2010 Lorry-l\u00e8s-Metz \u00ab\u00a0au fil du Temps\u00a0\u00bb, fid\u00e8le \u00e0 son poste au Salon du livre d\u2019Histoire de la ville de Woippy a r\u00e9pondu \u00e0 l&rsquo;invitation conjointe de la municipalit\u00e9 de Woippy, de la Soci\u00e9t\u00e9 d&rsquo;Histoire de Woippy que pr\u00e9side&hellip; <\/p>\n","protected":false},"author":1,"featured_media":0,"parent":2230,"menu_order":5,"comment_status":"closed","ping_status":"closed","template":"","meta":{"_mc_calendar":[],"footnotes":""},"class_list":["post-2369","page","type-page","status-publish","hentry"],"_links":{"self":[{"href":"http:\/\/lorrylesmetz-histoire.fr\/index.php?rest_route=\/wp\/v2\/pages\/2369","targetHints":{"allow":["GET"]}}],"collection":[{"href":"http:\/\/lorrylesmetz-histoire.fr\/index.php?rest_route=\/wp\/v2\/pages"}],"about":[{"href":"http:\/\/lorrylesmetz-histoire.fr\/index.php?rest_route=\/wp\/v2\/types\/page"}],"author":[{"embeddable":true,"href":"http:\/\/lorrylesmetz-histoire.fr\/index.php?rest_route=\/wp\/v2\/users\/1"}],"replies":[{"embeddable":true,"href":"http:\/\/lorrylesmetz-histoire.fr\/index.php?rest_route=%2Fwp%2Fv2%2Fcomments&post=2369"}],"version-history":[{"count":3,"href":"http:\/\/lorrylesmetz-histoire.fr\/index.php?rest_route=\/wp\/v2\/pages\/2369\/revisions"}],"predecessor-version":[{"id":2435,"href":"http:\/\/lorrylesmetz-histoire.fr\/index.php?rest_route=\/wp\/v2\/pages\/2369\/revisions\/2435"}],"up":[{"embeddable":true,"href":"http:\/\/lorrylesmetz-histoire.fr\/index.php?rest_route=\/wp\/v2\/pages\/2230"}],"wp:attachment":[{"href":"http:\/\/lorrylesmetz-histoire.fr\/index.php?rest_route=%2Fwp%2Fv2%2Fmedia&parent=2369"}],"curies":[{"name":"wp","href":"https:\/\/api.w.org\/{rel}","templated":true}]}}