{"id":2371,"date":"2017-08-14T16:05:36","date_gmt":"2017-08-14T14:05:36","guid":{"rendered":"http:\/\/lorrylesmetz-histoire.fr\/?page_id=2371"},"modified":"2017-08-14T16:06:30","modified_gmt":"2017-08-14T14:06:30","slug":"a-02","status":"publish","type":"page","link":"http:\/\/lorrylesmetz-histoire.fr\/?page_id=2371","title":{"rendered":"Balade entre Plappeville et Lorry-l\u00e8s-Metz"},"content":{"rendered":"<p>3\u00a0juillet\u00a02010<\/p>\n<p>Les Amis du Vieux Plappeville et Lorry-l\u00e8s-Metz \u00ab\u00a0au fil du temps\u00a0\u00bb ont organis\u00e9 une belle balade entre les deux villages.<\/p>\n<p>Le temps \u00e9tait de la partie et la journ\u00e9e agr\u00e9able. Qu\u2019il est bon de se promener entre amis\u00a0!<\/p>\n<p><a href=\"http:\/\/lorrylesmetz-histoire.fr\/wp-content\/uploads\/2017\/08\/Balade-1.jpg\" target=\"_blank\" rel=\"noopener\"><img loading=\"lazy\" decoding=\"async\" class=\"aligncenter wp-image-2500 size-medium\" src=\"http:\/\/lorrylesmetz-histoire.fr\/wp-content\/uploads\/2017\/08\/Balade-1-300x191.jpg\" alt=\"\" width=\"300\" height=\"191\" srcset=\"http:\/\/lorrylesmetz-histoire.fr\/wp-content\/uploads\/2017\/08\/Balade-1-300x191.jpg 300w, http:\/\/lorrylesmetz-histoire.fr\/wp-content\/uploads\/2017\/08\/Balade-1.jpg 708w\" sizes=\"auto, (max-width: 300px) 100vw, 300px\" \/><\/a><\/p>\n<p>Photo du <em>R\u00e9publicain Lorrain<\/em>.<\/p>\n<p><a href=\"http:\/\/lorrylesmetz-histoire.fr\/?page_id=2256\"><img loading=\"lazy\" decoding=\"async\" class=\"alignnone wp-image-378 size-full\" src=\"http:\/\/lorrylesmetz-histoire.fr\/wp-content\/uploads\/2017\/05\/retour.png?_t=1502719480\" alt=\"\" width=\"89\" height=\"31\" \/><\/a><\/p>\n","protected":false},"excerpt":{"rendered":"<p>3\u00a0juillet\u00a02010 Les Amis du Vieux Plappeville et Lorry-l\u00e8s-Metz \u00ab\u00a0au fil du temps\u00a0\u00bb ont organis\u00e9 une belle balade entre les deux villages. Le temps \u00e9tait de la partie et la journ\u00e9e agr\u00e9able. Qu\u2019il est bon de se promener entre amis\u00a0! Photo&hellip; <\/p>\n","protected":false},"author":1,"featured_media":0,"parent":2256,"menu_order":1,"comment_status":"closed","ping_status":"closed","template":"","meta":{"_mc_calendar":[],"footnotes":""},"class_list":["post-2371","page","type-page","status-publish","hentry"],"_links":{"self":[{"href":"http:\/\/lorrylesmetz-histoire.fr\/index.php?rest_route=\/wp\/v2\/pages\/2371","targetHints":{"allow":["GET"]}}],"collection":[{"href":"http:\/\/lorrylesmetz-histoire.fr\/index.php?rest_route=\/wp\/v2\/pages"}],"about":[{"href":"http:\/\/lorrylesmetz-histoire.fr\/index.php?rest_route=\/wp\/v2\/types\/page"}],"author":[{"embeddable":true,"href":"http:\/\/lorrylesmetz-histoire.fr\/index.php?rest_route=\/wp\/v2\/users\/1"}],"replies":[{"embeddable":true,"href":"http:\/\/lorrylesmetz-histoire.fr\/index.php?rest_route=%2Fwp%2Fv2%2Fcomments&post=2371"}],"version-history":[{"count":2,"href":"http:\/\/lorrylesmetz-histoire.fr\/index.php?rest_route=\/wp\/v2\/pages\/2371\/revisions"}],"predecessor-version":[{"id":2505,"href":"http:\/\/lorrylesmetz-histoire.fr\/index.php?rest_route=\/wp\/v2\/pages\/2371\/revisions\/2505"}],"up":[{"embeddable":true,"href":"http:\/\/lorrylesmetz-histoire.fr\/index.php?rest_route=\/wp\/v2\/pages\/2256"}],"wp:attachment":[{"href":"http:\/\/lorrylesmetz-histoire.fr\/index.php?rest_route=%2Fwp%2Fv2%2Fmedia&parent=2371"}],"curies":[{"name":"wp","href":"https:\/\/api.w.org\/{rel}","templated":true}]}}