{"id":2373,"date":"2017-08-14T17:24:09","date_gmt":"2017-08-14T15:24:09","guid":{"rendered":"http:\/\/lorrylesmetz-histoire.fr\/?page_id=2373"},"modified":"2017-08-15T10:09:27","modified_gmt":"2017-08-15T08:09:27","slug":"a-02","status":"publish","type":"page","link":"http:\/\/lorrylesmetz-histoire.fr\/?page_id=2373","title":{"rendered":"Exposition Gall\u00e9 au mus\u00e9e de Vic-sur-Seille"},"content":{"rendered":"<h2>29\u00a0juillet\u00a02009<\/h2>\n<p>Lorry-l\u00e8s-Metz \u00ab\u00a0au fil du temps\u00a0\u00bb a \u00e9t\u00e9 visiter l\u2019exposition \u00c9mile\u00a0Gall\u00e9 <em>Nature et symbolisme<\/em> au mus\u00e9e Georges-de La-Tour de Vic-Sur-Seille, qui pr\u00e9sentait 150\u00a0\u0153uvres provenant, pour la plupart, des grands mus\u00e9es japonais et europ\u00e9ens.<\/p>\n<p>\u00c9mile\u00a0Gall\u00e9, n\u00e9 \u00e0 Nancy le 4\u00a0mai\u00a01846, est reconnu mondialement pour \u00eatre l\u2019un des ma\u00eetres de \u00ab\u00a0l\u2019Art nouveau\u00a0\u00bb. Il est l\u2019un des fondateurs de l\u2019\u00c9cole de Nancy. Botaniste dans l\u2019\u00e2me, c\u2019est \u00e0 Nancy qu\u2019il rencontra le japonais Tokouso Takashima, botaniste comme lui. De cette rencontre na\u00eet une amiti\u00e9 qui ne fera que conforter la fascination d\u2019\u00c9mile\u00a0Gall\u00e9 pour le Japon.<\/p>\n<p>L\u2019objectif de cette exposition a pour but de faire d\u00e9couvrir au public l\u2019importance de la nature et du symbolisme dans l\u2019art de Gal\u00e9e. Les pi\u00e8ces de p\u00e2te de verre \u00e9taient valoris\u00e9es dans de larges espaces lumineux.<\/p>\n<p>47 c\u00e9ramiques et 18\u00a0meubles \u00e9taient \u00e9galement expos\u00e9s, ainsi qu\u2019une trentaine de dessins pr\u00e9paratoires et d\u2019\u00e9tudes issus des ateliers Gall\u00e9.<\/p>\n<div id=\"metaslider-id-2623\" style=\"width: 100%; margin: 0 auto;\" class=\"ml-slider-3-108-0 metaslider metaslider-responsive metaslider-2623 ml-slider has-dots-nav ms-theme-default\" role=\"region\" aria-label=\"Gall\u00e9\" data-height=\"400\" data-width=\"400\">\n    <div id=\"metaslider_container_2623\">\n        <ul id='metaslider_2623' class='rslides'>\n            <li aria-roledescription='slide' aria-labelledby='slide-0'><a href=\"http:\/\/lorrylesmetz-histoire.fr\/wp-content\/uploads\/2017\/08\/01-4.jpg\" target=\"_blank\"><img loading=\"lazy\" decoding=\"async\" width=\"800\" height=\"532\" src=\"http:\/\/lorrylesmetz-histoire.fr\/wp-content\/uploads\/2017\/08\/01-4.jpg\" class=\"slider-2623 slide-2624 msDefaultImage\" alt=\"\" rel=\"\" title=\"\" srcset=\"http:\/\/lorrylesmetz-histoire.fr\/wp-content\/uploads\/2017\/08\/01-4.jpg 800w, http:\/\/lorrylesmetz-histoire.fr\/wp-content\/uploads\/2017\/08\/01-4-300x200.jpg 300w, http:\/\/lorrylesmetz-histoire.fr\/wp-content\/uploads\/2017\/08\/01-4-768x511.jpg 768w\" sizes=\"auto, (max-width: 800px) 100vw, 800px\" \/><\/a><\/li>\n            <li style='display: none;' aria-roledescription='slide' aria-labelledby='slide-1'><a href=\"http:\/\/lorrylesmetz-histoire.fr\/wp-content\/uploads\/2017\/08\/02-4.jpg\" target=\"_blank\"><img loading=\"lazy\" decoding=\"async\" width=\"532\" height=\"800\" src=\"http:\/\/lorrylesmetz-histoire.fr\/wp-content\/uploads\/2017\/08\/02-4.jpg\" class=\"slider-2623 slide-2625 msDefaultImage\" alt=\"\" rel=\"\" title=\"\" srcset=\"http:\/\/lorrylesmetz-histoire.fr\/wp-content\/uploads\/2017\/08\/02-4.jpg 532w, http:\/\/lorrylesmetz-histoire.fr\/wp-content\/uploads\/2017\/08\/02-4-200x300.jpg 200w\" sizes=\"auto, (max-width: 532px) 100vw, 532px\" \/><\/a><\/li>\n            <li style='display: none;' aria-roledescription='slide' aria-labelledby='slide-2'><a href=\"http:\/\/lorrylesmetz-histoire.fr\/wp-content\/uploads\/2017\/08\/03-5.jpg\" target=\"_blank\"><img loading=\"lazy\" decoding=\"async\" width=\"532\" height=\"800\" src=\"http:\/\/lorrylesmetz-histoire.fr\/wp-content\/uploads\/2017\/08\/03-5.jpg\" class=\"slider-2623 slide-2626 msDefaultImage\" alt=\"\" rel=\"\" title=\"\" srcset=\"http:\/\/lorrylesmetz-histoire.fr\/wp-content\/uploads\/2017\/08\/03-5.jpg 532w, http:\/\/lorrylesmetz-histoire.fr\/wp-content\/uploads\/2017\/08\/03-5-200x300.jpg 200w\" sizes=\"auto, (max-width: 532px) 100vw, 532px\" \/><\/a><\/li>\n            <li style='display: none;' aria-roledescription='slide' aria-labelledby='slide-3'><a href=\"http:\/\/lorrylesmetz-histoire.fr\/wp-content\/uploads\/2017\/08\/04-5.jpg\" target=\"_blank\"><img loading=\"lazy\" decoding=\"async\" width=\"532\" height=\"800\" src=\"http:\/\/lorrylesmetz-histoire.fr\/wp-content\/uploads\/2017\/08\/04-5.jpg\" class=\"slider-2623 slide-2627 msDefaultImage\" alt=\"\" rel=\"\" title=\"\" srcset=\"http:\/\/lorrylesmetz-histoire.fr\/wp-content\/uploads\/2017\/08\/04-5.jpg 532w, http:\/\/lorrylesmetz-histoire.fr\/wp-content\/uploads\/2017\/08\/04-5-200x300.jpg 200w\" sizes=\"auto, (max-width: 532px) 100vw, 532px\" \/><\/a><\/li>\n            <li style='display: none;' aria-roledescription='slide' aria-labelledby='slide-4'><a href=\"http:\/\/lorrylesmetz-histoire.fr\/wp-content\/uploads\/2017\/08\/05-5.jpg\" target=\"_blank\"><img loading=\"lazy\" decoding=\"async\" width=\"532\" height=\"800\" src=\"http:\/\/lorrylesmetz-histoire.fr\/wp-content\/uploads\/2017\/08\/05-5.jpg\" class=\"slider-2623 slide-2628 msDefaultImage\" alt=\"\" rel=\"\" title=\"\" srcset=\"http:\/\/lorrylesmetz-histoire.fr\/wp-content\/uploads\/2017\/08\/05-5.jpg 532w, http:\/\/lorrylesmetz-histoire.fr\/wp-content\/uploads\/2017\/08\/05-5-200x300.jpg 200w\" sizes=\"auto, (max-width: 532px) 100vw, 532px\" \/><\/a><\/li>\n            <li style='display: none;' aria-roledescription='slide' aria-labelledby='slide-5'><a href=\"http:\/\/lorrylesmetz-histoire.fr\/wp-content\/uploads\/2017\/08\/06-4.jpg\" target=\"_blank\"><img loading=\"lazy\" decoding=\"async\" width=\"532\" height=\"800\" src=\"http:\/\/lorrylesmetz-histoire.fr\/wp-content\/uploads\/2017\/08\/06-4.jpg\" class=\"slider-2623 slide-2629 msDefaultImage\" alt=\"\" rel=\"\" title=\"\" srcset=\"http:\/\/lorrylesmetz-histoire.fr\/wp-content\/uploads\/2017\/08\/06-4.jpg 532w, http:\/\/lorrylesmetz-histoire.fr\/wp-content\/uploads\/2017\/08\/06-4-200x300.jpg 200w\" sizes=\"auto, (max-width: 532px) 100vw, 532px\" \/><\/a><\/li>\n            <li style='display: none;' aria-roledescription='slide' aria-labelledby='slide-6'><a href=\"http:\/\/lorrylesmetz-histoire.fr\/wp-content\/uploads\/2017\/08\/07-5.jpg\" target=\"_blank\"><img loading=\"lazy\" decoding=\"async\" width=\"532\" height=\"800\" src=\"http:\/\/lorrylesmetz-histoire.fr\/wp-content\/uploads\/2017\/08\/07-5.jpg\" class=\"slider-2623 slide-2630 msDefaultImage\" alt=\"\" rel=\"\" title=\"\" srcset=\"http:\/\/lorrylesmetz-histoire.fr\/wp-content\/uploads\/2017\/08\/07-5.jpg 532w, http:\/\/lorrylesmetz-histoire.fr\/wp-content\/uploads\/2017\/08\/07-5-200x300.jpg 200w\" sizes=\"auto, (max-width: 532px) 100vw, 532px\" \/><\/a><\/li>\n            <li style='display: none;' aria-roledescription='slide' aria-labelledby='slide-7'><a href=\"http:\/\/lorrylesmetz-histoire.fr\/wp-content\/uploads\/2017\/08\/08-5.jpg\" target=\"_blank\"><img loading=\"lazy\" decoding=\"async\" width=\"532\" height=\"800\" src=\"http:\/\/lorrylesmetz-histoire.fr\/wp-content\/uploads\/2017\/08\/08-5.jpg\" class=\"slider-2623 slide-2631 msDefaultImage\" alt=\"\" rel=\"\" title=\"\" srcset=\"http:\/\/lorrylesmetz-histoire.fr\/wp-content\/uploads\/2017\/08\/08-5.jpg 532w, http:\/\/lorrylesmetz-histoire.fr\/wp-content\/uploads\/2017\/08\/08-5-200x300.jpg 200w\" sizes=\"auto, (max-width: 532px) 100vw, 532px\" \/><\/a><\/li>\n            <li style='display: none;' aria-roledescription='slide' aria-labelledby='slide-8'><a href=\"http:\/\/lorrylesmetz-histoire.fr\/wp-content\/uploads\/2017\/08\/09-5.jpg\" target=\"_blank\"><img loading=\"lazy\" decoding=\"async\" width=\"532\" height=\"800\" src=\"http:\/\/lorrylesmetz-histoire.fr\/wp-content\/uploads\/2017\/08\/09-5.jpg\" class=\"slider-2623 slide-2632 msDefaultImage\" alt=\"\" rel=\"\" title=\"\" srcset=\"http:\/\/lorrylesmetz-histoire.fr\/wp-content\/uploads\/2017\/08\/09-5.jpg 532w, http:\/\/lorrylesmetz-histoire.fr\/wp-content\/uploads\/2017\/08\/09-5-200x300.jpg 200w\" sizes=\"auto, (max-width: 532px) 100vw, 532px\" \/><\/a><\/li>\n            <li style='display: none;' aria-roledescription='slide' aria-labelledby='slide-9'><a href=\"http:\/\/lorrylesmetz-histoire.fr\/wp-content\/uploads\/2017\/08\/10-5.jpg\" target=\"_blank\"><img loading=\"lazy\" decoding=\"async\" width=\"532\" height=\"800\" src=\"http:\/\/lorrylesmetz-histoire.fr\/wp-content\/uploads\/2017\/08\/10-5.jpg\" class=\"slider-2623 slide-2633 msDefaultImage\" alt=\"\" rel=\"\" title=\"\" srcset=\"http:\/\/lorrylesmetz-histoire.fr\/wp-content\/uploads\/2017\/08\/10-5.jpg 532w, http:\/\/lorrylesmetz-histoire.fr\/wp-content\/uploads\/2017\/08\/10-5-200x300.jpg 200w\" sizes=\"auto, (max-width: 532px) 100vw, 532px\" \/><\/a><\/li>\n            <li style='display: none;' aria-roledescription='slide' aria-labelledby='slide-10'><a href=\"http:\/\/lorrylesmetz-histoire.fr\/wp-content\/uploads\/2017\/08\/11-5.jpg\" target=\"_blank\"><img loading=\"lazy\" decoding=\"async\" width=\"532\" height=\"800\" src=\"http:\/\/lorrylesmetz-histoire.fr\/wp-content\/uploads\/2017\/08\/11-5.jpg\" class=\"slider-2623 slide-2634 msDefaultImage\" alt=\"\" rel=\"\" title=\"\" srcset=\"http:\/\/lorrylesmetz-histoire.fr\/wp-content\/uploads\/2017\/08\/11-5.jpg 532w, http:\/\/lorrylesmetz-histoire.fr\/wp-content\/uploads\/2017\/08\/11-5-200x300.jpg 200w\" sizes=\"auto, (max-width: 532px) 100vw, 532px\" \/><\/a><\/li>\n            <li style='display: none;' aria-roledescription='slide' aria-labelledby='slide-11'><a href=\"http:\/\/lorrylesmetz-histoire.fr\/wp-content\/uploads\/2017\/08\/12-5.jpg\" target=\"_blank\"><img loading=\"lazy\" decoding=\"async\" width=\"532\" height=\"800\" src=\"http:\/\/lorrylesmetz-histoire.fr\/wp-content\/uploads\/2017\/08\/12-5.jpg\" class=\"slider-2623 slide-2635 msDefaultImage\" alt=\"\" rel=\"\" title=\"\" srcset=\"http:\/\/lorrylesmetz-histoire.fr\/wp-content\/uploads\/2017\/08\/12-5.jpg 532w, http:\/\/lorrylesmetz-histoire.fr\/wp-content\/uploads\/2017\/08\/12-5-200x300.jpg 200w\" sizes=\"auto, (max-width: 532px) 100vw, 532px\" \/><\/a><\/li>\n            <li style='display: none;' aria-roledescription='slide' aria-labelledby='slide-12'><a href=\"http:\/\/lorrylesmetz-histoire.fr\/wp-content\/uploads\/2017\/08\/13-4.jpg\" target=\"_blank\"><img loading=\"lazy\" decoding=\"async\" width=\"532\" height=\"800\" src=\"http:\/\/lorrylesmetz-histoire.fr\/wp-content\/uploads\/2017\/08\/13-4.jpg\" class=\"slider-2623 slide-2636 msDefaultImage\" alt=\"\" rel=\"\" title=\"\" srcset=\"http:\/\/lorrylesmetz-histoire.fr\/wp-content\/uploads\/2017\/08\/13-4.jpg 532w, http:\/\/lorrylesmetz-histoire.fr\/wp-content\/uploads\/2017\/08\/13-4-200x300.jpg 200w\" sizes=\"auto, (max-width: 532px) 100vw, 532px\" \/><\/a><\/li>\n            <li style='display: none;' aria-roledescription='slide' aria-labelledby='slide-13'><a href=\"http:\/\/lorrylesmetz-histoire.fr\/wp-content\/uploads\/2017\/08\/14-3.jpg\" target=\"_blank\"><img loading=\"lazy\" decoding=\"async\" width=\"532\" height=\"800\" src=\"http:\/\/lorrylesmetz-histoire.fr\/wp-content\/uploads\/2017\/08\/14-3.jpg\" class=\"slider-2623 slide-2637 msDefaultImage\" alt=\"\" rel=\"\" title=\"\" srcset=\"http:\/\/lorrylesmetz-histoire.fr\/wp-content\/uploads\/2017\/08\/14-3.jpg 532w, http:\/\/lorrylesmetz-histoire.fr\/wp-content\/uploads\/2017\/08\/14-3-200x300.jpg 200w\" sizes=\"auto, (max-width: 532px) 100vw, 532px\" \/><\/a><\/li>\n        <\/ul>\n        \n    <\/div>\n<\/div>\n<p>Photos de G\u00e9rard\u00a0KESTER.<\/p>\n<p><a href=\"http:\/\/lorrylesmetz-histoire.fr\/?page_id=2255\"><img loading=\"lazy\" decoding=\"async\" class=\"alignnone wp-image-378 size-full\" src=\"http:\/\/lorrylesmetz-histoire.fr\/wp-content\/uploads\/2017\/05\/retour.png?_t=1502724219\" alt=\"\" width=\"89\" height=\"31\" \/><\/a><\/p>\n","protected":false},"excerpt":{"rendered":"<p>29\u00a0juillet\u00a02009 Lorry-l\u00e8s-Metz \u00ab\u00a0au fil du temps\u00a0\u00bb a \u00e9t\u00e9 visiter l\u2019exposition \u00c9mile\u00a0Gall\u00e9 Nature et symbolisme au mus\u00e9e Georges-de La-Tour de Vic-Sur-Seille, qui pr\u00e9sentait 150\u00a0\u0153uvres provenant, pour la plupart, des grands mus\u00e9es japonais et europ\u00e9ens. \u00c9mile\u00a0Gall\u00e9, n\u00e9 \u00e0 Nancy le 4\u00a0mai\u00a01846, est&hellip; <\/p>\n","protected":false},"author":1,"featured_media":0,"parent":2255,"menu_order":1,"comment_status":"closed","ping_status":"closed","template":"","meta":{"_mc_calendar":[],"footnotes":""},"class_list":["post-2373","page","type-page","status-publish","hentry"],"_links":{"self":[{"href":"http:\/\/lorrylesmetz-histoire.fr\/index.php?rest_route=\/wp\/v2\/pages\/2373","targetHints":{"allow":["GET"]}}],"collection":[{"href":"http:\/\/lorrylesmetz-histoire.fr\/index.php?rest_route=\/wp\/v2\/pages"}],"about":[{"href":"http:\/\/lorrylesmetz-histoire.fr\/index.php?rest_route=\/wp\/v2\/types\/page"}],"author":[{"embeddable":true,"href":"http:\/\/lorrylesmetz-histoire.fr\/index.php?rest_route=\/wp\/v2\/users\/1"}],"replies":[{"embeddable":true,"href":"http:\/\/lorrylesmetz-histoire.fr\/index.php?rest_route=%2Fwp%2Fv2%2Fcomments&post=2373"}],"version-history":[{"count":4,"href":"http:\/\/lorrylesmetz-histoire.fr\/index.php?rest_route=\/wp\/v2\/pages\/2373\/revisions"}],"predecessor-version":[{"id":2638,"href":"http:\/\/lorrylesmetz-histoire.fr\/index.php?rest_route=\/wp\/v2\/pages\/2373\/revisions\/2638"}],"up":[{"embeddable":true,"href":"http:\/\/lorrylesmetz-histoire.fr\/index.php?rest_route=\/wp\/v2\/pages\/2255"}],"wp:attachment":[{"href":"http:\/\/lorrylesmetz-histoire.fr\/index.php?rest_route=%2Fwp%2Fv2%2Fmedia&parent=2373"}],"curies":[{"name":"wp","href":"https:\/\/api.w.org\/{rel}","templated":true}]}}