{"id":2375,"date":"2017-08-14T17:24:50","date_gmt":"2017-08-14T15:24:50","guid":{"rendered":"http:\/\/lorrylesmetz-histoire.fr\/?page_id=2375"},"modified":"2017-08-15T12:02:38","modified_gmt":"2017-08-15T10:02:38","slug":"a-04","status":"publish","type":"page","link":"http:\/\/lorrylesmetz-histoire.fr\/?page_id=2375","title":{"rendered":"Visite de Vic-sur-Seille"},"content":{"rendered":"<h2>29\u00a0juillet\u00a02009<\/h2>\n<p>Lorry-l\u00e8s-Metz \u00ab\u00a0au fil du Temps\u00a0\u00bb a visit\u00e9 la jolie ville de Vic-sur-Seille.<\/p>\n<p>La ville est ant\u00e9rieure \u00e0 l\u2019occupation romaine. Elle a \u00e9t\u00e9 fond\u00e9e sur un \u00eelot du briquetage de la Seille puis d\u00e9vast\u00e9e en 570 par des tribus germaniques. La pr\u00e9sence de salines est attest\u00e9e \u00e0 cette \u00e9poque.<\/p>\n<p>En 1234 le temporel de l\u2019\u00e9v\u00each\u00e9 de Metz est transf\u00e9r\u00e9 \u00e0 Vic-sur-Seille, quand les bourgeois messins se proclament en r\u00e9publique pour s\u2019affranchir de la tutelle de l\u2019\u00e9v\u00eaque. Au cours des si\u00e8cles, la ville va ponctuellement passer sous l\u2019influence du duch\u00e9 de Lorraine.<\/p>\n<p>Au d\u00e9but du XV<sup>e<\/sup>\u00a0si\u00e8cle, Conrad\u00a0II Bayer, \u00e9v\u00eaque de Metz, favorise l\u2019installation de familles juives dans ses \u00c9tats (le Saulnois), plus pr\u00e9cis\u00e9ment \u00e0 Vic-sur-Seille et \u00e0 Marsal. Son successeur confirme et maintient leur pr\u00e9sence.<\/p>\n<p>Au d\u00e9but du XVII<sup>e<\/sup>\u00a0si\u00e8cle, la cit\u00e9 conna\u00eet un \u00e2ge d\u2019or culturel. Le Trait\u00e9 de Westphalie du 24\u00a0octobre\u00a01648 rattache les Trois-\u00c9v\u00each\u00e9s \u00e0 la France, Vic-sur-Seille devient alors le chef-lieu d\u2019un bailliage royal. Elle tire ses richesses de l\u2019extraction du sel et de la culture de la vigne.<\/p>\n<p>La cit\u00e9 est en d\u00e9clin apr\u00e8s la R\u00e9volution fran\u00e7aise, au cours de laquelle Vic-sur-Seille est devenue une commune du d\u00e9partement de la Meurthe.<\/p>\n<p>Une tour de Chappe est en service entre 1798 et 1852. Elle sert de relais entre Ch\u00e2teau-Salins et Lezey, sur la ligne Paris-Strasbourg. Une mine de sel est exploit\u00e9e entre 1819 et 1837 et en 1860, Vic-sur-Seille poss\u00e8de une fabrique de chandelles, une huilerie et deux fours \u00e0 pl\u00e2tre et \u00e0 chaux et de nombreuses distilleries.<\/p>\n<p>L\u2019Annexion pr\u00e9cipite le d\u00e9clin de la cit\u00e9 au profit de Ch\u00e2teau-Salins. Apr\u00e8s 1918, elle est rattach\u00e9e au d\u00e9partement de la Moselle.<\/p>\n<p>La Seconde Guerre mondiale et le drame de l\u2019Annexion marqueront longtemps les esprits. La commune ne sera lib\u00e9r\u00e9e qu\u2019en novembre\u00a01944. La ville a \u00e9t\u00e9 d\u00e9cor\u00e9e des croix de guerre\u00a01914-1918 et 1939-1945.<\/p>\n<div id=\"metaslider-id-2684\" style=\"width: 100%; margin: 0 auto;\" class=\"ml-slider-3-108-0 metaslider metaslider-responsive metaslider-2684 ml-slider has-dots-nav ms-theme-default\" role=\"region\" aria-label=\"Vic\" data-height=\"400\" data-width=\"400\">\n    <div id=\"metaslider_container_2684\">\n        <ul id='metaslider_2684' class='rslides'>\n            <li aria-roledescription='slide' aria-labelledby='slide-0'><a href=\"http:\/\/lorrylesmetz-histoire.fr\/wp-content\/uploads\/2017\/08\/01-6.jpg\" target=\"_blank\"><img loading=\"lazy\" decoding=\"async\" width=\"532\" height=\"800\" src=\"http:\/\/lorrylesmetz-histoire.fr\/wp-content\/uploads\/2017\/08\/01-6.jpg\" class=\"slider-2684 slide-2686 msDefaultImage\" alt=\"\" rel=\"\" title=\"\" srcset=\"http:\/\/lorrylesmetz-histoire.fr\/wp-content\/uploads\/2017\/08\/01-6.jpg 532w, http:\/\/lorrylesmetz-histoire.fr\/wp-content\/uploads\/2017\/08\/01-6-200x300.jpg 200w\" sizes=\"auto, (max-width: 532px) 100vw, 532px\" \/><\/a><\/li>\n            <li style='display: none;' aria-roledescription='slide' aria-labelledby='slide-1'><a href=\"http:\/\/lorrylesmetz-histoire.fr\/wp-content\/uploads\/2017\/08\/02-6.jpg\" target=\"_blank\"><img loading=\"lazy\" decoding=\"async\" width=\"532\" height=\"800\" src=\"http:\/\/lorrylesmetz-histoire.fr\/wp-content\/uploads\/2017\/08\/02-6.jpg\" class=\"slider-2684 slide-2687 msDefaultImage\" alt=\"\" rel=\"\" title=\"\" srcset=\"http:\/\/lorrylesmetz-histoire.fr\/wp-content\/uploads\/2017\/08\/02-6.jpg 532w, http:\/\/lorrylesmetz-histoire.fr\/wp-content\/uploads\/2017\/08\/02-6-200x300.jpg 200w\" sizes=\"auto, (max-width: 532px) 100vw, 532px\" \/><\/a><\/li>\n            <li style='display: none;' aria-roledescription='slide' aria-labelledby='slide-2'><a href=\"http:\/\/lorrylesmetz-histoire.fr\/wp-content\/uploads\/2017\/08\/03-7.jpg\" target=\"_blank\"><img loading=\"lazy\" decoding=\"async\" width=\"532\" height=\"800\" src=\"http:\/\/lorrylesmetz-histoire.fr\/wp-content\/uploads\/2017\/08\/03-7.jpg\" class=\"slider-2684 slide-2688 msDefaultImage\" alt=\"\" rel=\"\" title=\"\" srcset=\"http:\/\/lorrylesmetz-histoire.fr\/wp-content\/uploads\/2017\/08\/03-7.jpg 532w, http:\/\/lorrylesmetz-histoire.fr\/wp-content\/uploads\/2017\/08\/03-7-200x300.jpg 200w\" sizes=\"auto, (max-width: 532px) 100vw, 532px\" \/><\/a><\/li>\n            <li style='display: none;' aria-roledescription='slide' aria-labelledby='slide-3'><a href=\"http:\/\/lorrylesmetz-histoire.fr\/wp-content\/uploads\/2017\/08\/04-7.jpg\" target=\"_blank\"><img loading=\"lazy\" decoding=\"async\" width=\"800\" height=\"532\" src=\"http:\/\/lorrylesmetz-histoire.fr\/wp-content\/uploads\/2017\/08\/04-7.jpg\" class=\"slider-2684 slide-2689 msDefaultImage\" alt=\"\" rel=\"\" title=\"\" srcset=\"http:\/\/lorrylesmetz-histoire.fr\/wp-content\/uploads\/2017\/08\/04-7.jpg 800w, http:\/\/lorrylesmetz-histoire.fr\/wp-content\/uploads\/2017\/08\/04-7-300x200.jpg 300w, http:\/\/lorrylesmetz-histoire.fr\/wp-content\/uploads\/2017\/08\/04-7-768x511.jpg 768w\" sizes=\"auto, (max-width: 800px) 100vw, 800px\" \/><\/a><\/li>\n            <li style='display: none;' aria-roledescription='slide' aria-labelledby='slide-4'><a href=\"http:\/\/lorrylesmetz-histoire.fr\/wp-content\/uploads\/2017\/08\/05-7.jpg\" target=\"_blank\"><img loading=\"lazy\" decoding=\"async\" width=\"532\" height=\"800\" src=\"http:\/\/lorrylesmetz-histoire.fr\/wp-content\/uploads\/2017\/08\/05-7.jpg\" class=\"slider-2684 slide-2690 msDefaultImage\" alt=\"\" rel=\"\" title=\"\" srcset=\"http:\/\/lorrylesmetz-histoire.fr\/wp-content\/uploads\/2017\/08\/05-7.jpg 532w, http:\/\/lorrylesmetz-histoire.fr\/wp-content\/uploads\/2017\/08\/05-7-200x300.jpg 200w\" sizes=\"auto, (max-width: 532px) 100vw, 532px\" \/><\/a><\/li>\n            <li style='display: none;' aria-roledescription='slide' aria-labelledby='slide-5'><a href=\"http:\/\/lorrylesmetz-histoire.fr\/wp-content\/uploads\/2017\/08\/06-6.jpg\" target=\"_blank\"><img loading=\"lazy\" decoding=\"async\" width=\"532\" height=\"800\" src=\"http:\/\/lorrylesmetz-histoire.fr\/wp-content\/uploads\/2017\/08\/06-6.jpg\" class=\"slider-2684 slide-2691 msDefaultImage\" alt=\"\" rel=\"\" title=\"\" srcset=\"http:\/\/lorrylesmetz-histoire.fr\/wp-content\/uploads\/2017\/08\/06-6.jpg 532w, http:\/\/lorrylesmetz-histoire.fr\/wp-content\/uploads\/2017\/08\/06-6-200x300.jpg 200w\" sizes=\"auto, (max-width: 532px) 100vw, 532px\" \/><\/a><\/li>\n            <li style='display: none;' aria-roledescription='slide' aria-labelledby='slide-6'><a href=\"http:\/\/lorrylesmetz-histoire.fr\/wp-content\/uploads\/2017\/08\/07-7.jpg\" target=\"_blank\"><img loading=\"lazy\" decoding=\"async\" width=\"800\" height=\"532\" src=\"http:\/\/lorrylesmetz-histoire.fr\/wp-content\/uploads\/2017\/08\/07-7.jpg\" class=\"slider-2684 slide-2692 msDefaultImage\" alt=\"\" rel=\"\" title=\"\" srcset=\"http:\/\/lorrylesmetz-histoire.fr\/wp-content\/uploads\/2017\/08\/07-7.jpg 800w, http:\/\/lorrylesmetz-histoire.fr\/wp-content\/uploads\/2017\/08\/07-7-300x200.jpg 300w, http:\/\/lorrylesmetz-histoire.fr\/wp-content\/uploads\/2017\/08\/07-7-768x511.jpg 768w\" sizes=\"auto, (max-width: 800px) 100vw, 800px\" \/><\/a><\/li>\n            <li style='display: none;' aria-roledescription='slide' aria-labelledby='slide-7'><a href=\"http:\/\/lorrylesmetz-histoire.fr\/wp-content\/uploads\/2017\/08\/08-7.jpg\" target=\"_blank\"><img loading=\"lazy\" decoding=\"async\" width=\"800\" height=\"627\" src=\"http:\/\/lorrylesmetz-histoire.fr\/wp-content\/uploads\/2017\/08\/08-7.jpg\" class=\"slider-2684 slide-2693 msDefaultImage\" alt=\"\" rel=\"\" title=\"\" srcset=\"http:\/\/lorrylesmetz-histoire.fr\/wp-content\/uploads\/2017\/08\/08-7.jpg 800w, http:\/\/lorrylesmetz-histoire.fr\/wp-content\/uploads\/2017\/08\/08-7-300x235.jpg 300w, http:\/\/lorrylesmetz-histoire.fr\/wp-content\/uploads\/2017\/08\/08-7-768x602.jpg 768w\" sizes=\"auto, (max-width: 800px) 100vw, 800px\" \/><\/a><\/li>\n            <li style='display: none;' aria-roledescription='slide' aria-labelledby='slide-8'><a href=\"http:\/\/lorrylesmetz-histoire.fr\/wp-content\/uploads\/2017\/08\/09-6.jpg\" target=\"_blank\"><img loading=\"lazy\" decoding=\"async\" width=\"532\" height=\"800\" src=\"http:\/\/lorrylesmetz-histoire.fr\/wp-content\/uploads\/2017\/08\/09-6.jpg\" class=\"slider-2684 slide-2694 msDefaultImage\" alt=\"\" rel=\"\" title=\"\" srcset=\"http:\/\/lorrylesmetz-histoire.fr\/wp-content\/uploads\/2017\/08\/09-6.jpg 532w, http:\/\/lorrylesmetz-histoire.fr\/wp-content\/uploads\/2017\/08\/09-6-200x300.jpg 200w\" sizes=\"auto, (max-width: 532px) 100vw, 532px\" \/><\/a><\/li>\n            <li style='display: none;' aria-roledescription='slide' aria-labelledby='slide-9'><a href=\"http:\/\/lorrylesmetz-histoire.fr\/wp-content\/uploads\/2017\/08\/10-7.jpg\" target=\"_blank\"><img loading=\"lazy\" decoding=\"async\" width=\"532\" height=\"800\" src=\"http:\/\/lorrylesmetz-histoire.fr\/wp-content\/uploads\/2017\/08\/10-7.jpg\" class=\"slider-2684 slide-2695 msDefaultImage\" alt=\"\" rel=\"\" title=\"\" srcset=\"http:\/\/lorrylesmetz-histoire.fr\/wp-content\/uploads\/2017\/08\/10-7.jpg 532w, http:\/\/lorrylesmetz-histoire.fr\/wp-content\/uploads\/2017\/08\/10-7-200x300.jpg 200w\" sizes=\"auto, (max-width: 532px) 100vw, 532px\" \/><\/a><\/li>\n            <li style='display: none;' aria-roledescription='slide' aria-labelledby='slide-10'><a href=\"http:\/\/lorrylesmetz-histoire.fr\/wp-content\/uploads\/2017\/08\/11-6.jpg\" target=\"_blank\"><img loading=\"lazy\" decoding=\"async\" width=\"532\" height=\"800\" src=\"http:\/\/lorrylesmetz-histoire.fr\/wp-content\/uploads\/2017\/08\/11-6.jpg\" class=\"slider-2684 slide-2696 msDefaultImage\" alt=\"\" rel=\"\" title=\"\" srcset=\"http:\/\/lorrylesmetz-histoire.fr\/wp-content\/uploads\/2017\/08\/11-6.jpg 532w, http:\/\/lorrylesmetz-histoire.fr\/wp-content\/uploads\/2017\/08\/11-6-200x300.jpg 200w\" sizes=\"auto, (max-width: 532px) 100vw, 532px\" \/><\/a><\/li>\n        <\/ul>\n        \n    <\/div>\n<\/div>\n<p>Photos G\u00e9rard\u00a0Kester.<\/p>\n<p><a href=\"http:\/\/lorrylesmetz-histoire.fr\/?page_id=2255\"><img loading=\"lazy\" decoding=\"async\" class=\"alignnone wp-image-378 size-full\" src=\"http:\/\/lorrylesmetz-histoire.fr\/wp-content\/uploads\/2017\/05\/retour.png?_t=1502724219\" alt=\"\" width=\"89\" height=\"31\" \/><\/a><\/p>\n","protected":false},"excerpt":{"rendered":"<p>29\u00a0juillet\u00a02009 Lorry-l\u00e8s-Metz \u00ab\u00a0au fil du Temps\u00a0\u00bb a visit\u00e9 la jolie ville de Vic-sur-Seille. La ville est ant\u00e9rieure \u00e0 l\u2019occupation romaine. Elle a \u00e9t\u00e9 fond\u00e9e sur un \u00eelot du briquetage de la Seille puis d\u00e9vast\u00e9e en 570 par des tribus germaniques.&hellip; <\/p>\n","protected":false},"author":1,"featured_media":0,"parent":2255,"menu_order":3,"comment_status":"closed","ping_status":"closed","template":"","meta":{"_mc_calendar":[],"footnotes":""},"class_list":["post-2375","page","type-page","status-publish","hentry"],"_links":{"self":[{"href":"http:\/\/lorrylesmetz-histoire.fr\/index.php?rest_route=\/wp\/v2\/pages\/2375","targetHints":{"allow":["GET"]}}],"collection":[{"href":"http:\/\/lorrylesmetz-histoire.fr\/index.php?rest_route=\/wp\/v2\/pages"}],"about":[{"href":"http:\/\/lorrylesmetz-histoire.fr\/index.php?rest_route=\/wp\/v2\/types\/page"}],"author":[{"embeddable":true,"href":"http:\/\/lorrylesmetz-histoire.fr\/index.php?rest_route=\/wp\/v2\/users\/1"}],"replies":[{"embeddable":true,"href":"http:\/\/lorrylesmetz-histoire.fr\/index.php?rest_route=%2Fwp%2Fv2%2Fcomments&post=2375"}],"version-history":[{"count":4,"href":"http:\/\/lorrylesmetz-histoire.fr\/index.php?rest_route=\/wp\/v2\/pages\/2375\/revisions"}],"predecessor-version":[{"id":2685,"href":"http:\/\/lorrylesmetz-histoire.fr\/index.php?rest_route=\/wp\/v2\/pages\/2375\/revisions\/2685"}],"up":[{"embeddable":true,"href":"http:\/\/lorrylesmetz-histoire.fr\/index.php?rest_route=\/wp\/v2\/pages\/2255"}],"wp:attachment":[{"href":"http:\/\/lorrylesmetz-histoire.fr\/index.php?rest_route=%2Fwp%2Fv2%2Fmedia&parent=2375"}],"curies":[{"name":"wp","href":"https:\/\/api.w.org\/{rel}","templated":true}]}}