{"id":2376,"date":"2017-08-14T17:25:06","date_gmt":"2017-08-14T15:25:06","guid":{"rendered":"http:\/\/lorrylesmetz-histoire.fr\/?page_id=2376"},"modified":"2018-01-06T09:30:19","modified_gmt":"2018-01-06T08:30:19","slug":"a-05","status":"publish","type":"page","link":"http:\/\/lorrylesmetz-histoire.fr\/?page_id=2376","title":{"rendered":"Visite du docteur Guillot \u00e0 Lorry-l\u00e8s-Metz"},"content":{"rendered":"<h2>3\u00a0ao\u00fbt\u00a02009<\/h2>\n<p>Lorry-l\u00e8s-Metz \u00ab\u00a0au fil du temps\u00a0\u00bb a re\u00e7u le Docteur Guillot (p\u00e9diatre canc\u00e9rologue au Centre hospitalier de Lisieux) et son \u00e9pouse.<\/p>\n<p>Fran\u00e7oise\u00a0Guillot est une descendante de Barbe \u00c9lisabeth Henry d\u2019Aulnoy, une des vierges de Verdun, qui fut graci\u00e9e \u00e0 la R\u00e9volution \u00e0 cause de son jeune \u00e2ge. Or, la tombe de cette femme, \u00e9pouse de Monsieur Meslier de Rocan, se trouve dans le cimeti\u00e8re de notre commune.<\/p>\n<p>Le monument \u00e9tant dans un \u00e9tat critique, la mairie avait contact\u00e9 les descendants afin de savoir quel serait le devenir de cette s\u00e9pulture. Aussit\u00f4t le docteur Guillot a entrepris des travaux de r\u00e9fection et le monument a retrouv\u00e9 sa superbe et le rang qui convenait \u00e0 sa d\u00e9funte. Tr\u00e8s attach\u00e9 \u00e0 ses racines g\u00e9n\u00e9alogiques, le docteur perp\u00e9tue les pr\u00e9noms anciens au c\u0153ur de sa famille, ayant baptis\u00e9 sa fille Barbe.<\/p>\n<p>La mairie ayant contact\u00e9 Fran\u00e7ois\u00a0Courtade, le pr\u00e9sident, il se mit en rapport avec le docteur Guillot. Celui-ci, f\u00e9ru d\u2019histoire et homme de grande culture, a imm\u00e9diatement manifest\u00e9 son int\u00e9r\u00eat pour l\u2019association lorriote. Des relations amicales sont n\u00e9es.<\/p>\n<p>C\u2019est avec un tr\u00e8s grand plaisir que nous lui avons remis au cours d\u2019un d\u00e9jeuner au Foyer Carr\u00e9 de Malberg, un dipl\u00f4me de membre d\u2019honneur\u00a0; un sort souriant a voulu qu\u2019il soit le centi\u00e8me membre de l\u2019association.<\/p>\n<p>Apr\u00e8s le d\u00e9jeuner, une visite du \u00ab\u00a0ch\u00e2teau\u00a0\u00bb de Lorry-l\u00e8s-Metz \u00e9tait programm\u00e9e.<\/p>\n<div id=\"metaslider-id-3073\" style=\"max-width: 400px; margin: 0 auto;\" class=\"ml-slider-3-108-0 metaslider metaslider-responsive metaslider-3073 ml-slider has-dots-nav ms-theme-default\" role=\"region\" aria-label=\"Guillot\" data-height=\"400\" data-width=\"400\">\n    <div id=\"metaslider_container_3073\">\n        <ul id='metaslider_3073' class='rslides'>\n            <li aria-roledescription='slide' aria-labelledby='slide-0'><a href=\"http:\/\/lorrylesmetz-histoire.fr\/wp-content\/uploads\/2017\/08\/01-7.jpg\" target=\"_blank\"><img loading=\"lazy\" decoding=\"async\" width=\"800\" height=\"532\" src=\"http:\/\/lorrylesmetz-histoire.fr\/wp-content\/uploads\/2017\/08\/01-7.jpg\" class=\"slider-3073 slide-3074 msDefaultImage\" alt=\"\" rel=\"\" title=\"\" srcset=\"http:\/\/lorrylesmetz-histoire.fr\/wp-content\/uploads\/2017\/08\/01-7.jpg 800w, http:\/\/lorrylesmetz-histoire.fr\/wp-content\/uploads\/2017\/08\/01-7-300x200.jpg 300w, http:\/\/lorrylesmetz-histoire.fr\/wp-content\/uploads\/2017\/08\/01-7-768x511.jpg 768w\" sizes=\"auto, (max-width: 800px) 100vw, 800px\" \/><\/a><\/li>\n            <li style='display: none;' aria-roledescription='slide' aria-labelledby='slide-1'><a href=\"http:\/\/lorrylesmetz-histoire.fr\/wp-content\/uploads\/2017\/08\/03-8.jpg\" target=\"_blank\"><img loading=\"lazy\" decoding=\"async\" width=\"800\" height=\"532\" src=\"http:\/\/lorrylesmetz-histoire.fr\/wp-content\/uploads\/2017\/08\/03-8.jpg\" class=\"slider-3073 slide-3075 msDefaultImage\" alt=\"\" rel=\"\" title=\"\" srcset=\"http:\/\/lorrylesmetz-histoire.fr\/wp-content\/uploads\/2017\/08\/03-8.jpg 800w, http:\/\/lorrylesmetz-histoire.fr\/wp-content\/uploads\/2017\/08\/03-8-300x200.jpg 300w, http:\/\/lorrylesmetz-histoire.fr\/wp-content\/uploads\/2017\/08\/03-8-768x511.jpg 768w\" sizes=\"auto, (max-width: 800px) 100vw, 800px\" \/><\/a><\/li>\n            <li style='display: none;' aria-roledescription='slide' aria-labelledby='slide-2'><a href=\"http:\/\/lorrylesmetz-histoire.fr\/wp-content\/uploads\/2017\/08\/04-8.jpg\" target=\"_blank\"><img loading=\"lazy\" decoding=\"async\" width=\"800\" height=\"532\" src=\"http:\/\/lorrylesmetz-histoire.fr\/wp-content\/uploads\/2017\/08\/04-8.jpg\" class=\"slider-3073 slide-3076 msDefaultImage\" alt=\"\" rel=\"\" title=\"\" srcset=\"http:\/\/lorrylesmetz-histoire.fr\/wp-content\/uploads\/2017\/08\/04-8.jpg 800w, http:\/\/lorrylesmetz-histoire.fr\/wp-content\/uploads\/2017\/08\/04-8-300x200.jpg 300w, http:\/\/lorrylesmetz-histoire.fr\/wp-content\/uploads\/2017\/08\/04-8-768x511.jpg 768w\" sizes=\"auto, (max-width: 800px) 100vw, 800px\" \/><\/a><\/li>\n            <li style='display: none;' aria-roledescription='slide' aria-labelledby='slide-3'><a href=\"http:\/\/lorrylesmetz-histoire.fr\/wp-content\/uploads\/2017\/08\/05-8.jpg\" target=\"_blank\"><img loading=\"lazy\" decoding=\"async\" width=\"800\" height=\"532\" src=\"http:\/\/lorrylesmetz-histoire.fr\/wp-content\/uploads\/2017\/08\/05-8.jpg\" class=\"slider-3073 slide-3077 msDefaultImage\" alt=\"\" rel=\"\" title=\"\" srcset=\"http:\/\/lorrylesmetz-histoire.fr\/wp-content\/uploads\/2017\/08\/05-8.jpg 800w, http:\/\/lorrylesmetz-histoire.fr\/wp-content\/uploads\/2017\/08\/05-8-300x200.jpg 300w, http:\/\/lorrylesmetz-histoire.fr\/wp-content\/uploads\/2017\/08\/05-8-768x511.jpg 768w\" sizes=\"auto, (max-width: 800px) 100vw, 800px\" \/><\/a><\/li>\n            <li style='display: none;' aria-roledescription='slide' aria-labelledby='slide-4'><a href=\"http:\/\/lorrylesmetz-histoire.fr\/wp-content\/uploads\/2017\/08\/06-7.jpg\" target=\"_blank\"><img loading=\"lazy\" decoding=\"async\" width=\"800\" height=\"532\" src=\"http:\/\/lorrylesmetz-histoire.fr\/wp-content\/uploads\/2017\/08\/06-7.jpg\" class=\"slider-3073 slide-3078 msDefaultImage\" alt=\"\" rel=\"\" title=\"\" srcset=\"http:\/\/lorrylesmetz-histoire.fr\/wp-content\/uploads\/2017\/08\/06-7.jpg 800w, http:\/\/lorrylesmetz-histoire.fr\/wp-content\/uploads\/2017\/08\/06-7-300x200.jpg 300w, http:\/\/lorrylesmetz-histoire.fr\/wp-content\/uploads\/2017\/08\/06-7-768x511.jpg 768w\" sizes=\"auto, (max-width: 800px) 100vw, 800px\" \/><\/a><\/li>\n            <li style='display: none;' aria-roledescription='slide' aria-labelledby='slide-5'><a href=\"http:\/\/lorrylesmetz-histoire.fr\/wp-content\/uploads\/2017\/08\/07-8.jpg\" target=\"_blank\"><img loading=\"lazy\" decoding=\"async\" width=\"800\" height=\"532\" src=\"http:\/\/lorrylesmetz-histoire.fr\/wp-content\/uploads\/2017\/08\/07-8.jpg\" class=\"slider-3073 slide-3079 msDefaultImage\" alt=\"\" rel=\"\" title=\"\" srcset=\"http:\/\/lorrylesmetz-histoire.fr\/wp-content\/uploads\/2017\/08\/07-8.jpg 800w, http:\/\/lorrylesmetz-histoire.fr\/wp-content\/uploads\/2017\/08\/07-8-300x200.jpg 300w, http:\/\/lorrylesmetz-histoire.fr\/wp-content\/uploads\/2017\/08\/07-8-768x511.jpg 768w\" sizes=\"auto, (max-width: 800px) 100vw, 800px\" \/><\/a><\/li>\n            <li style='display: none;' aria-roledescription='slide' aria-labelledby='slide-6'><a href=\"http:\/\/lorrylesmetz-histoire.fr\/wp-content\/uploads\/2017\/08\/08-8.jpg\" target=\"_blank\"><img loading=\"lazy\" decoding=\"async\" width=\"517\" height=\"800\" src=\"http:\/\/lorrylesmetz-histoire.fr\/wp-content\/uploads\/2017\/08\/08-8.jpg\" class=\"slider-3073 slide-3080 msDefaultImage\" alt=\"\" rel=\"\" title=\"\" srcset=\"http:\/\/lorrylesmetz-histoire.fr\/wp-content\/uploads\/2017\/08\/08-8.jpg 517w, http:\/\/lorrylesmetz-histoire.fr\/wp-content\/uploads\/2017\/08\/08-8-194x300.jpg 194w\" sizes=\"auto, (max-width: 517px) 100vw, 517px\" \/><\/a><\/li>\n            <li style='display: none;' aria-roledescription='slide' aria-labelledby='slide-7'><a href=\"http:\/\/lorrylesmetz-histoire.fr\/wp-content\/uploads\/2017\/08\/09-7.jpg\" target=\"_blank\"><img loading=\"lazy\" decoding=\"async\" width=\"532\" height=\"800\" src=\"http:\/\/lorrylesmetz-histoire.fr\/wp-content\/uploads\/2017\/08\/09-7.jpg\" class=\"slider-3073 slide-3081 msDefaultImage\" alt=\"\" rel=\"\" title=\"\" srcset=\"http:\/\/lorrylesmetz-histoire.fr\/wp-content\/uploads\/2017\/08\/09-7.jpg 532w, http:\/\/lorrylesmetz-histoire.fr\/wp-content\/uploads\/2017\/08\/09-7-200x300.jpg 200w\" sizes=\"auto, (max-width: 532px) 100vw, 532px\" \/><\/a><\/li>\n            <li style='display: none;' aria-roledescription='slide' aria-labelledby='slide-8'><a href=\"http:\/\/lorrylesmetz-histoire.fr\/wp-content\/uploads\/2017\/08\/10-8.jpg\" target=\"_blank\"><img loading=\"lazy\" decoding=\"async\" width=\"800\" height=\"532\" src=\"http:\/\/lorrylesmetz-histoire.fr\/wp-content\/uploads\/2017\/08\/10-8.jpg\" class=\"slider-3073 slide-3082 msDefaultImage\" alt=\"\" rel=\"\" title=\"\" srcset=\"http:\/\/lorrylesmetz-histoire.fr\/wp-content\/uploads\/2017\/08\/10-8.jpg 800w, http:\/\/lorrylesmetz-histoire.fr\/wp-content\/uploads\/2017\/08\/10-8-300x200.jpg 300w, http:\/\/lorrylesmetz-histoire.fr\/wp-content\/uploads\/2017\/08\/10-8-768x511.jpg 768w\" sizes=\"auto, (max-width: 800px) 100vw, 800px\" \/><\/a><\/li>\n            <li style='display: none;' aria-roledescription='slide' aria-labelledby='slide-9'><a href=\"http:\/\/lorrylesmetz-histoire.fr\/wp-content\/uploads\/2017\/08\/11-7.jpg\" target=\"_blank\"><img loading=\"lazy\" decoding=\"async\" width=\"800\" height=\"532\" src=\"http:\/\/lorrylesmetz-histoire.fr\/wp-content\/uploads\/2017\/08\/11-7.jpg\" class=\"slider-3073 slide-3083 msDefaultImage\" alt=\"\" rel=\"\" title=\"\" srcset=\"http:\/\/lorrylesmetz-histoire.fr\/wp-content\/uploads\/2017\/08\/11-7.jpg 800w, http:\/\/lorrylesmetz-histoire.fr\/wp-content\/uploads\/2017\/08\/11-7-300x200.jpg 300w, http:\/\/lorrylesmetz-histoire.fr\/wp-content\/uploads\/2017\/08\/11-7-768x511.jpg 768w\" sizes=\"auto, (max-width: 800px) 100vw, 800px\" \/><\/a><\/li>\n            <li style='display: none;' aria-roledescription='slide' aria-labelledby='slide-10'><a href=\"http:\/\/lorrylesmetz-histoire.fr\/wp-content\/uploads\/2017\/08\/12-6.jpg\" target=\"_blank\"><img loading=\"lazy\" decoding=\"async\" width=\"800\" height=\"532\" src=\"http:\/\/lorrylesmetz-histoire.fr\/wp-content\/uploads\/2017\/08\/12-6.jpg\" class=\"slider-3073 slide-3084 msDefaultImage\" alt=\"\" rel=\"\" title=\"\" srcset=\"http:\/\/lorrylesmetz-histoire.fr\/wp-content\/uploads\/2017\/08\/12-6.jpg 800w, http:\/\/lorrylesmetz-histoire.fr\/wp-content\/uploads\/2017\/08\/12-6-300x200.jpg 300w, http:\/\/lorrylesmetz-histoire.fr\/wp-content\/uploads\/2017\/08\/12-6-768x511.jpg 768w\" sizes=\"auto, (max-width: 800px) 100vw, 800px\" \/><\/a><\/li>\n            <li style='display: none;' aria-roledescription='slide' aria-labelledby='slide-11'><a href=\"http:\/\/lorrylesmetz-histoire.fr\/wp-content\/uploads\/2017\/08\/13-5.jpg\" target=\"_blank\"><img loading=\"lazy\" decoding=\"async\" width=\"532\" height=\"800\" src=\"http:\/\/lorrylesmetz-histoire.fr\/wp-content\/uploads\/2017\/08\/13-5.jpg\" class=\"slider-3073 slide-3085 msDefaultImage\" alt=\"\" rel=\"\" title=\"\" srcset=\"http:\/\/lorrylesmetz-histoire.fr\/wp-content\/uploads\/2017\/08\/13-5.jpg 532w, http:\/\/lorrylesmetz-histoire.fr\/wp-content\/uploads\/2017\/08\/13-5-200x300.jpg 200w\" sizes=\"auto, (max-width: 532px) 100vw, 532px\" \/><\/a><\/li>\n            <li style='display: none;' aria-roledescription='slide' aria-labelledby='slide-12'><a href=\"http:\/\/lorrylesmetz-histoire.fr\/wp-content\/uploads\/2017\/08\/14-5.jpg\" target=\"_blank\"><img loading=\"lazy\" decoding=\"async\" width=\"800\" height=\"532\" src=\"http:\/\/lorrylesmetz-histoire.fr\/wp-content\/uploads\/2017\/08\/14-5.jpg\" class=\"slider-3073 slide-3086 msDefaultImage\" alt=\"\" rel=\"\" title=\"\" srcset=\"http:\/\/lorrylesmetz-histoire.fr\/wp-content\/uploads\/2017\/08\/14-5.jpg 800w, http:\/\/lorrylesmetz-histoire.fr\/wp-content\/uploads\/2017\/08\/14-5-300x200.jpg 300w, http:\/\/lorrylesmetz-histoire.fr\/wp-content\/uploads\/2017\/08\/14-5-768x511.jpg 768w\" sizes=\"auto, (max-width: 800px) 100vw, 800px\" \/><\/a><\/li>\n            <li style='display: none;' aria-roledescription='slide' aria-labelledby='slide-13'><a href=\"http:\/\/lorrylesmetz-histoire.fr\/wp-content\/uploads\/2017\/08\/15-4.jpg\" target=\"_blank\"><img loading=\"lazy\" decoding=\"async\" width=\"532\" height=\"800\" src=\"http:\/\/lorrylesmetz-histoire.fr\/wp-content\/uploads\/2017\/08\/15-4.jpg\" class=\"slider-3073 slide-3087 msDefaultImage\" alt=\"\" rel=\"\" title=\"\" srcset=\"http:\/\/lorrylesmetz-histoire.fr\/wp-content\/uploads\/2017\/08\/15-4.jpg 532w, http:\/\/lorrylesmetz-histoire.fr\/wp-content\/uploads\/2017\/08\/15-4-200x300.jpg 200w\" sizes=\"auto, (max-width: 532px) 100vw, 532px\" \/><\/a><\/li>\n            <li style='display: none;' aria-roledescription='slide' aria-labelledby='slide-14'><a href=\"http:\/\/lorrylesmetz-histoire.fr\/wp-content\/uploads\/2017\/08\/16-3.jpg\" target=\"_blank\"><img loading=\"lazy\" decoding=\"async\" width=\"800\" height=\"532\" src=\"http:\/\/lorrylesmetz-histoire.fr\/wp-content\/uploads\/2017\/08\/16-3.jpg\" class=\"slider-3073 slide-3088 msDefaultImage\" alt=\"\" rel=\"\" title=\"\" srcset=\"http:\/\/lorrylesmetz-histoire.fr\/wp-content\/uploads\/2017\/08\/16-3.jpg 800w, http:\/\/lorrylesmetz-histoire.fr\/wp-content\/uploads\/2017\/08\/16-3-300x200.jpg 300w, http:\/\/lorrylesmetz-histoire.fr\/wp-content\/uploads\/2017\/08\/16-3-768x511.jpg 768w\" sizes=\"auto, (max-width: 800px) 100vw, 800px\" \/><\/a><\/li>\n            <li style='display: none;' aria-roledescription='slide' aria-labelledby='slide-15'><a href=\"http:\/\/lorrylesmetz-histoire.fr\/wp-content\/uploads\/2017\/08\/17-3.jpg\" target=\"_blank\"><img loading=\"lazy\" decoding=\"async\" width=\"532\" height=\"800\" src=\"http:\/\/lorrylesmetz-histoire.fr\/wp-content\/uploads\/2017\/08\/17-3.jpg\" class=\"slider-3073 slide-3089 msDefaultImage\" alt=\"\" rel=\"\" title=\"\" srcset=\"http:\/\/lorrylesmetz-histoire.fr\/wp-content\/uploads\/2017\/08\/17-3.jpg 532w, http:\/\/lorrylesmetz-histoire.fr\/wp-content\/uploads\/2017\/08\/17-3-200x300.jpg 200w\" sizes=\"auto, (max-width: 532px) 100vw, 532px\" \/><\/a><\/li>\n        <\/ul>\n        \n    <\/div>\n<\/div>\n<p>Photos de G\u00e9rard\u00a0KESTER<\/p>\n<p><a href=\"http:\/\/lorrylesmetz-histoire.fr\/?page_id=2255\"><img loading=\"lazy\" decoding=\"async\" class=\"alignnone wp-image-378 size-full\" src=\"http:\/\/lorrylesmetz-histoire.fr\/wp-content\/uploads\/2017\/05\/retour.png?_t=1502724219\" alt=\"\" width=\"89\" height=\"31\" \/><\/a><\/p>\n","protected":false},"excerpt":{"rendered":"<p>3\u00a0ao\u00fbt\u00a02009 Lorry-l\u00e8s-Metz \u00ab\u00a0au fil du temps\u00a0\u00bb a re\u00e7u le Docteur Guillot (p\u00e9diatre canc\u00e9rologue au Centre hospitalier de Lisieux) et son \u00e9pouse. Fran\u00e7oise\u00a0Guillot est une descendante de Barbe \u00c9lisabeth Henry d\u2019Aulnoy, une des vierges de Verdun, qui fut graci\u00e9e \u00e0 la&hellip; <\/p>\n","protected":false},"author":1,"featured_media":0,"parent":2255,"menu_order":4,"comment_status":"closed","ping_status":"closed","template":"","meta":{"_mc_calendar":[],"footnotes":""},"class_list":["post-2376","page","type-page","status-publish","hentry"],"_links":{"self":[{"href":"http:\/\/lorrylesmetz-histoire.fr\/index.php?rest_route=\/wp\/v2\/pages\/2376","targetHints":{"allow":["GET"]}}],"collection":[{"href":"http:\/\/lorrylesmetz-histoire.fr\/index.php?rest_route=\/wp\/v2\/pages"}],"about":[{"href":"http:\/\/lorrylesmetz-histoire.fr\/index.php?rest_route=\/wp\/v2\/types\/page"}],"author":[{"embeddable":true,"href":"http:\/\/lorrylesmetz-histoire.fr\/index.php?rest_route=\/wp\/v2\/users\/1"}],"replies":[{"embeddable":true,"href":"http:\/\/lorrylesmetz-histoire.fr\/index.php?rest_route=%2Fwp%2Fv2%2Fcomments&post=2376"}],"version-history":[{"count":5,"href":"http:\/\/lorrylesmetz-histoire.fr\/index.php?rest_route=\/wp\/v2\/pages\/2376\/revisions"}],"predecessor-version":[{"id":3090,"href":"http:\/\/lorrylesmetz-histoire.fr\/index.php?rest_route=\/wp\/v2\/pages\/2376\/revisions\/3090"}],"up":[{"embeddable":true,"href":"http:\/\/lorrylesmetz-histoire.fr\/index.php?rest_route=\/wp\/v2\/pages\/2255"}],"wp:attachment":[{"href":"http:\/\/lorrylesmetz-histoire.fr\/index.php?rest_route=%2Fwp%2Fv2%2Fmedia&parent=2376"}],"curies":[{"name":"wp","href":"https:\/\/api.w.org\/{rel}","templated":true}]}}