{"id":2381,"date":"2017-08-14T14:23:31","date_gmt":"2017-08-14T12:23:31","guid":{"rendered":"http:\/\/lorrylesmetz-histoire.fr\/?page_id=2381"},"modified":"2017-08-14T14:25:11","modified_gmt":"2017-08-14T12:25:11","slug":"a-05","status":"publish","type":"page","link":"http:\/\/lorrylesmetz-histoire.fr\/?page_id=2381","title":{"rendered":"Salon du livre d\u2019Histoire de la ville de Woippy"},"content":{"rendered":"<h2>14\u00a0novembre\u00a02009<\/h2>\n<p>Lorry-l\u00e8s-Metz \u00ab\u00a0au fil du Temps\u00a0\u00bb a particip\u00e9 au Salon du livre d\u2019histoire de la ville de Woippy. L\u2019association a pr\u00e9sent\u00e9 son travail et ses bulletins et r\u00e9pondu aux nombreuses questions des visiteurs.<\/p>\n<p>Le salon pr\u00e9sentait des invit\u00e9s prestigieux comme<em> SAR Nicolas Petrovitch <\/em><em>Njegosh de Mont\u00e9n\u00e9gro et de l\u2019auteur libanais Raif <\/em><em>Shwayri.<\/em><\/p>\n<p><em>Des conf\u00e9rences ont anim\u00e9 la manifestation.<\/em><\/p>\n<p><a href=\"http:\/\/lorrylesmetz-histoire.fr\/wp-content\/uploads\/2017\/08\/Salon-09-13nov.jpg\" target=\"_blank\" rel=\"noopener\"><img loading=\"lazy\" decoding=\"async\" class=\"wp-image-2445 size-medium aligncenter\" src=\"http:\/\/lorrylesmetz-histoire.fr\/wp-content\/uploads\/2017\/08\/Salon-09-13nov-271x300.jpg\" alt=\"\" width=\"271\" height=\"300\" srcset=\"http:\/\/lorrylesmetz-histoire.fr\/wp-content\/uploads\/2017\/08\/Salon-09-13nov-271x300.jpg 271w, http:\/\/lorrylesmetz-histoire.fr\/wp-content\/uploads\/2017\/08\/Salon-09-13nov.jpg 330w\" sizes=\"auto, (max-width: 271px) 100vw, 271px\" \/><\/a>Photo du <em>R\u00e9publicain Lorrain<\/em>.<\/p>\n<p><a href=\"http:\/\/lorrylesmetz-histoire.fr\/?page_id=2229\"><img loading=\"lazy\" decoding=\"async\" class=\"alignnone wp-image-378 size-full\" src=\"http:\/\/lorrylesmetz-histoire.fr\/wp-content\/uploads\/2017\/05\/retour.png?_t=1502713466\" alt=\"\" width=\"89\" height=\"31\" \/><\/a><\/p>\n","protected":false},"excerpt":{"rendered":"<p>14\u00a0novembre\u00a02009 Lorry-l\u00e8s-Metz \u00ab\u00a0au fil du Temps\u00a0\u00bb a particip\u00e9 au Salon du livre d\u2019histoire de la ville de Woippy. L\u2019association a pr\u00e9sent\u00e9 son travail et ses bulletins et r\u00e9pondu aux nombreuses questions des visiteurs. Le salon pr\u00e9sentait des invit\u00e9s prestigieux comme&hellip; <\/p>\n","protected":false},"author":1,"featured_media":0,"parent":2229,"menu_order":4,"comment_status":"closed","ping_status":"closed","template":"","meta":{"_mc_calendar":[],"footnotes":""},"class_list":["post-2381","page","type-page","status-publish","hentry"],"_links":{"self":[{"href":"http:\/\/lorrylesmetz-histoire.fr\/index.php?rest_route=\/wp\/v2\/pages\/2381","targetHints":{"allow":["GET"]}}],"collection":[{"href":"http:\/\/lorrylesmetz-histoire.fr\/index.php?rest_route=\/wp\/v2\/pages"}],"about":[{"href":"http:\/\/lorrylesmetz-histoire.fr\/index.php?rest_route=\/wp\/v2\/types\/page"}],"author":[{"embeddable":true,"href":"http:\/\/lorrylesmetz-histoire.fr\/index.php?rest_route=\/wp\/v2\/users\/1"}],"replies":[{"embeddable":true,"href":"http:\/\/lorrylesmetz-histoire.fr\/index.php?rest_route=%2Fwp%2Fv2%2Fcomments&post=2381"}],"version-history":[{"count":2,"href":"http:\/\/lorrylesmetz-histoire.fr\/index.php?rest_route=\/wp\/v2\/pages\/2381\/revisions"}],"predecessor-version":[{"id":2461,"href":"http:\/\/lorrylesmetz-histoire.fr\/index.php?rest_route=\/wp\/v2\/pages\/2381\/revisions\/2461"}],"up":[{"embeddable":true,"href":"http:\/\/lorrylesmetz-histoire.fr\/index.php?rest_route=\/wp\/v2\/pages\/2229"}],"wp:attachment":[{"href":"http:\/\/lorrylesmetz-histoire.fr\/index.php?rest_route=%2Fwp%2Fv2%2Fmedia&parent=2381"}],"curies":[{"name":"wp","href":"https:\/\/api.w.org\/{rel}","templated":true}]}}