{"id":2823,"date":"2017-08-16T14:14:30","date_gmt":"2017-08-16T12:14:30","guid":{"rendered":"http:\/\/lorrylesmetz-histoire.fr\/?page_id=2823"},"modified":"2017-08-16T14:27:27","modified_gmt":"2017-08-16T12:27:27","slug":"conf","status":"publish","type":"page","link":"http:\/\/lorrylesmetz-histoire.fr\/?page_id=2823","title":{"rendered":"Conf\u00e9rence Chasse royale sur le Saint-Quentin"},"content":{"rendered":"<h2>20 septembre 2014<\/h2>\n<p>Dans le cadre des journ\u00e9es du patrimoine, Monique Courtade a donn\u00e9 une conf\u00e9rence &#8211; intitul\u00e9e Chasse royale sur le Saint-Quentin, une aventure extraordinaire qui met en \u00e9vidence la richesse de notre patrimoine naturel &#8211; sur la pr\u00e9sence insolite du grand t\u00e9tras sur le mont Saint-Quentin.<\/p>\n<div id=\"metaslider-id-2830\" style=\"max-width: 400px; margin: 0 auto;\" class=\"ml-slider-3-108-0 metaslider metaslider-flex metaslider-2830 ml-slider has-dots-nav ms-theme-default\" role=\"region\" aria-label=\"Conf M Courtade 2017\" data-height=\"400\" data-width=\"400\">\n    <div id=\"metaslider_container_2830\">\n        <div id=\"metaslider_2830\" class=\"flexslider\">\n            <ul class='slides'>\n                <li style=\"display: block; width: 100%;\" class=\"slide-2832 ms-image \" aria-roledescription=\"slide\" data-date=\"2017-08-16 14:19:05\" data-filename=\"conference.jpg\" data-slide-type=\"image\"><a href=\"http:\/\/lorrylesmetz-histoire.fr\/wp-content\/uploads\/2017\/08\/conference.jpg\" target=\"_blank\" aria-label=\"Voir les d\u00e9tails de la diapositive\" class=\"metaslider_image_link\"><img loading=\"lazy\" decoding=\"async\" width=\"665\" height=\"940\" src=\"http:\/\/lorrylesmetz-histoire.fr\/wp-content\/uploads\/2017\/08\/conference.jpg\" class=\"slider-2830 slide-2832 msDefaultImage\" alt=\"\" rel=\"\" title=\"\" srcset=\"http:\/\/lorrylesmetz-histoire.fr\/wp-content\/uploads\/2017\/08\/conference.jpg 665w, http:\/\/lorrylesmetz-histoire.fr\/wp-content\/uploads\/2017\/08\/conference-212x300.jpg 212w\" sizes=\"auto, (max-width: 665px) 100vw, 665px\" \/><\/a><\/li>\n                <li style=\"display: none; width: 100%;\" class=\"slide-2833 ms-image \" aria-roledescription=\"slide\" data-date=\"2017-08-16 14:19:05\" data-filename=\"conferenciere_2.jpg\" data-slide-type=\"image\"><a href=\"http:\/\/lorrylesmetz-histoire.fr\/wp-content\/uploads\/2017\/08\/conferenciere_2.jpg\" target=\"_blank\" aria-label=\"Voir les d\u00e9tails de la diapositive\" class=\"metaslider_image_link\"><img loading=\"lazy\" decoding=\"async\" width=\"853\" height=\"664\" src=\"http:\/\/lorrylesmetz-histoire.fr\/wp-content\/uploads\/2017\/08\/conferenciere_2.jpg\" class=\"slider-2830 slide-2833 msDefaultImage\" alt=\"\" rel=\"\" title=\"\" srcset=\"http:\/\/lorrylesmetz-histoire.fr\/wp-content\/uploads\/2017\/08\/conferenciere_2.jpg 853w, http:\/\/lorrylesmetz-histoire.fr\/wp-content\/uploads\/2017\/08\/conferenciere_2-300x234.jpg 300w, http:\/\/lorrylesmetz-histoire.fr\/wp-content\/uploads\/2017\/08\/conferenciere_2-768x598.jpg 768w\" sizes=\"auto, (max-width: 853px) 100vw, 853px\" \/><\/a><\/li>\n                <li style=\"display: none; width: 100%;\" class=\"slide-2834 ms-image \" aria-roledescription=\"slide\" data-date=\"2017-08-16 14:19:05\" data-filename=\"img_tetra_1.jpg\" data-slide-type=\"image\"><a href=\"http:\/\/lorrylesmetz-histoire.fr\/wp-content\/uploads\/2017\/08\/img_tetra_1.jpg\" target=\"_blank\" aria-label=\"Voir les d\u00e9tails de la diapositive\" class=\"metaslider_image_link\"><img loading=\"lazy\" decoding=\"async\" width=\"1280\" height=\"960\" src=\"http:\/\/lorrylesmetz-histoire.fr\/wp-content\/uploads\/2017\/08\/img_tetra_1.jpg\" class=\"slider-2830 slide-2834 msDefaultImage\" alt=\"\" rel=\"\" title=\"\" srcset=\"http:\/\/lorrylesmetz-histoire.fr\/wp-content\/uploads\/2017\/08\/img_tetra_1.jpg 1280w, http:\/\/lorrylesmetz-histoire.fr\/wp-content\/uploads\/2017\/08\/img_tetra_1-300x225.jpg 300w, http:\/\/lorrylesmetz-histoire.fr\/wp-content\/uploads\/2017\/08\/img_tetra_1-768x576.jpg 768w, http:\/\/lorrylesmetz-histoire.fr\/wp-content\/uploads\/2017\/08\/img_tetra_1-1024x768.jpg 1024w\" sizes=\"auto, (max-width: 1280px) 100vw, 1280px\" \/><\/a><\/li>\n                <li style=\"display: none; width: 100%;\" class=\"slide-2835 ms-image \" aria-roledescription=\"slide\" data-date=\"2017-08-16 14:19:05\" data-filename=\"texte1_1.jpg\" data-slide-type=\"image\"><a href=\"http:\/\/lorrylesmetz-histoire.fr\/wp-content\/uploads\/2017\/08\/img_tetra_1.jpg\" target=\"_blank\" aria-label=\"Voir les d\u00e9tails de la diapositive\" class=\"metaslider_image_link\"><img loading=\"lazy\" decoding=\"async\" width=\"1280\" height=\"960\" src=\"http:\/\/lorrylesmetz-histoire.fr\/wp-content\/uploads\/2017\/08\/texte1_1.jpg\" class=\"slider-2830 slide-2835 msDefaultImage\" alt=\"\" rel=\"\" title=\"\" srcset=\"http:\/\/lorrylesmetz-histoire.fr\/wp-content\/uploads\/2017\/08\/texte1_1.jpg 1280w, http:\/\/lorrylesmetz-histoire.fr\/wp-content\/uploads\/2017\/08\/texte1_1-300x225.jpg 300w, http:\/\/lorrylesmetz-histoire.fr\/wp-content\/uploads\/2017\/08\/texte1_1-768x576.jpg 768w, http:\/\/lorrylesmetz-histoire.fr\/wp-content\/uploads\/2017\/08\/texte1_1-1024x768.jpg 1024w\" sizes=\"auto, (max-width: 1280px) 100vw, 1280px\" \/><\/a><\/li>\n                <li style=\"display: none; width: 100%;\" class=\"slide-2836 ms-image \" aria-roledescription=\"slide\" data-date=\"2017-08-16 14:19:05\" data-filename=\"texte2_1.jpg\" data-slide-type=\"image\"><a href=\"http:\/\/lorrylesmetz-histoire.fr\/wp-content\/uploads\/2017\/08\/texte2_1.jpg\" target=\"_blank\" aria-label=\"Voir les d\u00e9tails de la diapositive\" class=\"metaslider_image_link\"><img loading=\"lazy\" decoding=\"async\" width=\"1280\" height=\"960\" src=\"http:\/\/lorrylesmetz-histoire.fr\/wp-content\/uploads\/2017\/08\/texte2_1.jpg\" class=\"slider-2830 slide-2836 msDefaultImage\" alt=\"\" rel=\"\" title=\"\" srcset=\"http:\/\/lorrylesmetz-histoire.fr\/wp-content\/uploads\/2017\/08\/texte2_1.jpg 1280w, http:\/\/lorrylesmetz-histoire.fr\/wp-content\/uploads\/2017\/08\/texte2_1-300x225.jpg 300w, http:\/\/lorrylesmetz-histoire.fr\/wp-content\/uploads\/2017\/08\/texte2_1-768x576.jpg 768w, http:\/\/lorrylesmetz-histoire.fr\/wp-content\/uploads\/2017\/08\/texte2_1-1024x768.jpg 1024w\" sizes=\"auto, (max-width: 1280px) 100vw, 1280px\" \/><\/a><\/li>\n            <\/ul>\n        <\/div>\n        \n    <\/div>\n<\/div>\n<p><a href=\"http:\/\/lorrylesmetz-histoire.fr\/?page_id=1921\"><img loading=\"lazy\" decoding=\"async\" class=\"alignnone wp-image-378 size-full\" src=\"http:\/\/lorrylesmetz-histoire.fr\/wp-content\/uploads\/2017\/05\/retour.png?_t=1502886431\" alt=\"\" width=\"89\" height=\"31\" \/><\/a><\/p>\n","protected":false},"excerpt":{"rendered":"<p>20 septembre 2014 Dans le cadre des journ\u00e9es du patrimoine, Monique Courtade a donn\u00e9 une conf\u00e9rence &#8211; intitul\u00e9e Chasse royale sur le Saint-Quentin, une aventure extraordinaire qui met en \u00e9vidence la richesse de notre patrimoine naturel &#8211; sur la pr\u00e9sence&hellip; <\/p>\n","protected":false},"author":1,"featured_media":0,"parent":1921,"menu_order":3,"comment_status":"closed","ping_status":"closed","template":"","meta":{"_mc_calendar":[],"footnotes":""},"class_list":["post-2823","page","type-page","status-publish","hentry"],"_links":{"self":[{"href":"http:\/\/lorrylesmetz-histoire.fr\/index.php?rest_route=\/wp\/v2\/pages\/2823","targetHints":{"allow":["GET"]}}],"collection":[{"href":"http:\/\/lorrylesmetz-histoire.fr\/index.php?rest_route=\/wp\/v2\/pages"}],"about":[{"href":"http:\/\/lorrylesmetz-histoire.fr\/index.php?rest_route=\/wp\/v2\/types\/page"}],"author":[{"embeddable":true,"href":"http:\/\/lorrylesmetz-histoire.fr\/index.php?rest_route=\/wp\/v2\/users\/1"}],"replies":[{"embeddable":true,"href":"http:\/\/lorrylesmetz-histoire.fr\/index.php?rest_route=%2Fwp%2Fv2%2Fcomments&post=2823"}],"version-history":[{"count":4,"href":"http:\/\/lorrylesmetz-histoire.fr\/index.php?rest_route=\/wp\/v2\/pages\/2823\/revisions"}],"predecessor-version":[{"id":2839,"href":"http:\/\/lorrylesmetz-histoire.fr\/index.php?rest_route=\/wp\/v2\/pages\/2823\/revisions\/2839"}],"up":[{"embeddable":true,"href":"http:\/\/lorrylesmetz-histoire.fr\/index.php?rest_route=\/wp\/v2\/pages\/1921"}],"wp:attachment":[{"href":"http:\/\/lorrylesmetz-histoire.fr\/index.php?rest_route=%2Fwp%2Fv2%2Fmedia&parent=2823"}],"curies":[{"name":"wp","href":"https:\/\/api.w.org\/{rel}","templated":true}]}}