{"id":2869,"date":"2017-08-16T16:42:45","date_gmt":"2017-08-16T14:42:45","guid":{"rendered":"http:\/\/lorrylesmetz-histoire.fr\/?page_id=2869"},"modified":"2017-08-16T17:41:29","modified_gmt":"2017-08-16T15:41:29","slug":"colloque","status":"publish","type":"page","link":"http:\/\/lorrylesmetz-histoire.fr\/?page_id=2869","title":{"rendered":"Colloque"},"content":{"rendered":"<h2>15 septembre 2013<\/h2>\n<p>La participation de l\u2019association aux Journ\u00e9es du Patrimoine 2013 s&rsquo;est faite sous la forme d&rsquo;un colloque r\u00e9unissant quatre intervenants :<\/p>\n<ul>\n<li>Fran\u00e7ois Courtade a pr\u00e9sent\u00e9 <em>Cent ans de vie sur la place de l&rsquo;\u00c2tre<\/em> ;<\/li>\n<li>Alain Faust a donn\u00e9 quelques d\u00e9tails sur <em>Sauvegarder son patrimoine num\u00e9rique ;<\/em><\/li>\n<li>Monique Courtade nous a entretenu de: <em>L&rsquo;\u00c9volution du patrimoine naturel<\/em> ;<\/li>\n<li>G\u00e9rard Kester nous a apport\u00e9 des d\u00e9tails sur <em>L&rsquo;orgue de l&rsquo;\u00e9glise de Lorry-l\u00e8s-Metz<\/em>.<\/li>\n<\/ul>\n<p>&nbsp;<\/p>\n<table style=\"width: 603px;\">\n<tbody>\n<tr>\n<td style=\"width: 247px;\">Pr\u00e9sentation du colloque<\/td>\n<td style=\"width: 108.317px;\"><a href=\"http:\/\/lorrylesmetz-histoire.fr\/wp-content\/uploads\/2017\/08\/Presentation_Patrimoine_2013.pdf\" target=\"_blank\" rel=\"noopener\"><img loading=\"lazy\" decoding=\"async\" class=\"alignnone wp-image-683 size-full\" src=\"http:\/\/lorrylesmetz-histoire.fr\/wp-content\/uploads\/2017\/05\/voir.png?_t=1502895248\" alt=\"\" width=\"89\" height=\"31\" \/><\/a><\/td>\n<td style=\"width: 163.683px;\">\u00a0<a href=\"http:\/\/lorrylesmetz-histoire.fr\/?media_dl=2877\"><img decoding=\"async\" src=\"http:\/\/lorrylesmetz-histoire.fr\/wp-content\/uploads\/2017\/05\/telecharger_pdf.png\" \/><\/a><\/td>\n<\/tr>\n<tr>\n<td style=\"width: 247px;\">Cent ans de vie sur la place de l&rsquo;\u00c2tre<\/td>\n<td style=\"width: 108.317px;\">\u00a0<a href=\"http:\/\/lorrylesmetz-histoire.fr\/wp-content\/uploads\/2017\/08\/atre.pdf\" target=\"_blank\" rel=\"noopener\"><img loading=\"lazy\" decoding=\"async\" class=\"alignnone wp-image-683 size-full\" src=\"http:\/\/lorrylesmetz-histoire.fr\/wp-content\/uploads\/2017\/05\/voir.png\" alt=\"\" width=\"89\" height=\"31\" \/><\/a><\/td>\n<td style=\"width: 163.683px;\">\u00a0<a href=\"http:\/\/lorrylesmetz-histoire.fr\/?media_dl=2875\"><img decoding=\"async\" src=\"http:\/\/lorrylesmetz-histoire.fr\/wp-content\/uploads\/2017\/05\/telecharger_pdf.png\" \/><\/a><\/td>\n<\/tr>\n<tr>\n<td style=\"width: 247px;\">Sauvegarder son patrimoine num\u00e9rique<\/td>\n<td style=\"width: 108.317px;\"><a href=\"http:\/\/lorrylesmetz-histoire.fr\/wp-content\/uploads\/2017\/08\/sauv_pat_num.pdf\" target=\"_blank\" rel=\"noopener\"><img loading=\"lazy\" decoding=\"async\" class=\"alignnone wp-image-683 size-full\" src=\"http:\/\/lorrylesmetz-histoire.fr\/wp-content\/uploads\/2017\/05\/voir.png?_t=1502895330\" alt=\"\" width=\"89\" height=\"31\" \/><\/a><\/td>\n<td style=\"width: 163.683px;\">\u00a0<a href=\"http:\/\/lorrylesmetz-histoire.fr\/?media_dl=2878\"><img decoding=\"async\" src=\"http:\/\/lorrylesmetz-histoire.fr\/wp-content\/uploads\/2017\/05\/telecharger_pdf.png\" \/><\/a><\/td>\n<\/tr>\n<tr>\n<td style=\"width: 247px;\">L&rsquo;\u00c9volution du patrimoine naturel<\/td>\n<td style=\"width: 108.317px;\">\u00a0<a href=\"http:\/\/lorrylesmetz-histoire.fr\/wp-content\/uploads\/2017\/08\/Patrimoine_naturel.pdf\" target=\"_blank\" rel=\"noopener\"><img loading=\"lazy\" decoding=\"async\" class=\"alignnone wp-image-683 size-full\" src=\"http:\/\/lorrylesmetz-histoire.fr\/wp-content\/uploads\/2017\/05\/voir.png\" alt=\"\" width=\"89\" height=\"31\" \/><\/a><\/td>\n<td style=\"width: 163.683px;\">\u00a0<a href=\"http:\/\/lorrylesmetz-histoire.fr\/?media_dl=2876\"><img decoding=\"async\" src=\"http:\/\/lorrylesmetz-histoire.fr\/wp-content\/uploads\/2017\/05\/telecharger_pdf.png\" \/><\/a><\/td>\n<\/tr>\n<tr>\n<td style=\"width: 247px;\">L&rsquo;orgue de l&rsquo;\u00e9glise de Lorry-l\u00e8s-Metz<\/td>\n<td style=\"width: 108.317px;\"><a href=\"http:\/\/lorrylesmetz-histoire.fr\/wp-content\/uploads\/2017\/08\/Les-orgues-de-Lorry.pdf\" target=\"_blank\" rel=\"noopener\"><img loading=\"lazy\" decoding=\"async\" class=\"alignnone wp-image-683 size-full\" src=\"http:\/\/lorrylesmetz-histoire.fr\/wp-content\/uploads\/2017\/05\/voir.png\" alt=\"\" width=\"89\" height=\"31\" \/><\/a><\/td>\n<td style=\"width: 163.683px;\">\u00a0<a href=\"http:\/\/lorrylesmetz-histoire.fr\/?media_dl=2889\"><img decoding=\"async\" src=\"http:\/\/lorrylesmetz-histoire.fr\/wp-content\/uploads\/2017\/05\/telecharger_pdf.png\" \/><\/a><\/td>\n<\/tr>\n<\/tbody>\n<\/table>\n<p><a href=\"http:\/\/lorrylesmetz-histoire.fr\/?page_id=2073\"><img loading=\"lazy\" decoding=\"async\" class=\"alignnone wp-image-378 size-full\" src=\"http:\/\/lorrylesmetz-histoire.fr\/wp-content\/uploads\/2017\/05\/retour.png\" alt=\"\" width=\"89\" height=\"31\" \/><\/a><\/p>\n","protected":false},"excerpt":{"rendered":"<p>15 septembre 2013 La participation de l\u2019association aux Journ\u00e9es du Patrimoine 2013 s&rsquo;est faite sous la forme d&rsquo;un colloque r\u00e9unissant quatre intervenants : Fran\u00e7ois Courtade a pr\u00e9sent\u00e9 Cent ans de vie sur la place de l&rsquo;\u00c2tre ; Alain Faust a&hellip; <\/p>\n","protected":false},"author":1,"featured_media":0,"parent":2073,"menu_order":4,"comment_status":"closed","ping_status":"closed","template":"","meta":{"_mc_calendar":[],"footnotes":""},"class_list":["post-2869","page","type-page","status-publish","hentry"],"_links":{"self":[{"href":"http:\/\/lorrylesmetz-histoire.fr\/index.php?rest_route=\/wp\/v2\/pages\/2869","targetHints":{"allow":["GET"]}}],"collection":[{"href":"http:\/\/lorrylesmetz-histoire.fr\/index.php?rest_route=\/wp\/v2\/pages"}],"about":[{"href":"http:\/\/lorrylesmetz-histoire.fr\/index.php?rest_route=\/wp\/v2\/types\/page"}],"author":[{"embeddable":true,"href":"http:\/\/lorrylesmetz-histoire.fr\/index.php?rest_route=\/wp\/v2\/users\/1"}],"replies":[{"embeddable":true,"href":"http:\/\/lorrylesmetz-histoire.fr\/index.php?rest_route=%2Fwp%2Fv2%2Fcomments&post=2869"}],"version-history":[{"count":9,"href":"http:\/\/lorrylesmetz-histoire.fr\/index.php?rest_route=\/wp\/v2\/pages\/2869\/revisions"}],"predecessor-version":[{"id":2890,"href":"http:\/\/lorrylesmetz-histoire.fr\/index.php?rest_route=\/wp\/v2\/pages\/2869\/revisions\/2890"}],"up":[{"embeddable":true,"href":"http:\/\/lorrylesmetz-histoire.fr\/index.php?rest_route=\/wp\/v2\/pages\/2073"}],"wp:attachment":[{"href":"http:\/\/lorrylesmetz-histoire.fr\/index.php?rest_route=%2Fwp%2Fv2%2Fmedia&parent=2869"}],"curies":[{"name":"wp","href":"https:\/\/api.w.org\/{rel}","templated":true}]}}